{"id":7652,"date":"2025-05-22T22:28:25","date_gmt":"2025-05-22T21:28:25","guid":{"rendered":"https:\/\/www.ctab.tn\/?page_id=7652"},"modified":"2025-05-22T23:02:17","modified_gmt":"2025-05-22T22:02:17","slug":"imprimes","status":"publish","type":"page","link":"https:\/\/ctab.tn\/fr\/imprimes\/","title":{"rendered":"Imprim\u00e9s"},"content":{"rendered":"\t\t<div data-elementor-type=\"wp-page\" data-elementor-id=\"7652\" class=\"elementor elementor-7652\" data-elementor-post-type=\"page\">\n\t\t\t\t<div class=\"elementor-element elementor-element-83943e2 e-flex e-con-boxed e-con e-parent\" data-id=\"83943e2\" data-element_type=\"container\" data-settings=\"{&quot;ekit_has_onepagescroll_dot&quot;:&quot;yes&quot;}\">\n\t\t\t\t\t<div class=\"e-con-inner\">\n\t\t\t\t<div class=\"elementor-element elementor-element-bbcacf7 elementor-widget elementor-widget-elementskit-heading\" data-id=\"bbcacf7\" data-element_type=\"widget\" data-settings=\"{&quot;ekit_we_effect_on&quot;:&quot;none&quot;}\" data-widget_type=\"elementskit-heading.default\">\n\t\t\t\t<div class=\"elementor-widget-container\">\n\t\t\t\t\t<div class=\"ekit-wid-con\" ><div class=\"ekit-heading elementskit-section-title-wraper center   ekit_heading_tablet-   ekit_heading_mobile-\"><h2 class=\"ekit-heading--title elementskit-section-title \"><span><span>Imprim\u00e9s<\/span><\/span><\/h2><div class=\"ekit_heading_separetor_wraper ekit_heading_elementskit-border-divider elementskit-style-long\"><div class=\"elementskit-border-divider elementskit-style-long\"><\/div><\/div><\/div><\/div>\t\t\t\t<\/div>\n\t\t\t\t<\/div>\n\t\t\t\t\t<\/div>\n\t\t\t\t<\/div>\n\t\t<div class=\"elementor-element elementor-element-16de87b e-flex e-con-boxed e-con e-parent\" data-id=\"16de87b\" data-element_type=\"container\" data-settings=\"{&quot;ekit_has_onepagescroll_dot&quot;:&quot;yes&quot;}\">\n\t\t\t\t\t<div class=\"e-con-inner\">\n\t\t\t\t<div class=\"elementor-element elementor-element-bef304d elementor-widget elementor-widget-spacer\" data-id=\"bef304d\" data-element_type=\"widget\" data-settings=\"{&quot;ekit_we_effect_on&quot;:&quot;none&quot;}\" data-widget_type=\"spacer.default\">\n\t\t\t\t<div class=\"elementor-widget-container\">\n\t\t\t\t\t\t\t<div class=\"elementor-spacer\">\n\t\t\t<div class=\"elementor-spacer-inner\"><\/div>\n\t\t<\/div>\n\t\t\t\t\t\t<\/div>\n\t\t\t\t<\/div>\n\t\t\t\t\t<\/div>\n\t\t\t\t<\/div>\n\t\t<div class=\"elementor-element elementor-element-decd4e3 e-flex e-con-boxed e-con e-parent\" data-id=\"decd4e3\" data-element_type=\"container\" data-settings=\"{&quot;ekit_has_onepagescroll_dot&quot;:&quot;yes&quot;}\">\n\t\t\t\t\t<div class=\"e-con-inner\">\n\t\t\t\t<div class=\"elementor-element elementor-element-ccaab95 elementor-widget elementor-widget-shortcode\" data-id=\"ccaab95\" data-element_type=\"widget\" data-settings=\"{&quot;ekit_we_effect_on&quot;:&quot;none&quot;}\" data-widget_type=\"shortcode.default\">\n\t\t\t\t<div class=\"elementor-widget-container\">\n\t\t\t\t\t\t\t<div class=\"elementor-shortcode\"><div id=\"footable_parent_7669\"\n         class=\" footable_parent ninja_table_wrapper loading_ninja_table wp_table_data_press_parent semantic_ui colored_table\">\n                <table data-ninja_table_instance=\"ninja_table_instance_0\" data-footable_id=\"7669\" data-filter-delay=\"1000\" aria-label=\"Imprim\u00e9s\"            id=\"footable_7669\"\n           data-unique_identifier=\"ninja_table_unique_id_680021274_7669\"\n           class=\" foo-table ninja_footable foo_table_7669 ninja_table_unique_id_680021274_7669 ui table  nt_type_legacy_table selectable striped vertical_centered ninja_custom_color inverted footable-paging-right ninja_table_pro\">\n                <colgroup>\n                            <col class=\"ninja_column_0 \">\n                            <col class=\"ninja_column_1 \">\n                    <\/colgroup>\n        <thead>\n<tr class=\"footable-header\">\n                                        <th scope=\"col\"  class=\"ninja_column_0 ninja_clmn_nm_document \">Document<\/th><th scope=\"col\"  class=\"ninja_column_1 ninja_clmn_nm_tlchargement \">T\u00e9l\u00e9chargement<\/th><\/tr>\n<\/thead>\n<tbody>\n\n        <tr data-row_id=\"131\" class=\"ninja_table_row_0 nt_row_id_131\">\n            <td>Logo des produits de l\u2019agriculture biologique tunisiens<\/td><td><a href=\"https:\/\/ctab.tn\/wp-content\/uploads\/2025\/05\/R_LAB1_fr.pdf\" target=\"_blank\"><button style=\"background-color: #3F6731;color: white;border: none;padding: 8px 12px;border-radius: 5px;cursor: pointer\">T\u00e9l\u00e9charger<\/button><\/a><\/td>        <\/tr>\n            <tr data-row_id=\"132\" class=\"ninja_table_row_1 nt_row_id_132\">\n            <td>Prestations administratives compl\u00e9mentaires pour l\u2019utilisation du Logo des produits de l\u2019agriculture biologique tunisiens<\/td><td><a href=\"https:\/\/ctab.tn\/wp-content\/uploads\/2025\/05\/R_LAB2_fr.pdf\" target=\"_blank\"><button style=\"background-color: #3F6731;color: white;border: none;padding: 8px 12px;border-radius: 5px;cursor: pointer\">T\u00e9l\u00e9charger<\/button><\/a><\/td>        <\/tr>\n            <tr data-row_id=\"133\" class=\"ninja_table_row_2 nt_row_id_133\">\n            <td>Mod\u00e8le Logo des produits de l\u2019agriculture biologique tunisiens<\/td><td><a href=\"https:\/\/ctab.tn\/wp-content\/uploads\/2025\/05\/R_LAB3_fr.pdf\" target=\"_blank\"><button style=\"background-color: #3F6731;color: white;border: none;padding: 8px 12px;border-radius: 5px;cursor: pointer\">T\u00e9l\u00e9charger<\/button><\/a><\/td>        <\/tr>\n            <tr data-row_id=\"134\" class=\"ninja_table_row_3 nt_row_id_134\">\n            <td>Demande d\u2019autorisation d\u2019utilisation du logo pour les produits de l\u2019agriculture biologique<\/td><td><a href=\"https:\/\/ctab.tn\/wp-content\/uploads\/2025\/05\/Autorisation_-Logo_fr.pdf\" target=\"_blank\"><button style=\"background-color: #3F6731;color: white;border: none;padding: 8px 12px;border-radius: 5px;cursor: pointer\">T\u00e9l\u00e9charger<\/button><\/a><\/td>        <\/tr>\n            <tr data-row_id=\"135\" class=\"ninja_table_row_4 nt_row_id_135\">\n            <td>Dossier de demande d\u2019ajout d\u2019un engrais \u00e0 la liste des engrais autoris\u00e9s \u00e0 \u00eatre utilis\u00e9s en agriculture biologique en Tunisie<\/td><td><a href=\"https:\/\/ctab.tn\/wp-content\/uploads\/2025\/05\/dossier_eng_fr.pdf\" target=\"_blank\"><button style=\"background-color: #3F6731;color: white;border: none;padding: 8px 12px;border-radius: 5px;cursor: pointer\">T\u00e9l\u00e9charger<\/button><\/a><\/td>        <\/tr>\n            <tr data-row_id=\"136\" class=\"ninja_table_row_5 nt_row_id_136\">\n            <td>Dossier de subvention de 70% des frais de contr\u00f4le et de certification en agriculture biologique<\/td><td><a href=\"https:\/\/ctab.tn\/wp-content\/uploads\/2025\/05\/Sub_70_fr.pdf\" target=\"_blank\"><button style=\"background-color: #3F6731;color: white;border: none;padding: 8px 12px;border-radius: 5px;cursor: pointer\">T\u00e9l\u00e9charger<\/button><\/a><\/td>        <\/tr>\n            <tr data-row_id=\"138\" class=\"ninja_table_row_6 nt_row_id_138\">\n            <td>Autorisation d'insertion des coordonn\u00e9es personnelles au niveau du site web du CTAB<\/td><td><a href=\"https:\/\/ctab.tn\/wp-content\/uploads\/2025\/05\/Autorisation-FR-10-2017.pdf\" target=\"_blank\"><button style=\"background-color: #3F6731;color: white;border: none;padding: 8px 12px;border-radius: 5px;cursor: pointer\">T\u00e9l\u00e9charger<\/button><\/a><\/td>        <\/tr>\n    <\/tbody><!--ninja_tobody_rendering_done-->\n    <\/table>\n    \n    \n    \n<\/div>\n<\/div>\n\t\t\t\t\t\t<\/div>\n\t\t\t\t<\/div>\n\t\t\t\t\t<\/div>\n\t\t\t\t<\/div>\n\t\t<div class=\"elementor-element elementor-element-3122e65 e-flex e-con-boxed e-con e-parent\" data-id=\"3122e65\" data-element_type=\"container\" data-settings=\"{&quot;ekit_has_onepagescroll_dot&quot;:&quot;yes&quot;}\">\n\t\t\t\t\t<div class=\"e-con-inner\">\n\t\t\t\t<div class=\"elementor-element elementor-element-d9a7cb6 elementor-widget elementor-widget-spacer\" data-id=\"d9a7cb6\" data-element_type=\"widget\" data-settings=\"{&quot;ekit_we_effect_on&quot;:&quot;none&quot;}\" data-widget_type=\"spacer.default\">\n\t\t\t\t<div class=\"elementor-widget-container\">\n\t\t\t\t\t\t\t<div class=\"elementor-spacer\">\n\t\t\t<div class=\"elementor-spacer-inner\"><\/div>\n\t\t<\/div>\n\t\t\t\t\t\t<\/div>\n\t\t\t\t<\/div>\n\t\t\t\t\t<\/div>\n\t\t\t\t<\/div>\n\t\t\t\t<\/div>\n\t\t","protected":false},"excerpt":{"rendered":"<p>Imprim\u00e9s<\/p>\n","protected":false},"author":31,"featured_media":0,"parent":0,"menu_order":0,"comment_status":"closed","ping_status":"closed","template":"","meta":{"site-sidebar-layout":"no-sidebar","site-content-layout":"","ast-site-content-layout":"full-width-container","site-content-style":"default","site-sidebar-style":"default","ast-global-header-display":"","ast-banner-title-visibility":"","ast-main-header-display":"","ast-hfb-above-header-display":"","ast-hfb-below-header-display":"","ast-hfb-mobile-header-display":"","site-post-title":"disabled","ast-breadcrumbs-content":"","ast-featured-img":"disabled","footer-sml-layout":"","ast-disable-related-posts":"","theme-transparent-header-meta":"default","adv-header-id-meta":"","stick-header-meta":"default","header-above-stick-meta":"","header-main-stick-meta":"","header-below-stick-meta":"","astra-migrate-meta-layouts":"set","ast-page-background-enabled":"default","ast-page-background-meta":{"desktop":{"background-color":"var(--ast-global-color-4)","background-image":"","background-repeat":"repeat","background-position":"center center","background-size":"auto","background-attachment":"scroll","background-type":"","background-media":"","overlay-type":"","overlay-color":"","overlay-opacity":"","overlay-gradient":""},"tablet":{"background-color":"","background-image":"","background-repeat":"repeat","background-position":"center center","background-size":"auto","background-attachment":"scroll","background-type":"","background-media":"","overlay-type":"","overlay-color":"","overlay-opacity":"","overlay-gradient":""},"mobile":{"background-color":"","background-image":"","background-repeat":"repeat","background-position":"center center","background-size":"auto","background-attachment":"scroll","background-type":"","background-media":"","overlay-type":"","overlay-color":"","overlay-opacity":"","overlay-gradient":""}},"ast-content-background-meta":{"desktop":{"background-color":"var(--ast-global-color-5)","background-image":"","background-repeat":"repeat","background-position":"center center","background-size":"auto","background-attachment":"scroll","background-type":"","background-media":"","overlay-type":"","overlay-color":"","overlay-opacity":"","overlay-gradient":""},"tablet":{"background-color":"var(--ast-global-color-5)","background-image":"","background-repeat":"repeat","background-position":"center center","background-size":"auto","background-attachment":"scroll","background-type":"","background-media":"","overlay-type":"","overlay-color":"","overlay-opacity":"","overlay-gradient":""},"mobile":{"background-color":"var(--ast-global-color-5)","background-image":"","background-repeat":"repeat","background-position":"center center","background-size":"auto","background-attachment":"scroll","background-type":"","background-media":"","overlay-type":"","overlay-color":"","overlay-opacity":"","overlay-gradient":""}},"footnotes":""},"class_list":["post-7652","page","type-page","status-publish","hentry"],"_links":{"self":[{"href":"https:\/\/ctab.tn\/fr\/wp-json\/wp\/v2\/pages\/7652","targetHints":{"allow":["GET"]}}],"collection":[{"href":"https:\/\/ctab.tn\/fr\/wp-json\/wp\/v2\/pages"}],"about":[{"href":"https:\/\/ctab.tn\/fr\/wp-json\/wp\/v2\/types\/page"}],"author":[{"embeddable":true,"href":"https:\/\/ctab.tn\/fr\/wp-json\/wp\/v2\/users\/31"}],"replies":[{"embeddable":true,"href":"https:\/\/ctab.tn\/fr\/wp-json\/wp\/v2\/comments?post=7652"}],"version-history":[{"count":25,"href":"https:\/\/ctab.tn\/fr\/wp-json\/wp\/v2\/pages\/7652\/revisions"}],"predecessor-version":[{"id":7695,"href":"https:\/\/ctab.tn\/fr\/wp-json\/wp\/v2\/pages\/7652\/revisions\/7695"}],"wp:attachment":[{"href":"https:\/\/ctab.tn\/fr\/wp-json\/wp\/v2\/media?parent=7652"}],"curies":[{"name":"wp","href":"https:\/\/api.w.org\/{rel}","templated":true}]}}