{"id":7581,"date":"2025-05-22T10:12:41","date_gmt":"2025-05-22T09:12:41","guid":{"rendered":"https:\/\/www.ctab.tn\/?page_id=7581"},"modified":"2025-10-06T11:11:06","modified_gmt":"2025-10-06T10:11:06","slug":"intrants-biologiques-semences-auto-produites","status":"publish","type":"page","link":"https:\/\/ctab.tn\/fr\/intrants-biologiques-semences-auto-produites\/","title":{"rendered":"SEMENCES AUTO-PRODUITES"},"content":{"rendered":"\t\t<div data-elementor-type=\"wp-page\" data-elementor-id=\"7581\" class=\"elementor elementor-7581\" data-elementor-post-type=\"page\">\n\t\t\t\t<div class=\"elementor-element elementor-element-8356c7c e-flex e-con-boxed e-con e-parent\" data-id=\"8356c7c\" data-element_type=\"container\" data-settings=\"{&quot;ekit_has_onepagescroll_dot&quot;:&quot;yes&quot;}\">\n\t\t\t\t\t<div class=\"e-con-inner\">\n\t\t\t\t<div class=\"elementor-element elementor-element-06dd0d5 elementor-widget elementor-widget-elementskit-heading\" data-id=\"06dd0d5\" data-element_type=\"widget\" data-settings=\"{&quot;ekit_we_effect_on&quot;:&quot;none&quot;}\" data-widget_type=\"elementskit-heading.default\">\n\t\t\t\t<div class=\"elementor-widget-container\">\n\t\t\t\t\t<div class=\"ekit-wid-con\" ><div class=\"ekit-heading elementskit-section-title-wraper center   ekit_heading_tablet-   ekit_heading_mobile-\"><h2 class=\"ekit-heading--title elementskit-section-title \"> <span><span>Semences auto-produites<\/span><\/span><\/h2><div class=\"ekit_heading_separetor_wraper ekit_heading_elementskit-border-divider elementskit-style-long\"><div class=\"elementskit-border-divider elementskit-style-long\"><\/div><\/div><\/div><\/div>\t\t\t\t<\/div>\n\t\t\t\t<\/div>\n\t\t\t\t\t<\/div>\n\t\t\t\t<\/div>\n\t\t<div class=\"elementor-element elementor-element-6af59b8 e-flex e-con-boxed e-con e-parent\" data-id=\"6af59b8\" data-element_type=\"container\" data-settings=\"{&quot;ekit_has_onepagescroll_dot&quot;:&quot;yes&quot;}\">\n\t\t\t\t\t<div class=\"e-con-inner\">\n\t\t\t\t<div class=\"elementor-element elementor-element-2935a93 elementor-widget elementor-widget-text-editor\" data-id=\"2935a93\" data-element_type=\"widget\" data-settings=\"{&quot;ekit_we_effect_on&quot;:&quot;none&quot;}\" data-widget_type=\"text-editor.default\">\n\t\t\t\t<div class=\"elementor-widget-container\">\n\t\t\t\t\t\t\t\t\t<p style=\"color: #000000;\">Les semences utilis\u00e9es dans la production selon le mode biologique doivent \u00eatre produits selon ce mode de production pendant au moins une g\u00e9n\u00e9ration, toute en respectant le cahier des charges type de la production v\u00e9g\u00e9tale selon le mode biologique <a style=\"color: #008000;\" href=\"https:\/\/ctab.tn\/wp-content\/uploads\/2025\/05\/J.O.R.T.-N\u00b019-du-06-Mars-2001.pdf\" target=\"_blank\" rel=\"noopener\">(J.O.R.T. N\u00b019 du 06 Mars 2001)<\/a>.<\/p><p style=\"color: #000000;\">Toutefois, est autoris\u00e9e, durant une p\u00e9riode transitoire expirant le 31 d\u00e9cembre 2020 <a style=\"color: #008000;\" href=\"https:\/\/ctab.tn\/wp-content\/uploads\/2025\/05\/J.O.R.T.-N\u00b014-du-16-Fevrier-2016.pdf\" target=\"_blank\" rel=\"noopener\">(J.O.R.T. N\u00b014 du 16 F\u00e9vrier 2016)<\/a>, l\u2019utilisation des semences non obtenus selon le mode de production biologique pr\u00e9vue \u00e0 l\u2019article 5 de la loi <a style=\"color: #008000;\" href=\"https:\/\/ctab.tn\/wp-content\/uploads\/2025\/05\/loi-n\u00b099-30-du-5-avril-1999.pdf\" target=\"_blank\" rel=\"noopener\">(loi n\u00b099-30 du 5 avril 1999)<\/a>, relative \u00e0 l\u2019agriculture biologique dans la mesure o\u00f9 les conditions suivantes sont satisfaites :<\/p><ul style=\"color: #000000;\"><li>Les utilisateurs des semences peuvent prouver, d\u2019une mani\u00e8re jug\u00e9e suffisante par la commission nationale de l\u2019agriculture biologique, qu\u2019ils n\u2019ont pas pu obtenir sur les march\u00e9s nationaux un mat\u00e9riel de reproduction pour une vari\u00e9t\u00e9 appropri\u00e9e de l\u2019esp\u00e8ce en question.<\/li><li>Les semences utilis\u00e9es doivent \u00eatre non trait\u00e9s avec des produits phytosanitaires en figurant par deux annexes du cahier des charges types de production v\u00e9g\u00e9tale selon le mode biologique.<\/li><\/ul><p style=\"color: #000000;\">Ainsi, pour faciliter la disponibilit\u00e9 de l\u2019information pour les op\u00e9rateurs biologiques, le CTAB pr\u00e9pare en collaboration avec les diff\u00e9rents organismes agricoles, durant chaque campagne agricole, une base de donn\u00e9es relative \u00e0 la liste pr\u00e9liminaire des semences auto produites selon le mode biologique et non trait\u00e9es en Tunisie.<\/p>\t\t\t\t\t\t\t\t<\/div>\n\t\t\t\t<\/div>\n\t\t\t\t\t<\/div>\n\t\t\t\t<\/div>\n\t\t<div class=\"elementor-element elementor-element-2695919 e-flex e-con-boxed e-con e-parent\" data-id=\"2695919\" data-element_type=\"container\" data-settings=\"{&quot;ekit_has_onepagescroll_dot&quot;:&quot;yes&quot;}\">\n\t\t\t\t\t<div class=\"e-con-inner\">\n\t\t\t\t<div class=\"elementor-element elementor-element-5ddbe2e elementor-align-center elementor-widget elementor-widget-button\" data-id=\"5ddbe2e\" data-element_type=\"widget\" data-settings=\"{&quot;ekit_we_effect_on&quot;:&quot;none&quot;}\" data-widget_type=\"button.default\">\n\t\t\t\t<div class=\"elementor-widget-container\">\n\t\t\t\t\t\t\t\t\t<div class=\"elementor-button-wrapper\">\n\t\t\t\t\t<a class=\"elementor-button elementor-button-link elementor-size-sm\" href=\"https:\/\/ctab.tn\/wp-content\/uploads\/2025\/10\/Semences_FR-10-2025.pdf\" target=\"_blank\">\n\t\t\t\t\t\t<span class=\"elementor-button-content-wrapper\">\n\t\t\t\t\t\t<span class=\"elementor-button-icon\">\n\t\t\t\t<svg aria-hidden=\"true\" class=\"e-font-icon-svg e-far-arrow-alt-circle-down\" viewBox=\"0 0 512 512\" xmlns=\"http:\/\/www.w3.org\/2000\/svg\"><path d=\"M256 8C119 8 8 119 8 256s111 248 248 248 248-111 248-248S393 8 256 8zm0 448c-110.5 0-200-89.5-200-200S145.5 56 256 56s200 89.5 200 200-89.5 200-200 200zm-32-316v116h-67c-10.7 0-16 12.9-8.5 20.5l99 99c4.7 4.7 12.3 4.7 17 0l99-99c7.6-7.6 2.2-20.5-8.5-20.5h-67V140c0-6.6-5.4-12-12-12h-40c-6.6 0-12 5.4-12 12z\"><\/path><\/svg>\t\t\t<\/span>\n\t\t\t\t\t\t\t\t\t<span class=\"elementor-button-text\">Liste pr\u00e9liminaire des semences auto produites selon le mode biologique et non trait\u00e9es en Tunisie<\/span>\n\t\t\t\t\t<\/span>\n\t\t\t\t\t<\/a>\n\t\t\t\t<\/div>\n\t\t\t\t\t\t\t\t<\/div>\n\t\t\t\t<\/div>\n\t\t\t\t\t<\/div>\n\t\t\t\t<\/div>\n\t\t<div class=\"elementor-element elementor-element-bf0e58a e-flex e-con-boxed e-con e-parent\" data-id=\"bf0e58a\" data-element_type=\"container\" data-settings=\"{&quot;ekit_has_onepagescroll_dot&quot;:&quot;yes&quot;}\">\n\t\t\t\t\t<div class=\"e-con-inner\">\n\t\t\t\t<div class=\"elementor-element elementor-element-2583e66 elementor-widget elementor-widget-spacer\" data-id=\"2583e66\" data-element_type=\"widget\" data-settings=\"{&quot;ekit_we_effect_on&quot;:&quot;none&quot;}\" data-widget_type=\"spacer.default\">\n\t\t\t\t<div class=\"elementor-widget-container\">\n\t\t\t\t\t\t\t<div class=\"elementor-spacer\">\n\t\t\t<div class=\"elementor-spacer-inner\"><\/div>\n\t\t<\/div>\n\t\t\t\t\t\t<\/div>\n\t\t\t\t<\/div>\n\t\t\t\t\t<\/div>\n\t\t\t\t<\/div>\n\t\t\t\t<\/div>\n\t\t","protected":false},"excerpt":{"rendered":"<p>Semences auto-produites Les semences utilis\u00e9es dans la production selon le mode biologique doivent \u00eatre produits selon ce mode de production pendant au moins une g\u00e9n\u00e9ration, toute en respectant le cahier des charges type de la production v\u00e9g\u00e9tale selon le mode biologique (J.O.R.T. N\u00b019 du 06 Mars 2001). Toutefois, est autoris\u00e9e, durant une p\u00e9riode transitoire expirant [&hellip;]<\/p>\n","protected":false},"author":31,"featured_media":0,"parent":0,"menu_order":0,"comment_status":"closed","ping_status":"closed","template":"","meta":{"site-sidebar-layout":"no-sidebar","site-content-layout":"","ast-site-content-layout":"full-width-container","site-content-style":"default","site-sidebar-style":"default","ast-global-header-display":"","ast-banner-title-visibility":"","ast-main-header-display":"","ast-hfb-above-header-display":"","ast-hfb-below-header-display":"","ast-hfb-mobile-header-display":"","site-post-title":"disabled","ast-breadcrumbs-content":"","ast-featured-img":"disabled","footer-sml-layout":"","ast-disable-related-posts":"","theme-transparent-header-meta":"default","adv-header-id-meta":"","stick-header-meta":"default","header-above-stick-meta":"","header-main-stick-meta":"","header-below-stick-meta":"","astra-migrate-meta-layouts":"set","ast-page-background-enabled":"default","ast-page-background-meta":{"desktop":{"background-color":"var(--ast-global-color-4)","background-image":"","background-repeat":"repeat","background-position":"center center","background-size":"auto","background-attachment":"scroll","background-type":"","background-media":"","overlay-type":"","overlay-color":"","overlay-opacity":"","overlay-gradient":""},"tablet":{"background-color":"","background-image":"","background-repeat":"repeat","background-position":"center center","background-size":"auto","background-attachment":"scroll","background-type":"","background-media":"","overlay-type":"","overlay-color":"","overlay-opacity":"","overlay-gradient":""},"mobile":{"background-color":"","background-image":"","background-repeat":"repeat","background-position":"center center","background-size":"auto","background-attachment":"scroll","background-type":"","background-media":"","overlay-type":"","overlay-color":"","overlay-opacity":"","overlay-gradient":""}},"ast-content-background-meta":{"desktop":{"background-color":"var(--ast-global-color-5)","background-image":"","background-repeat":"repeat","background-position":"center center","background-size":"auto","background-attachment":"scroll","background-type":"","background-media":"","overlay-type":"","overlay-color":"","overlay-opacity":"","overlay-gradient":""},"tablet":{"background-color":"var(--ast-global-color-5)","background-image":"","background-repeat":"repeat","background-position":"center center","background-size":"auto","background-attachment":"scroll","background-type":"","background-media":"","overlay-type":"","overlay-color":"","overlay-opacity":"","overlay-gradient":""},"mobile":{"background-color":"var(--ast-global-color-5)","background-image":"","background-repeat":"repeat","background-position":"center center","background-size":"auto","background-attachment":"scroll","background-type":"","background-media":"","overlay-type":"","overlay-color":"","overlay-opacity":"","overlay-gradient":""}},"footnotes":""},"class_list":["post-7581","page","type-page","status-publish","hentry"],"_links":{"self":[{"href":"https:\/\/ctab.tn\/fr\/wp-json\/wp\/v2\/pages\/7581","targetHints":{"allow":["GET"]}}],"collection":[{"href":"https:\/\/ctab.tn\/fr\/wp-json\/wp\/v2\/pages"}],"about":[{"href":"https:\/\/ctab.tn\/fr\/wp-json\/wp\/v2\/types\/page"}],"author":[{"embeddable":true,"href":"https:\/\/ctab.tn\/fr\/wp-json\/wp\/v2\/users\/31"}],"replies":[{"embeddable":true,"href":"https:\/\/ctab.tn\/fr\/wp-json\/wp\/v2\/comments?post=7581"}],"version-history":[{"count":16,"href":"https:\/\/ctab.tn\/fr\/wp-json\/wp\/v2\/pages\/7581\/revisions"}],"predecessor-version":[{"id":9127,"href":"https:\/\/ctab.tn\/fr\/wp-json\/wp\/v2\/pages\/7581\/revisions\/9127"}],"wp:attachment":[{"href":"https:\/\/ctab.tn\/fr\/wp-json\/wp\/v2\/media?parent=7581"}],"curies":[{"name":"wp","href":"https:\/\/api.w.org\/{rel}","templated":true}]}}