{"id":7556,"date":"2025-05-22T09:57:57","date_gmt":"2025-05-22T08:57:57","guid":{"rendered":"https:\/\/www.ctab.tn\/?page_id=7556"},"modified":"2025-05-22T10:05:40","modified_gmt":"2025-05-22T09:05:40","slug":"intrants-biologiques-engrais","status":"publish","type":"page","link":"https:\/\/ctab.tn\/fr\/intrants-biologiques-engrais\/","title":{"rendered":"Engrais"},"content":{"rendered":"\t\t<div data-elementor-type=\"wp-page\" data-elementor-id=\"7556\" class=\"elementor elementor-7556\" data-elementor-post-type=\"page\">\n\t\t\t\t<div class=\"elementor-element elementor-element-d2d8388 e-flex e-con-boxed e-con e-parent\" data-id=\"d2d8388\" data-element_type=\"container\" data-settings=\"{&quot;ekit_has_onepagescroll_dot&quot;:&quot;yes&quot;}\">\n\t\t\t\t\t<div class=\"e-con-inner\">\n\t\t\t\t<div class=\"elementor-element elementor-element-a0a4dde elementor-widget elementor-widget-elementskit-heading\" data-id=\"a0a4dde\" data-element_type=\"widget\" data-settings=\"{&quot;ekit_we_effect_on&quot;:&quot;none&quot;}\" data-widget_type=\"elementskit-heading.default\">\n\t\t\t\t<div class=\"elementor-widget-container\">\n\t\t\t\t\t<div class=\"ekit-wid-con\" ><div class=\"ekit-heading elementskit-section-title-wraper center   ekit_heading_tablet-   ekit_heading_mobile-\"><h2 class=\"ekit-heading--title elementskit-section-title \"> <span><span>Engrais<\/span><\/span><\/h2><div class=\"ekit_heading_separetor_wraper ekit_heading_elementskit-border-divider elementskit-style-long\"><div class=\"elementskit-border-divider elementskit-style-long\"><\/div><\/div><\/div><\/div>\t\t\t\t<\/div>\n\t\t\t\t<\/div>\n\t\t\t\t\t<\/div>\n\t\t\t\t<\/div>\n\t\t<div class=\"elementor-element elementor-element-8218d7b e-flex e-con-boxed e-con e-parent\" data-id=\"8218d7b\" data-element_type=\"container\" data-settings=\"{&quot;ekit_has_onepagescroll_dot&quot;:&quot;yes&quot;}\">\n\t\t\t\t\t<div class=\"e-con-inner\">\n\t\t\t\t<div class=\"elementor-element elementor-element-35b1fe6 elementor-widget elementor-widget-text-editor\" data-id=\"35b1fe6\" data-element_type=\"widget\" data-settings=\"{&quot;ekit_we_effect_on&quot;:&quot;none&quot;}\" data-widget_type=\"text-editor.default\">\n\t\t\t\t<div class=\"elementor-widget-container\">\n\t\t\t\t\t\t\t\t\t<span style=\"color: #000000;\">\u00a0   Le mode de production biologique implique que seuls les produits constitu\u00e9s des substances \u00e9num\u00e9r\u00e9es aux annexes I du cahier des charges type de la production v\u00e9g\u00e9tale peuvent \u00eatre utilis\u00e9s comme engrais en Tunisie.<\/span>\t\t\t\t\t\t\t\t<\/div>\n\t\t\t\t<\/div>\n\t\t\t\t<div class=\"elementor-element elementor-element-da59c75 elementor-align-center elementor-widget elementor-widget-button\" data-id=\"da59c75\" data-element_type=\"widget\" data-settings=\"{&quot;ekit_we_effect_on&quot;:&quot;none&quot;}\" data-widget_type=\"button.default\">\n\t\t\t\t<div class=\"elementor-widget-container\">\n\t\t\t\t\t\t\t\t\t<div class=\"elementor-button-wrapper\">\n\t\t\t\t\t<a class=\"elementor-button elementor-button-link elementor-size-sm\" href=\"https:\/\/ctab.tn\/wp-content\/uploads\/2025\/05\/Catalogue-Engrais-MAI-2025.pdf\" target=\"_blank\">\n\t\t\t\t\t\t<span class=\"elementor-button-content-wrapper\">\n\t\t\t\t\t\t<span class=\"elementor-button-icon\">\n\t\t\t\t<svg aria-hidden=\"true\" class=\"e-font-icon-svg e-far-arrow-alt-circle-down\" viewBox=\"0 0 512 512\" xmlns=\"http:\/\/www.w3.org\/2000\/svg\"><path d=\"M256 8C119 8 8 119 8 256s111 248 248 248 248-111 248-248S393 8 256 8zm0 448c-110.5 0-200-89.5-200-200S145.5 56 256 56s200 89.5 200 200-89.5 200-200 200zm-32-316v116h-67c-10.7 0-16 12.9-8.5 20.5l99 99c4.7 4.7 12.3 4.7 17 0l99-99c7.6-7.6 2.2-20.5-8.5-20.5h-67V140c0-6.6-5.4-12-12-12h-40c-6.6 0-12 5.4-12 12z\"><\/path><\/svg>\t\t\t<\/span>\n\t\t\t\t\t\t\t\t\t<span class=\"elementor-button-text\">Catalogue des engrais et amendements du sol autoris\u00e9s \u00e0 \u00eatre utilis\u00e9s en agriculture biologique et commercialis\u00e9s en Tunisie (Mai 2025)<\/span>\n\t\t\t\t\t<\/span>\n\t\t\t\t\t<\/a>\n\t\t\t\t<\/div>\n\t\t\t\t\t\t\t\t<\/div>\n\t\t\t\t<\/div>\n\t\t\t\t<div class=\"elementor-element elementor-element-f19066d elementor-widget elementor-widget-text-editor\" data-id=\"f19066d\" data-element_type=\"widget\" data-settings=\"{&quot;ekit_we_effect_on&quot;:&quot;none&quot;}\" data-widget_type=\"text-editor.default\">\n\t\t\t\t<div class=\"elementor-widget-container\">\n\t\t\t\t\t\t\t\t\t<p><span style=\"color: #000000;\">L\u2019ajout d\u2019un engrais \u00e0 la liste des engrais autoris\u00e9s \u00e0 \u00eatre utilis\u00e9s en agriculture biologique en Tunisie n\u00e9cessite le d\u00e9p\u00f4t d\u2019un dossier au si\u00e8ge du Centre Technique de l\u2019Agriculture biologique.<\/span><\/p><p><span style=\"color: #000000;\">Ainsi, les documents \u00e0 joindre au dossier de demande d\u2019ajout d\u2019un engrais biologique sont :\u00a0<span style=\"color: #ff0000;\">(Sauf en Arabe ou en Francais ou en Anglais)<\/span><\/span><\/p><ul><li><span style=\"color: #000000;\">Demande au nom du Monsieur le Directeur G\u00e9n\u00e9ral du Centre Technique de l\u2019Agriculture Biologique,<\/span><\/li><li><span style=\"color: #000000;\">Fiche technique du produit,<\/span><\/li><li><span style=\"color: #000000;\">Certificat de conformit\u00e9 biologique,<\/span><\/li><li><span style=\"color: #000000;\">Un certificat \/ une fiche d&#8217;analyse issu(e) d&#8217;un laboratoire externe.<\/span><\/li><\/ul>\t\t\t\t\t\t\t\t<\/div>\n\t\t\t\t<\/div>\n\t\t\t\t<div class=\"elementor-element elementor-element-62e0e77 elementor-widget elementor-widget-image\" data-id=\"62e0e77\" data-element_type=\"widget\" data-settings=\"{&quot;ekit_we_effect_on&quot;:&quot;none&quot;}\" data-widget_type=\"image.default\">\n\t\t\t\t<div class=\"elementor-widget-container\">\n\t\t\t\t\t\t\t\t\t\t\t\t\t\t\t<img fetchpriority=\"high\" decoding=\"async\" width=\"2560\" height=\"1407\" src=\"https:\/\/ctab.tn\/wp-content\/uploads\/2025\/05\/Compost-scaled.jpg\" class=\"attachment-full size-full wp-image-7558\" alt=\"\" srcset=\"https:\/\/ctab.tn\/wp-content\/uploads\/2025\/05\/Compost-scaled.jpg 2560w, https:\/\/ctab.tn\/wp-content\/uploads\/2025\/05\/Compost-300x165.jpg 300w, https:\/\/ctab.tn\/wp-content\/uploads\/2025\/05\/Compost-1024x563.jpg 1024w, https:\/\/ctab.tn\/wp-content\/uploads\/2025\/05\/Compost-768x422.jpg 768w, https:\/\/ctab.tn\/wp-content\/uploads\/2025\/05\/Compost-1536x844.jpg 1536w, https:\/\/ctab.tn\/wp-content\/uploads\/2025\/05\/Compost-2048x1126.jpg 2048w, https:\/\/ctab.tn\/wp-content\/uploads\/2025\/05\/Compost-18x10.jpg 18w\" sizes=\"(max-width: 2560px) 100vw, 2560px\" \/>\t\t\t\t\t\t\t\t\t\t\t\t\t\t\t<\/div>\n\t\t\t\t<\/div>\n\t\t\t\t\t<\/div>\n\t\t\t\t<\/div>\n\t\t<div class=\"elementor-element elementor-element-dd6e364 e-flex e-con-boxed e-con e-parent\" data-id=\"dd6e364\" data-element_type=\"container\" data-settings=\"{&quot;ekit_has_onepagescroll_dot&quot;:&quot;yes&quot;}\">\n\t\t\t\t\t<div class=\"e-con-inner\">\n\t\t\t\t<div class=\"elementor-element elementor-element-e4dbf98 elementor-widget elementor-widget-spacer\" data-id=\"e4dbf98\" data-element_type=\"widget\" data-settings=\"{&quot;ekit_we_effect_on&quot;:&quot;none&quot;}\" data-widget_type=\"spacer.default\">\n\t\t\t\t<div class=\"elementor-widget-container\">\n\t\t\t\t\t\t\t<div class=\"elementor-spacer\">\n\t\t\t<div class=\"elementor-spacer-inner\"><\/div>\n\t\t<\/div>\n\t\t\t\t\t\t<\/div>\n\t\t\t\t<\/div>\n\t\t\t\t\t<\/div>\n\t\t\t\t<\/div>\n\t\t\t\t<\/div>\n\t\t","protected":false},"excerpt":{"rendered":"<p>Engrais \u00a0 Le mode de production biologique implique que seuls les produits constitu\u00e9s des substances \u00e9num\u00e9r\u00e9es aux annexes I du cahier des charges type de la production v\u00e9g\u00e9tale peuvent \u00eatre utilis\u00e9s comme engrais en Tunisie. Catalogue des engrais et amendements du sol autoris\u00e9s \u00e0 \u00eatre utilis\u00e9s en agriculture biologique et commercialis\u00e9s en Tunisie (Mai 2025) [&hellip;]<\/p>\n","protected":false},"author":31,"featured_media":0,"parent":0,"menu_order":0,"comment_status":"closed","ping_status":"closed","template":"","meta":{"site-sidebar-layout":"no-sidebar","site-content-layout":"","ast-site-content-layout":"full-width-container","site-content-style":"default","site-sidebar-style":"default","ast-global-header-display":"","ast-banner-title-visibility":"","ast-main-header-display":"","ast-hfb-above-header-display":"","ast-hfb-below-header-display":"","ast-hfb-mobile-header-display":"","site-post-title":"disabled","ast-breadcrumbs-content":"","ast-featured-img":"disabled","footer-sml-layout":"","ast-disable-related-posts":"","theme-transparent-header-meta":"default","adv-header-id-meta":"","stick-header-meta":"default","header-above-stick-meta":"","header-main-stick-meta":"","header-below-stick-meta":"","astra-migrate-meta-layouts":"set","ast-page-background-enabled":"default","ast-page-background-meta":{"desktop":{"background-color":"var(--ast-global-color-4)","background-image":"","background-repeat":"repeat","background-position":"center center","background-size":"auto","background-attachment":"scroll","background-type":"","background-media":"","overlay-type":"","overlay-color":"","overlay-opacity":"","overlay-gradient":""},"tablet":{"background-color":"","background-image":"","background-repeat":"repeat","background-position":"center center","background-size":"auto","background-attachment":"scroll","background-type":"","background-media":"","overlay-type":"","overlay-color":"","overlay-opacity":"","overlay-gradient":""},"mobile":{"background-color":"","background-image":"","background-repeat":"repeat","background-position":"center center","background-size":"auto","background-attachment":"scroll","background-type":"","background-media":"","overlay-type":"","overlay-color":"","overlay-opacity":"","overlay-gradient":""}},"ast-content-background-meta":{"desktop":{"background-color":"var(--ast-global-color-5)","background-image":"","background-repeat":"repeat","background-position":"center center","background-size":"auto","background-attachment":"scroll","background-type":"","background-media":"","overlay-type":"","overlay-color":"","overlay-opacity":"","overlay-gradient":""},"tablet":{"background-color":"var(--ast-global-color-5)","background-image":"","background-repeat":"repeat","background-position":"center center","background-size":"auto","background-attachment":"scroll","background-type":"","background-media":"","overlay-type":"","overlay-color":"","overlay-opacity":"","overlay-gradient":""},"mobile":{"background-color":"var(--ast-global-color-5)","background-image":"","background-repeat":"repeat","background-position":"center center","background-size":"auto","background-attachment":"scroll","background-type":"","background-media":"","overlay-type":"","overlay-color":"","overlay-opacity":"","overlay-gradient":""}},"footnotes":""},"class_list":["post-7556","page","type-page","status-publish","hentry"],"_links":{"self":[{"href":"https:\/\/ctab.tn\/fr\/wp-json\/wp\/v2\/pages\/7556","targetHints":{"allow":["GET"]}}],"collection":[{"href":"https:\/\/ctab.tn\/fr\/wp-json\/wp\/v2\/pages"}],"about":[{"href":"https:\/\/ctab.tn\/fr\/wp-json\/wp\/v2\/types\/page"}],"author":[{"embeddable":true,"href":"https:\/\/ctab.tn\/fr\/wp-json\/wp\/v2\/users\/31"}],"replies":[{"embeddable":true,"href":"https:\/\/ctab.tn\/fr\/wp-json\/wp\/v2\/comments?post=7556"}],"version-history":[{"count":10,"href":"https:\/\/ctab.tn\/fr\/wp-json\/wp\/v2\/pages\/7556\/revisions"}],"predecessor-version":[{"id":7568,"href":"https:\/\/ctab.tn\/fr\/wp-json\/wp\/v2\/pages\/7556\/revisions\/7568"}],"wp:attachment":[{"href":"https:\/\/ctab.tn\/fr\/wp-json\/wp\/v2\/media?parent=7556"}],"curies":[{"name":"wp","href":"https:\/\/api.w.org\/{rel}","templated":true}]}}