{"id":6909,"date":"2025-02-01T12:41:37","date_gmt":"2025-02-01T11:41:37","guid":{"rendered":"https:\/\/www.ctab.tn\/label-marhba\/"},"modified":"2025-04-13T15:32:16","modified_gmt":"2025-04-13T14:32:16","slug":"label-marhba","status":"publish","type":"page","link":"https:\/\/ctab.tn\/fr\/label-marhba\/","title":{"rendered":"Label Marhba"},"content":{"rendered":"\t\t<div data-elementor-type=\"wp-page\" data-elementor-id=\"6909\" class=\"elementor elementor-6909\" data-elementor-post-type=\"page\">\n\t\t\t\t<div class=\"elementor-element elementor-element-c44bfa5 e-flex e-con-boxed e-con e-parent\" data-id=\"c44bfa5\" data-element_type=\"container\" data-settings=\"{&quot;ekit_has_onepagescroll_dot&quot;:&quot;yes&quot;}\">\n\t\t\t\t\t<div class=\"e-con-inner\">\n\t\t\t\t<div class=\"elementor-element elementor-element-6ab970e elementor-widget elementor-widget-image\" data-id=\"6ab970e\" data-element_type=\"widget\" data-settings=\"{&quot;ekit_we_effect_on&quot;:&quot;none&quot;}\" data-widget_type=\"image.default\">\n\t\t\t\t<div class=\"elementor-widget-container\">\n\t\t\t\t\t\t\t\t\t\t\t\t\t\t\t<img fetchpriority=\"high\" decoding=\"async\" width=\"739\" height=\"725\" src=\"https:\/\/ctab.tn\/wp-content\/uploads\/2024\/12\/Label-Marhba-CTAB.tn-La-certification-Marhaba-de-Centre-Technique-de-lAgriculture-Biologique.png\" class=\"attachment-full size-full wp-image-4682\" alt=\"\" srcset=\"https:\/\/ctab.tn\/wp-content\/uploads\/2024\/12\/Label-Marhba-CTAB.tn-La-certification-Marhaba-de-Centre-Technique-de-lAgriculture-Biologique.png 739w, https:\/\/ctab.tn\/wp-content\/uploads\/2024\/12\/Label-Marhba-CTAB.tn-La-certification-Marhaba-de-Centre-Technique-de-lAgriculture-Biologique-300x294.png 300w, https:\/\/ctab.tn\/wp-content\/uploads\/2024\/12\/Label-Marhba-CTAB.tn-La-certification-Marhaba-de-Centre-Technique-de-lAgriculture-Biologique-12x12.png 12w, https:\/\/ctab.tn\/wp-content\/uploads\/2024\/12\/Label-Marhba-CTAB.tn-La-certification-Marhaba-de-Centre-Technique-de-lAgriculture-Biologique-600x589.png 600w\" sizes=\"(max-width: 739px) 100vw, 739px\" \/>\t\t\t\t\t\t\t\t\t\t\t\t\t\t\t<\/div>\n\t\t\t\t<\/div>\n\t\t\t\t\t<\/div>\n\t\t\t\t<\/div>\n\t\t<div class=\"elementor-element elementor-element-f7692cf e-flex e-con-boxed e-con e-parent\" data-id=\"f7692cf\" data-element_type=\"container\" data-settings=\"{&quot;ekit_has_onepagescroll_dot&quot;:&quot;yes&quot;}\">\n\t\t\t\t\t<div class=\"e-con-inner\">\n\t\t\t\t<div class=\"elementor-element elementor-element-2b7f613 elementor-widget elementor-widget-shortcode\" data-id=\"2b7f613\" data-element_type=\"widget\" data-settings=\"{&quot;ekit_we_effect_on&quot;:&quot;none&quot;}\" data-widget_type=\"shortcode.default\">\n\t\t\t\t<div class=\"elementor-widget-container\">\n\t\t\t\t\t\t\t<div class=\"elementor-shortcode\"><div id=\"footable_parent_5610\"\n         class=\" footable_parent ninja_table_wrapper loading_ninja_table wp_table_data_press_parent semantic_ui colored_table\">\n                <table data-ninja_table_instance=\"ninja_table_instance_0\" data-footable_id=\"5610\" data-filter-delay=\"1000\" aria-label=\"Label Marhaba Tableaux\"            id=\"footable_5610\"\n           data-unique_identifier=\"ninja_table_unique_id_2852354178_5610\"\n           class=\" foo-table ninja_footable foo_table_5610 ninja_table_unique_id_2852354178_5610 ui table  nt_type_legacy_table selectable striped vertical_centered ninja_custom_color inverted footable-paging-right ninja_table_pro\">\n                <colgroup>\n                            <col class=\"ninja_column_0 \">\n                            <col class=\"ninja_column_1 \">\n                    <\/colgroup>\n        <thead>\n<tr class=\"footable-header\">\n                                        <th scope=\"col\"  class=\"ninja_column_0 ninja_clmn_nm_certificat \">Certificat<\/th><th scope=\"col\"  class=\"ninja_column_1 ninja_clmn_nm_tlchargement \">T\u00e9l\u00e9chargement<\/th><\/tr>\n<\/thead>\n<tbody>\n\n        <tr data-row_id=\"98\" class=\"ninja_table_row_0 nt_row_id_98\">\n            <td>Certificat \u2018Marhaba\u2019 du Centre Technique de l'Agriculture Biologique<\/td><td><a href=\"https:\/\/ctab.tn\/wp-content\/uploads\/2025\/02\/Certificat_Marhaba.pdf\" target=\"_blank\"><button style=\"background-color: #3F6731;color: white;border: none;padding: 8px 12px;border-radius: 5px;cursor: pointer\">T\u00e9l\u00e9charger<\/button><\/a><\/td>        <\/tr>\n            <tr data-row_id=\"99\" class=\"ninja_table_row_1 nt_row_id_99\">\n            <td>Engagements de la direction en qualit\u00e9 d'accueil<\/td><td><a href=\"https:\/\/ctab.tn\/wp-content\/uploads\/2025\/09\/Engagement-Marhaba-FR-2025.pdf\" target=\"_blank\"><button style=\"background-color: #3F6731;color: white;border: none;padding: 8px 12px;border-radius: 5px;cursor: pointer\">T\u00e9l\u00e9charger<\/button><\/a><\/td>        <\/tr>\n            <tr data-row_id=\"100\" class=\"ninja_table_row_2 nt_row_id_100\">\n            <td>Services, d\u00e9lais, proc\u00e9dures et \u00e9tapes<\/td><td><a href=\"https:\/\/ctab.tn\/wp-content\/uploads\/2025\/09\/Delai-Reponse-2025.pdf\" target=\"_blank\"><button style=\"background-color: #3F6731;color: white;border: none;padding: 8px 12px;border-radius: 5px;cursor: pointer\">T\u00e9l\u00e9charger<\/button><\/a><\/td>        <\/tr>\n            <tr data-row_id=\"101\" class=\"ninja_table_row_3 nt_row_id_101\">\n            <td>R\u00e9sultats de l'enqu\u00eate pour l'ann\u00e9e 2024\/2025<\/td><td><a href=\"https:\/\/ctab.tn\/wp-content\/uploads\/2025\/09\/\u0645\u0639\u0644\u0642\u0629-\u0646\u062a\u0627\u0626\u062c-\u0627\u0644\u0627\u0633\u062a\u0642\u0635\u0627\u0621-2024-2025.pdf\" target=\"_blank\"><button style=\"background-color: #3F6731;color: white;border: none;padding: 8px 12px;border-radius: 5px;cursor: pointer\">T\u00e9l\u00e9charger<\/button><\/a><\/td>        <\/tr>\n            <tr data-row_id=\"154\" class=\"ninja_table_row_4 nt_row_id_154\">\n            <td>R\u00e9sultats de l'enqu\u00eate pour l'ann\u00e9e 2023\/2024<\/td><td><a href=\"https:\/\/ctab.tn\/wp-content\/uploads\/2025\/02\/Resultats_enquete_2023_2024.pdf\" target=\"_blank\"><button style=\"background-color: #3F6731;color: white;border: none;padding: 8px 12px;border-radius: 5px;cursor: pointer\">T\u00e9l\u00e9charger<\/button><\/a><\/td>        <\/tr>\n            <tr data-row_id=\"103\" class=\"ninja_table_row_5 nt_row_id_103\">\n            <td>Fixation des rendez-vous<\/td><td><a href=\"https:\/\/ctab.tn\/wp-content\/uploads\/2025\/09\/Fixation-des-rendez-vous.pdf\" target=\"_blank\"><button style=\"background-color: #3F6731;color: white;border: none;padding: 8px 12px;border-radius: 5px;cursor: pointer\">T\u00e9l\u00e9charger<\/button><\/a><\/td>        <\/tr>\n            <tr data-row_id=\"107\" class=\"ninja_table_row_6 nt_row_id_107\">\n            <td>Comment r\u00e9pondre aux p\u00e9titions<\/td><td><a href=\"https:\/\/ctab.tn\/wp-content\/uploads\/2025\/09\/Reponse-Reclamation-2025.pdf\" target=\"_blank\"><button style=\"background-color: #3F6731;color: white;border: none;padding: 8px 12px;border-radius: 5px;cursor: pointer\">T\u00e9l\u00e9charger<\/button><\/a><\/td>        <\/tr>\n            <tr data-row_id=\"108\" class=\"ninja_table_row_7 nt_row_id_108\">\n            <td>Mesures sp\u00e9ciales pour les personnes ayant des besoins sp\u00e9ciaux ou \u00e0 mobilit\u00e9 r\u00e9duite<\/td><td><a href=\"https:\/\/ctab.tn\/wp-content\/uploads\/2025\/09\/Mesures-speciales-pour-les-personnes-ayant-des-besoins-speciaux-ou-a-mobilite-reduite.pdf\" target=\"_blank\"><button style=\"background-color: #3F6731;color: white;border: none;padding: 8px 12px;border-radius: 5px;cursor: pointer\">T\u00e9l\u00e9charger<\/button><\/a><\/td>        <\/tr>\n            <tr data-row_id=\"104\" class=\"ninja_table_row_8 nt_row_id_104\">\n            <td>Formulaire pour prendre rendez-vous avec un personnel<\/td><td><a href=\"https:\/\/ctab.tn\/wp-content\/uploads\/2025\/02\/Formulaire_prendre_rendez_vous.pdf\" target=\"_blank\"><button style=\"background-color: #3F6731;color: white;border: none;padding: 8px 12px;border-radius: 5px;cursor: pointer\">T\u00e9l\u00e9charger<\/button><\/a><\/td>        <\/tr>\n            <tr data-row_id=\"105\" class=\"ninja_table_row_9 nt_row_id_105\">\n            <td>Formulaire d'\u00e9valuation de la r\u00e9ception<\/td><td><a href=\"https:\/\/ctab.tn\/wp-content\/uploads\/2025\/02\/Formulaire_evaluation_reception.pdf\" target=\"_blank\"><button style=\"background-color: #3F6731;color: white;border: none;padding: 8px 12px;border-radius: 5px;cursor: pointer\">T\u00e9l\u00e9charger<\/button><\/a><\/td>        <\/tr>\n            <tr data-row_id=\"106\" class=\"ninja_table_row_10 nt_row_id_106\">\n            <td>Formulaire de p\u00e9tition pour le respect de la \u00ab Label Marhaba \u00bb<\/td><td><a href=\"https:\/\/ctab.tn\/wp-content\/uploads\/2025\/02\/Formulaire_petition_Label_Marhaba.pdf\" target=\"_blank\"><button style=\"background-color: #3F6731;color: white;border: none;padding: 8px 12px;border-radius: 5px;cursor: pointer\">T\u00e9l\u00e9charger<\/button><\/a><\/td>        <\/tr>\n    <\/tbody><!--ninja_tobody_rendering_done-->\n    <\/table>\n    \n    \n    \n<\/div>\n<\/div>\n\t\t\t\t\t\t<\/div>\n\t\t\t\t<\/div>\n\t\t\t\t\t<\/div>\n\t\t\t\t<\/div>\n\t\t<div class=\"elementor-element elementor-element-452778f e-flex e-con-boxed e-con e-parent\" data-id=\"452778f\" data-element_type=\"container\" data-settings=\"{&quot;ekit_has_onepagescroll_dot&quot;:&quot;yes&quot;}\">\n\t\t\t\t\t<div class=\"e-con-inner\">\n\t\t\t\t<div class=\"elementor-element elementor-element-1ffb933 elementor-widget elementor-widget-spacer\" data-id=\"1ffb933\" data-element_type=\"widget\" data-settings=\"{&quot;ekit_we_effect_on&quot;:&quot;none&quot;}\" data-widget_type=\"spacer.default\">\n\t\t\t\t<div class=\"elementor-widget-container\">\n\t\t\t\t\t\t\t<div class=\"elementor-spacer\">\n\t\t\t<div class=\"elementor-spacer-inner\"><\/div>\n\t\t<\/div>\n\t\t\t\t\t\t<\/div>\n\t\t\t\t<\/div>\n\t\t\t\t\t<\/div>\n\t\t\t\t<\/div>\n\t\t\t\t<\/div>\n\t\t","protected":false},"excerpt":{"rendered":"","protected":false},"author":31,"featured_media":0,"parent":0,"menu_order":0,"comment_status":"closed","ping_status":"open","template":"","meta":{"site-sidebar-layout":"no-sidebar","site-content-layout":"","ast-site-content-layout":"full-width-container","site-content-style":"default","site-sidebar-style":"default","ast-global-header-display":"","ast-banner-title-visibility":"","ast-main-header-display":"","ast-hfb-above-header-display":"","ast-hfb-below-header-display":"","ast-hfb-mobile-header-display":"","site-post-title":"disabled","ast-breadcrumbs-content":"","ast-featured-img":"disabled","footer-sml-layout":"","ast-disable-related-posts":"","theme-transparent-header-meta":"default","adv-header-id-meta":"","stick-header-meta":"default","header-above-stick-meta":"","header-main-stick-meta":"","header-below-stick-meta":"","astra-migrate-meta-layouts":"default","ast-page-background-enabled":"default","ast-page-background-meta":{"desktop":{"background-color":"var(--ast-global-color-4)","background-image":"","background-repeat":"repeat","background-position":"center center","background-size":"auto","background-attachment":"scroll","background-type":"","background-media":"","overlay-type":"","overlay-color":"","overlay-opacity":"","overlay-gradient":""},"tablet":{"background-color":"","background-image":"","background-repeat":"repeat","background-position":"center center","background-size":"auto","background-attachment":"scroll","background-type":"","background-media":"","overlay-type":"","overlay-color":"","overlay-opacity":"","overlay-gradient":""},"mobile":{"background-color":"","background-image":"","background-repeat":"repeat","background-position":"center center","background-size":"auto","background-attachment":"scroll","background-type":"","background-media":"","overlay-type":"","overlay-color":"","overlay-opacity":"","overlay-gradient":""}},"ast-content-background-meta":{"desktop":{"background-color":"var(--ast-global-color-5)","background-image":"","background-repeat":"repeat","background-position":"center center","background-size":"auto","background-attachment":"scroll","background-type":"","background-media":"","overlay-type":"","overlay-color":"","overlay-opacity":"","overlay-gradient":""},"tablet":{"background-color":"var(--ast-global-color-5)","background-image":"","background-repeat":"repeat","background-position":"center center","background-size":"auto","background-attachment":"scroll","background-type":"","background-media":"","overlay-type":"","overlay-color":"","overlay-opacity":"","overlay-gradient":""},"mobile":{"background-color":"var(--ast-global-color-5)","background-image":"","background-repeat":"repeat","background-position":"center center","background-size":"auto","background-attachment":"scroll","background-type":"","background-media":"","overlay-type":"","overlay-color":"","overlay-opacity":"","overlay-gradient":""}},"footnotes":""},"class_list":["post-6909","page","type-page","status-publish","hentry"],"_links":{"self":[{"href":"https:\/\/ctab.tn\/fr\/wp-json\/wp\/v2\/pages\/6909","targetHints":{"allow":["GET"]}}],"collection":[{"href":"https:\/\/ctab.tn\/fr\/wp-json\/wp\/v2\/pages"}],"about":[{"href":"https:\/\/ctab.tn\/fr\/wp-json\/wp\/v2\/types\/page"}],"author":[{"embeddable":true,"href":"https:\/\/ctab.tn\/fr\/wp-json\/wp\/v2\/users\/31"}],"replies":[{"embeddable":true,"href":"https:\/\/ctab.tn\/fr\/wp-json\/wp\/v2\/comments?post=6909"}],"version-history":[{"count":2,"href":"https:\/\/ctab.tn\/fr\/wp-json\/wp\/v2\/pages\/6909\/revisions"}],"predecessor-version":[{"id":8159,"href":"https:\/\/ctab.tn\/fr\/wp-json\/wp\/v2\/pages\/6909\/revisions\/8159"}],"wp:attachment":[{"href":"https:\/\/ctab.tn\/fr\/wp-json\/wp\/v2\/media?parent=6909"}],"curies":[{"name":"wp","href":"https:\/\/api.w.org\/{rel}","templated":true}]}}