{"id":3967,"date":"2024-11-21T14:05:59","date_gmt":"2024-11-21T14:05:59","guid":{"rendered":"https:\/\/www.ctab.tn\/?page_id=3967"},"modified":"2025-02-02T14:21:43","modified_gmt":"2025-02-02T13:21:43","slug":"acces-a-information","status":"publish","type":"page","link":"https:\/\/ctab.tn\/fr\/acces-a-information\/","title":{"rendered":"Acces a Information"},"content":{"rendered":"\t\t<div data-elementor-type=\"wp-page\" data-elementor-id=\"3967\" class=\"elementor elementor-3967\" data-elementor-post-type=\"page\">\n\t\t\t\t\t\t<section class=\"elementor-section elementor-top-section elementor-element elementor-element-a40727b elementor-section-boxed elementor-section-height-default elementor-section-height-default\" data-id=\"a40727b\" data-element_type=\"section\" data-settings=\"{&quot;background_background&quot;:&quot;classic&quot;,&quot;ekit_has_onepagescroll_dot&quot;:&quot;yes&quot;}\">\n\t\t\t\t\t\t<div class=\"elementor-container elementor-column-gap-default\">\n\t\t\t\t\t<div class=\"elementor-column elementor-col-100 elementor-top-column elementor-element elementor-element-7a7ffc8\" data-id=\"7a7ffc8\" data-element_type=\"column\">\n\t\t\t<div class=\"elementor-widget-wrap elementor-element-populated\">\n\t\t\t\t\t\t<div class=\"elementor-element elementor-element-cb28f25 elementor-widget elementor-widget-elementskit-heading\" data-id=\"cb28f25\" data-element_type=\"widget\" data-settings=\"{&quot;ekit_we_effect_on&quot;:&quot;none&quot;}\" data-widget_type=\"elementskit-heading.default\">\n\t\t\t\t<div class=\"elementor-widget-container\">\n\t\t\t\t\t<div class=\"ekit-wid-con\" ><div class=\"ekit-heading elementskit-section-title-wraper center   ekit_heading_tablet-   ekit_heading_mobile-\"><h2 class=\"ekit-heading--title elementskit-section-title \"><span><span>Acc\u00e8s \u00e0 l'Information<\/span><\/span><\/h2><div class=\"ekit_heading_separetor_wraper ekit_heading_elementskit-border-divider elementskit-style-long\"><div class=\"elementskit-border-divider elementskit-style-long\"><\/div><\/div><\/div><\/div>\t\t\t\t<\/div>\n\t\t\t\t<\/div>\n\t\t\t\t\t<\/div>\n\t\t<\/div>\n\t\t\t\t\t<\/div>\n\t\t<\/section>\n\t\t<div class=\"elementor-element elementor-element-331c6cd e-flex e-con-boxed e-con e-parent\" data-id=\"331c6cd\" data-element_type=\"container\" data-settings=\"{&quot;ekit_has_onepagescroll_dot&quot;:&quot;yes&quot;}\">\n\t\t\t\t\t<div class=\"e-con-inner\">\n\t\t\t\t<div class=\"elementor-element elementor-element-9f8a503 elementor-widget elementor-widget-shortcode\" data-id=\"9f8a503\" data-element_type=\"widget\" data-settings=\"{&quot;ekit_we_effect_on&quot;:&quot;none&quot;}\" data-widget_type=\"shortcode.default\">\n\t\t\t\t<div class=\"elementor-widget-container\">\n\t\t\t\t\t\t\t<div class=\"elementor-shortcode\"><div id=\"footable_parent_5767\"\n         class=\" footable_parent ninja_table_wrapper loading_ninja_table wp_table_data_press_parent semantic_ui colored_table\">\n                <table data-ninja_table_instance=\"ninja_table_instance_0\" data-footable_id=\"5767\" data-filter-delay=\"1000\" aria-label=\"Acc\u00e8s-\u00e0-l&#039;Information-tableaux.csv\"            id=\"footable_5767\"\n           data-unique_identifier=\"ninja_table_unique_id_1247880387_5767\"\n           class=\" foo-table ninja_footable foo_table_5767 ninja_table_unique_id_1247880387_5767 ui table  nt_type_legacy_table selectable striped vertical_centered ninja_custom_color inverted footable-paging-right ninja_table_pro\">\n                <colgroup>\n                            <col class=\"ninja_column_0 \">\n                            <col class=\"ninja_column_1 \">\n                    <\/colgroup>\n        <thead>\n<tr class=\"footable-header\">\n                                        <th scope=\"col\"  class=\"ninja_column_0 ninja_clmn_nm_document \">Document<\/th><th scope=\"col\"  class=\"ninja_column_1 ninja_clmn_nm_tlchargement \">T\u00e9l\u00e9chargement<\/th><\/tr>\n<\/thead>\n<tbody>\n\n        <tr data-row_id=\"109\" class=\"ninja_table_row_0 nt_row_id_109\">\n            <td>Loi organique n\u00b0 2016-22 du 24 mars 2016, relative au droit d'acc\u00e8s \u00e0 l'information (Ar)<\/td><td><a href=\"https:\/\/ctab.tn\/wp-content\/uploads\/2025\/02\/Loi-organique-n\u00b0-2016-22-du-24-mars-2016-relative-au-droit-dacces-a-linformation-Ar.pdf\" target=\"_blank\"><button style=\"background-color: #3F6731;color: white;border: none;padding: 8px 12px;border-radius: 5px;cursor: pointer\">T\u00e9l\u00e9charger<\/button><\/a><\/td>        <\/tr>\n            <tr data-row_id=\"110\" class=\"ninja_table_row_1 nt_row_id_110\">\n            <td>Guide sur l\u2019acc\u00e8s \u00e0 l\u2019information (Ar)<\/td><td><a href=\"https:\/\/ctab.tn\/wp-content\/uploads\/2025\/02\/Guide-sur-lacces-a-linformation-Ar.pdf\" target=\"_blank\"><button style=\"background-color: #3F6731;color: white;border: none;padding: 8px 12px;border-radius: 5px;cursor: pointer\">T\u00e9l\u00e9charger<\/button><\/a><\/td>        <\/tr>\n            <tr data-row_id=\"111\" class=\"ninja_table_row_2 nt_row_id_111\">\n            <td>Le d\u00e9cret minist\u00e9riel N\u00b0 19 du 18-05-2018 relatif au droit d\u2019Acc\u00e8s \u00e0 l\u2019Information (Ar)<\/td><td><a href=\"https:\/\/ctab.tn\/wp-content\/uploads\/2025\/02\/Le-decret-ministeriel-N\u00b0-19-du-18-05-2018-relatif-au-droit-dAcces-a-lInformation-Ar.pdf\" target=\"_blank\"><button style=\"background-color: #3F6731;color: white;border: none;padding: 8px 12px;border-radius: 5px;cursor: pointer\">T\u00e9l\u00e9charger<\/button><\/a><\/td>        <\/tr>\n            <tr data-row_id=\"112\" class=\"ninja_table_row_3 nt_row_id_112\">\n            <td>Formulaire d\u2019acc\u00e8s \u00e0 un document administratif (Ar)<\/td><td><a href=\"https:\/\/ctab.tn\/wp-content\/uploads\/2025\/02\/Formulaire-dacces-a-un-document-administratif-Ar.pdf\" target=\"_blank\"><button style=\"background-color: #3F6731;color: white;border: none;padding: 8px 12px;border-radius: 5px;cursor: pointer\">T\u00e9l\u00e9charger<\/button><\/a><\/td>        <\/tr>\n            <tr data-row_id=\"113\" class=\"ninja_table_row_4 nt_row_id_113\">\n            <td>Formulaire de plainte aupr\u00e8s du directeur g\u00e9n\u00e9ral (Ar)<\/td><td><a href=\"https:\/\/ctab.tn\/wp-content\/uploads\/2025\/02\/Formulaire-de-plainte-aupres-du-directeur-general-Ar.pdf\" target=\"_blank\"><button style=\"background-color: #3F6731;color: white;border: none;padding: 8px 12px;border-radius: 5px;cursor: pointer\">T\u00e9l\u00e9charger<\/button><\/a><\/td>        <\/tr>\n            <tr data-row_id=\"114\" class=\"ninja_table_row_5 nt_row_id_114\">\n            <td>D\u00e9cision de nomination des charg\u00e9s d\u2019acc\u00e8s \u00e0 l\u2019information (Ar)<\/td><td><a href=\"https:\/\/ctab.tn\/wp-content\/uploads\/2025\/02\/Decision-de-nomination-des-charges-dacces-a-linformation-Ar.pdf\" target=\"_blank\"><button style=\"background-color: #3F6731;color: white;border: none;padding: 8px 12px;border-radius: 5px;cursor: pointer\">T\u00e9l\u00e9charger<\/button><\/a><\/td>        <\/tr>\n            <tr data-row_id=\"202\" class=\"ninja_table_row_6 nt_row_id_202\">\n            <td>Coordonn\u00e9es des Charg\u00e9s de l\u2019acc\u00e8s \u00e0 l\u2019information (Ar)<\/td><td><a href=\"https:\/\/ctab.tn\/wp-content\/uploads\/2026\/02\/Annonce-des-coordonnes-CTAB.pdf\" target=\"_blank\"><button style=\"background-color: #3F6731;color: white;border: none;padding: 8px 12px;border-radius: 5px;cursor: pointer\">T\u00e9l\u00e9charger<\/button><\/a><\/td>        <\/tr>\n    <\/tbody><!--ninja_tobody_rendering_done-->\n    <\/table>\n    \n    \n    \n<\/div>\n<\/div>\n\t\t\t\t\t\t<\/div>\n\t\t\t\t<\/div>\n\t\t\t\t\t<\/div>\n\t\t\t\t<\/div>\n\t\t<div class=\"elementor-element elementor-element-9ca3ed3 e-flex e-con-boxed e-con e-parent\" data-id=\"9ca3ed3\" data-element_type=\"container\" data-settings=\"{&quot;ekit_has_onepagescroll_dot&quot;:&quot;yes&quot;}\">\n\t\t\t\t\t<div class=\"e-con-inner\">\n\t\t\t\t<div class=\"elementor-element elementor-element-35918e6 elementor-widget elementor-widget-spacer\" data-id=\"35918e6\" data-element_type=\"widget\" data-settings=\"{&quot;ekit_we_effect_on&quot;:&quot;none&quot;}\" data-widget_type=\"spacer.default\">\n\t\t\t\t<div class=\"elementor-widget-container\">\n\t\t\t\t\t\t\t<div class=\"elementor-spacer\">\n\t\t\t<div class=\"elementor-spacer-inner\"><\/div>\n\t\t<\/div>\n\t\t\t\t\t\t<\/div>\n\t\t\t\t<\/div>\n\t\t\t\t\t<\/div>\n\t\t\t\t<\/div>\n\t\t\t\t<\/div>\n\t\t","protected":false},"excerpt":{"rendered":"<p>Acc\u00e8s \u00e0 l&#8217;Information<\/p>\n","protected":false},"author":31,"featured_media":0,"parent":0,"menu_order":0,"comment_status":"closed","ping_status":"open","template":"","meta":{"site-sidebar-layout":"no-sidebar","site-content-layout":"","ast-site-content-layout":"full-width-container","site-content-style":"default","site-sidebar-style":"default","ast-global-header-display":"","ast-banner-title-visibility":"","ast-main-header-display":"","ast-hfb-above-header-display":"","ast-hfb-below-header-display":"","ast-hfb-mobile-header-display":"","site-post-title":"disabled","ast-breadcrumbs-content":"","ast-featured-img":"disabled","footer-sml-layout":"","ast-disable-related-posts":"","theme-transparent-header-meta":"default","adv-header-id-meta":"","stick-header-meta":"default","header-above-stick-meta":"","header-main-stick-meta":"","header-below-stick-meta":"","astra-migrate-meta-layouts":"set","ast-page-background-enabled":"default","ast-page-background-meta":{"desktop":{"background-color":"var(--ast-global-color-4)","background-image":"","background-repeat":"repeat","background-position":"center center","background-size":"auto","background-attachment":"scroll","background-type":"","background-media":"","overlay-type":"","overlay-color":"","overlay-opacity":"","overlay-gradient":""},"tablet":{"background-color":"","background-image":"","background-repeat":"repeat","background-position":"center center","background-size":"auto","background-attachment":"scroll","background-type":"","background-media":"","overlay-type":"","overlay-color":"","overlay-opacity":"","overlay-gradient":""},"mobile":{"background-color":"","background-image":"","background-repeat":"repeat","background-position":"center center","background-size":"auto","background-attachment":"scroll","background-type":"","background-media":"","overlay-type":"","overlay-color":"","overlay-opacity":"","overlay-gradient":""}},"ast-content-background-meta":{"desktop":{"background-color":"var(--ast-global-color-5)","background-image":"","background-repeat":"repeat","background-position":"center center","background-size":"auto","background-attachment":"scroll","background-type":"","background-media":"","overlay-type":"","overlay-color":"","overlay-opacity":"","overlay-gradient":""},"tablet":{"background-color":"var(--ast-global-color-5)","background-image":"","background-repeat":"repeat","background-position":"center center","background-size":"auto","background-attachment":"scroll","background-type":"","background-media":"","overlay-type":"","overlay-color":"","overlay-opacity":"","overlay-gradient":""},"mobile":{"background-color":"var(--ast-global-color-5)","background-image":"","background-repeat":"repeat","background-position":"center center","background-size":"auto","background-attachment":"scroll","background-type":"","background-media":"","overlay-type":"","overlay-color":"","overlay-opacity":"","overlay-gradient":""}},"footnotes":""},"class_list":["post-3967","page","type-page","status-publish","hentry"],"_links":{"self":[{"href":"https:\/\/ctab.tn\/fr\/wp-json\/wp\/v2\/pages\/3967","targetHints":{"allow":["GET"]}}],"collection":[{"href":"https:\/\/ctab.tn\/fr\/wp-json\/wp\/v2\/pages"}],"about":[{"href":"https:\/\/ctab.tn\/fr\/wp-json\/wp\/v2\/types\/page"}],"author":[{"embeddable":true,"href":"https:\/\/ctab.tn\/fr\/wp-json\/wp\/v2\/users\/31"}],"replies":[{"embeddable":true,"href":"https:\/\/ctab.tn\/fr\/wp-json\/wp\/v2\/comments?post=3967"}],"version-history":[{"count":18,"href":"https:\/\/ctab.tn\/fr\/wp-json\/wp\/v2\/pages\/3967\/revisions"}],"predecessor-version":[{"id":5776,"href":"https:\/\/ctab.tn\/fr\/wp-json\/wp\/v2\/pages\/3967\/revisions\/5776"}],"wp:attachment":[{"href":"https:\/\/ctab.tn\/fr\/wp-json\/wp\/v2\/media?parent=3967"}],"curies":[{"name":"wp","href":"https:\/\/api.w.org\/{rel}","templated":true}]}}