{"id":3251,"date":"2024-07-09T10:34:11","date_gmt":"2024-07-09T10:34:11","guid":{"rendered":"https:\/\/www.ctab.tn\/?page_id=3251"},"modified":"2025-10-20T10:21:03","modified_gmt":"2025-10-20T09:21:03","slug":"soumettre-une-reclamation","status":"publish","type":"page","link":"https:\/\/ctab.tn\/fr\/soumettre-une-reclamation\/","title":{"rendered":"Soumettre une R\u00e9clamation"},"content":{"rendered":"\t\t<div data-elementor-type=\"wp-page\" data-elementor-id=\"3251\" class=\"elementor elementor-3251\" data-elementor-post-type=\"page\">\n\t\t\t\t<div class=\"elementor-element elementor-element-82996c5 e-flex e-con-boxed e-con e-parent\" data-id=\"82996c5\" data-element_type=\"container\" data-settings=\"{&quot;ekit_has_onepagescroll_dot&quot;:&quot;yes&quot;}\">\n\t\t\t\t\t<div class=\"e-con-inner\">\n\t\t\t\t<div class=\"elementor-element elementor-element-9062eea elementor-widget elementor-widget-elementskit-heading\" data-id=\"9062eea\" data-element_type=\"widget\" data-settings=\"{&quot;ekit_we_effect_on&quot;:&quot;none&quot;}\" data-widget_type=\"elementskit-heading.default\">\n\t\t\t\t<div class=\"elementor-widget-container\">\n\t\t\t\t\t<div class=\"ekit-wid-con\" ><div class=\"ekit-heading elementskit-section-title-wraper center   ekit_heading_tablet-   ekit_heading_mobile-\"><h2 class=\"ekit-heading--title elementskit-section-title \"><span><span>Soumettre une R\u00e9clamation<\/span><\/span><\/h2><div class=\"ekit_heading_separetor_wraper ekit_heading_elementskit-border-divider elementskit-style-long\"><div class=\"elementskit-border-divider elementskit-style-long\"><\/div><\/div><\/div><\/div>\t\t\t\t<\/div>\n\t\t\t\t<\/div>\n\t\t\t\t<div class=\"elementor-element elementor-element-ca198f4 elementor-widget elementor-widget-image\" data-id=\"ca198f4\" data-element_type=\"widget\" data-settings=\"{&quot;ekit_we_effect_on&quot;:&quot;none&quot;}\" data-widget_type=\"image.default\">\n\t\t\t\t<div class=\"elementor-widget-container\">\n\t\t\t\t\t\t\t\t\t\t\t\t\t\t\t<img fetchpriority=\"high\" decoding=\"async\" width=\"300\" height=\"199\" src=\"https:\/\/ctab.tn\/wp-content\/uploads\/2025\/05\/Soumettre-une-Reclamation-ctab-300x199.png\" class=\"attachment-medium size-medium wp-image-7861\" alt=\"\" srcset=\"https:\/\/ctab.tn\/wp-content\/uploads\/2025\/05\/Soumettre-une-Reclamation-ctab-300x199.png 300w, https:\/\/ctab.tn\/wp-content\/uploads\/2025\/05\/Soumettre-une-Reclamation-ctab-1024x680.png 1024w, https:\/\/ctab.tn\/wp-content\/uploads\/2025\/05\/Soumettre-une-Reclamation-ctab-768x510.png 768w, https:\/\/ctab.tn\/wp-content\/uploads\/2025\/05\/Soumettre-une-Reclamation-ctab-1536x1020.png 1536w, https:\/\/ctab.tn\/wp-content\/uploads\/2025\/05\/Soumettre-une-Reclamation-ctab-18x12.png 18w, https:\/\/ctab.tn\/wp-content\/uploads\/2025\/05\/Soumettre-une-Reclamation-ctab.png 1765w\" sizes=\"(max-width: 300px) 100vw, 300px\" \/>\t\t\t\t\t\t\t\t\t\t\t\t\t\t\t<\/div>\n\t\t\t\t<\/div>\n\t\t\t\t\t<\/div>\n\t\t\t\t<\/div>\n\t\t<div class=\"elementor-element elementor-element-0af174e e-flex e-con-boxed e-con e-parent\" data-id=\"0af174e\" data-element_type=\"container\" data-settings=\"{&quot;ekit_has_onepagescroll_dot&quot;:&quot;yes&quot;}\">\n\t\t\t\t\t<div class=\"e-con-inner\">\n\t\t\t\t<div class=\"elementor-element elementor-element-bfe8971 fluent-form-widget-step-header-yes fluent-form-widget-step-progressbar-yes fluentform-widget-submit-button-custom elementor-widget elementor-widget-fluent-form-widget\" data-id=\"bfe8971\" data-element_type=\"widget\" data-settings=\"{&quot;ekit_we_effect_on&quot;:&quot;none&quot;}\" data-widget_type=\"fluent-form-widget.default\">\n\t\t\t\t<div class=\"elementor-widget-container\">\n\t\t\t\t\t\n            <div class=\"fluentform-widget-wrapper fluentform-widget-align-default\">\n\n            \n            <div class='fluentform ff-default fluentform_wrapper_4 ffs_default_wrap'><form data-form_id=\"4\" id=\"fluentform_4\" class=\"frm-fluent-form fluent_form_4 ff-el-form-top ff_form_instance_4_1 ff-form-loading ffs_default\" data-form_instance=\"ff_form_instance_4_1\" method=\"POST\" ><fieldset  style=\"border: none!important;margin: 0!important;padding: 0!important;background-color: transparent!important;box-shadow: none!important;outline: none!important; min-inline-size: 100%;\">\n                    <legend class=\"ff_screen_reader_title\" style=\"display: block; margin: 0!important;padding: 0!important;height: 0!important;text-indent: -999999px;width: 0!important;overflow:hidden;\">Soumettre une R\u00e9clamation<\/legend><input type='hidden' name='__fluent_form_embded_post_id' value='3251' \/><input type=\"hidden\" id=\"_fluentform_4_fluentformnonce\" name=\"_fluentform_4_fluentformnonce\" value=\"273b8f8dd6\" \/><input type=\"hidden\" name=\"_wp_http_referer\" value=\"\/fr\/wp-json\/wp\/v2\/pages\/3251\" \/><div data-type=\"name-element\" data-name=\"names\" class=\" ff-field_container ff-name-field-wrapper\" ><div class='ff-t-container'><div class='ff-t-cell '><div class='ff-el-group  ff-el-form-top'><div class=\"ff-el-input--label ff-el-is-required asterisk-right\"><label for='ff_4_names_first_name_' id='label_ff_4_names_first_name_' >Nom<\/label><\/div><div class='ff-el-input--content'><input type=\"text\" name=\"names[first_name]\" id=\"ff_4_names_first_name_\" class=\"ff-el-form-control\" placeholder=\"Nom\" aria-invalid=\"false\" aria-required=true><\/div><\/div><\/div><div class='ff-t-cell '><div class='ff-el-group  ff-el-form-top'><div class=\"ff-el-input--label ff-el-is-required asterisk-right\"><label for='ff_4_names_last_name_' id='label_ff_4_names_last_name_' >Pr\u00e8nom<\/label><\/div><div class='ff-el-input--content'><input type=\"text\" name=\"names[last_name]\" id=\"ff_4_names_last_name_\" class=\"ff-el-form-control\" placeholder=\"Pr\u00e8nom\" aria-invalid=\"false\" aria-required=true><\/div><\/div><\/div><\/div><\/div><div class='ff-el-group'><div class=\"ff-el-input--label ff-el-is-required asterisk-right\"><label for='ff_4_email' id='label_ff_4_email' aria-label=\"Adresse E-mail\">Adresse E-mail<\/label><\/div><div class='ff-el-input--content'><input type=\"email\" name=\"email\" id=\"ff_4_email\" class=\"ff-el-form-control\" placeholder=\"Adresse E-mail\" data-name=\"email\"  aria-invalid=\"false\" aria-required=true><\/div><\/div><div class='ff-el-group'><div class=\"ff-el-input--label ff-el-is-required asterisk-right\"><label for='ff_4_multi_select' id='label_ff_4_multi_select' aria-label=\"Type R\u00e9clamation\">Type R\u00e9clamation<\/label><\/div><div class='ff-el-input--content'><select name=\"multi_select[]\" id=\"ff_4_multi_select\" class=\"ff-el-form-control  ff_has_multi_select\" placeholder=\"S\u00e9lectionner Type de r\u00e9clamation\u200e \u200e \u200e \u200e \u200e \u200e \" multiple=\"1\" data-name=\"multi_select\" data-max_selected_options=\"1\" data-calc_value=\"0\"  aria-invalid=\"false\" aria-required=\"true\" aria-labelledby=\"label_ff_4_multi_select\"><option value=\"\">S\u00e9lectionner Type de r\u00e9clamation\u200e \u200e \u200e \u200e \u200e \u200e<\/option><option value=\"Formation\"  >Formation<\/option><option value=\"Communication\"  >Communication<\/option><option value=\"Recherches Appliqu\u00e9es\"  >Recherches Appliqu\u00e9es<\/option><option value=\"Qualit\u00e9 d&#039;Accueil\"  >Qualit\u00e9 d'Accueil<\/option><option value=\"Service\"  >Service<\/option><option value=\"Autre...\"  >Autre...<\/option><\/select><\/div><\/div><div class='ff-el-group'><div class=\"ff-el-input--label ff-el-is-required asterisk-right\"><label for='ff_4_description' id='label_ff_4_description' aria-label=\"Description\">Description<\/label><\/div><div class='ff-el-input--content'><textarea aria-required=\"true\" aria-labelledby=\"label_ff_4_description\" name=\"description\" id=\"ff_4_description\" class=\"ff-el-form-control\" placeholder=\"D\u00e9crivez votre r\u00e9clamation...\" rows=\"3\" cols=\"2\" data-name=\"description\" ><\/textarea><\/div><\/div><div class='ff-el-group  ff-custom_html' tabindex='-1' data-name=\"custom_html-4_1\" ><h3 style=\"text-align: center\">Votre niveau de satisfaction:<\/h3><\/div><div data-name=\"ff_cn_id_1\"  class='ff-t-container ff-column-container ff_columns_total_3 ff_image_selection_container'><div class='ff-t-cell ff-t-column-1' style='flex-basis: 38.04%;'><div class='ff-el-group  ff_list_buttons'><div class='ff-el-input--content'><div class=\"ff_el_checkable_photo_holders\"><div class='ff-el-form-check ff-el-form-check- ff-el-image-holder'><label style='background-image: url(https:\/\/ctab.tn\/wp-content\/uploads\/2024\/01\/10089404-removebg-preview.png)' class='ff-el-image-input-src' for='checkbox_5772ed2d30907b44b91c724be73fe053' aria-label=''><\/label><label class='ff-el-form-check-label' for='checkbox_5772ed2d30907b44b91c724be73fe053'><input  type=\"checkbox\" name=\"checkbox[]\" data-name=\"checkbox\" class=\"ff-el-form-check-input ff-el-form-check-checkbox\"  id='checkbox_5772ed2d30907b44b91c724be73fe053' aria-label='' aria-invalid='false' aria-required=false> <span><\/span><\/label><\/div><\/div><\/div><\/div><\/div><div class='ff-t-cell ff-t-column-2' style='flex-basis: 32.97%;'><div class='ff-el-group ff_image_selection_containe ff_list_buttons'><div class='ff-el-input--content'><div class=\"ff_el_checkable_photo_holders\"><div class='ff-el-form-check ff-el-form-check- ff-el-image-holder'><label style='background-image: url(https:\/\/ctab.tn\/wp-content\/uploads\/2024\/01\/10082769-removebg-preview.png)' class='ff-el-image-input-src' for='checkbox_1_400f4c3d70b6dfb5c7cc5828bad13ed0' aria-label=''><\/label><label class='ff-el-form-check-label' for='checkbox_1_400f4c3d70b6dfb5c7cc5828bad13ed0'><input  type=\"checkbox\" name=\"checkbox_1[]\" data-name=\"checkbox_1\" class=\"ff-el-form-check-input ff-el-form-check-checkbox\"  id='checkbox_1_400f4c3d70b6dfb5c7cc5828bad13ed0' aria-label='' aria-invalid='false' aria-required=false> <span><\/span><\/label><\/div><\/div><\/div><\/div><\/div><div class='ff-t-cell ff-t-column-3' style='flex-basis: 28.99%;'><div class='ff-el-group  ff_list_buttons'><div class='ff-el-input--content'><div class=\"ff_el_checkable_photo_holders\"><div class='ff-el-form-check ff-el-form-check- ff-el-image-holder'><label style='background-image: url(https:\/\/ctab.tn\/wp-content\/uploads\/2024\/01\/10089398-removebg-preview.png)' class='ff-el-image-input-src' for='checkbox_2_baaf7cf99a0ab136a744f7ee279c289f' aria-label=''><\/label><label class='ff-el-form-check-label' for='checkbox_2_baaf7cf99a0ab136a744f7ee279c289f'><input  type=\"checkbox\" name=\"checkbox_2[]\" data-name=\"checkbox_2\" class=\"ff-el-form-check-input ff-el-form-check-checkbox\"  id='checkbox_2_baaf7cf99a0ab136a744f7ee279c289f' aria-label='' aria-invalid='false' aria-required=false> <span><\/span><\/label><\/div><\/div><\/div><\/div><\/div><\/div><div class='ff-el-group'><div class=\"ff-el-input--label ff-el-is-required asterisk-right\"><label   aria-label=\"Evaluations\">Evaluations<\/label><\/div><div class='ff-el-input--content'><div class='ff-el-ratings jss-ff-el-ratings' role='radiogroup'><label for=ratings_ac0d4f8d0b7f1859a137197e2588d75f class=''><input name=\"ratings\" data-name=\"ratings\" type=\"radio\"  id=ratings_ac0d4f8d0b7f1859a137197e2588d75f aria-valuenow='1' value='1' aria-required=true aria-invalid='false'><?xml version=\"1.0\" encoding=\"iso-8859-1\"?><svg class=\"jss-ff-svg ff-svg\" version=\"1.1\" xmlns=\"http:\/\/www.w3.org\/2000\/svg\" xmlns:xlink=\"http:\/\/www.w3.org\/1999\/xlink\" x=\"0px\" y=\"0px\" viewBox=\"0 0 53.867 53.867\" style=\"enable-background:new 0 0 53.867 53.867;\" xml:space=\"preserve\"><polygon points=\"26.934,1.318 35.256,18.182 53.867,20.887 40.4,34.013 43.579,52.549 26.934,43.798 10.288,52.549 13.467,34.013 0,20.887 18.611,18.182 \"\/><g><\/g><g><\/g><g><\/g><g><\/g><g><\/g><g><\/g><g><\/g><g><\/g><g><\/g><g><\/g><g><\/g><g><\/g><g><\/g><g><\/g><g><\/g><\/svg><\/label><label for=ratings_2055df51cba18617567de6a0b62d6e81 class=''><input name=\"ratings\" data-name=\"ratings\" type=\"radio\"  id=ratings_2055df51cba18617567de6a0b62d6e81 aria-valuenow='2' value='2' aria-required=true aria-invalid='false'><?xml version=\"1.0\" encoding=\"iso-8859-1\"?><svg class=\"jss-ff-svg ff-svg\" version=\"1.1\" xmlns=\"http:\/\/www.w3.org\/2000\/svg\" xmlns:xlink=\"http:\/\/www.w3.org\/1999\/xlink\" x=\"0px\" y=\"0px\" viewBox=\"0 0 53.867 53.867\" style=\"enable-background:new 0 0 53.867 53.867;\" xml:space=\"preserve\"><polygon points=\"26.934,1.318 35.256,18.182 53.867,20.887 40.4,34.013 43.579,52.549 26.934,43.798 10.288,52.549 13.467,34.013 0,20.887 18.611,18.182 \"\/><g><\/g><g><\/g><g><\/g><g><\/g><g><\/g><g><\/g><g><\/g><g><\/g><g><\/g><g><\/g><g><\/g><g><\/g><g><\/g><g><\/g><g><\/g><\/svg><\/label><label for=ratings_6ed907f0044b9da660c723fcd4301a56 class=''><input name=\"ratings\" data-name=\"ratings\" type=\"radio\"  id=ratings_6ed907f0044b9da660c723fcd4301a56 aria-valuenow='3' value='3' aria-required=true aria-invalid='false'><?xml version=\"1.0\" encoding=\"iso-8859-1\"?><svg class=\"jss-ff-svg ff-svg\" version=\"1.1\" xmlns=\"http:\/\/www.w3.org\/2000\/svg\" xmlns:xlink=\"http:\/\/www.w3.org\/1999\/xlink\" x=\"0px\" y=\"0px\" viewBox=\"0 0 53.867 53.867\" style=\"enable-background:new 0 0 53.867 53.867;\" xml:space=\"preserve\"><polygon points=\"26.934,1.318 35.256,18.182 53.867,20.887 40.4,34.013 43.579,52.549 26.934,43.798 10.288,52.549 13.467,34.013 0,20.887 18.611,18.182 \"\/><g><\/g><g><\/g><g><\/g><g><\/g><g><\/g><g><\/g><g><\/g><g><\/g><g><\/g><g><\/g><g><\/g><g><\/g><g><\/g><g><\/g><g><\/g><\/svg><\/label><label for=ratings_a6b455fe80c27b75bd38aa728dc6a387 class=''><input name=\"ratings\" data-name=\"ratings\" type=\"radio\"  id=ratings_a6b455fe80c27b75bd38aa728dc6a387 aria-valuenow='4' value='4' aria-required=true aria-invalid='false'><?xml version=\"1.0\" encoding=\"iso-8859-1\"?><svg class=\"jss-ff-svg ff-svg\" version=\"1.1\" xmlns=\"http:\/\/www.w3.org\/2000\/svg\" xmlns:xlink=\"http:\/\/www.w3.org\/1999\/xlink\" x=\"0px\" y=\"0px\" viewBox=\"0 0 53.867 53.867\" style=\"enable-background:new 0 0 53.867 53.867;\" xml:space=\"preserve\"><polygon points=\"26.934,1.318 35.256,18.182 53.867,20.887 40.4,34.013 43.579,52.549 26.934,43.798 10.288,52.549 13.467,34.013 0,20.887 18.611,18.182 \"\/><g><\/g><g><\/g><g><\/g><g><\/g><g><\/g><g><\/g><g><\/g><g><\/g><g><\/g><g><\/g><g><\/g><g><\/g><g><\/g><g><\/g><g><\/g><\/svg><\/label><label for=ratings_3053f8f2df23d632b3b9cdec46aac68f class=''><input name=\"ratings\" data-name=\"ratings\" type=\"radio\"  id=ratings_3053f8f2df23d632b3b9cdec46aac68f aria-valuenow='5' value='5' aria-required=true aria-invalid='false'><?xml version=\"1.0\" encoding=\"iso-8859-1\"?><svg class=\"jss-ff-svg ff-svg\" version=\"1.1\" xmlns=\"http:\/\/www.w3.org\/2000\/svg\" xmlns:xlink=\"http:\/\/www.w3.org\/1999\/xlink\" x=\"0px\" y=\"0px\" viewBox=\"0 0 53.867 53.867\" style=\"enable-background:new 0 0 53.867 53.867;\" xml:space=\"preserve\"><polygon points=\"26.934,1.318 35.256,18.182 53.867,20.887 40.4,34.013 43.579,52.549 26.934,43.798 10.288,52.549 13.467,34.013 0,20.887 18.611,18.182 \"\/><g><\/g><g><\/g><g><\/g><g><\/g><g><\/g><g><\/g><g><\/g><g><\/g><g><\/g><g><\/g><g><\/g><g><\/g><g><\/g><g><\/g><g><\/g><\/svg><\/label><\/div><\/div><\/div><div class='ff-el-group ff-text-center ff_submit_btn_wrapper'><button type=\"submit\" class=\"ff-btn ff-btn-submit ff-btn-md ff_btn_style\"  aria-label=\"Envoyer\">Envoyer<\/button><\/div><\/fieldset><\/form><div id='fluentform_4_errors' class='ff-errors-in-stack ff_form_instance_4_1 ff-form-loading_errors ff_form_instance_4_1_errors'><\/div><\/div>            <script type=\"text\/javascript\">\n                window.fluent_form_ff_form_instance_4_1 = {\"id\":\"4\",\"settings\":{\"layout\":{\"labelPlacement\":\"top\",\"helpMessagePlacement\":\"with_label\",\"errorMessagePlacement\":\"inline\",\"cssClassName\":\"\",\"asteriskPlacement\":\"asterisk-right\"},\"restrictions\":{\"denyEmptySubmission\":{\"enabled\":false}}},\"form_instance\":\"ff_form_instance_4_1\",\"form_id_selector\":\"fluentform_4\",\"rules\":{\"names[first_name]\":{\"required\":{\"value\":true,\"message\":\"This field is required\",\"global_message\":\"This field is required\",\"global\":true}},\"names[middle_name]\":{\"required\":{\"value\":false,\"message\":\"This field is required\",\"global_message\":\"This field is required\",\"global\":true}},\"names[last_name]\":{\"required\":{\"value\":true,\"message\":\"This field is required\",\"global_message\":\"This field is required\",\"global\":true}},\"email\":{\"required\":{\"value\":true,\"message\":\"This field is required\",\"global_message\":\"This field is required\",\"global\":true},\"email\":{\"value\":true,\"message\":\"This field must contain a valid email\",\"global_message\":\"This field must contain a valid email\",\"global\":true}},\"multi_select\":{\"required\":{\"value\":true,\"message\":\"This field is required\",\"global_message\":\"This field is required\",\"global\":true}},\"description\":{\"required\":{\"value\":true,\"message\":\"This field is required\",\"global_message\":\"This field is required\",\"global\":true}},\"checkbox\":{\"required\":{\"value\":false,\"message\":\"This field is required\",\"global_message\":\"This field is required\",\"global\":true}},\"checkbox_1\":{\"required\":{\"value\":false,\"message\":\"This field is required\",\"global_message\":\"This field is required\",\"global\":true}},\"checkbox_2\":{\"required\":{\"value\":false,\"message\":\"This field is required\",\"global_message\":\"This field is required\",\"global\":true}},\"ratings\":{\"required\":{\"value\":true,\"message\":\"This field is required\",\"global_message\":\"This field is required\",\"global\":true}}},\"debounce_time\":300};\n                            <\/script>\n                        <\/div>\n\n            \t\t\t\t<\/div>\n\t\t\t\t<\/div>\n\t\t\t\t\t<\/div>\n\t\t\t\t<\/div>\n\t\t\t\t<\/div>\n\t\t","protected":false},"excerpt":{"rendered":"<p>Soumettre une R\u00e9clamation Soumettre une R\u00e9clamation NomPr\u00e8nomAdresse E-mailType R\u00e9clamationS\u00e9lectionner Type de r\u00e9clamation\u200e \u200e \u200e \u200e \u200e \u200eFormationCommunicationRecherches Appliqu\u00e9esQualit\u00e9 d&#8217;AccueilServiceAutre&#8230;Description Votre niveau de satisfaction: EvaluationsEnvoyer<\/p>\n","protected":false},"author":31,"featured_media":0,"parent":0,"menu_order":0,"comment_status":"closed","ping_status":"open","template":"","meta":{"site-sidebar-layout":"no-sidebar","site-content-layout":"","ast-site-content-layout":"full-width-container","site-content-style":"default","site-sidebar-style":"default","ast-global-header-display":"","ast-banner-title-visibility":"","ast-main-header-display":"","ast-hfb-above-header-display":"","ast-hfb-below-header-display":"","ast-hfb-mobile-header-display":"","site-post-title":"disabled","ast-breadcrumbs-content":"","ast-featured-img":"disabled","footer-sml-layout":"","ast-disable-related-posts":"","theme-transparent-header-meta":"default","adv-header-id-meta":"","stick-header-meta":"default","header-above-stick-meta":"","header-main-stick-meta":"","header-below-stick-meta":"","astra-migrate-meta-layouts":"set","ast-page-background-enabled":"default","ast-page-background-meta":{"desktop":{"background-color":"var(--ast-global-color-4)","background-image":"","background-repeat":"repeat","background-position":"center center","background-size":"auto","background-attachment":"scroll","background-type":"","background-media":"","overlay-type":"","overlay-color":"","overlay-opacity":"","overlay-gradient":""},"tablet":{"background-color":"","background-image":"","background-repeat":"repeat","background-position":"center center","background-size":"auto","background-attachment":"scroll","background-type":"","background-media":"","overlay-type":"","overlay-color":"","overlay-opacity":"","overlay-gradient":""},"mobile":{"background-color":"","background-image":"","background-repeat":"repeat","background-position":"center center","background-size":"auto","background-attachment":"scroll","background-type":"","background-media":"","overlay-type":"","overlay-color":"","overlay-opacity":"","overlay-gradient":""}},"ast-content-background-meta":{"desktop":{"background-color":"var(--ast-global-color-5)","background-image":"","background-repeat":"repeat","background-position":"center center","background-size":"auto","background-attachment":"scroll","background-type":"","background-media":"","overlay-type":"","overlay-color":"","overlay-opacity":"","overlay-gradient":""},"tablet":{"background-color":"var(--ast-global-color-5)","background-image":"","background-repeat":"repeat","background-position":"center center","background-size":"auto","background-attachment":"scroll","background-type":"","background-media":"","overlay-type":"","overlay-color":"","overlay-opacity":"","overlay-gradient":""},"mobile":{"background-color":"var(--ast-global-color-5)","background-image":"","background-repeat":"repeat","background-position":"center center","background-size":"auto","background-attachment":"scroll","background-type":"","background-media":"","overlay-type":"","overlay-color":"","overlay-opacity":"","overlay-gradient":""}},"footnotes":""},"class_list":["post-3251","page","type-page","status-publish","hentry"],"_links":{"self":[{"href":"https:\/\/ctab.tn\/fr\/wp-json\/wp\/v2\/pages\/3251","targetHints":{"allow":["GET"]}}],"collection":[{"href":"https:\/\/ctab.tn\/fr\/wp-json\/wp\/v2\/pages"}],"about":[{"href":"https:\/\/ctab.tn\/fr\/wp-json\/wp\/v2\/types\/page"}],"author":[{"embeddable":true,"href":"https:\/\/ctab.tn\/fr\/wp-json\/wp\/v2\/users\/31"}],"replies":[{"embeddable":true,"href":"https:\/\/ctab.tn\/fr\/wp-json\/wp\/v2\/comments?post=3251"}],"version-history":[{"count":19,"href":"https:\/\/ctab.tn\/fr\/wp-json\/wp\/v2\/pages\/3251\/revisions"}],"predecessor-version":[{"id":9215,"href":"https:\/\/ctab.tn\/fr\/wp-json\/wp\/v2\/pages\/3251\/revisions\/9215"}],"wp:attachment":[{"href":"https:\/\/ctab.tn\/fr\/wp-json\/wp\/v2\/media?parent=3251"}],"curies":[{"name":"wp","href":"https:\/\/api.w.org\/{rel}","templated":true}]}}