{"id":2753,"date":"2024-07-04T17:07:00","date_gmt":"2024-07-04T17:07:00","guid":{"rendered":"https:\/\/www.ctab.tn\/?page_id=2753"},"modified":"2026-02-22T19:26:34","modified_gmt":"2026-02-22T18:26:34","slug":"logo-biologique","status":"publish","type":"page","link":"https:\/\/ctab.tn\/fr\/logo-biologique\/","title":{"rendered":"Logo Biologique"},"content":{"rendered":"\t\t<div data-elementor-type=\"wp-page\" data-elementor-id=\"2753\" class=\"elementor elementor-2753\" data-elementor-post-type=\"page\">\n\t\t\t\t\t\t<section class=\"elementor-section elementor-top-section elementor-element elementor-element-1183392 elementor-section-boxed elementor-section-height-default elementor-section-height-default\" data-id=\"1183392\" data-element_type=\"section\" data-settings=\"{&quot;ekit_has_onepagescroll_dot&quot;:&quot;yes&quot;}\">\n\t\t\t\t\t\t<div class=\"elementor-container elementor-column-gap-default\">\n\t\t\t\t\t<div class=\"elementor-column elementor-col-33 elementor-top-column elementor-element elementor-element-8b18a85\" data-id=\"8b18a85\" data-element_type=\"column\">\n\t\t\t<div class=\"elementor-widget-wrap\">\n\t\t\t\t\t\t\t<\/div>\n\t\t<\/div>\n\t\t\t\t<div class=\"elementor-column elementor-col-33 elementor-top-column elementor-element elementor-element-9f638a0\" data-id=\"9f638a0\" data-element_type=\"column\">\n\t\t\t<div class=\"elementor-widget-wrap elementor-element-populated\">\n\t\t\t\t\t\t<div class=\"elementor-element elementor-element-2215406 elementor-widget elementor-widget-elementskit-heading\" data-id=\"2215406\" data-element_type=\"widget\" data-settings=\"{&quot;ekit_we_effect_on&quot;:&quot;none&quot;}\" data-widget_type=\"elementskit-heading.default\">\n\t\t\t\t<div class=\"elementor-widget-container\">\n\t\t\t\t\t<div class=\"ekit-wid-con\" ><div class=\"ekit-heading elementskit-section-title-wraper center   ekit_heading_tablet-   ekit_heading_mobile-\"><h2 class=\"ekit-heading--title elementskit-section-title \"><span><span>Logo Biologique<\/span><\/span><\/h2><div class=\"ekit_heading_separetor_wraper ekit_heading_elementskit-border-divider elementskit-style-long\"><div class=\"elementskit-border-divider elementskit-style-long\"><\/div><\/div><\/div><\/div>\t\t\t\t<\/div>\n\t\t\t\t<\/div>\n\t\t\t\t\t<\/div>\n\t\t<\/div>\n\t\t\t\t<div class=\"elementor-column elementor-col-33 elementor-top-column elementor-element elementor-element-5219f7d\" data-id=\"5219f7d\" data-element_type=\"column\">\n\t\t\t<div class=\"elementor-widget-wrap\">\n\t\t\t\t\t\t\t<\/div>\n\t\t<\/div>\n\t\t\t\t\t<\/div>\n\t\t<\/section>\n\t\t<div class=\"elementor-element elementor-element-92c54f8 e-flex e-con-boxed e-con e-parent\" data-id=\"92c54f8\" data-element_type=\"container\" data-settings=\"{&quot;ekit_has_onepagescroll_dot&quot;:&quot;yes&quot;}\">\n\t\t\t\t\t<div class=\"e-con-inner\">\n\t\t\t\t<div class=\"elementor-element elementor-element-77f94a3 elementor-widget elementor-widget-image\" data-id=\"77f94a3\" data-element_type=\"widget\" data-settings=\"{&quot;ekit_we_effect_on&quot;:&quot;none&quot;}\" data-widget_type=\"image.default\">\n\t\t\t\t<div class=\"elementor-widget-container\">\n\t\t\t\t\t\t\t\t\t\t\t\t\t\t\t<img decoding=\"async\" width=\"219\" height=\"193\" src=\"https:\/\/ctab.tn\/wp-content\/uploads\/2024\/07\/bio.jpg\" class=\"attachment-large size-large wp-image-2763\" alt=\"\" srcset=\"https:\/\/ctab.tn\/wp-content\/uploads\/2024\/07\/bio.jpg 219w, https:\/\/ctab.tn\/wp-content\/uploads\/2024\/07\/bio-14x12.jpg 14w\" sizes=\"(max-width: 219px) 100vw, 219px\" \/>\t\t\t\t\t\t\t\t\t\t\t\t\t\t\t<\/div>\n\t\t\t\t<\/div>\n\t\t\t\t\t<\/div>\n\t\t\t\t<\/div>\n\t\t<div class=\"elementor-element elementor-element-57b5efe e-flex e-con-boxed e-con e-parent\" data-id=\"57b5efe\" data-element_type=\"container\" data-settings=\"{&quot;ekit_has_onepagescroll_dot&quot;:&quot;yes&quot;}\">\n\t\t\t\t\t<div class=\"e-con-inner\">\n\t\t\t\t<div class=\"elementor-element elementor-element-a974ec7 elementor-widget elementor-widget-text-editor\" data-id=\"a974ec7\" data-element_type=\"widget\" data-settings=\"{&quot;ekit_we_effect_on&quot;:&quot;none&quot;}\" data-widget_type=\"text-editor.default\">\n\t\t\t\t<div class=\"elementor-widget-container\">\n\t\t\t\t\t\t\t\t\t<div style=\"font-family: Arial, sans-serif; font-size: 14pt; line-height: 1.5; text-align: justify;\"><p>Afin de promouvoir les produits biologiques \u00e0 l\u2019\u00e9chelle nationale et internationale, il y a eu cr\u00e9ation d\u2019un logo tunisien facultatif et gratuit pour ces produits. Pour en b\u00e9n\u00e9ficier, le produit doit \u00eatre certifi\u00e9 par un organisme de contr\u00f4le et de certification conform\u00e9ment \u00e0 la r\u00e9glementation tunisienne en vigueur. Ce logo n\u2019est octroy\u00e9 que suite \u00e0 une demande des intervenants conform\u00e9ment \u00e0 un mod\u00e8le, accompagn\u00e9e du certificat de conformit\u00e9 d\u00e9livr\u00e9 par l&#8217;organisme de contr\u00f4le et de certification, prouvant que le produit est obtenu selon les r\u00e8gles de production biologique et d\u00e9pos\u00e9e aupr\u00e8s des services concern\u00e9s des commissariats r\u00e9gionaux au d\u00e9veloppement agricole ou bien \u00e0 la direction g\u00e9n\u00e9rale de l&#8217;agriculture biologique qui proc\u00e8de \u00e0 son \u00e9tude dans un d\u00e9lai ne d\u00e9passant pas un mois de la date de son d\u00e9p\u00f4t. Il est \u00e0 noter que le demandeur est tenu de transmettre \u00e0 la direction g\u00e9n\u00e9rale de l&#8217;agriculture biologique les \u00e9tiquettes utilis\u00e9es ainsi que tout projet de modification \u00e0 apporter aux \u00e9tiquetages.<\/p><p>Dans le cas d\u2019une suite favorable, le logo est octroy\u00e9 par d\u00e9cision du ministre de l&#8217;agriculture qui sera annex\u00e9 par un document fixant l&#8217;emplacement de l&#8217;apposition du logo, ses dimensions, ses couleurs, sa forme et toutes les r\u00e8gles qui doivent \u00eatre respect\u00e9es pour son utilisation selon les supports utilis\u00e9s \u00e0 cet effet. En cas de refus, l&#8217;int\u00e9ress\u00e9 doit \u00eatre inform\u00e9 par lettre explicite recommand\u00e9e.<\/p><p>Ce logo a \u00e9t\u00e9 enregistr\u00e9 par le minist\u00e8re de l\u2019agriculture \u00e0 l\u2019institut national de la normalisation et de la propri\u00e9t\u00e9 industrielle.<\/p><\/div>\t\t\t\t\t\t\t\t<\/div>\n\t\t\t\t<\/div>\n\t\t\t\t\t<\/div>\n\t\t\t\t<\/div>\n\t\t<div class=\"elementor-element elementor-element-4c14804 e-flex e-con-boxed e-con e-parent\" data-id=\"4c14804\" data-element_type=\"container\" data-settings=\"{&quot;ekit_has_onepagescroll_dot&quot;:&quot;yes&quot;}\">\n\t\t\t\t\t<div class=\"e-con-inner\">\n\t\t\t\t<div class=\"elementor-element elementor-element-b578bf5 elementor-widget elementor-widget-icon-box\" data-id=\"b578bf5\" data-element_type=\"widget\" data-settings=\"{&quot;ekit_we_effect_on&quot;:&quot;none&quot;}\" data-widget_type=\"icon-box.default\">\n\t\t\t\t<div class=\"elementor-widget-container\">\n\t\t\t\t\t\t\t<div class=\"elementor-icon-box-wrapper\">\n\n\t\t\t\n\t\t\t\t\t\t<div class=\"elementor-icon-box-content\">\n\n\t\t\t\t\n\t\t\t\t\t\t\t\t\t<p class=\"elementor-icon-box-description\">\n\t\t\t\t\t\t<span style=\"color: #3F6731;font-weight: bold\"> R\u00e9f\u00e9rences l\u00e9gislatives :\t\t\t\t\t<\/p>\n\t\t\t\t\n\t\t\t<\/div>\n\t\t\t\n\t\t<\/div>\n\t\t\t\t\t\t<\/div>\n\t\t\t\t<\/div>\n\t\t\t\t<div class=\"elementor-element elementor-element-4edae62 elementor-widget elementor-widget-icon-box\" data-id=\"4edae62\" data-element_type=\"widget\" data-settings=\"{&quot;ekit_we_effect_on&quot;:&quot;none&quot;}\" data-widget_type=\"icon-box.default\">\n\t\t\t\t<div class=\"elementor-widget-container\">\n\t\t\t\t\t\t\t<div class=\"elementor-icon-box-wrapper\">\n\n\t\t\t\n\t\t\t\t\t\t<div class=\"elementor-icon-box-content\">\n\n\t\t\t\t\n\t\t\t\t\t\t\t\t\t<p class=\"elementor-icon-box-description\">\n\t\t\t\t\t\t<a href=\"https:\/\/ctab.tn\/wp-content\/uploads\/2024\/07\/R_LAB1_fr.pdf\" target=\"_blank\" style=\"text-decoration: none;color: inherit\"><\/span>\n- D\u00e9cret n\u00b0 2010-1547 du 21 juin 2010, portant cr\u00e9ation d'un logo pour les produits de l'agriculture biologique tunisiens et fixant les conditions et les proc\u00e9dures de son octroi et de son retrait. <span style=\"color: #3F6731;font-weight: bold\">(J.O.R.T N\u00b0 51 - 25 Juin 2010).\t\t\t\t\t<\/p>\n\t\t\t\t\n\t\t\t<\/div>\n\t\t\t\n\t\t<\/div>\n\t\t\t\t\t\t<\/div>\n\t\t\t\t<\/div>\n\t\t\t\t<div class=\"elementor-element elementor-element-613c350 elementor-widget elementor-widget-icon-box\" data-id=\"613c350\" data-element_type=\"widget\" data-settings=\"{&quot;ekit_we_effect_on&quot;:&quot;none&quot;}\" data-widget_type=\"icon-box.default\">\n\t\t\t\t<div class=\"elementor-widget-container\">\n\t\t\t\t\t\t\t<div class=\"elementor-icon-box-wrapper\">\n\n\t\t\t\n\t\t\t\t\t\t<div class=\"elementor-icon-box-content\">\n\n\t\t\t\t\n\t\t\t\t\t\t\t\t\t<p class=\"elementor-icon-box-description\">\n\t\t\t\t\t\t<a href=\"https:\/\/ctab.tn\/wp-content\/uploads\/2024\/07\/R_LAB2_fr.pdf\" target=\"_blank\" style=\"text-decoration: none;color: inherit\">\n- Arr\u00eat\u00e9 du ministre de l'agriculture, des ressources hydrauliques et de la p\u00eache du 23 ao\u00fbt 2010, compl\u00e9tant l'arr\u00eat\u00e9 du 24 octobre 2005 relatif aux prestations administratives rendues par les services du minist\u00e8re de l'agriculture et des ressources hydrauliques, les \u00e9tablissements et les entreprises publics sous-tutelle et aux conditions de leur octroi. <span style=\"color: #3F6731;font-weight: bold\">(J.O.R.T N\u00b0 69 - 27 Ao\u00fbt 2010)<\/span>.\t\t\t\t\t<\/p>\n\t\t\t\t\n\t\t\t<\/div>\n\t\t\t\n\t\t<\/div>\n\t\t\t\t\t\t<\/div>\n\t\t\t\t<\/div>\n\t\t\t\t<div class=\"elementor-element elementor-element-32c39c3 elementor-widget elementor-widget-icon-box\" data-id=\"32c39c3\" data-element_type=\"widget\" data-settings=\"{&quot;ekit_we_effect_on&quot;:&quot;none&quot;}\" data-widget_type=\"icon-box.default\">\n\t\t\t\t<div class=\"elementor-widget-container\">\n\t\t\t\t\t\t\t<div class=\"elementor-icon-box-wrapper\">\n\n\t\t\t\n\t\t\t\t\t\t<div class=\"elementor-icon-box-content\">\n\n\t\t\t\t\n\t\t\t\t\t\t\t\t\t<p class=\"elementor-icon-box-description\">\n\t\t\t\t\t\t<a href=\"https:\/\/ctab.tn\/wp-content\/uploads\/2024\/07\/R_LAB3_fr.pdf\" target=\"_blank\" style=\"text-decoration: none;color: inherit\">\n- D\u00e9cret n\u00b0 2011-4801 du 10 d\u00e9cembre 2011, modifiant le d\u00e9cret n\u00b0 2010-1547 du 21 juin 2010, portant cr\u00e9ation d\u2019un logo pour les produits de l\u2019agriculture biologique tunisiens et fixant les conditions et les proc\u00e9dures de son octroi et son retrait.<span style=\"color: #3F6731;font-weight: bold\">(J.O.R.T N\u00b0 99 - 30 d\u00e9cembre 2011)<\/span>.\n\t\t\t\t\t<\/p>\n\t\t\t\t\n\t\t\t<\/div>\n\t\t\t\n\t\t<\/div>\n\t\t\t\t\t\t<\/div>\n\t\t\t\t<\/div>\n\t\t\t\t\t<\/div>\n\t\t\t\t<\/div>\n\t\t\t\t<\/div>\n\t\t","protected":false},"excerpt":{"rendered":"<p>Logo Biologique Afin de promouvoir les produits biologiques \u00e0 l\u2019\u00e9chelle nationale et internationale, il y a eu cr\u00e9ation d\u2019un logo tunisien facultatif et gratuit pour ces produits. Pour en b\u00e9n\u00e9ficier, le produit doit \u00eatre certifi\u00e9 par un organisme de contr\u00f4le et de certification conform\u00e9ment \u00e0 la r\u00e9glementation tunisienne en vigueur. Ce logo n\u2019est octroy\u00e9 que [&hellip;]<\/p>\n","protected":false},"author":31,"featured_media":0,"parent":0,"menu_order":0,"comment_status":"closed","ping_status":"open","template":"","meta":{"site-sidebar-layout":"no-sidebar","site-content-layout":"","ast-site-content-layout":"full-width-container","site-content-style":"default","site-sidebar-style":"default","ast-global-header-display":"","ast-banner-title-visibility":"","ast-main-header-display":"","ast-hfb-above-header-display":"","ast-hfb-below-header-display":"","ast-hfb-mobile-header-display":"","site-post-title":"disabled","ast-breadcrumbs-content":"","ast-featured-img":"disabled","footer-sml-layout":"","ast-disable-related-posts":"","theme-transparent-header-meta":"default","adv-header-id-meta":"","stick-header-meta":"default","header-above-stick-meta":"","header-main-stick-meta":"","header-below-stick-meta":"","astra-migrate-meta-layouts":"set","ast-page-background-enabled":"default","ast-page-background-meta":{"desktop":{"background-color":"var(--ast-global-color-4)","background-image":"","background-repeat":"repeat","background-position":"center center","background-size":"auto","background-attachment":"scroll","background-type":"","background-media":"","overlay-type":"","overlay-color":"","overlay-opacity":"","overlay-gradient":""},"tablet":{"background-color":"","background-image":"","background-repeat":"repeat","background-position":"center center","background-size":"auto","background-attachment":"scroll","background-type":"","background-media":"","overlay-type":"","overlay-color":"","overlay-opacity":"","overlay-gradient":""},"mobile":{"background-color":"","background-image":"","background-repeat":"repeat","background-position":"center center","background-size":"auto","background-attachment":"scroll","background-type":"","background-media":"","overlay-type":"","overlay-color":"","overlay-opacity":"","overlay-gradient":""}},"ast-content-background-meta":{"desktop":{"background-color":"var(--ast-global-color-5)","background-image":"","background-repeat":"repeat","background-position":"center center","background-size":"auto","background-attachment":"scroll","background-type":"","background-media":"","overlay-type":"","overlay-color":"","overlay-opacity":"","overlay-gradient":""},"tablet":{"background-color":"var(--ast-global-color-5)","background-image":"","background-repeat":"repeat","background-position":"center center","background-size":"auto","background-attachment":"scroll","background-type":"","background-media":"","overlay-type":"","overlay-color":"","overlay-opacity":"","overlay-gradient":""},"mobile":{"background-color":"var(--ast-global-color-5)","background-image":"","background-repeat":"repeat","background-position":"center center","background-size":"auto","background-attachment":"scroll","background-type":"","background-media":"","overlay-type":"","overlay-color":"","overlay-opacity":"","overlay-gradient":""}},"footnotes":""},"class_list":["post-2753","page","type-page","status-publish","hentry"],"_links":{"self":[{"href":"https:\/\/ctab.tn\/fr\/wp-json\/wp\/v2\/pages\/2753","targetHints":{"allow":["GET"]}}],"collection":[{"href":"https:\/\/ctab.tn\/fr\/wp-json\/wp\/v2\/pages"}],"about":[{"href":"https:\/\/ctab.tn\/fr\/wp-json\/wp\/v2\/types\/page"}],"author":[{"embeddable":true,"href":"https:\/\/ctab.tn\/fr\/wp-json\/wp\/v2\/users\/31"}],"replies":[{"embeddable":true,"href":"https:\/\/ctab.tn\/fr\/wp-json\/wp\/v2\/comments?post=2753"}],"version-history":[{"count":114,"href":"https:\/\/ctab.tn\/fr\/wp-json\/wp\/v2\/pages\/2753\/revisions"}],"predecessor-version":[{"id":10922,"href":"https:\/\/ctab.tn\/fr\/wp-json\/wp\/v2\/pages\/2753\/revisions\/10922"}],"wp:attachment":[{"href":"https:\/\/ctab.tn\/fr\/wp-json\/wp\/v2\/media?parent=2753"}],"curies":[{"name":"wp","href":"https:\/\/api.w.org\/{rel}","templated":true}]}}