{"id":2668,"date":"2024-07-04T14:32:53","date_gmt":"2024-07-04T14:32:53","guid":{"rendered":"https:\/\/www.ctab.tn\/?page_id=2668"},"modified":"2025-11-24T19:45:19","modified_gmt":"2025-11-24T18:45:19","slug":"statistique-old","status":"publish","type":"page","link":"https:\/\/ctab.tn\/fr\/statistique-old\/","title":{"rendered":"Statistique"},"content":{"rendered":"\t\t<div data-elementor-type=\"wp-page\" data-elementor-id=\"2668\" class=\"elementor elementor-2668\" data-elementor-post-type=\"page\">\n\t\t\t\t<div class=\"elementor-element elementor-element-b3bb9a8 e-flex e-con-boxed e-con e-parent\" data-id=\"b3bb9a8\" data-element_type=\"container\" data-settings=\"{&quot;ekit_has_onepagescroll_dot&quot;:&quot;yes&quot;}\">\n\t\t\t\t\t<div class=\"e-con-inner\">\n\t\t<div class=\"elementor-element elementor-element-e6a6b24 e-con-full e-flex e-con e-child\" data-id=\"e6a6b24\" data-element_type=\"container\" data-settings=\"{&quot;ekit_has_onepagescroll_dot&quot;:&quot;yes&quot;}\">\n\t\t\t\t<div class=\"elementor-element elementor-element-0334d9b elementor-widget elementor-widget-text-editor\" data-id=\"0334d9b\" data-element_type=\"widget\" data-settings=\"{&quot;ekit_we_effect_on&quot;:&quot;none&quot;}\" data-widget_type=\"text-editor.default\">\n\t\t\t\t<div class=\"elementor-widget-container\">\n\t\t\t\t\t\t\t\t\t<div id=\"content_col\" class=\"span9\"><div id=\"content_col_inner\"><div class=\"item-page\"><p><span style=\"color: #000000;\">Au cours de l\u2019ann\u00e9e 2024, la superficie totale des cultures biologiques ont atteint une superficie de 234 milles hectares dans l\u2019ensemble des gouvernorats de la Tunisie.<\/span><\/p><p><span style=\"color: #000000;\">Le tableau suivant illustre la r\u00e9partition de la superficie totale des cultures biologique.<\/span><\/p><\/div><\/div><\/div>\t\t\t\t\t\t\t\t<\/div>\n\t\t\t\t<\/div>\n\t\t\t\t<div class=\"elementor-element elementor-element-61d73cb elementor-widget elementor-widget-text-editor\" data-id=\"61d73cb\" data-element_type=\"widget\" data-settings=\"{&quot;ekit_we_effect_on&quot;:&quot;none&quot;}\" data-widget_type=\"text-editor.default\">\n\t\t\t\t<div class=\"elementor-widget-container\">\n\t\t\t\t\t\t\t\t\t<div id=\"content_col\" class=\"span9\"><div id=\"content_col_inner\"><div class=\"item-page\"><p style=\"text-align: center;\"><span style=\"color: #000000;\"><strong>Tableau n\u00b01 : R\u00e9partition de la superficie totale de l&#8217;Agriculture Biologique par culture\u00a0<\/strong><\/span><br \/><span style=\"color: #000000;\">(Unit\u00e9 : Hectare)<\/span><\/p><\/div><\/div><\/div>\t\t\t\t\t\t\t\t<\/div>\n\t\t\t\t<\/div>\n\t\t\t\t<\/div>\n\t\t\t\t\t<\/div>\n\t\t\t\t<\/div>\n\t\t<div class=\"elementor-element elementor-element-061407f e-flex e-con-boxed e-con e-parent\" data-id=\"061407f\" data-element_type=\"container\" data-settings=\"{&quot;ekit_has_onepagescroll_dot&quot;:&quot;yes&quot;}\">\n\t\t\t\t\t<div class=\"e-con-inner\">\n\t\t\t\t<div class=\"elementor-element elementor-element-d003ff6 elementor-widget elementor-widget-shortcode\" data-id=\"d003ff6\" data-element_type=\"widget\" data-settings=\"{&quot;ekit_we_effect_on&quot;:&quot;none&quot;}\" data-widget_type=\"shortcode.default\">\n\t\t\t\t<div class=\"elementor-widget-container\">\n\t\t\t\t\t\t\t<div class=\"elementor-shortcode\"><div id=\"footable_parent_8999\"\n         class=\" footable_parent ninja_table_wrapper loading_ninja_table wp_table_data_press_parent semantic_ui \">\n                <table data-ninja_table_instance=\"ninja_table_instance_0\" data-footable_id=\"8999\" data-filter-delay=\"1000\" aria-label=\"Agriculture Biologique en Tunisie Ann\u00e9e 2024\"            id=\"footable_8999\"\n           data-unique_identifier=\"ninja_table_unique_id_920714655_8999\"\n           class=\" foo-table ninja_footable foo_table_8999 ninja_table_unique_id_920714655_8999 ui table  nt_type_legacy_table selectable striped vertical_centered  footable-paging-right ninja_table_pro\">\n                <colgroup>\n                            <col class=\"ninja_column_0 \">\n                            <col class=\"ninja_column_1 \">\n                    <\/colgroup>\n        <thead>\n<tr class=\"footable-header\">\n                                        <th scope=\"col\"  class=\"ninja_column_0 ninja_clmn_nm_indicateurs \">Cultures<\/th><th scope=\"col\"  class=\"ninja_column_1 ninja_clmn_nm_chiffres \">Superficie<\/th><\/tr>\n<\/thead>\n<tbody>\n\n        <tr data-row_id=\"162\" class=\"ninja_table_row_0 nt_row_id_162\">\n            <td>Oliviers<\/td><td>144 179,6<\/td>        <\/tr>\n            <tr data-row_id=\"163\" class=\"ninja_table_row_1 nt_row_id_163\">\n            <td>Plantes aromatiques et m\u00e9dicinales <\/td><td>14 258<\/td>        <\/tr>\n            <tr data-row_id=\"164\" class=\"ninja_table_row_2 nt_row_id_164\">\n            <td>Grandes cultures<\/td><td>966,9<\/td>        <\/tr>\n            <tr data-row_id=\"165\" class=\"ninja_table_row_3 nt_row_id_165\">\n            <td>For\u00eats<\/td><td>49 075<\/td>        <\/tr>\n            <tr data-row_id=\"177\" class=\"ninja_table_row_4 nt_row_id_177\">\n            <td>Jach\u00e8re<\/td><td>2 244,2<\/td>        <\/tr>\n            <tr data-row_id=\"178\" class=\"ninja_table_row_5 nt_row_id_178\">\n            <td>Cultures aquatiques<\/td><td>12,9<\/td>        <\/tr>\n            <tr data-row_id=\"166\" class=\"ninja_table_row_6 nt_row_id_166\">\n            <td>Fourrages<\/td><td>254,4<\/td>        <\/tr>\n            <tr data-row_id=\"167\" class=\"ninja_table_row_7 nt_row_id_167\">\n            <td>Cultures mara\u00eech\u00e8res<\/td><td>68,6<\/td>        <\/tr>\n            <tr data-row_id=\"168\" class=\"ninja_table_row_8 nt_row_id_168\">\n            <td>Arbres fruitiers<\/td><td>4 340,7<\/td>        <\/tr>\n            <tr data-row_id=\"169\" class=\"ninja_table_row_9 nt_row_id_169\">\n            <td>P\u00e2turages<\/td><td>19 558,5<\/td>        <\/tr>\n            <tr data-row_id=\"180\" class=\"ninja_table_row_10 nt_row_id_180\">\n            <td>Total<\/td><td>234 958,8<\/td>        <\/tr>\n    <\/tbody><!--ninja_tobody_rendering_done-->\n    <\/table>\n    \n    \n    \n<\/div>\n<\/div>\n\t\t\t\t\t\t<\/div>\n\t\t\t\t<\/div>\n\t\t\t\t<div class=\"elementor-element elementor-element-905532c elementor-widget elementor-widget-text-editor\" data-id=\"905532c\" data-element_type=\"widget\" data-settings=\"{&quot;ekit_we_effect_on&quot;:&quot;none&quot;}\" data-widget_type=\"text-editor.default\">\n\t\t\t\t<div class=\"elementor-widget-container\">\n\t\t\t\t\t\t\t\t\t<div id=\"content_col\" class=\"span9\"><div id=\"content_col_inner\"><div class=\"item-page\"><p style=\"text-align: center;\"><strong>Source:<\/strong> <em>Direction G\u00e9n\u00e9rale de l&#8217;Agriculture Biologique &#8211; Septembre 2025<\/em><\/p><\/div><\/div><\/div>\t\t\t\t\t\t\t\t<\/div>\n\t\t\t\t<\/div>\n\t\t\t\t<div class=\"elementor-element elementor-element-72c62e1 elementor-widget elementor-widget-text-editor\" data-id=\"72c62e1\" data-element_type=\"widget\" data-settings=\"{&quot;ekit_we_effect_on&quot;:&quot;none&quot;}\" data-widget_type=\"text-editor.default\">\n\t\t\t\t<div class=\"elementor-widget-container\">\n\t\t\t\t\t\t\t\t\t<div id=\"content_col\" class=\"span9\"><div id=\"content_col_inner\"><div class=\"item-page\"><p><span style=\"color: #000000;\">Il est \u00e0 noter qu&#8217;en 2024, le secteur de l&#8217;agriculture biologique a comport\u00e9 des projets dans le domaine de l&#8217;\u00e9levage r\u00e9partis comme suit :<\/span><\/p><ul><li><p class=\"ds-markdown-paragraph\"><span style=\"color: #000000;\">256 ruches d&#8217;abeilles<\/span><\/p><\/li><li><p class=\"ds-markdown-paragraph\"><span style=\"color: #000000;\">359 t\u00eates de ch\u00e8vres<\/span><\/p><\/li><li><p class=\"ds-markdown-paragraph\"><span style=\"color: #000000;\">87 t\u00eates de moutons<\/span><\/p><\/li><li><p class=\"ds-markdown-paragraph\"><span style=\"color: #000000;\">26 volailles (poulets).<\/span><\/p><\/li><\/ul><p><span style=\"color: #000000;\">La production totale biologique a atteint 139,910 milles tonnes dont 51,5 milles export\u00e9es pour une valeur de 1127 millions de dinars.<\/span><\/p><\/div><\/div><\/div>\t\t\t\t\t\t\t\t<\/div>\n\t\t\t\t<\/div>\n\t\t\t\t<div class=\"elementor-element elementor-element-912b25a elementor-widget elementor-widget-text-editor\" data-id=\"912b25a\" data-element_type=\"widget\" data-settings=\"{&quot;ekit_we_effect_on&quot;:&quot;none&quot;}\" data-widget_type=\"text-editor.default\">\n\t\t\t\t<div class=\"elementor-widget-container\">\n\t\t\t\t\t\t\t\t\t<div id=\"content_col\" class=\"span9\"><div id=\"content_col_inner\"><div class=\"item-page\"><p style=\"text-align: center;\"><span style=\"color: #000000;\">Le nombre des op\u00e9rateurs biologiques a atteint 6271 op\u00e9rateurs, comprenant des producteurs, des transformateurs, des exportateurs et des importateurs. <\/span><\/p><p style=\"text-align: center;\"><span style=\"color: #000000;\">Le tableau n\u00b02 illustre la r\u00e9partition du nombre des op\u00e9rateurs par activit\u00e9.<\/span><\/p><\/div><\/div><\/div>\t\t\t\t\t\t\t\t<\/div>\n\t\t\t\t<\/div>\n\t\t\t\t<div class=\"elementor-element elementor-element-ed0812d elementor-widget elementor-widget-text-editor\" data-id=\"ed0812d\" data-element_type=\"widget\" data-settings=\"{&quot;ekit_we_effect_on&quot;:&quot;none&quot;}\" data-widget_type=\"text-editor.default\">\n\t\t\t\t<div class=\"elementor-widget-container\">\n\t\t\t\t\t\t\t\t\t<div id=\"content_col\" class=\"span9\"><div id=\"content_col_inner\"><div class=\"item-page\"><p style=\"text-align: center;\"><span style=\"color: #000000;\"><strong>Tableau n\u00b02 : R\u00e9partition du nombre des op\u00e9rateurs biologiques par activit\u00e9\u00a0<\/strong><\/span><\/p><\/div><\/div><\/div>\t\t\t\t\t\t\t\t<\/div>\n\t\t\t\t<\/div>\n\t\t\t\t<div class=\"elementor-element elementor-element-7e1b6e1 elementor-widget elementor-widget-shortcode\" data-id=\"7e1b6e1\" data-element_type=\"widget\" data-settings=\"{&quot;ekit_we_effect_on&quot;:&quot;none&quot;}\" data-widget_type=\"shortcode.default\">\n\t\t\t\t<div class=\"elementor-widget-container\">\n\t\t\t\t\t\t\t<div class=\"elementor-shortcode\"><div id=\"footable_parent_9016\"\n         class=\" footable_parent ninja_table_wrapper loading_ninja_table wp_table_data_press_parent semantic_ui \">\n                <table data-ninja_table_instance=\"ninja_table_instance_1\" data-footable_id=\"9016\" data-filter-delay=\"1000\" aria-label=\"Agriculture Biologique en Tunisie Ann\u00e9e 2024 2\"            id=\"footable_9016\"\n           data-unique_identifier=\"ninja_table_unique_id_684250948_9016\"\n           class=\" foo-table ninja_footable foo_table_9016 ninja_table_unique_id_684250948_9016 ui table  nt_type_legacy_table selectable striped vertical_centered  footable-paging-right ninja_table_pro\">\n                <colgroup>\n                            <col class=\"ninja_column_0 \">\n                            <col class=\"ninja_column_1 \">\n                    <\/colgroup>\n        <thead>\n<tr class=\"footable-header\">\n                                        <th scope=\"col\"  class=\"ninja_column_0 ninja_clmn_nm_indicateurs \">Intervenants<\/th><th scope=\"col\"  class=\"ninja_column_1 ninja_clmn_nm_chiffres \">Nombre<\/th><\/tr>\n<\/thead>\n<tbody>\n\n        <tr data-row_id=\"181\" class=\"ninja_table_row_0 nt_row_id_181\">\n            <td>\u00c9leveurs en aquaculture<\/td><td>5<\/td>        <\/tr>\n            <tr data-row_id=\"182\" class=\"ninja_table_row_1 nt_row_id_182\">\n            <td>\u00c9leveurs de b\u00e9tail <\/td><td>7<\/td>        <\/tr>\n            <tr data-row_id=\"189\" class=\"ninja_table_row_2 nt_row_id_189\">\n            <td>Exportateurs<\/td><td>188<\/td>        <\/tr>\n            <tr data-row_id=\"190\" class=\"ninja_table_row_3 nt_row_id_190\">\n            <td>Groupements <\/td><td>179<\/td>        <\/tr>\n            <tr data-row_id=\"188\" class=\"ninja_table_row_4 nt_row_id_188\">\n            <td>Transformateurs<\/td><td>382<\/td>        <\/tr>\n            <tr data-row_id=\"191\" class=\"ninja_table_row_5 nt_row_id_191\">\n            <td>Projets<\/td><td>492<\/td>        <\/tr>\n    <\/tbody><!--ninja_tobody_rendering_done-->\n    <\/table>\n    \n    \n    \n<\/div>\n<\/div>\n\t\t\t\t\t\t<\/div>\n\t\t\t\t<\/div>\n\t\t\t\t<div class=\"elementor-element elementor-element-726d553 elementor-widget elementor-widget-text-editor\" data-id=\"726d553\" data-element_type=\"widget\" data-settings=\"{&quot;ekit_we_effect_on&quot;:&quot;none&quot;}\" data-widget_type=\"text-editor.default\">\n\t\t\t\t<div class=\"elementor-widget-container\">\n\t\t\t\t\t\t\t\t\t<div id=\"content_col\" class=\"span9\"><div id=\"content_col_inner\"><div class=\"item-page\"><p style=\"text-align: center;\"><strong>Source:<\/strong> <em>Direction G\u00e9n\u00e9rale de l&#8217;Agriculture Biologique &#8211; Septembre 2025<\/em><\/p><\/div><\/div><\/div>\t\t\t\t\t\t\t\t<\/div>\n\t\t\t\t<\/div>\n\t\t\t\t\t<\/div>\n\t\t\t\t<\/div>\n\t\t\t\t<section class=\"elementor-section elementor-top-section elementor-element elementor-element-faaa69c elementor-section-boxed elementor-section-height-default elementor-section-height-default\" data-id=\"faaa69c\" data-element_type=\"section\" data-settings=\"{&quot;background_background&quot;:&quot;classic&quot;,&quot;ekit_has_onepagescroll_dot&quot;:&quot;yes&quot;}\">\n\t\t\t\t\t\t<div class=\"elementor-container elementor-column-gap-default\">\n\t\t\t\t\t<div class=\"elementor-column elementor-col-100 elementor-top-column elementor-element elementor-element-81ca5dc\" data-id=\"81ca5dc\" data-element_type=\"column\">\n\t\t\t<div class=\"elementor-widget-wrap\">\n\t\t\t\t\t\t\t<\/div>\n\t\t<\/div>\n\t\t\t\t\t<\/div>\n\t\t<\/section>\n\t\t<div class=\"elementor-element elementor-element-1d7f63f e-flex e-con-boxed e-con e-parent\" data-id=\"1d7f63f\" data-element_type=\"container\" data-settings=\"{&quot;ekit_has_onepagescroll_dot&quot;:&quot;yes&quot;}\">\n\t\t\t\t\t<div class=\"e-con-inner\">\n\t\t\t\t<div class=\"elementor-element elementor-element-b89b327 elementor-widget elementor-widget-shortcode\" data-id=\"b89b327\" data-element_type=\"widget\" data-settings=\"{&quot;ekit_we_effect_on&quot;:&quot;none&quot;}\" data-widget_type=\"shortcode.default\">\n\t\t\t\t<div class=\"elementor-widget-container\">\n\t\t\t\t\t\t\t<div class=\"elementor-shortcode\"><div id=\"footable_parent_6160\"\n         class=\" footable_parent ninja_table_wrapper loading_ninja_table wp_table_data_press_parent semantic_ui \">\n                <table data-ninja_table_instance=\"ninja_table_instance_2\" data-footable_id=\"6160\" data-filter-delay=\"1000\" aria-label=\"Agriculture Biologique en Tunisie Ann\u00e9e 2023\"            id=\"footable_6160\"\n           data-unique_identifier=\"ninja_table_unique_id_1455799051_6160\"\n           class=\" foo-table ninja_footable foo_table_6160 ninja_table_unique_id_1455799051_6160 ui table  nt_type_legacy_table selectable striped vertical_centered  footable-paging-right ninja_table_pro\">\n                <colgroup>\n                            <col class=\"ninja_column_0 \">\n                            <col class=\"ninja_column_1 \">\n                    <\/colgroup>\n        <thead>\n<tr class=\"footable-header\">\n                                        <th scope=\"col\"  class=\"ninja_column_0 ninja_clmn_nm_indicateurs \">Indicateurs<\/th><th scope=\"col\"  class=\"ninja_column_1 ninja_clmn_nm_chiffres \">Chiffres<\/th><\/tr>\n<\/thead>\n<tbody>\n\n        <tr data-row_id=\"123\" class=\"ninja_table_row_0 nt_row_id_123\">\n            <td>Superficie des cultures biologiques<\/td><td>196 222 hectares<\/td>        <\/tr>\n            <tr data-row_id=\"124\" class=\"ninja_table_row_1 nt_row_id_124\">\n            <td>Superficie des oliviers biologiques<\/td><td>153 233 hectares<\/td>        <\/tr>\n            <tr data-row_id=\"125\" class=\"ninja_table_row_2 nt_row_id_125\">\n            <td>Part de la superficie biologique par rapport \u00e0 SAU<\/td><td>2,0%<\/td>        <\/tr>\n            <tr data-row_id=\"126\" class=\"ninja_table_row_3 nt_row_id_126\">\n            <td>Nombre de producteurs<\/td><td>7798 producteurs<\/td>        <\/tr>\n            <tr data-row_id=\"127\" class=\"ninja_table_row_4 nt_row_id_127\">\n            <td>Nombre des transformateurs<\/td><td>389 transformateurs<\/td>        <\/tr>\n            <tr data-row_id=\"128\" class=\"ninja_table_row_5 nt_row_id_128\">\n            <td>Nombre des exportateurs<\/td><td>198 exportateurs<\/td>        <\/tr>\n            <tr data-row_id=\"129\" class=\"ninja_table_row_6 nt_row_id_129\">\n            <td>Nombre des importateurs<\/td><td>06 importateurs<\/td>        <\/tr>\n            <tr data-row_id=\"130\" class=\"ninja_table_row_7 nt_row_id_130\">\n            <td>Quantit\u00e9 des produits biologiques export\u00e9e<\/td><td>64 966 Tonnes<\/td>        <\/tr>\n    <\/tbody><!--ninja_tobody_rendering_done-->\n    <\/table>\n    \n    \n    \n<\/div>\n<\/div>\n\t\t\t\t\t\t<\/div>\n\t\t\t\t<\/div>\n\t\t\t\t<div class=\"elementor-element elementor-element-bbaa42f elementor-widget elementor-widget-text-editor\" data-id=\"bbaa42f\" data-element_type=\"widget\" data-settings=\"{&quot;ekit_we_effect_on&quot;:&quot;none&quot;}\" data-widget_type=\"text-editor.default\">\n\t\t\t\t<div class=\"elementor-widget-container\">\n\t\t\t\t\t\t\t\t\t<div id=\"content_col\" class=\"span9\"><div id=\"content_col_inner\"><div class=\"item-page\"><p style=\"text-align: center;\"><strong>Source:<\/strong> The World of Organic Agriculture- Statistics and Emerging Trends <span dir=\"RTL\">202<\/span>5- IFOAM\/FIBL<\/p><\/div><\/div><\/div>\t\t\t\t\t\t\t\t<\/div>\n\t\t\t\t<\/div>\n\t\t\t\t\t<\/div>\n\t\t\t\t<\/div>\n\t\t\t\t<\/div>\n\t\t","protected":false},"excerpt":{"rendered":"<p>Au cours de l\u2019ann\u00e9e 2024, la superficie totale des cultures biologiques ont atteint une superficie de 234 milles hectares dans l\u2019ensemble des gouvernorats de la Tunisie. Le tableau suivant illustre la r\u00e9partition de la superficie totale des cultures biologique. Tableau n\u00b01 : R\u00e9partition de la superficie totale de l&#8217;Agriculture Biologique par culture\u00a0(Unit\u00e9 : Hectare) Source: [&hellip;]<\/p>\n","protected":false},"author":31,"featured_media":0,"parent":0,"menu_order":0,"comment_status":"closed","ping_status":"open","template":"","meta":{"site-sidebar-layout":"no-sidebar","site-content-layout":"","ast-site-content-layout":"full-width-container","site-content-style":"default","site-sidebar-style":"default","ast-global-header-display":"","ast-banner-title-visibility":"","ast-main-header-display":"","ast-hfb-above-header-display":"","ast-hfb-below-header-display":"","ast-hfb-mobile-header-display":"","site-post-title":"disabled","ast-breadcrumbs-content":"","ast-featured-img":"disabled","footer-sml-layout":"","ast-disable-related-posts":"","theme-transparent-header-meta":"default","adv-header-id-meta":"","stick-header-meta":"default","header-above-stick-meta":"","header-main-stick-meta":"","header-below-stick-meta":"","astra-migrate-meta-layouts":"set","ast-page-background-enabled":"default","ast-page-background-meta":{"desktop":{"background-color":"var(--ast-global-color-4)","background-image":"","background-repeat":"repeat","background-position":"center center","background-size":"auto","background-attachment":"scroll","background-type":"","background-media":"","overlay-type":"","overlay-color":"","overlay-opacity":"","overlay-gradient":""},"tablet":{"background-color":"","background-image":"","background-repeat":"repeat","background-position":"center center","background-size":"auto","background-attachment":"scroll","background-type":"","background-media":"","overlay-type":"","overlay-color":"","overlay-opacity":"","overlay-gradient":""},"mobile":{"background-color":"","background-image":"","background-repeat":"repeat","background-position":"center center","background-size":"auto","background-attachment":"scroll","background-type":"","background-media":"","overlay-type":"","overlay-color":"","overlay-opacity":"","overlay-gradient":""}},"ast-content-background-meta":{"desktop":{"background-color":"var(--ast-global-color-5)","background-image":"","background-repeat":"repeat","background-position":"center center","background-size":"auto","background-attachment":"scroll","background-type":"","background-media":"","overlay-type":"","overlay-color":"","overlay-opacity":"","overlay-gradient":""},"tablet":{"background-color":"var(--ast-global-color-5)","background-image":"","background-repeat":"repeat","background-position":"center center","background-size":"auto","background-attachment":"scroll","background-type":"","background-media":"","overlay-type":"","overlay-color":"","overlay-opacity":"","overlay-gradient":""},"mobile":{"background-color":"var(--ast-global-color-5)","background-image":"","background-repeat":"repeat","background-position":"center center","background-size":"auto","background-attachment":"scroll","background-type":"","background-media":"","overlay-type":"","overlay-color":"","overlay-opacity":"","overlay-gradient":""}},"footnotes":""},"class_list":["post-2668","page","type-page","status-publish","hentry"],"_links":{"self":[{"href":"https:\/\/ctab.tn\/fr\/wp-json\/wp\/v2\/pages\/2668","targetHints":{"allow":["GET"]}}],"collection":[{"href":"https:\/\/ctab.tn\/fr\/wp-json\/wp\/v2\/pages"}],"about":[{"href":"https:\/\/ctab.tn\/fr\/wp-json\/wp\/v2\/types\/page"}],"author":[{"embeddable":true,"href":"https:\/\/ctab.tn\/fr\/wp-json\/wp\/v2\/users\/31"}],"replies":[{"embeddable":true,"href":"https:\/\/ctab.tn\/fr\/wp-json\/wp\/v2\/comments?post=2668"}],"version-history":[{"count":65,"href":"https:\/\/ctab.tn\/fr\/wp-json\/wp\/v2\/pages\/2668\/revisions"}],"predecessor-version":[{"id":9928,"href":"https:\/\/ctab.tn\/fr\/wp-json\/wp\/v2\/pages\/2668\/revisions\/9928"}],"wp:attachment":[{"href":"https:\/\/ctab.tn\/fr\/wp-json\/wp\/v2\/media?parent=2668"}],"curies":[{"name":"wp","href":"https:\/\/api.w.org\/{rel}","templated":true}]}}