{"id":2571,"date":"2024-07-03T23:51:00","date_gmt":"2024-07-03T23:51:00","guid":{"rendered":"https:\/\/www.ctab.tn\/?page_id=2571"},"modified":"2025-09-04T20:01:16","modified_gmt":"2025-09-04T19:01:16","slug":"label-marhba-3","status":"publish","type":"page","link":"https:\/\/ctab.tn\/fr\/label-marhba-3\/","title":{"rendered":"Label Marhba"},"content":{"rendered":"\t\t<div data-elementor-type=\"wp-page\" data-elementor-id=\"2571\" class=\"elementor elementor-2571\" data-elementor-post-type=\"page\">\n\t\t\t\t\t\t<section class=\"elementor-section elementor-top-section elementor-element elementor-element-1055516 elementor-section-boxed elementor-section-height-default elementor-section-height-default\" data-id=\"1055516\" data-element_type=\"section\" data-settings=\"{&quot;background_background&quot;:&quot;classic&quot;,&quot;ekit_has_onepagescroll_dot&quot;:&quot;yes&quot;}\">\n\t\t\t\t\t\t<div class=\"elementor-container elementor-column-gap-default\">\n\t\t\t\t\t<div class=\"elementor-column elementor-col-100 elementor-top-column elementor-element elementor-element-5616bd4\" data-id=\"5616bd4\" data-element_type=\"column\">\n\t\t\t<div class=\"elementor-widget-wrap elementor-element-populated\">\n\t\t\t\t\t\t<div class=\"elementor-element elementor-element-61a0eba elementor-widget elementor-widget-elementskit-heading\" data-id=\"61a0eba\" data-element_type=\"widget\" data-settings=\"{&quot;ekit_we_effect_on&quot;:&quot;none&quot;}\" data-widget_type=\"elementskit-heading.default\">\n\t\t\t\t<div class=\"elementor-widget-container\">\n\t\t\t\t\t<div class=\"ekit-wid-con\" ><div class=\"ekit-heading elementskit-section-title-wraper center   ekit_heading_tablet-   ekit_heading_mobile-\"><h2 class=\"ekit-heading--title elementskit-section-title \"><span><span>La certification \"Marhaba\" de Centre Technique de l'Agriculture Biologique <\/span><\/span><\/h2><div class=\"ekit_heading_separetor_wraper ekit_heading_elementskit-border-divider elementskit-style-long\"><div class=\"elementskit-border-divider elementskit-style-long\"><\/div><\/div><\/div><\/div>\t\t\t\t<\/div>\n\t\t\t\t<\/div>\n\t\t\t\t\t<\/div>\n\t\t<\/div>\n\t\t\t\t\t<\/div>\n\t\t<\/section>\n\t\t\t\t<section class=\"elementor-section elementor-top-section elementor-element elementor-element-0db618b elementor-section-content-middle elementor-reverse-mobile elementor-section-boxed elementor-section-height-default elementor-section-height-default\" data-id=\"0db618b\" data-element_type=\"section\" data-settings=\"{&quot;background_background&quot;:&quot;classic&quot;,&quot;ekit_has_onepagescroll_dot&quot;:&quot;yes&quot;}\">\n\t\t\t\t\t\t<div class=\"elementor-container elementor-column-gap-default\">\n\t\t\t\t\t<div class=\"elementor-column elementor-col-50 elementor-top-column elementor-element elementor-element-85a2987\" data-id=\"85a2987\" data-element_type=\"column\">\n\t\t\t<div class=\"elementor-widget-wrap elementor-element-populated\">\n\t\t\t\t\t\t<div class=\"elementor-element elementor-element-802a6b7 elementor-widget__width-initial elementor-widget elementor-widget-image\" data-id=\"802a6b7\" data-element_type=\"widget\" data-settings=\"{&quot;ekit_we_effect_on&quot;:&quot;none&quot;}\" data-widget_type=\"image.default\">\n\t\t\t\t<div class=\"elementor-widget-container\">\n\t\t\t\t\t\t\t\t\t\t\t\t\t\t\t<img fetchpriority=\"high\" decoding=\"async\" width=\"739\" height=\"725\" src=\"https:\/\/ctab.tn\/wp-content\/uploads\/2024\/12\/Label-Marhba-CTAB.tn-La-certification-Marhaba-de-Centre-Technique-de-lAgriculture-Biologique.png\" class=\"attachment-full size-full wp-image-4682\" alt=\"\" srcset=\"https:\/\/ctab.tn\/wp-content\/uploads\/2024\/12\/Label-Marhba-CTAB.tn-La-certification-Marhaba-de-Centre-Technique-de-lAgriculture-Biologique.png 739w, https:\/\/ctab.tn\/wp-content\/uploads\/2024\/12\/Label-Marhba-CTAB.tn-La-certification-Marhaba-de-Centre-Technique-de-lAgriculture-Biologique-300x294.png 300w, https:\/\/ctab.tn\/wp-content\/uploads\/2024\/12\/Label-Marhba-CTAB.tn-La-certification-Marhaba-de-Centre-Technique-de-lAgriculture-Biologique-12x12.png 12w, https:\/\/ctab.tn\/wp-content\/uploads\/2024\/12\/Label-Marhba-CTAB.tn-La-certification-Marhaba-de-Centre-Technique-de-lAgriculture-Biologique-600x589.png 600w\" sizes=\"(max-width: 739px) 100vw, 739px\" \/>\t\t\t\t\t\t\t\t\t\t\t\t\t\t\t<\/div>\n\t\t\t\t<\/div>\n\t\t\t\t\t<\/div>\n\t\t<\/div>\n\t\t\t\t<div class=\"elementor-column elementor-col-50 elementor-top-column elementor-element elementor-element-1964f37\" data-id=\"1964f37\" data-element_type=\"column\">\n\t\t\t<div class=\"elementor-widget-wrap elementor-element-populated\">\n\t\t\t\t\t\t<div class=\"elementor-element elementor-element-0526651 elementor-widget elementor-widget-text-editor\" data-id=\"0526651\" data-element_type=\"widget\" data-settings=\"{&quot;ekit_we_effect_on&quot;:&quot;none&quot;}\" data-widget_type=\"text-editor.default\">\n\t\t\t\t<div class=\"elementor-widget-container\">\n\t\t\t\t\t\t\t\t\t<p><span style=\"font-size: 18px;\">\u00a0 \u00a0 \u00a0Le Centre Technique de l&#8217;Agriculture Biologique (CTAB) a r\u00e9ussi \u00e0 renouveler le label national \u00ab Marhba \u00bb d&#8217;am\u00e9lioration de la qualit\u00e9 d&#8217;accueil apr\u00e8s avoir rempli toutes les conditions li\u00e9es au bon accueil et ce le 15 Septembre 2023. Ce <a href=\"https:\/\/ctab.tn\/wp-content\/uploads\/2024\/12\/Marhba-Ctab-2023.pdf\"><span style=\"text-decoration: underline; color: #008000;\"><strong>certificat<\/strong><\/span><\/a>\u00a0est valable trois ans, avec un audit annuel de suivi par l&#8217;Institut National de la Normalisation et de la Propri\u00e9t\u00e9 Industrielle INNORPI. Il est \u00e0 noter que le CTAB est la premi\u00e8re institution du Minist\u00e8re de l&#8217;Agriculture, des Ressources Hydrauliques et de la P\u00eache qui a obtenu le label de qualit\u00e9 d\u2019acceuil \u00abMarhba\u00bb depuis 18 Juin 2010.<\/span><\/p>\t\t\t\t\t\t\t\t<\/div>\n\t\t\t\t<\/div>\n\t\t\t\t<div class=\"elementor-element elementor-element-a122224 elementor-widget elementor-widget-text-editor\" data-id=\"a122224\" data-element_type=\"widget\" data-settings=\"{&quot;ekit_we_effect_on&quot;:&quot;none&quot;}\" data-widget_type=\"text-editor.default\">\n\t\t\t\t<div class=\"elementor-widget-container\">\n\t\t\t\t\t\t\t\t\t<p><span style=\"font-size: 18px;\">\u00a0 \u00a0 \u00a0Le label national \u00ab Marhba \u00bb est \u00e9labor\u00e9 par l\u2019INNORPI en coop\u00e9ration avec la cellule de la qualit\u00e9 des services administratifs du Pr\u00e9sidence du Gouvernement, et attribu\u00e9 aux administrations publiques \u00e9ligibles ayant un bon accueil et un acc\u00e8s rapide et efficace aux services requis.<\/span><\/p>\t\t\t\t\t\t\t\t<\/div>\n\t\t\t\t<\/div>\n\t\t\t\t<div class=\"elementor-element elementor-element-691f203 elementor-widget elementor-widget-text-editor\" data-id=\"691f203\" data-element_type=\"widget\" data-settings=\"{&quot;ekit_we_effect_on&quot;:&quot;none&quot;}\" data-widget_type=\"text-editor.default\">\n\t\t\t\t<div class=\"elementor-widget-container\">\n\t\t\t\t\t\t\t\t\t<p><span style=\"font-size: 18px;\">\u00a0 \u00a0 \u00a0Le r\u00e8glement de ce label indique que la r\u00e9ponse au service demand\u00e9 par courrier ne doit pas exc\u00e9der 21 jours, la r\u00e9ponse au service demand\u00e9 par e-mail ne doit pas exc\u00e9der 48 heures et la r\u00e9ponse aux demandes t\u00e9l\u00e9phoniques doit \u00eatre instantan\u00e9e ou au bout de 24 heures.<\/span><\/p>\t\t\t\t\t\t\t\t<\/div>\n\t\t\t\t<\/div>\n\t\t\t\t\t<\/div>\n\t\t<\/div>\n\t\t\t\t\t<\/div>\n\t\t<\/section>\n\t\t<div class=\"elementor-element elementor-element-2059eaf e-con-full e-flex e-con e-child\" data-id=\"2059eaf\" data-element_type=\"container\" data-settings=\"{&quot;ekit_has_onepagescroll_dot&quot;:&quot;yes&quot;}\">\n\t\t\t\t<div class=\"elementor-element elementor-element-5d6129a elementor-align-center elementor-widget elementor-widget-button\" data-id=\"5d6129a\" data-element_type=\"widget\" data-settings=\"{&quot;ekit_we_effect_on&quot;:&quot;none&quot;}\" data-widget_type=\"button.default\">\n\t\t\t\t<div class=\"elementor-widget-container\">\n\t\t\t\t\t\t\t\t\t<div class=\"elementor-button-wrapper\">\n\t\t\t\t\t<a class=\"elementor-button elementor-button-link elementor-size-sm\" href=\"https:\/\/ctab.tn\/wp-content\/uploads\/2025\/09\/Engagement-Marhaba-FR-2025.pdf\" target=\"_blank\">\n\t\t\t\t\t\t<span class=\"elementor-button-content-wrapper\">\n\t\t\t\t\t\t<span class=\"elementor-button-icon\">\n\t\t\t\t<svg aria-hidden=\"true\" class=\"e-font-icon-svg e-far-arrow-alt-circle-down\" viewBox=\"0 0 512 512\" xmlns=\"http:\/\/www.w3.org\/2000\/svg\"><path d=\"M256 8C119 8 8 119 8 256s111 248 248 248 248-111 248-248S393 8 256 8zm0 448c-110.5 0-200-89.5-200-200S145.5 56 256 56s200 89.5 200 200-89.5 200-200 200zm-32-316v116h-67c-10.7 0-16 12.9-8.5 20.5l99 99c4.7 4.7 12.3 4.7 17 0l99-99c7.6-7.6 2.2-20.5-8.5-20.5h-67V140c0-6.6-5.4-12-12-12h-40c-6.6 0-12 5.4-12 12z\"><\/path><\/svg>\t\t\t<\/span>\n\t\t\t\t\t\t\t\t\t<span class=\"elementor-button-text\">T\u00e9l\u00e9charger l\u2019engagement de Centre technique de l'agriculture biologique Suite \u00e0 la certification \u00ab MARHBA \u00bb<\/span>\n\t\t\t\t\t<\/span>\n\t\t\t\t\t<\/a>\n\t\t\t\t<\/div>\n\t\t\t\t\t\t\t\t<\/div>\n\t\t\t\t<\/div>\n\t\t\t\t<\/div>\n\t\t<div class=\"elementor-element elementor-element-305a084 e-flex e-con-boxed e-con e-parent\" data-id=\"305a084\" data-element_type=\"container\" data-settings=\"{&quot;ekit_has_onepagescroll_dot&quot;:&quot;yes&quot;}\">\n\t\t\t\t\t<div class=\"e-con-inner\">\n\t\t\t\t<div class=\"elementor-element elementor-element-7d18d52 elementor-widget elementor-widget-spacer\" data-id=\"7d18d52\" data-element_type=\"widget\" data-settings=\"{&quot;ekit_we_effect_on&quot;:&quot;none&quot;}\" data-widget_type=\"spacer.default\">\n\t\t\t\t<div class=\"elementor-widget-container\">\n\t\t\t\t\t\t\t<div class=\"elementor-spacer\">\n\t\t\t<div class=\"elementor-spacer-inner\"><\/div>\n\t\t<\/div>\n\t\t\t\t\t\t<\/div>\n\t\t\t\t<\/div>\n\t\t\t\t\t<\/div>\n\t\t\t\t<\/div>\n\t\t\t\t<\/div>\n\t\t","protected":false},"excerpt":{"rendered":"<p>La certification &#8220;Marhaba&#8221; de Centre Technique de l&#8217;Agriculture Biologique \u00a0 \u00a0 \u00a0Le Centre Technique de l&#8217;Agriculture Biologique (CTAB) a r\u00e9ussi \u00e0 renouveler le label national \u00ab Marhba \u00bb d&#8217;am\u00e9lioration de la qualit\u00e9 d&#8217;accueil apr\u00e8s avoir rempli toutes les conditions li\u00e9es au bon accueil et ce le 15 Septembre 2023. Ce certificat\u00a0est valable trois ans, avec [&hellip;]<\/p>\n","protected":false},"author":31,"featured_media":0,"parent":0,"menu_order":0,"comment_status":"closed","ping_status":"open","template":"","meta":{"site-sidebar-layout":"no-sidebar","site-content-layout":"","ast-site-content-layout":"full-width-container","site-content-style":"default","site-sidebar-style":"default","ast-global-header-display":"","ast-banner-title-visibility":"","ast-main-header-display":"","ast-hfb-above-header-display":"","ast-hfb-below-header-display":"","ast-hfb-mobile-header-display":"","site-post-title":"disabled","ast-breadcrumbs-content":"","ast-featured-img":"disabled","footer-sml-layout":"","ast-disable-related-posts":"","theme-transparent-header-meta":"default","adv-header-id-meta":"","stick-header-meta":"default","header-above-stick-meta":"","header-main-stick-meta":"","header-below-stick-meta":"","astra-migrate-meta-layouts":"set","ast-page-background-enabled":"default","ast-page-background-meta":{"desktop":{"background-color":"var(--ast-global-color-4)","background-image":"","background-repeat":"repeat","background-position":"center center","background-size":"auto","background-attachment":"scroll","background-type":"","background-media":"","overlay-type":"","overlay-color":"","overlay-opacity":"","overlay-gradient":""},"tablet":{"background-color":"","background-image":"","background-repeat":"repeat","background-position":"center center","background-size":"auto","background-attachment":"scroll","background-type":"","background-media":"","overlay-type":"","overlay-color":"","overlay-opacity":"","overlay-gradient":""},"mobile":{"background-color":"","background-image":"","background-repeat":"repeat","background-position":"center center","background-size":"auto","background-attachment":"scroll","background-type":"","background-media":"","overlay-type":"","overlay-color":"","overlay-opacity":"","overlay-gradient":""}},"ast-content-background-meta":{"desktop":{"background-color":"var(--ast-global-color-5)","background-image":"","background-repeat":"repeat","background-position":"center center","background-size":"auto","background-attachment":"scroll","background-type":"","background-media":"","overlay-type":"","overlay-color":"","overlay-opacity":"","overlay-gradient":""},"tablet":{"background-color":"var(--ast-global-color-5)","background-image":"","background-repeat":"repeat","background-position":"center center","background-size":"auto","background-attachment":"scroll","background-type":"","background-media":"","overlay-type":"","overlay-color":"","overlay-opacity":"","overlay-gradient":""},"mobile":{"background-color":"var(--ast-global-color-5)","background-image":"","background-repeat":"repeat","background-position":"center center","background-size":"auto","background-attachment":"scroll","background-type":"","background-media":"","overlay-type":"","overlay-color":"","overlay-opacity":"","overlay-gradient":""}},"footnotes":""},"class_list":["post-2571","page","type-page","status-publish","hentry"],"_links":{"self":[{"href":"https:\/\/ctab.tn\/fr\/wp-json\/wp\/v2\/pages\/2571","targetHints":{"allow":["GET"]}}],"collection":[{"href":"https:\/\/ctab.tn\/fr\/wp-json\/wp\/v2\/pages"}],"about":[{"href":"https:\/\/ctab.tn\/fr\/wp-json\/wp\/v2\/types\/page"}],"author":[{"embeddable":true,"href":"https:\/\/ctab.tn\/fr\/wp-json\/wp\/v2\/users\/31"}],"replies":[{"embeddable":true,"href":"https:\/\/ctab.tn\/fr\/wp-json\/wp\/v2\/comments?post=2571"}],"version-history":[{"count":30,"href":"https:\/\/ctab.tn\/fr\/wp-json\/wp\/v2\/pages\/2571\/revisions"}],"predecessor-version":[{"id":8933,"href":"https:\/\/ctab.tn\/fr\/wp-json\/wp\/v2\/pages\/2571\/revisions\/8933"}],"wp:attachment":[{"href":"https:\/\/ctab.tn\/fr\/wp-json\/wp\/v2\/media?parent=2571"}],"curies":[{"name":"wp","href":"https:\/\/api.w.org\/{rel}","templated":true}]}}