{"id":2520,"date":"2024-07-03T23:19:58","date_gmt":"2024-07-03T23:19:58","guid":{"rendered":"https:\/\/www.ctab.tn\/?page_id=2520"},"modified":"2025-05-29T09:50:08","modified_gmt":"2025-05-29T08:50:08","slug":"smi-2","status":"publish","type":"page","link":"https:\/\/ctab.tn\/fr\/smi-2\/","title":{"rendered":"SMI"},"content":{"rendered":"\t\t<div data-elementor-type=\"wp-page\" data-elementor-id=\"2520\" class=\"elementor elementor-2520\" data-elementor-post-type=\"page\">\n\t\t\t\t\t\t<section class=\"elementor-section elementor-top-section elementor-element elementor-element-aa29830 elementor-section-boxed elementor-section-height-default elementor-section-height-default\" data-id=\"aa29830\" data-element_type=\"section\" data-settings=\"{&quot;background_background&quot;:&quot;classic&quot;,&quot;ekit_has_onepagescroll_dot&quot;:&quot;yes&quot;}\">\n\t\t\t\t\t\t<div class=\"elementor-container elementor-column-gap-default\">\n\t\t\t\t\t<div class=\"elementor-column elementor-col-100 elementor-top-column elementor-element elementor-element-a7856c8\" data-id=\"a7856c8\" data-element_type=\"column\">\n\t\t\t<div class=\"elementor-widget-wrap elementor-element-populated\">\n\t\t\t\t\t\t<div class=\"elementor-element elementor-element-4be0754 elementor-widget elementor-widget-elementskit-heading\" data-id=\"4be0754\" data-element_type=\"widget\" data-settings=\"{&quot;ekit_we_effect_on&quot;:&quot;none&quot;}\" data-widget_type=\"elementskit-heading.default\">\n\t\t\t\t<div class=\"elementor-widget-container\">\n\t\t\t\t\t<div class=\"ekit-wid-con\" ><div class=\"ekit-heading elementskit-section-title-wraper center   ekit_heading_tablet-   ekit_heading_mobile-\"><h2 class=\"ekit-heading--title elementskit-section-title \"><span><span>La certification int\u00e9gr\u00e9e Qualit\u00e9 s\u00e9curit\u00e9 et environnement \u00ab QSE \u00bb du CTAB<\/span><\/span><\/h2><div class=\"ekit_heading_separetor_wraper ekit_heading_elementskit-border-divider elementskit-style-long\"><div class=\"elementskit-border-divider elementskit-style-long\"><\/div><\/div><\/div><\/div>\t\t\t\t<\/div>\n\t\t\t\t<\/div>\n\t\t\t\t<div class=\"elementor-element elementor-element-40b5587 elementor-widget elementor-widget-text-editor\" data-id=\"40b5587\" data-element_type=\"widget\" data-settings=\"{&quot;ekit_we_effect_on&quot;:&quot;none&quot;}\" data-widget_type=\"text-editor.default\">\n\t\t\t\t<div class=\"elementor-widget-container\">\n\t\t\t\t\t\t\t\t\t<p><span style=\"font-size: 18px; text-align: justify; word-break: break-word;\">\u00a0 \u00a0 \u00a0Le CTAB est le premier \u00e9tablissement public en Tunisie qui a obtenu le certificat int\u00e9gr\u00e9 en date du 28 F\u00e9vrier 2013 et qui a r\u00e9ussi \u00e0 le renouveler \u00e0 trois reprises. Le dernier renouvellement a \u00e9t\u00e9 effectu\u00e9 le 22 Novembre 2023.<\/span><\/p><p><span style=\"font-size: 18px; text-align: justify; word-break: break-word;\">\u00a0 \u00a0 Notre certification int\u00e9gr\u00e9e &#8220;QSE&#8221; inclut la certification selon la norme internationale pour les syst\u00e8mes de management de la qualit\u00e9 <a href=\"https:\/\/ctab.tn\/wp-content\/uploads\/2025\/02\/CTAB90012015-new1.pdf\"><span style=\"text-decoration: underline;\"><span style=\"color: #008000; text-decoration: underline;\"><strong>&#8220;ISO9001: 2015&#8221;<\/strong><\/span><\/span><\/a>, la norme internationale pour les syst\u00e8mes de gestion de l&#8217;environnement <a href=\"https:\/\/ctab.tn\/wp-content\/uploads\/2025\/02\/CTAB140012015-new-1.pdf\"><span style=\"text-decoration: underline; color: #008000;\"><strong>&#8220;ISO14001: 2015&#8221;<\/strong><\/span><\/a> et la norme internationale de la sant\u00e9 et la s\u00e9curit\u00e9 au travail <a href=\"https:\/\/ctab.tn\/wp-content\/uploads\/2025\/02\/CTAB450012018-new1.pdf\"><span style=\"color: #008000;\"><span style=\"text-decoration: underline;\"><strong>&#8220;ISO 45001: 2018&#8221;<\/strong><\/span><\/span><\/a>.<\/span><\/p><p><span style=\"font-size: 18px; text-align: justify; word-break: break-word;\">Le certificat de conformit\u00e9 renouvel\u00e9 a \u00e9t\u00e9 valid\u00e9 sign\u00e9 par un organisme tunisien accr\u00e9dit\u00e9 par le Conseil Fran\u00e7ais d&#8217;Accr\u00e9ditation \u00ab COFRAC \u00bb et accr\u00e9dit\u00e9 par le Conseil National d&#8217;Accr\u00e9ditation \u00abTUNAC\u00bb conform\u00e9ment aux normes internationales &#8220;ISO17021&#8221;.<\/span><\/p><p><span style=\"font-size: 18px; text-align: justify; word-break: break-word;\">La certification int\u00e9gr\u00e9e &#8220;QSE&#8221; de notre centre nous a permis de s\u2019am\u00e9liorer d\u2019une mani\u00e8re continue, de mieux s\u2019organiser au service de nos clients, de d\u00e9finir nos orientations et nos objectifs, de comprendre et satisfaire les besoins des demandeurs de nos services, de motiver le personnel, de g\u00e9rer nos ressources et nos activit\u00e9s comme un processus, de g\u00e9rer nos processus comme un syst\u00e8me pour plus d\u2019efficacit\u00e9 dans l\u2019atteinte de nos objectifs, d\u2019avoir une approche r\u00e9aliste qui facilite la prise de d\u00e9cision \u00e0 la direction, d\u2019am\u00e9liorer l\u2019analyse des donn\u00e9es et des informations et d\u2019avoir une relations mutuellement b\u00e9n\u00e9fiques avec nos fournisseurs.<\/span><\/p>\t\t\t\t\t\t\t\t<\/div>\n\t\t\t\t<\/div>\n\t\t\t\t\t<\/div>\n\t\t<\/div>\n\t\t\t\t\t<\/div>\n\t\t<\/section>\n\t\t<div class=\"elementor-element elementor-element-909475b e-flex e-con-boxed e-con e-parent\" data-id=\"909475b\" data-element_type=\"container\" data-settings=\"{&quot;ekit_has_onepagescroll_dot&quot;:&quot;yes&quot;}\">\n\t\t\t\t\t<div class=\"e-con-inner\">\n\t\t\t\t<div class=\"elementor-element elementor-element-139026e elementor-widget elementor-widget-image\" data-id=\"139026e\" data-element_type=\"widget\" data-settings=\"{&quot;ekit_we_effect_on&quot;:&quot;none&quot;}\" data-widget_type=\"image.default\">\n\t\t\t\t<div class=\"elementor-widget-container\">\n\t\t\t\t\t\t\t\t\t\t\t\t\t\t\t<img decoding=\"async\" width=\"300\" height=\"148\" src=\"https:\/\/ctab.tn\/wp-content\/uploads\/2024\/12\/bureau_veritas_certification-2020-300x148.png\" class=\"attachment-medium size-medium wp-image-4678\" alt=\"\" srcset=\"https:\/\/ctab.tn\/wp-content\/uploads\/2024\/12\/bureau_veritas_certification-2020-300x148.png 300w, https:\/\/ctab.tn\/wp-content\/uploads\/2024\/12\/bureau_veritas_certification-2020-18x9.png 18w, https:\/\/ctab.tn\/wp-content\/uploads\/2024\/12\/bureau_veritas_certification-2020.png 475w\" sizes=\"(max-width: 300px) 100vw, 300px\" \/>\t\t\t\t\t\t\t\t\t\t\t\t\t\t\t<\/div>\n\t\t\t\t<\/div>\n\t\t\t\t\t<\/div>\n\t\t\t\t<\/div>\n\t\t<div class=\"elementor-element elementor-element-26c3007 e-flex e-con-boxed e-con e-parent\" data-id=\"26c3007\" data-element_type=\"container\" data-settings=\"{&quot;ekit_has_onepagescroll_dot&quot;:&quot;yes&quot;}\">\n\t\t\t\t\t<div class=\"e-con-inner\">\n\t\t\t\t<div class=\"elementor-element elementor-element-33dcbe4 elementor-widget elementor-widget-spacer\" data-id=\"33dcbe4\" data-element_type=\"widget\" data-settings=\"{&quot;ekit_we_effect_on&quot;:&quot;none&quot;}\" data-widget_type=\"spacer.default\">\n\t\t\t\t<div class=\"elementor-widget-container\">\n\t\t\t\t\t\t\t<div class=\"elementor-spacer\">\n\t\t\t<div class=\"elementor-spacer-inner\"><\/div>\n\t\t<\/div>\n\t\t\t\t\t\t<\/div>\n\t\t\t\t<\/div>\n\t\t\t\t\t<\/div>\n\t\t\t\t<\/div>\n\t\t\t\t<\/div>\n\t\t","protected":false},"excerpt":{"rendered":"<p>La certification int\u00e9gr\u00e9e Qualit\u00e9 s\u00e9curit\u00e9 et environnement \u00ab QSE \u00bb du CTAB \u00a0 \u00a0 \u00a0Le CTAB est le premier \u00e9tablissement public en Tunisie qui a obtenu le certificat int\u00e9gr\u00e9 en date du 28 F\u00e9vrier 2013 et qui a r\u00e9ussi \u00e0 le renouveler \u00e0 trois reprises. Le dernier renouvellement a \u00e9t\u00e9 effectu\u00e9 le 22 Novembre 2023. [&hellip;]<\/p>\n","protected":false},"author":31,"featured_media":0,"parent":0,"menu_order":0,"comment_status":"closed","ping_status":"open","template":"","meta":{"site-sidebar-layout":"no-sidebar","site-content-layout":"","ast-site-content-layout":"full-width-container","site-content-style":"default","site-sidebar-style":"default","ast-global-header-display":"","ast-banner-title-visibility":"","ast-main-header-display":"","ast-hfb-above-header-display":"","ast-hfb-below-header-display":"","ast-hfb-mobile-header-display":"","site-post-title":"disabled","ast-breadcrumbs-content":"","ast-featured-img":"disabled","footer-sml-layout":"","ast-disable-related-posts":"","theme-transparent-header-meta":"default","adv-header-id-meta":"","stick-header-meta":"default","header-above-stick-meta":"","header-main-stick-meta":"","header-below-stick-meta":"","astra-migrate-meta-layouts":"set","ast-page-background-enabled":"default","ast-page-background-meta":{"desktop":{"background-color":"var(--ast-global-color-4)","background-image":"","background-repeat":"repeat","background-position":"center center","background-size":"auto","background-attachment":"scroll","background-type":"","background-media":"","overlay-type":"","overlay-color":"","overlay-opacity":"","overlay-gradient":""},"tablet":{"background-color":"","background-image":"","background-repeat":"repeat","background-position":"center center","background-size":"auto","background-attachment":"scroll","background-type":"","background-media":"","overlay-type":"","overlay-color":"","overlay-opacity":"","overlay-gradient":""},"mobile":{"background-color":"","background-image":"","background-repeat":"repeat","background-position":"center center","background-size":"auto","background-attachment":"scroll","background-type":"","background-media":"","overlay-type":"","overlay-color":"","overlay-opacity":"","overlay-gradient":""}},"ast-content-background-meta":{"desktop":{"background-color":"var(--ast-global-color-5)","background-image":"","background-repeat":"repeat","background-position":"center center","background-size":"auto","background-attachment":"scroll","background-type":"","background-media":"","overlay-type":"","overlay-color":"","overlay-opacity":"","overlay-gradient":""},"tablet":{"background-color":"var(--ast-global-color-5)","background-image":"","background-repeat":"repeat","background-position":"center center","background-size":"auto","background-attachment":"scroll","background-type":"","background-media":"","overlay-type":"","overlay-color":"","overlay-opacity":"","overlay-gradient":""},"mobile":{"background-color":"var(--ast-global-color-5)","background-image":"","background-repeat":"repeat","background-position":"center center","background-size":"auto","background-attachment":"scroll","background-type":"","background-media":"","overlay-type":"","overlay-color":"","overlay-opacity":"","overlay-gradient":""}},"footnotes":""},"class_list":["post-2520","page","type-page","status-publish","hentry"],"_links":{"self":[{"href":"https:\/\/ctab.tn\/fr\/wp-json\/wp\/v2\/pages\/2520","targetHints":{"allow":["GET"]}}],"collection":[{"href":"https:\/\/ctab.tn\/fr\/wp-json\/wp\/v2\/pages"}],"about":[{"href":"https:\/\/ctab.tn\/fr\/wp-json\/wp\/v2\/types\/page"}],"author":[{"embeddable":true,"href":"https:\/\/ctab.tn\/fr\/wp-json\/wp\/v2\/users\/31"}],"replies":[{"embeddable":true,"href":"https:\/\/ctab.tn\/fr\/wp-json\/wp\/v2\/comments?post=2520"}],"version-history":[{"count":45,"href":"https:\/\/ctab.tn\/fr\/wp-json\/wp\/v2\/pages\/2520\/revisions"}],"predecessor-version":[{"id":8143,"href":"https:\/\/ctab.tn\/fr\/wp-json\/wp\/v2\/pages\/2520\/revisions\/8143"}],"wp:attachment":[{"href":"https:\/\/ctab.tn\/fr\/wp-json\/wp\/v2\/media?parent=2520"}],"curies":[{"name":"wp","href":"https:\/\/api.w.org\/{rel}","templated":true}]}}