{"id":7424,"date":"2025-05-19T19:57:02","date_gmt":"2025-05-19T18:57:02","guid":{"rendered":"https:\/\/www.ctab.tn\/?page_id=7424"},"modified":"2025-12-09T20:08:54","modified_gmt":"2025-12-09T19:08:54","slug":"projets-internationaux","status":"publish","type":"page","link":"https:\/\/ctab.tn\/en\/projets-internationaux\/","title":{"rendered":"International Projects"},"content":{"rendered":"<div data-elementor-type=\"wp-page\" data-elementor-id=\"7424\" class=\"elementor elementor-7424\" data-elementor-post-type=\"page\">\n\t\t\t\t\t\t<section class=\"elementor-section elementor-top-section elementor-element elementor-element-a88efdf elementor-section-boxed elementor-section-height-default elementor-section-height-default\" data-id=\"a88efdf\" data-element_type=\"section\" data-settings=\"{&quot;background_background&quot;:&quot;classic&quot;,&quot;ekit_has_onepagescroll_dot&quot;:&quot;yes&quot;}\">\n\t\t\t\t\t\t<div class=\"elementor-container elementor-column-gap-default\">\n\t\t\t\t\t<div class=\"elementor-column elementor-col-100 elementor-top-column elementor-element elementor-element-5ed99c8\" data-id=\"5ed99c8\" data-element_type=\"column\">\n\t\t\t<div class=\"elementor-widget-wrap elementor-element-populated\">\n\t\t\t\t\t\t<div class=\"elementor-element elementor-element-813d7ce elementor-widget elementor-widget-elementskit-heading\" data-id=\"813d7ce\" data-element_type=\"widget\" data-settings=\"{&quot;ekit_we_effect_on&quot;:&quot;none&quot;}\" data-widget_type=\"elementskit-heading.default\">\n\t\t\t\t<div class=\"elementor-widget-container\">\n\t\t\t\t\t<div class=\"ekit-wid-con\" ><div class=\"ekit-heading elementskit-section-title-wraper center   ekit_heading_tablet-   ekit_heading_mobile-\"><h2 class=\"ekit-heading--title elementskit-section-title\"><span><span>International Projects<\/span><\/span><\/h2><div class=\"ekit_heading_separetor_wraper ekit_heading_elementskit-border-divider elementskit-style-long\"><div class=\"elementskit-border-divider elementskit-style-long\"><\/div><\/div><\/div><\/div>\t\t\t\t<\/div>\n\t\t\t\t<\/div>\n\t\t\t\t\t<\/div>\n\t\t<\/div>\n\t\t\t\t\t<\/div>\n\t\t<\/section>\n\t\t<div class=\"elementor-element elementor-element-1384e59 e-flex e-con-boxed e-con e-parent\" data-id=\"1384e59\" data-element_type=\"container\" data-settings=\"{&quot;ekit_has_onepagescroll_dot&quot;:&quot;yes&quot;}\">\n\t\t\t\t\t<div class=\"e-con-inner\">\n\t\t\t\t<div class=\"elementor-element elementor-element-b94134e elementor-widget elementor-widget-text-editor\" data-id=\"b94134e\" data-element_type=\"widget\" data-settings=\"{&quot;ekit_we_effect_on&quot;:&quot;none&quot;}\" data-widget_type=\"text-editor.default\">\n\t\t\t\t<div class=\"elementor-widget-container\">\n\t\t\t\t\t\t\t\t\t<p>The Technical Center for Organic Agriculture (CTAB) is an organization that supports the transition to organic farming in Tunisia. It implements several international projects aimed at promoting and developing sustainable agricultural practices nationwide.<\/p><p>CTAB\u2019s international projects aim to share knowledge, support the adoption of organic farming techniques, and strengthen cooperation among countries\u2014particularly those seeking to adopt more environmentally friendly practices. These projects may include farmer training, feasibility studies, technical expertise exchanges, and the development of policies that support organic agriculture.<\/p><p>These initiatives may reach various regions across Tunisia where organic farming practices have strong potential for development.<\/p><p>CTAB frequently collaborates with local and international organizations, as well as other stakeholders, to enhance the impact of its projects.<\/p>\t\t\t\t\t\t\t\t<\/div>\n\t\t\t\t<\/div>\n\t\t\t\t<div class=\"elementor-element elementor-element-5b2f189 elementor-widget elementor-widget-elementskit-heading\" data-id=\"5b2f189\" data-element_type=\"widget\" data-settings=\"{&quot;ekit_we_effect_on&quot;:&quot;none&quot;}\" data-widget_type=\"elementskit-heading.default\">\n\t\t\t\t<div class=\"elementor-widget-container\">\n\t\t\t\t\t<div class=\"ekit-wid-con\" ><div class=\"ekit-heading elementskit-section-title-wraper text_center   ekit_heading_tablet-   ekit_heading_mobile-\"><h2 class=\"ekit-heading--title elementskit-section-title\"><span><span>Project Examples: <\/span><\/span><\/h2><div class=\"ekit_heading_separetor_wraper ekit_heading_elementskit-border-divider elementskit-style-long\"><div class=\"elementskit-border-divider elementskit-style-long\"><\/div><\/div><\/div><\/div>\t\t\t\t<\/div>\n\t\t\t\t<\/div>\n\t\t\t\t\t<\/div>\n\t\t\t\t<\/div>\n\t\t<div class=\"elementor-element elementor-element-530576f e-flex e-con-boxed e-con e-parent\" data-id=\"530576f\" data-element_type=\"container\" data-settings=\"{&quot;ekit_has_onepagescroll_dot&quot;:&quot;yes&quot;}\">\n\t\t\t\t\t<div class=\"e-con-inner\">\n\t\t\t\t<div class=\"elementor-element elementor-element-1ea16f1 elementor-widget elementor-widget-ucaddon_uc_icon_accordion\" data-id=\"1ea16f1\" data-element_type=\"widget\" data-settings=\"{&quot;ekit_we_effect_on&quot;:&quot;none&quot;}\" data-widget_type=\"ucaddon_uc_icon_accordion.default\">\n\t\t\t\t<div class=\"elementor-widget-container\">\n\t\t\t\t\t\n<!-- start Icon Accordion -->\n\t\t<link id='font-awesome-css' href='https:\/\/ctab.tn\/wp-content\/plugins\/unlimited-elements-for-elementor-premium\/assets_libraries\/font-awesome6\/fontawesome-all.min.css' type='text\/css' rel='stylesheet' >\n\t\t<link id='font-awesome-4-shim-css' href='https:\/\/ctab.tn\/wp-content\/plugins\/unlimited-elements-for-elementor-premium\/assets_libraries\/font-awesome6\/fontawesome-v4-shims.min.css' type='text\/css' rel='stylesheet' >\n\n<style>\/* widget: Icon Accordion *\/\n\n#uc_uc_icon_accordion_elementor_1ea16f1 *{\n\tbox-sizing: border-box;\n}\n#uc_uc_icon_accordion_elementor_1ea16f1 .uc_container .uc-heading\n{\n\tcursor:pointer;\n    display:flex;\n    align-items:center;\n    transition:0.3s;\n}\n#uc_uc_icon_accordion_elementor_1ea16f1 .uc_container .uc-heading span.bbb\n{\n\tdisplay:block;\n\t\n}\n#uc_uc_icon_accordion_elementor_1ea16f1 .uc_ac_box.uc-item-active span.uc_dactive\n{\n\tdisplay:none;\n}\n#uc_uc_icon_accordion_elementor_1ea16f1 .uc_ac_box:not(.uc-item-active) span.uc_active\n{\n\tdisplay:none;\n}\n\n#uc_uc_icon_accordion_elementor_1ea16f1 .ue_icon_holder,\n#uc_uc_icon_accordion_elementor_1ea16f1 .ue_icon_spacing\n{\n  flex-grow:0;\n  flex-shrink:0; \n}\n#uc_uc_icon_accordion_elementor_1ea16f1 .uc_content{\n\tdisplay: none;\n}\n#uc_uc_icon_accordion_elementor_1ea16f1 .ue_icon\n{\n  display:flex;\n  justify-content:center;\n  align-items:center;\n  line-height:1em;\n  transition:0.3s;\n}\n\n#uc_uc_icon_accordion_elementor_1ea16f1 .ue_icon svg\n{\n  height:1em;\n  width:1em;\n}\n\n#uc_uc_icon_accordion_elementor_1ea16f1 .ue_expand_inside\n{\n  display:flex;\n  justify-content:center;\n  align-items:center;\n  line-height:1em;\n}\n\n#uc_uc_icon_accordion_elementor_1ea16f1 .ue_expand_inside svg\n{\n  height:1em;\n  width:1em;\n}\n\n#uc_uc_icon_accordion_elementor_1ea16f1 .ue_expand,\n#uc_uc_icon_accordion_elementor_1ea16f1 .ue_expand_spacing\n{\n  flex-grow:0;\n  flex-shrink:0;\n}\n\n#uc_uc_icon_accordion_elementor_1ea16f1 .ue_title\n{\n  flex-grow:1;\n}\n\n#uc_uc_icon_accordion_elementor_1ea16f1 .uc_ac_box:last-child\n{\n  margin-bottom:0px;\n}\n\n#uc_uc_icon_accordion_elementor_1ea16f1 .uc_ac_box\n{\n  overflow:hidden;\n}\n#uc_uc_icon_accordion_elementor_1ea16f1_item1 .ue_icon\n{\n  background-color:;\n}\n\n#uc_uc_icon_accordion_elementor_1ea16f1_item1 .uc-heading\n{\n  background-color:;\n}\n#uc_uc_icon_accordion_elementor_1ea16f1_item2 .ue_icon\n{\n  background-color:;\n}\n\n#uc_uc_icon_accordion_elementor_1ea16f1_item2 .uc-heading\n{\n  background-color:;\n}\n#uc_uc_icon_accordion_elementor_1ea16f1_item3 .ue_icon\n{\n  background-color:;\n}\n\n#uc_uc_icon_accordion_elementor_1ea16f1_item3 .uc-heading\n{\n  background-color:;\n}\n#uc_uc_icon_accordion_elementor_1ea16f1_item4 .ue_icon\n{\n  background-color:;\n}\n\n#uc_uc_icon_accordion_elementor_1ea16f1_item4 .uc-heading\n{\n  background-color:;\n}\n\n\n<\/style>\n\n<div class=\"uc_material_accordion\" id=\"uc_uc_icon_accordion_elementor_1ea16f1\" data-name=\"\" data-closeothers=\"true\" >\n    \t<div class=\"uc_container\">\n            \n\n<div id=\"uc_uc_icon_accordion_elementor_1ea16f1_item1\" class=\"uc_ac_box  elementor-repeater-item-314cd94\">\n  <div class=\"uc-heading uc_trigger\">\n    \n        <div class=\"ue_icon_holder\">\n      <div class=\"ue_icon\"><i class='fas fa-leaf'><\/i><\/div>\n    <\/div>\n    <div class=\"ue_icon_spacing\"><\/div>\n        \n    <div class=\"ue_title\">PDPFA-GZ Project<\/div>\n    \n    \n        <div class=\"ue_expand_spacing\"><\/div>\n    <div class=\"ue_expand\">\n      <div class=\"ue_expand_inside\">\n      <span class=\"uc_dactive bbb ue_accordion_icon\" ><i class='fas fa-plus'><\/i><\/span>\n      <span class=\"uc_active bbb ue_accordion_icon\"><i class='fas fa-minus'><\/i><\/span>\n      <\/div>\n    <\/div>\n        \n  <\/div>\n  <!-- end of heading -->\n  \n  \n  <div class=\"uc_content\" >\n          <p><span style=\"color: #008000;\"><strong>PDPFA-GZ Project<\/strong>:<\/span> Projet de D\u00e9veloppement et de Promotion des Fili\u00e8res Agricoles dans le gouvernorat de Zaghouan.<\/p><p><span style=\"color: #008000;\"><strong>*Cadre de travail<\/strong>\u00a0:<\/span><\/p><p>-Un partenariat sp\u00e9cifique entre le Commissariat R\u00e9gional de D\u00e9veloppement Agricole de Zaghouan (CRDA-Zaghouan) et le Centre Technique de l\u2019Agriculture Biologique (CTAB)<\/p><p>- Une convention de partenariat et un contrat de financement pour la \u00ab\u00a0Promotion des fili\u00e8res Agricoles sp\u00e9cifique et de terroir en mode biologique \u00bb.<\/p><p><span style=\"color: #008000;\"><strong>*Description<\/strong>\u00a0:<\/span> Le projet PDPFA-GZ est financ\u00e9 par la Banque africaine de d\u00e9veloppement (African Development Bank).<\/p><p>Le projet a pour objectif global de contribuer \u00e0 la r\u00e9duction de la pauvret\u00e9, du ch\u00f4mage et des in\u00e9galit\u00e9s (genre, socio-\u00e9conomiques et rural-urbain) et pour objectif sp\u00e9cifique de cr\u00e9er davantage de la valeur ajout\u00e9e \u00e0 travers la promotion de fili\u00e8res agricoles prioritaires \"huile d'olive, tomate, lait et autres produits bio du terroir\".<\/p><p>Les principaux axes d\u2019intervention sont\u00a0:<\/p><p>- Appui aux infrastructures rurales<\/p><p>- D\u00e9veloppement agricole durable et cha\u00eenes de valeurs<\/p>\n     \n    \n     \n    \n  <\/div>\n<\/div>\n\n\n<div id=\"uc_uc_icon_accordion_elementor_1ea16f1_item2\" class=\"uc_ac_box  elementor-repeater-item-73cb46d\">\n  <div class=\"uc-heading uc_trigger\">\n    \n        <div class=\"ue_icon_holder\">\n      <div class=\"ue_icon\"><i class='fas fa-leaf'><\/i><\/div>\n    <\/div>\n    <div class=\"ue_icon_spacing\"><\/div>\n        \n    <div class=\"ue_title\">BioREST Project <\/div>\n    \n    \n        <div class=\"ue_expand_spacing\"><\/div>\n    <div class=\"ue_expand\">\n      <div class=\"ue_expand_inside\">\n      <span class=\"uc_dactive bbb ue_accordion_icon\" ><i class='fas fa-plus'><\/i><\/span>\n      <span class=\"uc_active bbb ue_accordion_icon\"><i class='fas fa-minus'><\/i><\/span>\n      <\/div>\n    <\/div>\n        \n  <\/div>\n  <!-- end of heading -->\n  \n  \n  <div class=\"uc_content\" >\n          <p><span style=\"color: #008000;\"><strong>Projet BioREST\u00a0: <\/strong><\/span>Appui au d\u00e9veloppement d\u2019une agriculture biologique durable et r\u00e9siliente dans un contexte de changement climatique en Tunisie (N\u00b0 du projet\u00a0: GCP\/TUN\/044\/SWI).<\/p><p><span style=\"color: #008000;\">*<strong>Cadre de travail<\/strong>\u00a0:<\/span> Partenariat entre le Centre Technique de l\u2019Agriculture Biologique (CTAB) et la Direction G\u00e9n\u00e9ral de l\u2019Agriculture Biologique (GDAB) en Tunisie pour la mise en \u0153uvre et l\u2019ex\u00e9cution des composantes du projet.<\/p><p><span style=\"color: #008000;\">*<strong>Claim Text<\/strong>\u00a0:<\/span> Le projet BIOREST et mis en \u0153uvre par la FAO, avec un appui financier de la coop\u00e9ration suisse, mandat\u00e9 par le FiBL et en collaboration avec la Direction G\u00e9n\u00e9rale de l\u2019Agriculture Biologique (DGAB) sous la tutelle du minist\u00e8re de l\u2019Agriculture, des Ressources Hydrauliques et de la P\u00eache (MARHP). Initi\u00e9 en 01\/11\/2021 jusqu\u2019au 31\/10\/2025.<\/p><p>Autre partenaire\u00a0: Union Tunisienne de l\u2019Agriculture et de la P\u00eache (UTAP) et Union Nationale des Op\u00e9rateurs Bio (UNOBIO)<\/p><p>L\u2019objectif global est appuy\u00e9 l\u2019agriculture biologique en Tunisie comme \u00e9tant un moteur de d\u00e9veloppement territorial durable et inclusif, contribuant ainsi \u00e0 la r\u00e9silience des syst\u00e8mes agricoles au changement climatique, \u00e0 la cr\u00e9ation d\u2019emplois d\u00e9cents pour la population rurale et \u00e0 la s\u00e9curit\u00e9 alimentaire.<\/p><p>Les principaux axes d\u2019intervention sont\u00a0:<\/p><p>-Renforcement des capacit\u00e9s des institutions et les parties prenantes dans le secteur de l\u2019agricultures biologique permettant d\u2019offrir des services fiables aux op\u00e9rateurs Bio en termes de de contr\u00f4le, tra\u00e7abilit\u00e9, supervision et promotion.<\/p><p>-Appuis pour la cr\u00e9ation du laboratoire officiel de l\u2019agriculture biologique install\u00e9 au Centre Technique de l\u2019Agriculture Biologique (CTAB) offre des analyses accr\u00e9dit\u00e9es aux op\u00e9rateurs BIO.<\/p><p>-Renforcement des capacit\u00e9s organisations professionnelles agricoles par l\u2019encadrement et l\u2019assistance technique pour une bonne gestion de leurs syst\u00e8mes de production biologique avec une approche sensible au genre en assurant leurs viabilit\u00e9s et leurs durabilit\u00e9s.<\/p>\n     \n    \n     \n    \n  <\/div>\n<\/div>\n\n\n<div id=\"uc_uc_icon_accordion_elementor_1ea16f1_item3\" class=\"uc_ac_box  elementor-repeater-item-e65bf15\">\n  <div class=\"uc-heading uc_trigger\">\n    \n        <div class=\"ue_icon_holder\">\n      <div class=\"ue_icon\"><i class='fas fa-leaf'><\/i><\/div>\n    <\/div>\n    <div class=\"ue_icon_spacing\"><\/div>\n        \n    <div class=\"ue_title\">ProSol Project <\/div>\n    \n    \n        <div class=\"ue_expand_spacing\"><\/div>\n    <div class=\"ue_expand\">\n      <div class=\"ue_expand_inside\">\n      <span class=\"uc_dactive bbb ue_accordion_icon\" ><i class='fas fa-plus'><\/i><\/span>\n      <span class=\"uc_active bbb ue_accordion_icon\"><i class='fas fa-minus'><\/i><\/span>\n      <\/div>\n    <\/div>\n        \n  <\/div>\n  <!-- end of heading -->\n  \n  \n  <div class=\"uc_content\" >\n          <p><span style=\"color: #008000;\"><strong>ProSol Project<\/strong>\u00a0:<\/span> Protection et r\u00e9habilitation des sols d\u00e9grad\u00e9s en Tunisie.<\/p><p><span style=\"color: #008000;\">*<strong>Cadre de travail<\/strong>\u00a0:<\/span><\/p><p>-Un partenariat sp\u00e9cifique entre la GIZ et le Centre Technique de l\u2019Agriculture Biologique (CTAB) a \u00e9t\u00e9 \u00e9tablie dans le cadre du Projet ProSOl \u00e0 travers un contrat de financement (n\u00b0 81289136) pour la \u00ab\u00a0<span style=\"color: #008000;\"><strong>Promotion et mise \u00e0 \u00e9chelle des bonnes pratiques en agriculture Biologique dans les syst\u00e8mes agricoles du Nord-Ouest et du Centre Ouest de la Tunisie pour la protection des sols et promotion des chaines de valeurs<\/strong><strong>\u00a0<\/strong>\u00bb.<\/span><\/p><p><span style=\"color: #008000;\">*<strong>Claim Text<\/strong>\u00a0:<\/span> Le projet ProSol est mandat\u00e9 par le Minist\u00e8re F\u00e9d\u00e9ral Allemand de la Coop\u00e9ration Economique du D\u00e9veloppement (BMZ), mis en \u0153uvre par la GIZ Tunisie en collaboration avec la Direction G\u00e9n\u00e9rale de l\u2019Am\u00e9nagement et de la Conservation des Terres Agricoles (DGACTA) sous la tutelle du minist\u00e8re de l\u2019Agriculture, des Ressources Hydrauliques et de la P\u00eache (MARHP).<\/p><p>Le projet ProSol vise \u00e0 promouvoir des approches durables et des bonnes pratiques dans la protection et la r\u00e9habilitation des sols d\u00e9grad\u00e9s \u00e0 grande \u00e9chelle dans le Centre-Ouest et le Nord-Ouest de la Tunisie.<\/p><p>Pour cela, le projet s\u2019engage fortement dans la capitalisation des exp\u00e9riences et des approches et \u00e0 l\u2019ancrage de la th\u00e9matique de la protection et de la r\u00e9habilitation des sols conjointement avec ses partenaires pour p\u00e9renniser et mettre \u00e0 l\u2019\u00e9chelle ces r\u00e9sultats.<\/p><p>Les champs d\u2019action du projet sont\u00a0:<\/p><p>-Mise en oeuvre des mesures de protection et de r\u00e9habilitation des sols d\u00e9grad\u00e9s.<\/p><p>-Ancrage politique, institutionnel et social de la th\u00e9matique de la protection des sols.<\/p><p>-Gestion des connaissances et r\u00e9seautage.<\/p>\n     \n    \n     \n    \n  <\/div>\n<\/div>\n\n\n<div id=\"uc_uc_icon_accordion_elementor_1ea16f1_item4\" class=\"uc_ac_box  elementor-repeater-item-06ec4c8\">\n  <div class=\"uc-heading uc_trigger\">\n    \n        <div class=\"ue_icon_holder\">\n      <div class=\"ue_icon\"><i class='fas fa-leaf'><\/i><\/div>\n    <\/div>\n    <div class=\"ue_icon_spacing\"><\/div>\n        \n    <div class=\"ue_title\">KHNA Project <\/div>\n    \n    \n        <div class=\"ue_expand_spacing\"><\/div>\n    <div class=\"ue_expand\">\n      <div class=\"ue_expand_inside\">\n      <span class=\"uc_dactive bbb ue_accordion_icon\" ><i class='fas fa-plus'><\/i><\/span>\n      <span class=\"uc_active bbb ue_accordion_icon\"><i class='fas fa-minus'><\/i><\/span>\n      <\/div>\n    <\/div>\n        \n  <\/div>\n  <!-- end of heading -->\n  \n  \n  <div class=\"uc_content\" >\n          <p><span style=\"color: #008000;\"><strong>KHNA Project<\/strong>\u00a0:<\/span> P\u00f4le de Connaissances de l'Agriculture Biologique en Afrique du Nord \u2013 KHNA\u00bb (Knowledge Hub for Organic Agriculture in North Africa).<\/p><p><span style=\"color: #008000;\">*<strong>Cadre de travail<\/strong>\u00a0:<\/span> Contrat de financement (n\u00b0\u00a0:CTAB-2020-OKH) entre le Centre Technique de l\u2019Agriculture Biologique (CTAB) et l\u2019association des amis de SEKEM (SEKEM\u00a0-Freund Deutchland)<\/p><p><span style=\"color: #008000;\">*<strong>Description\u00a0:<\/strong><\/span> Le projet KHNA est l\u2019un des cinq p\u00f4les de connaissances (Nord, Sud, Centre, Est et Ouest) pour la promotion de l'agriculture biologique pr\u00e9vus par un projet global \u201cCentre de Connaissances de l'Agriculture Biologique en Afrique- KCOA- (Knowledge Center for Organic Agriculture in Africa). Il est appel\u00e9 \u00e0 devenir un r\u00e9seau innovant pour la promotion de l'agriculture biologique dans le continent africain \u00e0 travers une bonne gestion et diffusion des produits de connaissances portant sur les bonnes pratiques de l\u2019agriculture biologique et de l\u2019agro\u00e9cologie.\u00a0\u00a0\u00a0<\/p><p>Ce projet est financ\u00e9 par le Minist\u00e8re allemand de la Cooperation \u00e9conomique et du D\u00e9veloppement (BMZ) et mis en \u0153uvre par la\u00a0Deutsche\u00a0Gesellschaft f\u00fcr Internationale Zusammenarbeit\u00a0(GIZ) GmbH et en partenariat avec Le Centre Technique de l\u2019Agriculture Biologique (Tunisie) , la fondation SEKEM (Egypt), Universit\u00e9 Heliopolis (Egypt), et la F\u00e9d\u00e9ration Interprofessionnelle Marocaine de la Fili\u00e8re Bio \u2013 FIMABIO (Maroc) et L\u2019association des amis de SEKEM (SEKEM\u00a0-Freund Deutchland).<\/p>\n     \n    \n     \n    \n  <\/div>\n<\/div>\n\n        <\/div>\n<\/div>\n<!-- end Icon Accordion -->\t\t\t\t<\/div>\n\t\t\t\t<\/div>\n\t\t\t\t\t<\/div>\n\t\t\t\t<\/div>\n\t\t<div class=\"elementor-element elementor-element-0dc64fb e-flex e-con-boxed e-con e-parent\" data-id=\"0dc64fb\" data-element_type=\"container\" data-settings=\"{&quot;ekit_has_onepagescroll_dot&quot;:&quot;yes&quot;}\">\n\t\t\t\t\t<div class=\"e-con-inner\">\n\t\t\t\t<div class=\"elementor-element elementor-element-a106c5b elementor-widget elementor-widget-image\" data-id=\"a106c5b\" data-element_type=\"widget\" data-settings=\"{&quot;ekit_we_effect_on&quot;:&quot;none&quot;}\" data-widget_type=\"image.default\">\n\t\t\t\t<div class=\"elementor-widget-container\">\n\t\t\t\t\t\t\t\t\t\t\t\t\t\t\t<img decoding=\"async\" src=\"https:\/\/ctab.tn\/wp-content\/uploads\/elementor\/thumbs\/Exemples-de-Projet--r61zb2xd89gq9x7w3jpx1edlo2sx12xqch7r9w5m9y.png\" title=\"Exemples de Projet\" alt=\"Exemples de Projet\" loading=\"lazy\" \/>\t\t\t\t\t\t\t\t\t\t\t\t\t\t\t<\/div>\n\t\t\t\t<\/div>\n\t\t\t\t\t<\/div>\n\t\t\t\t<\/div>\n\t\t<div class=\"elementor-element elementor-element-70d98f5 e-flex e-con-boxed e-con e-parent\" data-id=\"70d98f5\" data-element_type=\"container\" data-settings=\"{&quot;ekit_has_onepagescroll_dot&quot;:&quot;yes&quot;}\">\n\t\t\t\t\t<div class=\"e-con-inner\">\n\t\t\t\t<div class=\"elementor-element elementor-element-3a71eb2 elementor-widget elementor-widget-spacer\" data-id=\"3a71eb2\" data-element_type=\"widget\" data-settings=\"{&quot;ekit_we_effect_on&quot;:&quot;none&quot;}\" data-widget_type=\"spacer.default\">\n\t\t\t\t<div class=\"elementor-widget-container\">\n\t\t\t\t\t\t\t<div class=\"elementor-spacer\">\n\t\t\t<div class=\"elementor-spacer-inner\"><\/div>\n\t\t<\/div>\n\t\t\t\t\t\t<\/div>\n\t\t\t\t<\/div>\n\t\t\t\t\t<\/div>\n\t\t\t\t<\/div>\n\t\t\t\t<\/div>","protected":false},"excerpt":{"rendered":"<p>Projets Internationaux Le Centre Technique de l&#8217;Agriculture Biologique (CTAB) est une organisation qui soutient la transition vers l&#8217;agriculture biologique en Tunisie. Il m\u00e8ne plusieurs projets internationaux visant \u00e0 promouvoir et d\u00e9velopper des pratiques agricoles durables \u00e0 l&#8217;\u00e9chelle Nationale. Les projets internationaux du CTAB ont pour objectif de partager des connaissances, d\u2019aider \u00e0 l\u2019adoption de techniques [&hellip;]<\/p>","protected":false},"author":31,"featured_media":0,"parent":0,"menu_order":0,"comment_status":"closed","ping_status":"closed","template":"","meta":{"site-sidebar-layout":"no-sidebar","site-content-layout":"","ast-site-content-layout":"full-width-container","site-content-style":"default","site-sidebar-style":"default","ast-global-header-display":"","ast-banner-title-visibility":"","ast-main-header-display":"","ast-hfb-above-header-display":"","ast-hfb-below-header-display":"","ast-hfb-mobile-header-display":"","site-post-title":"disabled","ast-breadcrumbs-content":"","ast-featured-img":"disabled","footer-sml-layout":"","ast-disable-related-posts":"","theme-transparent-header-meta":"default","adv-header-id-meta":"","stick-header-meta":"default","header-above-stick-meta":"","header-main-stick-meta":"","header-below-stick-meta":"","astra-migrate-meta-layouts":"set","ast-page-background-enabled":"default","ast-page-background-meta":{"desktop":{"background-color":"var(--ast-global-color-4)","background-image":"","background-repeat":"repeat","background-position":"center center","background-size":"auto","background-attachment":"scroll","background-type":"","background-media":"","overlay-type":"","overlay-color":"","overlay-opacity":"","overlay-gradient":""},"tablet":{"background-color":"","background-image":"","background-repeat":"repeat","background-position":"center center","background-size":"auto","background-attachment":"scroll","background-type":"","background-media":"","overlay-type":"","overlay-color":"","overlay-opacity":"","overlay-gradient":""},"mobile":{"background-color":"","background-image":"","background-repeat":"repeat","background-position":"center center","background-size":"auto","background-attachment":"scroll","background-type":"","background-media":"","overlay-type":"","overlay-color":"","overlay-opacity":"","overlay-gradient":""}},"ast-content-background-meta":{"desktop":{"background-color":"var(--ast-global-color-5)","background-image":"","background-repeat":"repeat","background-position":"center center","background-size":"auto","background-attachment":"scroll","background-type":"","background-media":"","overlay-type":"","overlay-color":"","overlay-opacity":"","overlay-gradient":""},"tablet":{"background-color":"var(--ast-global-color-5)","background-image":"","background-repeat":"repeat","background-position":"center center","background-size":"auto","background-attachment":"scroll","background-type":"","background-media":"","overlay-type":"","overlay-color":"","overlay-opacity":"","overlay-gradient":""},"mobile":{"background-color":"var(--ast-global-color-5)","background-image":"","background-repeat":"repeat","background-position":"center center","background-size":"auto","background-attachment":"scroll","background-type":"","background-media":"","overlay-type":"","overlay-color":"","overlay-opacity":"","overlay-gradient":""}},"footnotes":""},"class_list":["post-7424","page","type-page","status-publish","hentry"],"_links":{"self":[{"href":"https:\/\/ctab.tn\/en\/wp-json\/wp\/v2\/pages\/7424","targetHints":{"allow":["GET"]}}],"collection":[{"href":"https:\/\/ctab.tn\/en\/wp-json\/wp\/v2\/pages"}],"about":[{"href":"https:\/\/ctab.tn\/en\/wp-json\/wp\/v2\/types\/page"}],"author":[{"embeddable":true,"href":"https:\/\/ctab.tn\/en\/wp-json\/wp\/v2\/users\/31"}],"replies":[{"embeddable":true,"href":"https:\/\/ctab.tn\/en\/wp-json\/wp\/v2\/comments?post=7424"}],"version-history":[{"count":40,"href":"https:\/\/ctab.tn\/en\/wp-json\/wp\/v2\/pages\/7424\/revisions"}],"predecessor-version":[{"id":10223,"href":"https:\/\/ctab.tn\/en\/wp-json\/wp\/v2\/pages\/7424\/revisions\/10223"}],"wp:attachment":[{"href":"https:\/\/ctab.tn\/en\/wp-json\/wp\/v2\/media?parent=7424"}],"curies":[{"name":"wp","href":"https:\/\/api.w.org\/{rel}","templated":true}]}}