{"id":7016,"date":"2024-01-15T15:45:54","date_gmt":"2024-01-15T14:45:54","guid":{"rendered":"https:\/\/www.ctab.tn\/contact\/"},"modified":"2026-04-20T20:39:37","modified_gmt":"2026-04-20T19:39:37","slug":"contact","status":"publish","type":"page","link":"https:\/\/ctab.tn\/en\/contact\/","title":{"rendered":"Contact"},"content":{"rendered":"<div data-elementor-type=\"wp-page\" data-elementor-id=\"7016\" class=\"elementor elementor-7016\" data-elementor-post-type=\"page\">\n\t\t\t\t\t\t<section class=\"elementor-section elementor-top-section elementor-element elementor-element-77f2eeb elementor-section-boxed elementor-section-height-default elementor-section-height-default\" data-id=\"77f2eeb\" data-element_type=\"section\" data-settings=\"{&quot;ekit_has_onepagescroll_dot&quot;:&quot;yes&quot;}\">\n\t\t\t\t\t\t<div class=\"elementor-container elementor-column-gap-default\">\n\t\t\t\t\t<div class=\"elementor-column elementor-col-50 elementor-top-column elementor-element elementor-element-34989d7d\" data-id=\"34989d7d\" data-element_type=\"column\">\n\t\t\t<div class=\"elementor-widget-wrap elementor-element-populated\">\n\t\t\t\t\t\t<div class=\"elementor-element elementor-element-5f11cefe elementor-widget elementor-widget-elementskit-heading\" data-id=\"5f11cefe\" data-element_type=\"widget\" data-settings=\"{&quot;ekit_we_effect_on&quot;:&quot;none&quot;}\" data-widget_type=\"elementskit-heading.default\">\n\t\t\t\t<div class=\"elementor-widget-container\">\n\t\t\t\t\t<div class=\"ekit-wid-con\" ><div class=\"ekit-heading elementskit-section-title-wraper text_center   ekit_heading_tablet-   ekit_heading_mobile-\"><h2 class=\"ekit-heading--title elementskit-section-title\">Contact Us!<\/h2><\/div><\/div>\t\t\t\t<\/div>\n\t\t\t\t<\/div>\n\t\t\t\t<div class=\"elementor-element elementor-element-8465a38 ekit-fluent-form-widget-step-header-yes ekit-fluent-form-widget-step-progressbar-yes fluentform-widget-submit-button-custom elementor-widget elementor-widget-elementskit-fluent-forms\" data-id=\"8465a38\" data-element_type=\"widget\" data-settings=\"{&quot;ekit_we_effect_on&quot;:&quot;none&quot;}\" data-widget_type=\"elementskit-fluent-forms.default\">\n\t\t\t\t<div class=\"elementor-widget-container\">\n\t\t\t\t\t<div class=\"ekit-wid-con\">\n            <div class=\"fluentform-widget-wrapper fluentform-widget-align-default\">\n\n                \n                <div class='fluentform ff-inherit-theme-style fluentform_wrapper_1'><form data-form_id=\"1\" id=\"fluentform_1\" class=\"frm-fluent-form fluent_form_1 ff-el-form-top ff_form_instance_1_1 ff-form-loading ffs_inherit_theme\" data-form_instance=\"ff_form_instance_1_1\" method=\"POST\" action=\"\" ><fieldset  style=\"border: none!important;margin: 0!important;padding: 0!important;background-color: transparent!important;box-shadow: none!important;outline: none!important; min-inline-size: 100%;\">\n                    <legend class=\"ff_screen_reader_title\" style=\"display: block; margin: 0!important;padding: 0!important;height: 0!important;text-indent: -999999px;width: 0!important;overflow:hidden;\">Contact<\/legend><input type='hidden' name='__fluent_form_embded_post_id' value='7016' \/><input type=\"hidden\" id=\"_fluentform_1_fluentformnonce\" name=\"_fluentform_1_fluentformnonce\" value=\"b7d07a4cee\" \/><input type=\"hidden\" name=\"_wp_http_referer\" value=\"\/fr\/contact\/\" \/><div data-type=\"name-element\" data-name=\"names\" class=\"ff-field_container ff-name-field-wrapper\" ><div class='ff-t-container'><div class='ff-t-cell'><div class='ff-el-group'><div class=\"ff-el-input--label ff-el-is-required asterisk-right\"><label for='ff_1_names_first_name_' id='label_ff_1_names_first_name_' >Last Name<\/label><\/div><div class='ff-el-input--content'><input type=\"text\" name=\"names[first_name]\" id=\"ff_1_names_first_name_\" class=\"ff-el-form-control\" placeholder=\"Last Name\" aria-invalid=\"false\" aria-required=\"true\"><\/div><\/div><\/div><div class='ff-t-cell'><div class='ff-el-group'><div class=\"ff-el-input--label ff-el-is-required asterisk-right\"><label for='ff_1_names_last_name_' id='label_ff_1_names_last_name_' >First name<\/label><\/div><div class='ff-el-input--content'><input type=\"text\" name=\"names[last_name]\" id=\"ff_1_names_last_name_\" class=\"ff-el-form-control\" placeholder=\"First name\" aria-invalid=\"false\" aria-required=\"true\"><\/div><\/div><\/div><\/div><\/div><div class='ff-el-group'><div class=\"ff-el-input--label ff-el-is-required asterisk-right\"><label for='ff_1_phone' id='label_ff_1_phone' aria-label=\"Phone\">Phone<\/label><\/div><div class='ff-el-input--content'><input name=\"phone\" class=\"ff-el-form-control ff-el-phone ff_el_with_extended_validation\" type=\"tel\" placeholder=\"Num\u00e9ro de portable\" data-name=\"phone\" id=\"ff_1_phone\" inputmode=\"tel\"  aria-invalid='false' aria-required=\"true\"><\/div><\/div><div data-type=\"name-element\" data-name=\"names_1\" class=\"ff-field_container ff-name-field-wrapper\" ><div class='ff-t-container'><div class='ff-t-cell'><div class='ff-el-group  ff-el-form-top'><div class=\"ff-el-input--label ff-el-is-required asterisk-right\"><label for='ff_1_names_1_first_name_' id='label_ff_1_names_1_first_name_' >job<\/label><\/div><div class='ff-el-input--content'><input type=\"text\" name=\"names_1[first_name]\" id=\"ff_1_names_1_first_name_\" class=\"ff-el-form-control\" placeholder=\"job\" aria-invalid=\"false\" aria-required=\"true\"><\/div><\/div><\/div><\/div><\/div><div class='ff-el-group'><div class=\"ff-el-input--label ff-el-is-required asterisk-right\"><label for='ff_1_description' id='label_ff_1_description' aria-label=\"Subject\">Subject<\/label><\/div><div class='ff-el-input--content'><textarea aria-required=\"true\" aria-labelledby=\"label_ff_1_description\" name=\"description\" id=\"ff_1_description\" class=\"ff-el-form-control\" rows=\"3\" cols=\"2\" data-name=\"description\" ><\/textarea><\/div><\/div><div data-name=\"ff_cn_id_1\"  class='ff-t-container ff-column-container ff_columns_total_1'><div class='ff-t-cell ff-t-column-1' style='flex-basis: 100%;'><\/div><\/div><div class='ff-el-group ff-text-left custom-submit-btn ff_submit_btn_wrapper'><button type=\"submit\" class=\"ff-btn ff-btn-submit ff-btn-lg ff_btn_no_style\"  aria-label=\"Send\">Send<\/button><\/div><\/fieldset><input type=\"hidden\" name=\"trp-form-language\" value=\"en\"\/><\/form><div id='fluentform_1_errors' class='ff-errors-in-stack ff_form_instance_1_1 ff-form-loading_errors ff_form_instance_1_1_errors'><\/div><\/div>            <script type=\"text\/javascript\">\n                window.fluent_form_ff_form_instance_1_1 = {\"id\":\"1\",\"settings\":{\"layout\":{\"labelPlacement\":\"top\",\"helpMessagePlacement\":\"with_label\",\"errorMessagePlacement\":\"inline\",\"cssClassName\":\"\",\"asteriskPlacement\":\"asterisk-right\"},\"restrictions\":{\"denyEmptySubmission\":{\"enabled\":false}}},\"form_instance\":\"ff_form_instance_1_1\",\"form_id_selector\":\"fluentform_1\",\"rules\":{\"names[first_name]\":{\"required\":{\"value\":true,\"message\":\"Ce champ est obligatoire\",\"global\":false,\"global_message\":\"This field is required\"}},\"names[middle_name]\":{\"required\":{\"value\":false,\"message\":\"This field is required\",\"global\":false,\"global_message\":\"This field is required\"}},\"names[last_name]\":{\"required\":{\"value\":true,\"message\":\"Ce champ est obligatoire\",\"global\":false,\"global_message\":\"This field is required\"}},\"phone\":{\"required\":{\"value\":true,\"global\":true,\"message\":\"This field is required\",\"global_message\":\"This field is required\"},\"valid_phone_number\":{\"value\":true,\"global\":true,\"message\":\"Phone number is not valid\",\"global_message\":\"Phone number is not valid\"}},\"names_1[first_name]\":{\"required\":{\"value\":true,\"message\":\"This field is required\",\"global_message\":\"This field is required\",\"global\":true}},\"names_1[middle_name]\":{\"required\":{\"value\":false,\"message\":\"This field is required\",\"global_message\":\"This field is required\",\"global\":true}},\"names_1[last_name]\":{\"required\":{\"value\":false,\"message\":\"This field is required\",\"global_message\":\"This field is required\",\"global\":true}},\"description\":{\"required\":{\"value\":true,\"message\":\"This field is required\",\"global_message\":\"This field is required\",\"global\":true}}},\"debounce_time\":300};\n                            <\/script>\n                        <\/div>\n\n            <\/div>\t\t\t\t<\/div>\n\t\t\t\t<\/div>\n\t\t\t\t\t<\/div>\n\t\t<\/div>\n\t\t\t\t<div class=\"elementor-column elementor-col-50 elementor-top-column elementor-element elementor-element-3ce06de3\" data-id=\"3ce06de3\" data-element_type=\"column\">\n\t\t\t<div class=\"elementor-widget-wrap elementor-element-populated\">\n\t\t\t\t\t\t<div class=\"elementor-element elementor-element-6ba5d90 elementor-widget__width-inherit elementor-widget elementor-widget-html\" data-id=\"6ba5d90\" data-element_type=\"widget\" data-settings=\"{&quot;ekit_we_effect_on&quot;:&quot;none&quot;}\" data-widget_type=\"html.default\">\n\t\t\t\t<div class=\"elementor-widget-container\">\n\t\t\t\t\t<iframe src=\"https:\/\/www.google.com\/maps\/embed?pb=!1m18!1m12!1m3!1d3231.0732199947515!2d10.567104111060774!3d35.920707772396334!2m3!1f0!2f0!3f0!3m2!1i1024!2i768!4f13.1!3m3!1m2!1s0x12fd890152a9d121%3A0x429317a023f166eb!2sCentre%20Technique%20d%E2%80%99Agriculture%20Biologique!5e0!3m2!1sfr!2stn!4v1738494212952!5m2!1sfr!2stn\" width=\"800\" height=\"600\" style=\"border:0;\" allowfullscreen=\"\" loading=\"lazy\" referrerpolicy=\"no-referrer-when-downgrade\"><\/iframe>\t\t\t\t<\/div>\n\t\t\t\t<\/div>\n\t\t\t\t\t<\/div>\n\t\t<\/div>\n\t\t\t\t\t<\/div>\n\t\t<\/section>\n\t\t<div class=\"elementor-element elementor-element-ae2bcd8 e-flex e-con-boxed e-con e-parent\" data-id=\"ae2bcd8\" data-element_type=\"container\" data-settings=\"{&quot;ekit_has_onepagescroll_dot&quot;:&quot;yes&quot;}\">\n\t\t\t\t\t<div class=\"e-con-inner\">\n\t\t\t\t<div class=\"elementor-element elementor-element-f1be2fc elementor-widget elementor-widget-elementskit-heading\" data-id=\"f1be2fc\" data-element_type=\"widget\" data-settings=\"{&quot;ekit_we_effect_on&quot;:&quot;none&quot;}\" data-widget_type=\"elementskit-heading.default\">\n\t\t\t\t<div class=\"elementor-widget-container\">\n\t\t\t\t\t<div class=\"ekit-wid-con\" ><div class=\"ekit-heading elementskit-section-title-wraper text_center   ekit_heading_tablet-   ekit_heading_mobile-\"><h2 class=\"ekit-heading--title elementskit-section-title\">Essential Information:<\/h2><\/div><\/div>\t\t\t\t<\/div>\n\t\t\t\t<\/div>\n\t\t\t\t\t<\/div>\n\t\t\t\t<\/div>\n\t\t<div class=\"elementor-element elementor-element-6482c17f e-con-full e-flex e-con e-parent\" data-id=\"6482c17f\" data-element_type=\"container\" id=\"xs_accor_box_shadow_round\" data-settings=\"{&quot;background_background&quot;:&quot;classic&quot;,&quot;ekit_has_onepagescroll_dot&quot;:&quot;yes&quot;}\">\n\t\t\t\t<div class=\"elementor-element elementor-element-6855b640 elementor-widget__width-inherit elementor-widget-mobile__width-inherit accordion-indent-fix elementor-widget elementor-widget-elementskit-accordion\" data-id=\"6855b640\" data-element_type=\"widget\" data-settings=\"{&quot;ekit_we_effect_on&quot;:&quot;none&quot;}\" data-widget_type=\"elementskit-accordion.default\">\n\t\t\t\t<div class=\"elementor-widget-container\">\n\t\t\t\t\t<div class=\"ekit-wid-con\" >\n        <div class=\"elementskit-accordion accoedion-primary\" id=\"accordion-69f16194d2973\">\n\n            \n                <div class=\"elementskit-card active\">\n                    <div class=\"elementskit-card-header\" id=\"primaryHeading-0-6855b640\">\n                        <a href=\"#collapse-e68598c69f16194d2973\" class=\"ekit-accordion--toggler elementskit-btn-link collapsed\" data-ekit-toggle=\"collapse\" data-target=\"#Collapse-e68598c69f16194d2973\" aria-expanded=\"true\" aria-controls=\"Collapse-e68598c69f16194d2973\">\n                            \n                            <span class=\"ekit-accordion-title\">Contact and information<\/span>\n\n                            \n                                <div class=\"ekit_accordion_icon_group\">\n                                    <div class=\"ekit_accordion_normal_icon\">\n                                        <!-- Normal Icon -->\n\t\t\t\t\t\t\t\t\t\t<i class=\"icon icon-chevron-down-circle\"><\/i>                                    <\/div>\n\n                                    <div class=\"ekit_accordion_active_icon\">\n                                        <!-- Active Icon -->\n\t\t\t\t\t\t\t\t\t\t<i class=\"icon icon-chevron-up-circle\"><\/i>                                    <\/div>\n                                <\/div>\n\n                            \n                                                    <\/a>\n                    <\/div>\n\n                    <div id=\"Collapse-e68598c69f16194d2973\" class=\"show collapse\" aria-labelledby=\"primaryHeading-0-6855b640\" data-parent=\"#accordion-69f16194d2973\">\n\n                        <div class=\"elementskit-card-body ekit-accordion--content\">\n                            <h4>\ud83d\udcde Contact et informations<\/h4><ul><li>\ud83d\udccd <strong>Address :<\/strong> P.O Box. 54, 4042 Chott Mariem -\n\nSousse - Tunisia<\/li><li>\ud83d\udcde <strong>Phone:<\/strong> (+216) 73 32 72 78 - (+216) 73 32 72 79<\/li><li>\ud83d\udce0 <strong>Fax: <\/strong>(+216) 73 32 72 77<\/li><li>\ud83d\udce7 <strong>Mail:<\/strong> <a style=\"color: black\" href=\"mailto:contact@ctab.tn\">contact@ctab.tn<\/a><\/li><\/ul>                        <\/div>\n\n                    <\/div>\n\n                <\/div><!-- .elementskit-card END -->\n\n                \n                <div class=\"elementskit-card\">\n                    <div class=\"elementskit-card-header\" id=\"primaryHeading-1-6855b640\">\n                        <a href=\"#collapse-bc2283069f16194d2973\" class=\"ekit-accordion--toggler elementskit-btn-link collapsed\" data-ekit-toggle=\"collapse\" data-target=\"#Collapse-bc2283069f16194d2973\" aria-expanded=\"false\" aria-controls=\"Collapse-bc2283069f16194d2973\">\n                            \n                            <span class=\"ekit-accordion-title\">Access to the center<\/span>\n\n                            \n                                <div class=\"ekit_accordion_icon_group\">\n                                    <div class=\"ekit_accordion_normal_icon\">\n                                        <!-- Normal Icon -->\n\t\t\t\t\t\t\t\t\t\t<i class=\"icon icon-chevron-down-circle\"><\/i>                                    <\/div>\n\n                                    <div class=\"ekit_accordion_active_icon\">\n                                        <!-- Active Icon -->\n\t\t\t\t\t\t\t\t\t\t<i class=\"icon icon-chevron-up-circle\"><\/i>                                    <\/div>\n                                <\/div>\n\n                            \n                                                    <\/a>\n                    <\/div>\n\n                    <div id=\"Collapse-bc2283069f16194d2973\" class=\"collapse\" aria-labelledby=\"primaryHeading-1-6855b640\" data-parent=\"#accordion-69f16194d2973\">\n\n                        <div class=\"elementskit-card-body ekit-accordion--content\">\n                            <p>\ud83d\udee3\ufe0f <strong>If you are coming from the north,<\/strong>you can exit the highway at <strong>Hergla<\/strong> or <strong>Kantaoui<\/strong>.<\/p><p>\ud83d\udee3\ufe0f <strong>If you are coming from the south,<\/strong>you can exit the highway at <strong>Sousse Sud<\/strong> or <strong>Kantaoui<\/strong>.<\/p><p>\ud83d\ude8d <strong>From Sousse,<\/strong>the center is accessible by:<\/p><ul><li>\ud83d\ude8c <strong>Bus<\/strong> : lines 16 or 12<\/li><li>\ud83d\ude96 <strong>Taxis and rental cars<\/strong> to <strong>Chott Mariem<\/strong> or <strong>Hergla<\/strong><\/li><\/ul><p>\ud83c\udd7f\ufe0f <strong>The center has a parking.<\/strong><\/p><p>\ud83d\udd14 <strong>A special doorbell<\/strong> for persons with reduced mobility is located at the main entrance.<\/p>                        <\/div>\n\n                    <\/div>\n\n                <\/div><!-- .elementskit-card END -->\n\n                \n                <div class=\"elementskit-card\">\n                    <div class=\"elementskit-card-header\" id=\"primaryHeading-2-6855b640\">\n                        <a href=\"#collapse-98b1eb369f16194d2973\" class=\"ekit-accordion--toggler elementskit-btn-link collapsed\" data-ekit-toggle=\"collapse\" data-target=\"#Collapse-98b1eb369f16194d2973\" aria-expanded=\"false\" aria-controls=\"Collapse-98b1eb369f16194d2973\">\n                            \n                            <span class=\"ekit-accordion-title\">Working hours<\/span>\n\n                            \n                                <div class=\"ekit_accordion_icon_group\">\n                                    <div class=\"ekit_accordion_normal_icon\">\n                                        <!-- Normal Icon -->\n\t\t\t\t\t\t\t\t\t\t<i class=\"icon icon-chevron-down-circle\"><\/i>                                    <\/div>\n\n                                    <div class=\"ekit_accordion_active_icon\">\n                                        <!-- Active Icon -->\n\t\t\t\t\t\t\t\t\t\t<i class=\"icon icon-chevron-up-circle\"><\/i>                                    <\/div>\n                                <\/div>\n\n                            \n                                                    <\/a>\n                    <\/div>\n\n                    <div id=\"Collapse-98b1eb369f16194d2973\" class=\"collapse\" aria-labelledby=\"primaryHeading-2-6855b640\" data-parent=\"#accordion-69f16194d2973\">\n\n                        <div class=\"elementskit-card-body ekit-accordion--content\">\n                            <h4>\ud83d\udcc5 Working hours :<\/h4><ul><li><strong>From Monday to Thursday:<\/strong> 8:30 am to 12:30 am<\/li><li><strong>Friday:<\/strong> 1:30 pm to 5:30 pm<\/li><\/ul><h4>\ud83c\udf1e Summer Hours<\/h4><ul><li><strong>From Monday to Thursday:<\/strong> 8:00am to 2:30 pm<\/li><li><strong>Friday:<\/strong> 8:00am to 1:30 pm<\/li><\/ul><h4>\ud83c\udf19During the month of Ramadhan<\/h4><ul><li><strong>From Monday to Thursday:<\/strong> 8:00am to 2:30 pm<\/li><li><strong>Friday:<\/strong> 8:00am to 1:30 pm<\/li><\/ul>                        <\/div>\n\n                    <\/div>\n\n                <\/div><!-- .elementskit-card END -->\n\n                                                        <script type=\"application\/ld+json\">{\"@context\":\"https:\/\/schema.org\",\"@type\":\"FAQPage\",\"mainEntity\":[{\"@type\":\"Question\",\"name\":\"Contact et informations\",\"acceptedAnswer\":{\"@type\":\"Answer\",\"text\":\"<h4>\ud83d\udcde Contact et informations<\/h4><ul><li>\ud83d\udccd <strong>Adresse :<\/strong> B.P.54 - Chott Mariem 4042 Sousse, Tunisie<\/li><li>\ud83d\udcde <strong>T\u00e9l\u00e9phone :<\/strong> (+216) 73 32 72 78 - (+216) 73 32 72 79<\/li><li>\ud83d\udce0 <strong>Fax : <\/strong>(+216) 73 32 72 77<\/li><li>\ud83d\udce7 <strong>Email :<\/strong> <a style=\\\"color: black\\\" href=\\\"mailto:contact@ctab.tn\\\">contact@ctab.tn<\/a><\/li><\/ul>\"}},{\"@type\":\"Question\",\"name\":\"Acc\u00e8s au centre\",\"acceptedAnswer\":{\"@type\":\"Answer\",\"text\":\"<p>\ud83d\udee3\ufe0f <strong>Si vous venez du nord<\/strong>, vous pouvez quitter l\u2019autoroute \u00e0 <strong>Hergla<\/strong> ou <strong>Kantaoui<\/strong>.<\/p><p>\ud83d\udee3\ufe0f <strong>Si vous venez du sud<\/strong>, vous pouvez quitter l\u2019autoroute \u00e0 <strong>Sousse Sud<\/strong> ou <strong>Kantaoui<\/strong>.<\/p><p>\ud83d\ude8d <strong>Depuis Sousse<\/strong>, le centre est accessible via :<\/p><ul><li>\ud83d\ude8c <strong>Bus<\/strong> : n\u00b0 16 ou 12<\/li><li>\ud83d\ude96 <strong>Taxis et voitures de location<\/strong> vers <strong>Chott Mariem<\/strong> ou <strong>Hergla<\/strong><\/li><\/ul><p>\ud83c\udd7f\ufe0f <strong>Le centre est \u00e9quip\u00e9 d\u2019un parking.<\/strong><\/p><p>\ud83d\udd14 <strong>Une sonnette sp\u00e9ciale<\/strong> pour les personnes \u00e0 mobilit\u00e9 r\u00e9duite est situ\u00e9e \u00e0 la porte principale.<\/p>\"}},{\"@type\":\"Question\",\"name\":\"Heures de travail\",\"acceptedAnswer\":{\"@type\":\"Answer\",\"text\":\"<h4>\ud83d\udcc5 Horaires habituels :<\/h4><ul><li><strong>Lundi - Jeudi :<\/strong> 8h30 - 12h30 \/ 13h30 - 17h30<\/li><li><strong>Vendredi :<\/strong> 8h - 13h \/ 14h30 - 17h30<\/li><\/ul><h4>\ud83c\udf1e Horaires d'\u00e9t\u00e9 :<\/h4><ul><li><strong>Lundi - Jeudi :<\/strong> 8h - 14h30<\/li><li><strong>Vendredi :<\/strong> 8h - 13h30<\/li><\/ul><h4>\ud83c\udf19 Pendant le Ramadan :<\/h4><ul><li><strong>Lundi - Jeudi :<\/strong> 8h - 14h30<\/li><li><strong>Vendredi :<\/strong> 8h - 13h30<\/li><\/ul>\"}}]}<\/script>\n                                <\/div>\n    <\/div>\t\t\t\t<\/div>\n\t\t\t\t<\/div>\n\t\t\t\t<\/div>\n\t\t<div class=\"elementor-element elementor-element-55c9616 e-flex e-con-boxed e-con e-parent\" data-id=\"55c9616\" data-element_type=\"container\" data-settings=\"{&quot;ekit_has_onepagescroll_dot&quot;:&quot;yes&quot;}\">\n\t\t\t\t\t<div class=\"e-con-inner\">\n\t\t\t\t<div class=\"elementor-element elementor-element-eff386d elementor-widget elementor-widget-spacer\" data-id=\"eff386d\" data-element_type=\"widget\" data-settings=\"{&quot;ekit_we_effect_on&quot;:&quot;none&quot;}\" data-widget_type=\"spacer.default\">\n\t\t\t\t<div class=\"elementor-widget-container\">\n\t\t\t\t\t\t\t<div class=\"elementor-spacer\">\n\t\t\t<div class=\"elementor-spacer-inner\"><\/div>\n\t\t<\/div>\n\t\t\t\t\t\t<\/div>\n\t\t\t\t<\/div>\n\t\t\t\t\t<\/div>\n\t\t\t\t<\/div>\n\t\t\t\t<\/div>","protected":false},"excerpt":{"rendered":"<p>Contactez-Nous! Contact NomPr\u00e8nomNum\u00e9ro de t\u00e9l\u00e9phoneProfessionSujetEnvoyer Informations Essentielles: Contact et informations \ud83d\udcde Contact et informations \ud83d\udccd Adresse : B.P.54 &#8211; Chott Mariem 4042 Sousse, Tunisie \ud83d\udcde T\u00e9l\u00e9phone : (+216) 73 32 72 78 &#8211; (+216) 73 32 72 79 \ud83d\udce0 Fax : (+216) 73 32 72 77 \ud83d\udce7 Email : contact@ctab.tn Acc\u00e8s au centre \ud83d\udee3\ufe0f Si [&hellip;]<\/p>","protected":false},"author":31,"featured_media":0,"parent":0,"menu_order":0,"comment_status":"closed","ping_status":"open","template":"","meta":{"site-sidebar-layout":"no-sidebar","site-content-layout":"","ast-site-content-layout":"full-width-container","site-content-style":"default","site-sidebar-style":"default","ast-global-header-display":"","ast-banner-title-visibility":"","ast-main-header-display":"","ast-hfb-above-header-display":"","ast-hfb-below-header-display":"","ast-hfb-mobile-header-display":"","site-post-title":"disabled","ast-breadcrumbs-content":"","ast-featured-img":"disabled","footer-sml-layout":"","ast-disable-related-posts":"","theme-transparent-header-meta":"default","adv-header-id-meta":"","stick-header-meta":"default","header-above-stick-meta":"","header-main-stick-meta":"","header-below-stick-meta":"","astra-migrate-meta-layouts":"default","ast-page-background-enabled":"default","ast-page-background-meta":{"desktop":{"background-color":"var(--ast-global-color-4)","background-image":"","background-repeat":"repeat","background-position":"center center","background-size":"auto","background-attachment":"scroll","background-type":"","background-media":"","overlay-type":"","overlay-color":"","overlay-opacity":"","overlay-gradient":""},"tablet":{"background-color":"","background-image":"","background-repeat":"repeat","background-position":"center center","background-size":"auto","background-attachment":"scroll","background-type":"","background-media":"","overlay-type":"","overlay-color":"","overlay-opacity":"","overlay-gradient":""},"mobile":{"background-color":"","background-image":"","background-repeat":"repeat","background-position":"center center","background-size":"auto","background-attachment":"scroll","background-type":"","background-media":"","overlay-type":"","overlay-color":"","overlay-opacity":"","overlay-gradient":""}},"ast-content-background-meta":{"desktop":{"background-color":"var(--ast-global-color-5)","background-image":"","background-repeat":"repeat","background-position":"center center","background-size":"auto","background-attachment":"scroll","background-type":"","background-media":"","overlay-type":"","overlay-color":"","overlay-opacity":"","overlay-gradient":""},"tablet":{"background-color":"var(--ast-global-color-5)","background-image":"","background-repeat":"repeat","background-position":"center center","background-size":"auto","background-attachment":"scroll","background-type":"","background-media":"","overlay-type":"","overlay-color":"","overlay-opacity":"","overlay-gradient":""},"mobile":{"background-color":"var(--ast-global-color-5)","background-image":"","background-repeat":"repeat","background-position":"center center","background-size":"auto","background-attachment":"scroll","background-type":"","background-media":"","overlay-type":"","overlay-color":"","overlay-opacity":"","overlay-gradient":""}},"footnotes":""},"class_list":["post-7016","page","type-page","status-publish","hentry"],"_links":{"self":[{"href":"https:\/\/ctab.tn\/en\/wp-json\/wp\/v2\/pages\/7016","targetHints":{"allow":["GET"]}}],"collection":[{"href":"https:\/\/ctab.tn\/en\/wp-json\/wp\/v2\/pages"}],"about":[{"href":"https:\/\/ctab.tn\/en\/wp-json\/wp\/v2\/types\/page"}],"author":[{"embeddable":true,"href":"https:\/\/ctab.tn\/en\/wp-json\/wp\/v2\/users\/31"}],"replies":[{"embeddable":true,"href":"https:\/\/ctab.tn\/en\/wp-json\/wp\/v2\/comments?post=7016"}],"version-history":[{"count":43,"href":"https:\/\/ctab.tn\/en\/wp-json\/wp\/v2\/pages\/7016\/revisions"}],"predecessor-version":[{"id":11124,"href":"https:\/\/ctab.tn\/en\/wp-json\/wp\/v2\/pages\/7016\/revisions\/11124"}],"wp:attachment":[{"href":"https:\/\/ctab.tn\/en\/wp-json\/wp\/v2\/media?parent=7016"}],"curies":[{"name":"wp","href":"https:\/\/api.w.org\/{rel}","templated":true}]}}