{"id":2753,"date":"2024-07-04T17:07:00","date_gmt":"2024-07-04T17:07:00","guid":{"rendered":"https:\/\/www.ctab.tn\/?page_id=2753"},"modified":"2026-02-22T19:26:34","modified_gmt":"2026-02-22T18:26:34","slug":"logo-biologique","status":"publish","type":"page","link":"https:\/\/ctab.tn\/en\/logo-biologique\/","title":{"rendered":"Organic Logo"},"content":{"rendered":"<div data-elementor-type=\"wp-page\" data-elementor-id=\"2753\" class=\"elementor elementor-2753\" data-elementor-post-type=\"page\">\n\t\t\t\t\t\t<section class=\"elementor-section elementor-top-section elementor-element elementor-element-1183392 elementor-section-boxed elementor-section-height-default elementor-section-height-default\" data-id=\"1183392\" data-element_type=\"section\" data-settings=\"{&quot;ekit_has_onepagescroll_dot&quot;:&quot;yes&quot;}\">\n\t\t\t\t\t\t<div class=\"elementor-container elementor-column-gap-default\">\n\t\t\t\t\t<div class=\"elementor-column elementor-col-33 elementor-top-column elementor-element elementor-element-8b18a85\" data-id=\"8b18a85\" data-element_type=\"column\">\n\t\t\t<div class=\"elementor-widget-wrap\">\n\t\t\t\t\t\t\t<\/div>\n\t\t<\/div>\n\t\t\t\t<div class=\"elementor-column elementor-col-33 elementor-top-column elementor-element elementor-element-9f638a0\" data-id=\"9f638a0\" data-element_type=\"column\">\n\t\t\t<div class=\"elementor-widget-wrap elementor-element-populated\">\n\t\t\t\t\t\t<div class=\"elementor-element elementor-element-2215406 elementor-widget elementor-widget-elementskit-heading\" data-id=\"2215406\" data-element_type=\"widget\" data-settings=\"{&quot;ekit_we_effect_on&quot;:&quot;none&quot;}\" data-widget_type=\"elementskit-heading.default\">\n\t\t\t\t<div class=\"elementor-widget-container\">\n\t\t\t\t\t<div class=\"ekit-wid-con\" ><div class=\"ekit-heading elementskit-section-title-wraper center   ekit_heading_tablet-   ekit_heading_mobile-\"><h2 class=\"ekit-heading--title elementskit-section-title\"><span><span>Organic Logo<\/span><\/span><\/h2><div class=\"ekit_heading_separetor_wraper ekit_heading_elementskit-border-divider elementskit-style-long\"><div class=\"elementskit-border-divider elementskit-style-long\"><\/div><\/div><\/div><\/div>\t\t\t\t<\/div>\n\t\t\t\t<\/div>\n\t\t\t\t\t<\/div>\n\t\t<\/div>\n\t\t\t\t<div class=\"elementor-column elementor-col-33 elementor-top-column elementor-element elementor-element-5219f7d\" data-id=\"5219f7d\" data-element_type=\"column\">\n\t\t\t<div class=\"elementor-widget-wrap\">\n\t\t\t\t\t\t\t<\/div>\n\t\t<\/div>\n\t\t\t\t\t<\/div>\n\t\t<\/section>\n\t\t<div class=\"elementor-element elementor-element-92c54f8 e-flex e-con-boxed e-con e-parent\" data-id=\"92c54f8\" data-element_type=\"container\" data-settings=\"{&quot;ekit_has_onepagescroll_dot&quot;:&quot;yes&quot;}\">\n\t\t\t\t\t<div class=\"e-con-inner\">\n\t\t\t\t<div class=\"elementor-element elementor-element-77f94a3 elementor-widget elementor-widget-image\" data-id=\"77f94a3\" data-element_type=\"widget\" data-settings=\"{&quot;ekit_we_effect_on&quot;:&quot;none&quot;}\" data-widget_type=\"image.default\">\n\t\t\t\t<div class=\"elementor-widget-container\">\n\t\t\t\t\t\t\t\t\t\t\t\t\t\t\t<img decoding=\"async\" width=\"219\" height=\"193\" src=\"https:\/\/ctab.tn\/wp-content\/uploads\/2024\/07\/bio.jpg\" class=\"attachment-large size-large wp-image-2763\" alt=\"\" srcset=\"https:\/\/ctab.tn\/wp-content\/uploads\/2024\/07\/bio.jpg 219w, https:\/\/ctab.tn\/wp-content\/uploads\/2024\/07\/bio-14x12.jpg 14w\" sizes=\"(max-width: 219px) 100vw, 219px\" \/>\t\t\t\t\t\t\t\t\t\t\t\t\t\t\t<\/div>\n\t\t\t\t<\/div>\n\t\t\t\t\t<\/div>\n\t\t\t\t<\/div>\n\t\t<div class=\"elementor-element elementor-element-57b5efe e-flex e-con-boxed e-con e-parent\" data-id=\"57b5efe\" data-element_type=\"container\" data-settings=\"{&quot;ekit_has_onepagescroll_dot&quot;:&quot;yes&quot;}\">\n\t\t\t\t\t<div class=\"e-con-inner\">\n\t\t\t\t<div class=\"elementor-element elementor-element-a974ec7 elementor-widget elementor-widget-text-editor\" data-id=\"a974ec7\" data-element_type=\"widget\" data-settings=\"{&quot;ekit_we_effect_on&quot;:&quot;none&quot;}\" data-widget_type=\"text-editor.default\">\n\t\t\t\t<div class=\"elementor-widget-container\">\n\t\t\t\t\t\t\t\t\t<div style=\"font-family: Arial, sans-serif; font-size: 14pt; line-height: 1.5; text-align: justify;\"><p>In order to promote organic products at both national and international levels, Tunisia has created a voluntary and free-of-charge logo for these products. To be eligible to use this logo, the product must be certified by an approved control and certification body in accordance with current Tunisian regulations.\nThe logo is granted only upon submission of a formal request by stakeholders, following a standardized template, accompanied by a certificate of conformity issued by the control and certification body. This certificate must prove that the product has been obtained in compliance with organic production rules. The application must be submitted to the relevant services of the Regional Agricultural Development Commissariats or to the General Directorate of Organic Agriculture, which will review the request within a period not exceeding one month from the date of submission.\nPlease note that the applicant is required to forward to the General Directorate of Organic Agriculture all labels currently in use, as well as any proposed modifications to the labeling.<\/p><p>In the event of a favorable outcome, the logo is granted by a decision of the Minister of Agriculture, which shall be accompanied by a document specifying the placement of the logo, its dimensions, colors, shape, and all the rules that must be respected for its use according to the media used for this purpose. In case of refusal, the concerned party must be informed by explicit registered letter.<\/p><p>This logo has been registered by the Ministry of Agriculture with the National Institute of Standardization and Industrial Property.<\/p><\/div>\t\t\t\t\t\t\t\t<\/div>\n\t\t\t\t<\/div>\n\t\t\t\t\t<\/div>\n\t\t\t\t<\/div>\n\t\t<div class=\"elementor-element elementor-element-4c14804 e-flex e-con-boxed e-con e-parent\" data-id=\"4c14804\" data-element_type=\"container\" data-settings=\"{&quot;ekit_has_onepagescroll_dot&quot;:&quot;yes&quot;}\">\n\t\t\t\t\t<div class=\"e-con-inner\">\n\t\t\t\t<div class=\"elementor-element elementor-element-b578bf5 elementor-widget elementor-widget-icon-box\" data-id=\"b578bf5\" data-element_type=\"widget\" data-settings=\"{&quot;ekit_we_effect_on&quot;:&quot;none&quot;}\" data-widget_type=\"icon-box.default\">\n\t\t\t\t<div class=\"elementor-widget-container\">\n\t\t\t\t\t\t\t<div class=\"elementor-icon-box-wrapper\">\n\n\t\t\t\n\t\t\t\t\t\t<div class=\"elementor-icon-box-content\">\n\n\t\t\t\t\n\t\t\t\t\t\t\t\t\t<p class=\"elementor-icon-box-description\">\n\t\t\t\t\t\t<span style=\"color: #3F6731;font-weight: bold\"> Legislative References:\t\t\t\t\t<\/p>\n\t\t\t\t\n\t\t\t<\/div>\n\t\t\t\n\t\t<\/div>\n\t\t\t\t\t\t<\/div>\n\t\t\t\t<\/div>\n\t\t\t\t<div class=\"elementor-element elementor-element-4edae62 elementor-widget elementor-widget-icon-box\" data-id=\"4edae62\" data-element_type=\"widget\" data-settings=\"{&quot;ekit_we_effect_on&quot;:&quot;none&quot;}\" data-widget_type=\"icon-box.default\">\n\t\t\t\t<div class=\"elementor-widget-container\">\n\t\t\t\t\t\t\t<div class=\"elementor-icon-box-wrapper\">\n\n\t\t\t\n\t\t\t\t\t\t<div class=\"elementor-icon-box-content\">\n\n\t\t\t\t\n\t\t\t\t\t\t\t\t\t<p class=\"elementor-icon-box-description\">\n\t\t\t\t\t\t<a href=\"https:\/\/ctab.tn\/wp-content\/uploads\/2024\/07\/R_LAB1_fr.pdf\" target=\"_blank\" style=\"text-decoration: none;color: inherit\"><\/span>\n- Decree No. 2010-1547 of June 21, 2010, establishing the creation of a logo for Tunisian organic agriculture products and setting the conditions and procedures for its granting and withdrawal. <span style=\"color: #3F6731;font-weight: bold\">(O.G.T.R No. 51 - June 25, 2010).\t\t\t\t\t<\/p>\n\t\t\t\t\n\t\t\t<\/a><\/div>\n\t\t\t\n\t\t<\/div>\n\t\t\t\t\t\t<\/div>\n\t\t\t\t<\/div>\n\t\t\t\t<div class=\"elementor-element elementor-element-613c350 elementor-widget elementor-widget-icon-box\" data-id=\"613c350\" data-element_type=\"widget\" data-settings=\"{&quot;ekit_we_effect_on&quot;:&quot;none&quot;}\" data-widget_type=\"icon-box.default\">\n\t\t\t\t<div class=\"elementor-widget-container\">\n\t\t\t\t\t\t\t<div class=\"elementor-icon-box-wrapper\">\n\n\t\t\t\n\t\t\t\t\t\t<div class=\"elementor-icon-box-content\">\n\n\t\t\t\t\n\t\t\t\t\t\t\t\t\t<p class=\"elementor-icon-box-description\">\n\t\t\t\t\t\t<a href=\"https:\/\/ctab.tn\/wp-content\/uploads\/2024\/07\/R_LAB2_fr.pdf\" target=\"_blank\" style=\"text-decoration: none;color: inherit\">\n- Order of the Minister of Agriculture, Hydraulic Resources and Fisheries of August 23, 2010, supplementing the order of October 24, 2005, relating to administrative services provided by the departments of the Ministry of Agriculture and Hydraulic Resources, public establishments and companies under supervision, and the conditions for their provision. <span style=\"color: #3F6731;font-weight: bold\">(O.G.T.R No. 69 - August 27, 2010)<\/span>.\t\t\t\t\t<\/p>\n\t\t\t\t\n\t\t\t<\/div>\n\t\t\t\n\t\t<\/div>\n\t\t\t\t\t\t<\/div>\n\t\t\t\t<\/div>\n\t\t\t\t<div class=\"elementor-element elementor-element-32c39c3 elementor-widget elementor-widget-icon-box\" data-id=\"32c39c3\" data-element_type=\"widget\" data-settings=\"{&quot;ekit_we_effect_on&quot;:&quot;none&quot;}\" data-widget_type=\"icon-box.default\">\n\t\t\t\t<div class=\"elementor-widget-container\">\n\t\t\t\t\t\t\t<div class=\"elementor-icon-box-wrapper\">\n\n\t\t\t\n\t\t\t\t\t\t<div class=\"elementor-icon-box-content\">\n\n\t\t\t\t\n\t\t\t\t\t\t\t\t\t<p class=\"elementor-icon-box-description\">\n\t\t\t\t\t\t<a href=\"https:\/\/ctab.tn\/wp-content\/uploads\/2024\/07\/R_LAB3_fr.pdf\" target=\"_blank\" style=\"text-decoration: none;color: inherit\">\nDecree No. 2011-4801 of December 10, 2011, amending Decree No. 2010-1547 of June 21, 2010, establishing the creation of a logo for Tunisian organic agriculture products and setting the conditions and procedures for its granting and withdrawal.<span style=\"color: #3F6731;font-weight: bold\">(O.G.T.R No. 99 - December 30, 2011).<\/span>.\n\t\t\t\t\t<\/p>\n\t\t\t\t\n\t\t\t<\/div>\n\t\t\t\n\t\t<\/div>\n\t\t\t\t\t\t<\/div>\n\t\t\t\t<\/div>\n\t\t\t\t\t<\/div>\n\t\t\t\t<\/div>\n\t\t\t\t<\/div>","protected":false},"excerpt":{"rendered":"<p>Logo Biologique Afin de promouvoir les produits biologiques \u00e0 l\u2019\u00e9chelle nationale et internationale, il y a eu cr\u00e9ation d\u2019un logo tunisien facultatif et gratuit pour ces produits. Pour en b\u00e9n\u00e9ficier, le produit doit \u00eatre certifi\u00e9 par un organisme de contr\u00f4le et de certification conform\u00e9ment \u00e0 la r\u00e9glementation tunisienne en vigueur. Ce logo n\u2019est octroy\u00e9 que [&hellip;]<\/p>","protected":false},"author":31,"featured_media":0,"parent":0,"menu_order":0,"comment_status":"closed","ping_status":"open","template":"","meta":{"site-sidebar-layout":"no-sidebar","site-content-layout":"","ast-site-content-layout":"full-width-container","site-content-style":"default","site-sidebar-style":"default","ast-global-header-display":"","ast-banner-title-visibility":"","ast-main-header-display":"","ast-hfb-above-header-display":"","ast-hfb-below-header-display":"","ast-hfb-mobile-header-display":"","site-post-title":"disabled","ast-breadcrumbs-content":"","ast-featured-img":"disabled","footer-sml-layout":"","ast-disable-related-posts":"","theme-transparent-header-meta":"default","adv-header-id-meta":"","stick-header-meta":"default","header-above-stick-meta":"","header-main-stick-meta":"","header-below-stick-meta":"","astra-migrate-meta-layouts":"set","ast-page-background-enabled":"default","ast-page-background-meta":{"desktop":{"background-color":"var(--ast-global-color-4)","background-image":"","background-repeat":"repeat","background-position":"center center","background-size":"auto","background-attachment":"scroll","background-type":"","background-media":"","overlay-type":"","overlay-color":"","overlay-opacity":"","overlay-gradient":""},"tablet":{"background-color":"","background-image":"","background-repeat":"repeat","background-position":"center center","background-size":"auto","background-attachment":"scroll","background-type":"","background-media":"","overlay-type":"","overlay-color":"","overlay-opacity":"","overlay-gradient":""},"mobile":{"background-color":"","background-image":"","background-repeat":"repeat","background-position":"center center","background-size":"auto","background-attachment":"scroll","background-type":"","background-media":"","overlay-type":"","overlay-color":"","overlay-opacity":"","overlay-gradient":""}},"ast-content-background-meta":{"desktop":{"background-color":"var(--ast-global-color-5)","background-image":"","background-repeat":"repeat","background-position":"center center","background-size":"auto","background-attachment":"scroll","background-type":"","background-media":"","overlay-type":"","overlay-color":"","overlay-opacity":"","overlay-gradient":""},"tablet":{"background-color":"var(--ast-global-color-5)","background-image":"","background-repeat":"repeat","background-position":"center center","background-size":"auto","background-attachment":"scroll","background-type":"","background-media":"","overlay-type":"","overlay-color":"","overlay-opacity":"","overlay-gradient":""},"mobile":{"background-color":"var(--ast-global-color-5)","background-image":"","background-repeat":"repeat","background-position":"center center","background-size":"auto","background-attachment":"scroll","background-type":"","background-media":"","overlay-type":"","overlay-color":"","overlay-opacity":"","overlay-gradient":""}},"footnotes":""},"class_list":["post-2753","page","type-page","status-publish","hentry"],"_links":{"self":[{"href":"https:\/\/ctab.tn\/en\/wp-json\/wp\/v2\/pages\/2753","targetHints":{"allow":["GET"]}}],"collection":[{"href":"https:\/\/ctab.tn\/en\/wp-json\/wp\/v2\/pages"}],"about":[{"href":"https:\/\/ctab.tn\/en\/wp-json\/wp\/v2\/types\/page"}],"author":[{"embeddable":true,"href":"https:\/\/ctab.tn\/en\/wp-json\/wp\/v2\/users\/31"}],"replies":[{"embeddable":true,"href":"https:\/\/ctab.tn\/en\/wp-json\/wp\/v2\/comments?post=2753"}],"version-history":[{"count":114,"href":"https:\/\/ctab.tn\/en\/wp-json\/wp\/v2\/pages\/2753\/revisions"}],"predecessor-version":[{"id":10922,"href":"https:\/\/ctab.tn\/en\/wp-json\/wp\/v2\/pages\/2753\/revisions\/10922"}],"wp:attachment":[{"href":"https:\/\/ctab.tn\/en\/wp-json\/wp\/v2\/media?parent=2753"}],"curies":[{"name":"wp","href":"https:\/\/api.w.org\/{rel}","templated":true}]}}