{"id":2744,"date":"2024-07-04T16:57:46","date_gmt":"2024-07-04T16:57:46","guid":{"rendered":"https:\/\/www.ctab.tn\/?page_id=2744"},"modified":"2025-05-25T23:01:09","modified_gmt":"2025-05-25T22:01:09","slug":"controle-et-certification","status":"publish","type":"page","link":"https:\/\/ctab.tn\/en\/controle-et-certification\/","title":{"rendered":"Inspection and Certification"},"content":{"rendered":"<div data-elementor-type=\"wp-page\" data-elementor-id=\"2744\" class=\"elementor elementor-2744\" data-elementor-post-type=\"page\">\n\t\t\t\t\t\t<section class=\"elementor-section elementor-top-section elementor-element elementor-element-5f3573d elementor-section-boxed elementor-section-height-default elementor-section-height-default\" data-id=\"5f3573d\" data-element_type=\"section\" data-settings=\"{&quot;background_background&quot;:&quot;classic&quot;,&quot;ekit_has_onepagescroll_dot&quot;:&quot;yes&quot;}\">\n\t\t\t\t\t\t<div class=\"elementor-container elementor-column-gap-default\">\n\t\t\t\t\t<div class=\"elementor-column elementor-col-100 elementor-top-column elementor-element elementor-element-b01d5dc\" data-id=\"b01d5dc\" data-element_type=\"column\">\n\t\t\t<div class=\"elementor-widget-wrap elementor-element-populated\">\n\t\t\t\t\t\t<div class=\"elementor-element elementor-element-9692745 elementor-widget elementor-widget-elementskit-heading\" data-id=\"9692745\" data-element_type=\"widget\" data-settings=\"{&quot;ekit_we_effect_on&quot;:&quot;none&quot;}\" data-widget_type=\"elementskit-heading.default\">\n\t\t\t\t<div class=\"elementor-widget-container\">\n\t\t\t\t\t<div class=\"ekit-wid-con\" ><div class=\"ekit-heading elementskit-section-title-wraper center   ekit_heading_tablet-   ekit_heading_mobile-\"><h2 class=\"ekit-heading--title elementskit-section-title\"><span><span>Control and Certification<\/span><\/span><\/h2><div class=\"ekit_heading_separetor_wraper ekit_heading_elementskit-border-divider elementskit-style-long\"><div class=\"elementskit-border-divider elementskit-style-long\"><\/div><\/div><\/div><\/div>\t\t\t\t<\/div>\n\t\t\t\t<\/div>\n\t\t\t\t\t<\/div>\n\t\t<\/div>\n\t\t\t\t\t<\/div>\n\t\t<\/section>\n\t\t<div class=\"elementor-element elementor-element-107ae75 e-flex e-con-boxed e-con e-parent\" data-id=\"107ae75\" data-element_type=\"container\" data-settings=\"{&quot;ekit_has_onepagescroll_dot&quot;:&quot;yes&quot;}\">\n\t\t\t\t\t<div class=\"e-con-inner\">\n\t\t\t\t<div class=\"elementor-element elementor-element-bf39861 elementor-widget elementor-widget-text-editor\" data-id=\"bf39861\" data-element_type=\"widget\" data-settings=\"{&quot;ekit_we_effect_on&quot;:&quot;none&quot;}\" data-widget_type=\"text-editor.default\">\n\t\t\t\t<div class=\"elementor-widget-container\">\n\t\t\t\t\t\t\t\t\t<div id=\"certification-paragraph\">\n  Pour certifier un produit comme \u00e9tant issu de l&#8217;agriculture biologique, tout op\u00e9rateur doit \u00eatre contr\u00f4l\u00e9 par un organisme de contr\u00f4le et de certification agr\u00e9\u00e9 par le minist\u00e8re de l&#8217;agriculture dans le domaine de l&#8217;agriculture biologique selon la <a id=\"loi-99-30-link\" style=\"color: #3f6731 !important; font-weight: bold !important;\" href=\"https:\/\/ctab.tn\/wp-content\/uploads\/2024\/07\/R_loi-AB_fr.pdf\">loi n\u00b0 99-30<\/a> du 05 Avril 1999, <a id=\"decret-2000-409-link\" style=\"color: #3f6731 !important; font-weight: bold !important;\" href=\"https:\/\/ctab.tn\/wp-content\/uploads\/2024\/07\/R_OCC_fr.pdf\">le d\u00e9cret n\u00b0 2000-409<\/a> du 14 F\u00e9vrier 2000 et <a id=\"decret-2012-2819-link\" style=\"color: #3f6731 !important; font-weight: bold !important;\" href=\"https:\/\/ctab.tn\/wp-content\/uploads\/2025\/03\/R_COCC_fr.pdf\">le d\u00e9cret n\u00b0 2012-2819<\/a> du 20 Novembre 2012 fixant les conditions d&#8217;agr\u00e9ment et les proc\u00e9dures de contr\u00f4le et de certification.\n<\/div>\t\t\t\t\t\t\t\t<\/div>\n\t\t\t\t<\/div>\n\t\t\t\t\t<\/div>\n\t\t\t\t<\/div>\n\t\t<div class=\"elementor-element elementor-element-035cbfc e-flex e-con-boxed e-con e-parent\" data-id=\"035cbfc\" data-element_type=\"container\" data-settings=\"{&quot;ekit_has_onepagescroll_dot&quot;:&quot;yes&quot;}\">\n\t\t\t\t\t<div class=\"e-con-inner\">\n\t\t\t\t\t<\/div>\n\t\t\t\t<\/div>\n\t\t<div class=\"elementor-element elementor-element-aaf98e9 e-flex e-con-boxed e-con e-parent\" data-id=\"aaf98e9\" data-element_type=\"container\" data-settings=\"{&quot;ekit_has_onepagescroll_dot&quot;:&quot;yes&quot;}\">\n\t\t\t\t\t<div class=\"e-con-inner\">\n\t\t\t\t<div class=\"elementor-element elementor-element-f4b5477 elementor-align-center elementor-widget elementor-widget-button\" data-id=\"f4b5477\" data-element_type=\"widget\" data-settings=\"{&quot;ekit_we_effect_on&quot;:&quot;none&quot;}\" data-widget_type=\"button.default\">\n\t\t\t\t<div class=\"elementor-widget-container\">\n\t\t\t\t\t\t\t\t\t<div class=\"elementor-button-wrapper\">\n\t\t\t\t\t<a class=\"elementor-button elementor-button-link elementor-size-sm\" href=\"https:\/\/ctab.tn\/wp-content\/uploads\/2025\/05\/OCC-FR-02-2025.pdf\" target=\"_blank\">\n\t\t\t\t\t\t<span class=\"elementor-button-content-wrapper\">\n\t\t\t\t\t\t<span class=\"elementor-button-icon\">\n\t\t\t\t<svg aria-hidden=\"true\" class=\"e-font-icon-svg e-far-arrow-alt-circle-down\" viewbox=\"0 0 512 512\" xmlns=\"http:\/\/www.w3.org\/2000\/svg\"><path d=\"M256 8C119 8 8 119 8 256s111 248 248 248 248-111 248-248S393 8 256 8zm0 448c-110.5 0-200-89.5-200-200S145.5 56 256 56s200 89.5 200 200-89.5 200-200 200zm-32-316v116h-67c-10.7 0-16 12.9-8.5 20.5l99 99c4.7 4.7 12.3 4.7 17 0l99-99c7.6-7.6 2.2-20.5-8.5-20.5h-67V140c0-6.6-5.4-12-12-12h-40c-6.6 0-12 5.4-12 12z\"><\/path><\/svg>\t\t\t<\/span>\n\t\t\t\t\t\t\t\t\t<span class=\"elementor-button-text\">Liste des organismes du contr\u00f4le et de certification agr\u00e9\u00e9s en Tunisie dans le domaine de l\u2019agriculture biologique<\/span>\n\t\t\t\t\t<\/span>\n\t\t\t\t\t<\/a>\n\t\t\t\t<\/div>\n\t\t\t\t\t\t\t\t<\/div>\n\t\t\t\t<\/div>\n\t\t\t\t\t<\/div>\n\t\t\t\t<\/div>\n\t\t<div class=\"elementor-element elementor-element-279aa8c e-flex e-con-boxed e-con e-parent\" data-id=\"279aa8c\" data-element_type=\"container\" data-settings=\"{&quot;ekit_has_onepagescroll_dot&quot;:&quot;yes&quot;}\">\n\t\t\t\t\t<div class=\"e-con-inner\">\n\t\t\t\t<div class=\"elementor-element elementor-element-17961d6 elementor-widget elementor-widget-spacer\" data-id=\"17961d6\" data-element_type=\"widget\" data-settings=\"{&quot;ekit_we_effect_on&quot;:&quot;none&quot;}\" data-widget_type=\"spacer.default\">\n\t\t\t\t<div class=\"elementor-widget-container\">\n\t\t\t\t\t\t\t<div class=\"elementor-spacer\">\n\t\t\t<div class=\"elementor-spacer-inner\"><\/div>\n\t\t<\/div>\n\t\t\t\t\t\t<\/div>\n\t\t\t\t<\/div>\n\t\t\t\t\t<\/div>\n\t\t\t\t<\/div>\n\t\t\t\t<\/div>","protected":false},"excerpt":{"rendered":"<p>Contr\u00f4le et Certification Pour certifier un produit comme \u00e9tant issu de l&#8217;agriculture biologique, tout op\u00e9rateur doit \u00eatre contr\u00f4l\u00e9 par un organisme de contr\u00f4le et de certification agr\u00e9\u00e9 par le minist\u00e8re de l&#8217;agriculture dans le domaine de l&#8217;agriculture biologique selon la loi n\u00b0 99-30 du 05 Avril 1999, le d\u00e9cret n\u00b0 2000-409 du 14 F\u00e9vrier 2000 [&hellip;]<\/p>","protected":false},"author":31,"featured_media":0,"parent":0,"menu_order":0,"comment_status":"closed","ping_status":"open","template":"","meta":{"site-sidebar-layout":"no-sidebar","site-content-layout":"","ast-site-content-layout":"full-width-container","site-content-style":"default","site-sidebar-style":"default","ast-global-header-display":"","ast-banner-title-visibility":"","ast-main-header-display":"","ast-hfb-above-header-display":"","ast-hfb-below-header-display":"","ast-hfb-mobile-header-display":"","site-post-title":"disabled","ast-breadcrumbs-content":"","ast-featured-img":"disabled","footer-sml-layout":"","ast-disable-related-posts":"","theme-transparent-header-meta":"default","adv-header-id-meta":"","stick-header-meta":"default","header-above-stick-meta":"","header-main-stick-meta":"","header-below-stick-meta":"","astra-migrate-meta-layouts":"set","ast-page-background-enabled":"default","ast-page-background-meta":{"desktop":{"background-color":"var(--ast-global-color-4)","background-image":"","background-repeat":"repeat","background-position":"center center","background-size":"auto","background-attachment":"scroll","background-type":"","background-media":"","overlay-type":"","overlay-color":"","overlay-opacity":"","overlay-gradient":""},"tablet":{"background-color":"","background-image":"","background-repeat":"repeat","background-position":"center center","background-size":"auto","background-attachment":"scroll","background-type":"","background-media":"","overlay-type":"","overlay-color":"","overlay-opacity":"","overlay-gradient":""},"mobile":{"background-color":"","background-image":"","background-repeat":"repeat","background-position":"center center","background-size":"auto","background-attachment":"scroll","background-type":"","background-media":"","overlay-type":"","overlay-color":"","overlay-opacity":"","overlay-gradient":""}},"ast-content-background-meta":{"desktop":{"background-color":"var(--ast-global-color-5)","background-image":"","background-repeat":"repeat","background-position":"center center","background-size":"auto","background-attachment":"scroll","background-type":"","background-media":"","overlay-type":"","overlay-color":"","overlay-opacity":"","overlay-gradient":""},"tablet":{"background-color":"var(--ast-global-color-5)","background-image":"","background-repeat":"repeat","background-position":"center center","background-size":"auto","background-attachment":"scroll","background-type":"","background-media":"","overlay-type":"","overlay-color":"","overlay-opacity":"","overlay-gradient":""},"mobile":{"background-color":"var(--ast-global-color-5)","background-image":"","background-repeat":"repeat","background-position":"center center","background-size":"auto","background-attachment":"scroll","background-type":"","background-media":"","overlay-type":"","overlay-color":"","overlay-opacity":"","overlay-gradient":""}},"footnotes":""},"class_list":["post-2744","page","type-page","status-publish","hentry"],"_links":{"self":[{"href":"https:\/\/ctab.tn\/en\/wp-json\/wp\/v2\/pages\/2744","targetHints":{"allow":["GET"]}}],"collection":[{"href":"https:\/\/ctab.tn\/en\/wp-json\/wp\/v2\/pages"}],"about":[{"href":"https:\/\/ctab.tn\/en\/wp-json\/wp\/v2\/types\/page"}],"author":[{"embeddable":true,"href":"https:\/\/ctab.tn\/en\/wp-json\/wp\/v2\/users\/31"}],"replies":[{"embeddable":true,"href":"https:\/\/ctab.tn\/en\/wp-json\/wp\/v2\/comments?post=2744"}],"version-history":[{"count":24,"href":"https:\/\/ctab.tn\/en\/wp-json\/wp\/v2\/pages\/2744\/revisions"}],"predecessor-version":[{"id":7921,"href":"https:\/\/ctab.tn\/en\/wp-json\/wp\/v2\/pages\/2744\/revisions\/7921"}],"wp:attachment":[{"href":"https:\/\/ctab.tn\/en\/wp-json\/wp\/v2\/media?parent=2744"}],"curies":[{"name":"wp","href":"https:\/\/api.w.org\/{rel}","templated":true}]}}