{"id":7865,"date":"2025-05-25T12:04:58","date_gmt":"2025-05-25T11:04:58","guid":{"rendered":"https:\/\/www.ctab.tn\/?page_id=7865"},"modified":"2025-10-20T10:20:08","modified_gmt":"2025-10-20T09:20:08","slug":"liste-des-points-de-vente-des-produits-biologiques-en-tunisie","status":"publish","type":"page","link":"https:\/\/ctab.tn\/ar\/liste-des-points-de-vente-des-produits-biologiques-en-tunisie\/","title":{"rendered":"Liste des points de vente des produits biologiques en Tunisie"},"content":{"rendered":"<div data-elementor-type=\"wp-page\" data-elementor-id=\"7865\" class=\"elementor elementor-7865\" data-elementor-post-type=\"page\">\n\t\t\t\t<div class=\"elementor-element elementor-element-17e3734 e-flex e-con-boxed e-con e-parent\" data-id=\"17e3734\" data-element_type=\"container\" data-settings=\"{&quot;ekit_has_onepagescroll_dot&quot;:&quot;yes&quot;}\">\n\t\t\t\t\t<div class=\"e-con-inner\">\n\t\t\t\t<div class=\"elementor-element elementor-element-507886b elementor-widget elementor-widget-spacer\" data-id=\"507886b\" data-element_type=\"widget\" data-settings=\"{&quot;ekit_we_effect_on&quot;:&quot;none&quot;}\" data-widget_type=\"spacer.default\">\n\t\t\t\t<div class=\"elementor-widget-container\">\n\t\t\t\t\t\t\t<div class=\"elementor-spacer\">\n\t\t\t<div class=\"elementor-spacer-inner\"><\/div>\n\t\t<\/div>\n\t\t\t\t\t\t<\/div>\n\t\t\t\t<\/div>\n\t\t\t\t\t<\/div>\n\t\t\t\t<\/div>\n\t\t<div class=\"elementor-element elementor-element-8d2129e e-flex e-con-boxed e-con e-parent\" data-id=\"8d2129e\" data-element_type=\"container\" data-settings=\"{&quot;ekit_has_onepagescroll_dot&quot;:&quot;yes&quot;}\">\n\t\t\t\t\t<div class=\"e-con-inner\">\n\t\t\t\t<div class=\"elementor-element elementor-element-58ffc1f elementor-widget elementor-widget-elementskit-heading\" data-id=\"58ffc1f\" data-element_type=\"widget\" data-settings=\"{&quot;ekit_we_effect_on&quot;:&quot;none&quot;}\" data-widget_type=\"elementskit-heading.default\">\n\t\t\t\t<div class=\"elementor-widget-container\">\n\t\t\t\t\t<div class=\"ekit-wid-con\" ><div class=\"ekit-heading elementskit-section-title-wraper center   ekit_heading_tablet-   ekit_heading_mobile-\"><h2 class=\"ekit-heading--title elementskit-section-title\"><span><span>Liste des points de vente des produits biologiques en Tunisie<\/span><\/span><\/h2><div class=\"ekit_heading_separetor_wraper ekit_heading_elementskit-border-divider elementskit-style-long\"><div class=\"elementskit-border-divider elementskit-style-long\"><\/div><\/div><\/div><\/div>\t\t\t\t<\/div>\n\t\t\t\t<\/div>\n\t\t\t\t\t<\/div>\n\t\t\t\t<\/div>\n\t\t<div class=\"elementor-element elementor-element-7467eef e-flex e-con-boxed e-con e-parent\" data-id=\"7467eef\" data-element_type=\"container\" data-settings=\"{&quot;ekit_has_onepagescroll_dot&quot;:&quot;yes&quot;}\">\n\t\t\t\t\t<div class=\"e-con-inner\">\n\t\t\t\t<div class=\"elementor-element elementor-element-5413d2e elementor-widget elementor-widget-image\" data-id=\"5413d2e\" data-element_type=\"widget\" data-settings=\"{&quot;ekit_we_effect_on&quot;:&quot;none&quot;}\" data-widget_type=\"image.default\">\n\t\t\t\t<div class=\"elementor-widget-container\">\n\t\t\t\t\t\t\t\t\t\t\t\t\t\t\t<img fetchpriority=\"high\" decoding=\"async\" width=\"300\" height=\"199\" src=\"https:\/\/ctab.tn\/wp-content\/uploads\/2025\/05\/Liste-des-points-de-vente-des-produits-biologiques-en-Tunisie-300x199.png\" class=\"attachment-medium size-medium wp-image-7868\" alt=\"\" srcset=\"https:\/\/ctab.tn\/wp-content\/uploads\/2025\/05\/Liste-des-points-de-vente-des-produits-biologiques-en-Tunisie-300x199.png 300w, https:\/\/ctab.tn\/wp-content\/uploads\/2025\/05\/Liste-des-points-de-vente-des-produits-biologiques-en-Tunisie-1024x680.png 1024w, https:\/\/ctab.tn\/wp-content\/uploads\/2025\/05\/Liste-des-points-de-vente-des-produits-biologiques-en-Tunisie-768x510.png 768w, https:\/\/ctab.tn\/wp-content\/uploads\/2025\/05\/Liste-des-points-de-vente-des-produits-biologiques-en-Tunisie-1536x1020.png 1536w, https:\/\/ctab.tn\/wp-content\/uploads\/2025\/05\/Liste-des-points-de-vente-des-produits-biologiques-en-Tunisie-18x12.png 18w, https:\/\/ctab.tn\/wp-content\/uploads\/2025\/05\/Liste-des-points-de-vente-des-produits-biologiques-en-Tunisie.png 1765w\" sizes=\"(max-width: 300px) 100vw, 300px\" \/>\t\t\t\t\t\t\t\t\t\t\t\t\t\t\t<\/div>\n\t\t\t\t<\/div>\n\t\t\t\t\t<\/div>\n\t\t\t\t<\/div>\n\t\t<div class=\"elementor-element elementor-element-6e885b1 e-flex e-con-boxed e-con e-parent\" data-id=\"6e885b1\" data-element_type=\"container\" data-settings=\"{&quot;ekit_has_onepagescroll_dot&quot;:&quot;yes&quot;}\">\n\t\t\t\t\t<div class=\"e-con-inner\">\n\t\t\t\t<div class=\"elementor-element elementor-element-f946174 elementor-widget elementor-widget-html\" data-id=\"f946174\" data-element_type=\"widget\" data-settings=\"{&quot;ekit_we_effect_on&quot;:&quot;none&quot;}\" data-widget_type=\"html.default\">\n\t\t\t\t<div class=\"elementor-widget-container\">\n\t\t\t\t\t<div class=\"boutique-tabs\">\r\n  <ul class=\"boutique-tabs-nav\">\r\n    <li>Bio Market Sousse<\/li>\r\n    <li>Elexir Tunis<\/li>\r\n    <li>Espace Napolis Ksiba<\/li>\r\n    <li>Littlemarsa<\/li>\r\n    <li>VI pour la nature<\/li>\r\n    <li>NutriDiet Tunis<\/li>\r\n    <li>Vivez Nature<\/li>\r\n  <\/ul>\r\n\r\n  <div class=\"boutique-tabs-content\">\r\n    <div class=\"boutique-tab-item\">\r\n      <p><strong>Adresse<\/strong>: Avenue 14 Janvier, pr\u00e8s du rond point Hotel Cl\u00e9opatre <\/p>\r\n      <p><strong>T\u00e9l<\/strong>: (+216) 70 038 329<\/p>\r\n      <p><strong>Facebook<\/strong>:\r\n        <a href=\"https:\/\/www.facebook.com\/biomarketsousse\/\" target=\"_blank\">Bio Market Sousse<\/a>\r\n      <\/p>\r\n      <img decoding=\"async\" src=\"https:\/\/ctab.tn\/wp-content\/uploads\/2025\/05\/Biomarket.png\" alt=\"\">\r\n    <\/div>\r\n\r\n    <div class=\"boutique-tab-item\">\r\n      <p><strong>Adresse<\/strong>: 90 avenue de Jugurtha Mutuelle Ville (pr\u00e8s de l\u2019espace sant\u00e9 beaut\u00e9), Mutuelleville, Tunisia<\/p>\r\n      <p><strong>T\u00e9l<\/strong>: (+216) 29 762 551<\/p>\r\n      <p><strong>Web<\/strong>:\r\n        <a href=\"http:\/\/www.elixir.tn\/\" target=\"_blank\">www.elixir.tn<\/a>\r\n      <\/p>\r\n      <p><strong>Facebook<\/strong>:\r\n        <a href=\"https:\/\/www.facebook.com\/elixir.consommons.bien.bio\" target=\"_blank\">Elixir Bio<\/a>\r\n      <\/p>\r\n      <img decoding=\"async\" src=\"https:\/\/ctab.tn\/wp-content\/uploads\/2025\/05\/Elexir-Tunis.jpg\" alt=\"\">\r\n    <\/div>\r\n\r\n    <div class=\"boutique-tab-item\">\r\n      <p><strong>Adresse<\/strong>: Rue de l\u2019Environnement Ksibet El Mediouni \u2013 Monastir<\/p>\r\n      <p><strong>T\u00e9l<\/strong>: (+216) 27 212 110<\/p>\r\n      <p><strong>Facebook<\/strong>:\r\n        <a href=\"https:\/\/www.facebook.com\/Espace.Napolis\/\" target=\"_blank\">Napolis Ksibet Mediouni<\/a>\r\n      <\/p>\r\n      <img decoding=\"async\" src=\"https:\/\/ctab.tn\/wp-content\/uploads\/2025\/05\/Espace-Napolis-Ksiba.jpg\" alt=\"\">\r\n    <\/div>\r\n\r\n    <div class=\"boutique-tab-item\">\r\n      <p><strong>Adresse<\/strong>: 1 rue slahhedine bouchoucha la marsa, La Marsa, Tunisia<\/p>\r\n      <p><strong>T\u00e9l<\/strong>: (+216)23 000 401 <\/p>\r\n      <\/p>\r\n      <p><strong>Facebook<\/strong>:\r\n        <a href=\"https:\/\/www.facebook.com\/profile.php?id=100064430119612\" target=\"_blank\">Littlemarsa<\/a>\r\n      <\/p>\r\n      <img decoding=\"async\" src=\"https:\/\/ctab.tn\/wp-content\/uploads\/2025\/05\/littlemarsa.jpg\" alt=\"\">\r\n    <\/div>\r\n\r\n    <div class=\"boutique-tab-item\">\r\n      <p><strong>Adresse<\/strong>: 6, Rue Abdelhafidh El Mekki (rue du march\u00e9 municipal) \u2013 La Marsa<\/p>\r\n      <p><strong>T\u00e9l<\/strong>: (+216) 71 727 111<\/p>\r\n      <\/p>\r\n      <p><strong>Facebook<\/strong>:\r\n        <a href=\"https:\/\/www.facebook.com\/Boutique-Vi-produits-BIO-et-Naturels-359238304099982\/\" target=\"_blank\">Boutique Vi<\/a>\r\n      <\/p>\r\n      <img decoding=\"async\" src=\"https:\/\/ctab.tn\/wp-content\/uploads\/2025\/05\/VI-pour-la-nature.jpg\" alt=\"\">\r\n    <\/div>\r\n\r\n    <div class=\"boutique-tab-item\">\r\n      <p><strong>Adresse<\/strong>:17 Rue Tarek Ibn Zied, Ariana, Tunisia<\/p>\r\n      <p><strong>T\u00e9l<\/strong>: (+216) 71 751 934<\/p>\r\n      <p><strong>Web<\/strong>:\r\n        <a href=\"http:\/\/nutridiet.tn\/\" target=\"_blank\">www.nutridiet.tn<\/a>\r\n      <\/p>\r\n      <p><strong>Facebook<\/strong>:\r\n        <a href=\"https:\/\/www.facebook.com\/NutridietOfficiel\/\" target=\"_blank\">Nutridiet<\/a>\r\n      <\/p>\r\n      <img decoding=\"async\" src=\"https:\/\/ctab.tn\/wp-content\/uploads\/2025\/05\/NutriDiet-Tunis.jpg\" alt=\"\">\r\n    <\/div>\r\n    <div class=\"boutique-tab-item\">\r\n      <p><strong>Web<\/strong>:\r\n        <a href=\"http:\/\/www.viveznature.com\/\" target=\"_blank\">www.viveznature.com<\/a>\r\n      <\/p>\r\n      <img decoding=\"async\" src=\"https:\/\/ctab.tn\/wp-content\/uploads\/2025\/05\/Vivez-Nature.jpg\" alt=\"\">\r\n    <\/div>\r\n  <\/div>\r\n<\/div>\r\n\t\t\t\t<\/div>\n\t\t\t\t<\/div>\n\t\t\t\t\t<\/div>\n\t\t\t\t<\/div>\n\t\t<div class=\"elementor-element elementor-element-2347e2a e-flex e-con-boxed e-con e-parent\" data-id=\"2347e2a\" data-element_type=\"container\" data-settings=\"{&quot;ekit_has_onepagescroll_dot&quot;:&quot;yes&quot;}\">\n\t\t\t\t\t<div class=\"e-con-inner\">\n\t\t\t\t<div class=\"elementor-element elementor-element-20561fb elementor-widget elementor-widget-spacer\" data-id=\"20561fb\" data-element_type=\"widget\" data-settings=\"{&quot;ekit_we_effect_on&quot;:&quot;none&quot;}\" data-widget_type=\"spacer.default\">\n\t\t\t\t<div class=\"elementor-widget-container\">\n\t\t\t\t\t\t\t<div class=\"elementor-spacer\">\n\t\t\t<div class=\"elementor-spacer-inner\"><\/div>\n\t\t<\/div>\n\t\t\t\t\t\t<\/div>\n\t\t\t\t<\/div>\n\t\t\t\t\t<\/div>\n\t\t\t\t<\/div>\n\t\t\t\t<\/div>","protected":false},"excerpt":{"rendered":"<p>Liste des points de vente des produits biologiques en Tunisie Bio Market Sousse Elexir Tunis Espace Napolis Ksiba Littlemarsa VI pour la nature NutriDiet Tunis Vivez Nature Adresse: Avenue 14 Janvier, pr\u00e8s du rond point Hotel Cl\u00e9opatre T\u00e9l: (+216) 70 038 329 Facebook: Bio Market Sousse Adresse: 90 avenue de Jugurtha Mutuelle Ville (pr\u00e8s de [&hellip;]<\/p>","protected":false},"author":31,"featured_media":0,"parent":0,"menu_order":0,"comment_status":"closed","ping_status":"closed","template":"","meta":{"site-sidebar-layout":"no-sidebar","site-content-layout":"","ast-site-content-layout":"full-width-container","site-content-style":"default","site-sidebar-style":"default","ast-global-header-display":"","ast-banner-title-visibility":"","ast-main-header-display":"","ast-hfb-above-header-display":"","ast-hfb-below-header-display":"","ast-hfb-mobile-header-display":"","site-post-title":"disabled","ast-breadcrumbs-content":"","ast-featured-img":"disabled","footer-sml-layout":"","ast-disable-related-posts":"","theme-transparent-header-meta":"default","adv-header-id-meta":"","stick-header-meta":"default","header-above-stick-meta":"","header-main-stick-meta":"","header-below-stick-meta":"","astra-migrate-meta-layouts":"set","ast-page-background-enabled":"default","ast-page-background-meta":{"desktop":{"background-color":"var(--ast-global-color-4)","background-image":"","background-repeat":"repeat","background-position":"center center","background-size":"auto","background-attachment":"scroll","background-type":"","background-media":"","overlay-type":"","overlay-color":"","overlay-opacity":"","overlay-gradient":""},"tablet":{"background-color":"","background-image":"","background-repeat":"repeat","background-position":"center center","background-size":"auto","background-attachment":"scroll","background-type":"","background-media":"","overlay-type":"","overlay-color":"","overlay-opacity":"","overlay-gradient":""},"mobile":{"background-color":"","background-image":"","background-repeat":"repeat","background-position":"center center","background-size":"auto","background-attachment":"scroll","background-type":"","background-media":"","overlay-type":"","overlay-color":"","overlay-opacity":"","overlay-gradient":""}},"ast-content-background-meta":{"desktop":{"background-color":"var(--ast-global-color-5)","background-image":"","background-repeat":"repeat","background-position":"center center","background-size":"auto","background-attachment":"scroll","background-type":"","background-media":"","overlay-type":"","overlay-color":"","overlay-opacity":"","overlay-gradient":""},"tablet":{"background-color":"var(--ast-global-color-5)","background-image":"","background-repeat":"repeat","background-position":"center center","background-size":"auto","background-attachment":"scroll","background-type":"","background-media":"","overlay-type":"","overlay-color":"","overlay-opacity":"","overlay-gradient":""},"mobile":{"background-color":"var(--ast-global-color-5)","background-image":"","background-repeat":"repeat","background-position":"center center","background-size":"auto","background-attachment":"scroll","background-type":"","background-media":"","overlay-type":"","overlay-color":"","overlay-opacity":"","overlay-gradient":""}},"footnotes":""},"class_list":["post-7865","page","type-page","status-publish","hentry"],"_links":{"self":[{"href":"https:\/\/ctab.tn\/ar\/wp-json\/wp\/v2\/pages\/7865","targetHints":{"allow":["GET"]}}],"collection":[{"href":"https:\/\/ctab.tn\/ar\/wp-json\/wp\/v2\/pages"}],"about":[{"href":"https:\/\/ctab.tn\/ar\/wp-json\/wp\/v2\/types\/page"}],"author":[{"embeddable":true,"href":"https:\/\/ctab.tn\/ar\/wp-json\/wp\/v2\/users\/31"}],"replies":[{"embeddable":true,"href":"https:\/\/ctab.tn\/ar\/wp-json\/wp\/v2\/comments?post=7865"}],"version-history":[{"count":64,"href":"https:\/\/ctab.tn\/ar\/wp-json\/wp\/v2\/pages\/7865\/revisions"}],"predecessor-version":[{"id":9212,"href":"https:\/\/ctab.tn\/ar\/wp-json\/wp\/v2\/pages\/7865\/revisions\/9212"}],"wp:attachment":[{"href":"https:\/\/ctab.tn\/ar\/wp-json\/wp\/v2\/media?parent=7865"}],"curies":[{"name":"wp","href":"https:\/\/api.w.org\/{rel}","templated":true}]}}