{"id":7014,"date":"2024-01-18T13:41:04","date_gmt":"2024-01-18T12:41:04","guid":{"rendered":"https:\/\/www.ctab.tn\/creation\/"},"modified":"2025-11-24T17:16:00","modified_gmt":"2025-11-24T16:16:00","slug":"creation","status":"publish","type":"page","link":"https:\/\/ctab.tn\/ar\/creation\/","title":{"rendered":"Cr\u00e8ation"},"content":{"rendered":"<div data-elementor-type=\"wp-page\" data-elementor-id=\"7014\" class=\"elementor elementor-7014\" data-elementor-post-type=\"page\">\n\t\t\t\t\t\t<section class=\"elementor-section elementor-top-section elementor-element elementor-element-7fe5b456 elementor-reverse-mobile elementor-section-content-bottom elementor-section-boxed elementor-section-height-default elementor-section-height-default\" data-id=\"7fe5b456\" data-element_type=\"section\" data-settings=\"{&quot;background_background&quot;:&quot;classic&quot;,&quot;ekit_has_onepagescroll_dot&quot;:&quot;yes&quot;}\">\n\t\t\t\t\t\t<div class=\"elementor-container elementor-column-gap-default\">\n\t\t\t\t\t<div class=\"elementor-column elementor-col-50 elementor-top-column elementor-element elementor-element-22dc3983\" data-id=\"22dc3983\" data-element_type=\"column\" data-settings=\"{&quot;background_background&quot;:&quot;classic&quot;}\">\n\t\t\t<div class=\"elementor-widget-wrap elementor-element-populated\">\n\t\t\t\t\t\t<div class=\"elementor-element elementor-element-468b257d elementor-widget elementor-widget-elementskit-heading\" data-id=\"468b257d\" data-element_type=\"widget\" data-settings=\"{&quot;ekit_we_effect_on&quot;:&quot;none&quot;}\" data-widget_type=\"elementskit-heading.default\">\n\t\t\t\t<div class=\"elementor-widget-container\">\n\t\t\t\t\t<div class=\"ekit-wid-con\" ><div class=\"ekit-heading elementskit-section-title-wraper center   ekit_heading_tablet-   ekit_heading_mobile-\"><h2 class=\"ekit-heading--title elementskit-section-title\"><span><span>\u0628\u0639\u062b \u0627\u0644\u0645\u0631\u0643\u0632<\/span><\/span><\/h2><div class=\"ekit_heading_separetor_wraper ekit_heading_elementskit-border-divider elementskit-style-long\"><div class=\"elementskit-border-divider elementskit-style-long\"><\/div><\/div><\/div><\/div>\t\t\t\t<\/div>\n\t\t\t\t<\/div>\n\t\t\t\t<div class=\"elementor-element elementor-element-33fb8e0 elementor-widget elementor-widget-text-editor\" data-id=\"33fb8e0\" data-element_type=\"widget\" data-settings=\"{&quot;ekit_we_effect_on&quot;:&quot;none&quot;}\" data-widget_type=\"text-editor.default\">\n\t\t\t\t<div class=\"elementor-widget-container\">\n\t\t\t\t\t\t\t\t\t<p>\u062a\u0645\u0651 \u0628\u0639\u062b \u0627\u0644\u0645\u0631\u0643\u0632 \u0627\u0644\u0641\u0646\u064a \u0644\u0644\u0641\u0644\u0627\u062d\u0629 \u0627\u0644\u0628\u064a\u0648\u0644\u0648\u062c\u064a\u0629 \u0641\u064a \u0625\u0637\u0627\u0631 \u0627\u0644\u0642\u0627\u0646\u0648\u0646 \u0639\u062f\u062f 4 \u0644\u0633\u0646\u0629 1996 \u0627\u0644\u0645\u0624\u0631\u062e \u0641\u064a 19 \u062c\u0627\u0646\u0641\u064a 1996 \u0627\u0644\u0645\u062a\u0639\u0644\u0642 \u0628\u0625\u062d\u062f\u0627\u062b \u0645\u0631\u0627\u0643\u0632 \u0641\u0646\u064a\u0629 \u0641\u064a \u0627\u0644\u0642\u0637\u0627\u0639 \u0627\u0644\u0641\u0644\u0627\u062d\u064a\u060c \u0648 \u0627\u0644\u0642\u0631\u0627\u0631 \u0645\u0646 \u0648\u0632\u064a\u0631 \u0627\u0644\u0641\u0644\u0627\u062d\u0629 \u0627\u0644\u0645\u0624\u0631\u062e \u0641\u064a 2 \u0623\u0643\u062a\u0648\u0628\u0631 1999 .\u0627\u0644\u0645\u062a\u0639\u0644\u0642 \u0628\u0627\u0644\u0645\u0635\u0627\u062f\u0642\u0629 \u0639\u0644\u0649 \u0627\u0644\u0646\u0638\u0627\u0645 \u0627\u0644\u0623\u0633\u0627\u0633\u064a \u0644\u0644\u0645\u0631\u0643\u0632 \u0627\u0644\u0641\u0646\u064a \u0644\u0644\u0641\u0644\u0627\u062d\u0629 \u0627\u0644\u0628\u064a\u0648\u0644\u0648\u062c\u064a\u0629<\/p>\t\t\t\t\t\t\t\t<\/div>\n\t\t\t\t<\/div>\n\t\t\t\t\t<\/div>\n\t\t<\/div>\n\t\t\t\t<div class=\"elementor-column elementor-col-50 elementor-top-column elementor-element elementor-element-7c1961d6\" data-id=\"7c1961d6\" data-element_type=\"column\">\n\t\t\t<div class=\"elementor-widget-wrap elementor-element-populated\">\n\t\t\t\t\t\t<div class=\"elementor-element elementor-element-6beb0c12 elementor-hidden-phone elementor-widget__width-initial elementor-widget elementor-widget-image\" data-id=\"6beb0c12\" data-element_type=\"widget\" data-settings=\"{&quot;ekit_we_effect_on&quot;:&quot;mousemove&quot;,&quot;ekit_we_mousemove_parallax_speed&quot;:15,&quot;ekit_we_on_test_mode&quot;:&quot;on&quot;}\" data-widget_type=\"image.default\">\n\t\t\t\t<div class=\"elementor-widget-container\">\n\t\t\t\t\t\t\t\t\t\t\t\t\t\t\t<img fetchpriority=\"high\" decoding=\"async\" width=\"500\" height=\"333\" src=\"https:\/\/ctab.tn\/wp-content\/uploads\/2024\/01\/IMG_1686.jpg\" class=\"attachment-full size-full wp-image-7015\" alt=\"\" srcset=\"https:\/\/ctab.tn\/wp-content\/uploads\/2024\/01\/IMG_1686.jpg 500w, https:\/\/ctab.tn\/wp-content\/uploads\/2024\/01\/IMG_1686-300x200.jpg 300w, https:\/\/ctab.tn\/wp-content\/uploads\/2024\/01\/IMG_1686-391x260.jpg 391w\" sizes=\"(max-width: 500px) 100vw, 500px\" \/>\t\t\t\t\t\t\t\t\t\t\t\t\t\t\t<\/div>\n\t\t\t\t<\/div>\n\t\t\t\t\t<\/div>\n\t\t<\/div>\n\t\t\t\t\t<\/div>\n\t\t<\/section>\n\t\t\t\t<\/div>","protected":false},"excerpt":{"rendered":"<p>Cr\u00e9ation Le Centre Technique de l&#8217;Agriculture Biologique (CTAB) a \u00e9t\u00e9 cr\u00e9\u00e9 dans le cadre de la loi n\u00b0 96-04 du 19 janvier 1996 relative aux centres techniques dans le secteur agricole, et de l&#8217;arr\u00eat\u00e9 du minist\u00e8re de l&#8217;Agriculture du 2 octobre 1999 portant cr\u00e9ation du CTAB et approbation de ses statuts.<\/p>","protected":false},"author":31,"featured_media":0,"parent":0,"menu_order":0,"comment_status":"closed","ping_status":"open","template":"","meta":{"site-sidebar-layout":"no-sidebar","site-content-layout":"","ast-site-content-layout":"full-width-container","site-content-style":"default","site-sidebar-style":"default","ast-global-header-display":"","ast-banner-title-visibility":"","ast-main-header-display":"","ast-hfb-above-header-display":"","ast-hfb-below-header-display":"","ast-hfb-mobile-header-display":"","site-post-title":"disabled","ast-breadcrumbs-content":"","ast-featured-img":"disabled","footer-sml-layout":"","ast-disable-related-posts":"","theme-transparent-header-meta":"default","adv-header-id-meta":"","stick-header-meta":"default","header-above-stick-meta":"","header-main-stick-meta":"","header-below-stick-meta":"","astra-migrate-meta-layouts":"set","ast-page-background-enabled":"default","ast-page-background-meta":{"desktop":{"background-color":"var(--ast-global-color-4)","background-image":"","background-repeat":"repeat","background-position":"center center","background-size":"auto","background-attachment":"scroll","background-type":"","background-media":"","overlay-type":"","overlay-color":"","overlay-opacity":"","overlay-gradient":""},"tablet":{"background-color":"","background-image":"","background-repeat":"repeat","background-position":"center center","background-size":"auto","background-attachment":"scroll","background-type":"","background-media":"","overlay-type":"","overlay-color":"","overlay-opacity":"","overlay-gradient":""},"mobile":{"background-color":"","background-image":"","background-repeat":"repeat","background-position":"center center","background-size":"auto","background-attachment":"scroll","background-type":"","background-media":"","overlay-type":"","overlay-color":"","overlay-opacity":"","overlay-gradient":""}},"ast-content-background-meta":{"desktop":{"background-color":"var(--ast-global-color-5)","background-image":"","background-repeat":"repeat","background-position":"center center","background-size":"auto","background-attachment":"scroll","background-type":"","background-media":"","overlay-type":"","overlay-color":"","overlay-opacity":"","overlay-gradient":""},"tablet":{"background-color":"var(--ast-global-color-5)","background-image":"","background-repeat":"repeat","background-position":"center center","background-size":"auto","background-attachment":"scroll","background-type":"","background-media":"","overlay-type":"","overlay-color":"","overlay-opacity":"","overlay-gradient":""},"mobile":{"background-color":"var(--ast-global-color-5)","background-image":"","background-repeat":"repeat","background-position":"center center","background-size":"auto","background-attachment":"scroll","background-type":"","background-media":"","overlay-type":"","overlay-color":"","overlay-opacity":"","overlay-gradient":""}},"footnotes":""},"class_list":["post-7014","page","type-page","status-publish","hentry"],"_links":{"self":[{"href":"https:\/\/ctab.tn\/ar\/wp-json\/wp\/v2\/pages\/7014","targetHints":{"allow":["GET"]}}],"collection":[{"href":"https:\/\/ctab.tn\/ar\/wp-json\/wp\/v2\/pages"}],"about":[{"href":"https:\/\/ctab.tn\/ar\/wp-json\/wp\/v2\/types\/page"}],"author":[{"embeddable":true,"href":"https:\/\/ctab.tn\/ar\/wp-json\/wp\/v2\/users\/31"}],"replies":[{"embeddable":true,"href":"https:\/\/ctab.tn\/ar\/wp-json\/wp\/v2\/comments?post=7014"}],"version-history":[{"count":20,"href":"https:\/\/ctab.tn\/ar\/wp-json\/wp\/v2\/pages\/7014\/revisions"}],"predecessor-version":[{"id":9858,"href":"https:\/\/ctab.tn\/ar\/wp-json\/wp\/v2\/pages\/7014\/revisions\/9858"}],"wp:attachment":[{"href":"https:\/\/ctab.tn\/ar\/wp-json\/wp\/v2\/media?parent=7014"}],"curies":[{"name":"wp","href":"https:\/\/api.w.org\/{rel}","templated":true}]}}