{"id":2753,"date":"2024-07-04T17:07:00","date_gmt":"2024-07-04T17:07:00","guid":{"rendered":"https:\/\/www.ctab.tn\/?page_id=2753"},"modified":"2026-02-22T19:26:34","modified_gmt":"2026-02-22T18:26:34","slug":"logo-biologique","status":"publish","type":"page","link":"https:\/\/ctab.tn\/ar\/logo-biologique\/","title":{"rendered":"\u0627\u0644\u0634\u0639\u0627\u0631 \u0627\u0644\u0628\u064a\u0648\u0644\u0648\u062c\u064a"},"content":{"rendered":"<div data-elementor-type=\"wp-page\" data-elementor-id=\"2753\" class=\"elementor elementor-2753\" data-elementor-post-type=\"page\">\n\t\t\t\t\t\t<section class=\"elementor-section elementor-top-section elementor-element elementor-element-1183392 elementor-section-boxed elementor-section-height-default elementor-section-height-default\" data-id=\"1183392\" data-element_type=\"section\" data-settings=\"{&quot;ekit_has_onepagescroll_dot&quot;:&quot;yes&quot;}\">\n\t\t\t\t\t\t<div class=\"elementor-container elementor-column-gap-default\">\n\t\t\t\t\t<div class=\"elementor-column elementor-col-33 elementor-top-column elementor-element elementor-element-8b18a85\" data-id=\"8b18a85\" data-element_type=\"column\">\n\t\t\t<div class=\"elementor-widget-wrap\">\n\t\t\t\t\t\t\t<\/div>\n\t\t<\/div>\n\t\t\t\t<div class=\"elementor-column elementor-col-33 elementor-top-column elementor-element elementor-element-9f638a0\" data-id=\"9f638a0\" data-element_type=\"column\">\n\t\t\t<div class=\"elementor-widget-wrap elementor-element-populated\">\n\t\t\t\t\t\t<div class=\"elementor-element elementor-element-2215406 elementor-widget elementor-widget-elementskit-heading\" data-id=\"2215406\" data-element_type=\"widget\" data-settings=\"{&quot;ekit_we_effect_on&quot;:&quot;none&quot;}\" data-widget_type=\"elementskit-heading.default\">\n\t\t\t\t<div class=\"elementor-widget-container\">\n\t\t\t\t\t<div class=\"ekit-wid-con\" ><div class=\"ekit-heading elementskit-section-title-wraper center   ekit_heading_tablet-   ekit_heading_mobile-\"><h2 class=\"ekit-heading--title elementskit-section-title\"><span><span>\u0627\u0644\u0634\u0639\u0627\u0631 \u0627\u0644\u0628\u064a\u0648\u0644\u0648\u062c\u064a<\/span><\/span><\/h2><div class=\"ekit_heading_separetor_wraper ekit_heading_elementskit-border-divider elementskit-style-long\"><div class=\"elementskit-border-divider elementskit-style-long\"><\/div><\/div><\/div><\/div>\t\t\t\t<\/div>\n\t\t\t\t<\/div>\n\t\t\t\t\t<\/div>\n\t\t<\/div>\n\t\t\t\t<div class=\"elementor-column elementor-col-33 elementor-top-column elementor-element elementor-element-5219f7d\" data-id=\"5219f7d\" data-element_type=\"column\">\n\t\t\t<div class=\"elementor-widget-wrap\">\n\t\t\t\t\t\t\t<\/div>\n\t\t<\/div>\n\t\t\t\t\t<\/div>\n\t\t<\/section>\n\t\t<div class=\"elementor-element elementor-element-92c54f8 e-flex e-con-boxed e-con e-parent\" data-id=\"92c54f8\" data-element_type=\"container\" data-settings=\"{&quot;ekit_has_onepagescroll_dot&quot;:&quot;yes&quot;}\">\n\t\t\t\t\t<div class=\"e-con-inner\">\n\t\t\t\t<div class=\"elementor-element elementor-element-77f94a3 elementor-widget elementor-widget-image\" data-id=\"77f94a3\" data-element_type=\"widget\" data-settings=\"{&quot;ekit_we_effect_on&quot;:&quot;none&quot;}\" data-widget_type=\"image.default\">\n\t\t\t\t<div class=\"elementor-widget-container\">\n\t\t\t\t\t\t\t\t\t\t\t\t\t\t\t<img decoding=\"async\" width=\"219\" height=\"193\" src=\"https:\/\/ctab.tn\/wp-content\/uploads\/2024\/07\/bio.jpg\" class=\"attachment-large size-large wp-image-2763\" alt=\"\" srcset=\"https:\/\/ctab.tn\/wp-content\/uploads\/2024\/07\/bio.jpg 219w, https:\/\/ctab.tn\/wp-content\/uploads\/2024\/07\/bio-14x12.jpg 14w\" sizes=\"(max-width: 219px) 100vw, 219px\" \/>\t\t\t\t\t\t\t\t\t\t\t\t\t\t\t<\/div>\n\t\t\t\t<\/div>\n\t\t\t\t\t<\/div>\n\t\t\t\t<\/div>\n\t\t<div class=\"elementor-element elementor-element-57b5efe e-flex e-con-boxed e-con e-parent\" data-id=\"57b5efe\" data-element_type=\"container\" data-settings=\"{&quot;ekit_has_onepagescroll_dot&quot;:&quot;yes&quot;}\">\n\t\t\t\t\t<div class=\"e-con-inner\">\n\t\t\t\t<div class=\"elementor-element elementor-element-a974ec7 elementor-widget elementor-widget-text-editor\" data-id=\"a974ec7\" data-element_type=\"widget\" data-settings=\"{&quot;ekit_we_effect_on&quot;:&quot;none&quot;}\" data-widget_type=\"text-editor.default\">\n\t\t\t\t<div class=\"elementor-widget-container\">\n\t\t\t\t\t\t\t\t\t<div style=\"font-family: Arial, sans-serif; font-size: 14pt; line-height: 1.5; text-align: justify;\"><p>\u0628\u0647\u062f\u0641 \u0627\u0644\u062a\u0631\u0648\u064a\u062c \u0644\u0644\u0645\u0646\u062a\u062c\u0627\u062a \u0627\u0644\u0628\u064a\u0648\u0644\u0648\u062c\u064a\u0629 \u0639\u0644\u0649 \u0627\u0644\u0645\u0633\u062a\u0648\u064a\u064a\u0646 \u0627\u0644\u0648\u0637\u0646\u064a \u0648\u0627\u0644\u062f\u0648\u0644\u064a\u060c \u062a\u0645 \u0625\u0646\u0634\u0627\u0621 \u0634\u0639\u0627\u0631 \u062a\u0648\u0646\u0633\u064a \u0627\u062e\u062a\u064a\u0627\u0631\u064a \u0648\u0645\u062c\u0627\u0646\u064a \u0644\u0647\u0630\u0647 \u0627\u0644\u0645\u0646\u062a\u062c\u0627\u062a. \u0648\u0644\u0644\u0627\u0633\u062a\u0641\u0627\u062f\u0629 \u0645\u0646 \u0647\u0630\u0627 \u0627\u0644\u0634\u0639\u0627\u0631\u060c \u064a\u062c\u0628 \u0623\u0646 \u064a\u0643\u0648\u0646 \u0627\u0644\u0645\u0646\u062a\u062c \u0645\u064f\u0639\u062a\u0645\u064e\u062f\u064b\u0627 \u0645\u0646 \u0642\u0628\u0644 \u0647\u064a\u0643\u0644 \u0645\u0631\u0627\u0642\u0628\u0629 \u0648\u062a\u0635\u062f\u064a\u0642 \u0645\u0637\u0627\u0628\u0642\u0629 \u0644\u0644\u0623\u0646\u0638\u0645\u0629 \u0627\u0644\u062a\u0648\u0646\u0633\u064a\u0629 \u0627\u0644\u0633\u0627\u0631\u064a\u0629 \u0627\u0644\u0645\u0641\u0639\u0648\u0644.\n\u0644\u0627 \u064a\u064f\u0645\u0646\u062d \u0647\u0630\u0627 \u0627\u0644\u0634\u0639\u0627\u0631 \u0625\u0644\u0627 \u0628\u0639\u062f \u062a\u0642\u062f\u064a\u0645 \u0637\u0644\u0628 \u0645\u0646 \u0642\u0628\u0644 \u0627\u0644\u0645\u0639\u0646\u064a\u064a\u0646 \u0648\u0641\u0642 \u0646\u0645\u0648\u0630\u062c \u0645\u064f\u062d\u062f\u062f\u060c \u0645\u0631\u0641\u0642\u064b\u0627 \u0628\u0634\u0647\u0627\u062f\u0629 \u0627\u0644\u0645\u0637\u0627\u0628\u0642\u0629 \u0627\u0644\u0635\u0627\u062f\u0631\u0629 \u0639\u0646 \u0647\u064a\u0643\u0644 \u0627\u0644\u0645\u0631\u0627\u0642\u0628\u0629 \u0648\u0627\u0644\u062a\u0635\u062f\u064a\u0642\u060c \u0648\u0627\u0644\u062a\u064a \u062a\u062b\u0628\u062a \u0623\u0646 \u0627\u0644\u0645\u0646\u062a\u062c \u0642\u062f \u062a\u0645 \u0627\u0644\u062d\u0635\u0648\u0644 \u0639\u0644\u064a\u0647 \u0648\u0641\u0642\u064b\u0627 \u0644\u0642\u0648\u0627\u0639\u062f \u0627\u0644\u0625\u0646\u062a\u0627\u062c \u0627\u0644\u0628\u064a\u0648\u0644\u0648\u062c\u064a\u060c \u0648\u064a\u064f\u0648\u062f\u0639 \u0627\u0644\u0637\u0644\u0628 \u0644\u062f\u0649 \u0627\u0644\u0645\u0635\u0627\u0644\u062d \u0627\u0644\u0645\u062e\u062a\u0635\u0629 \u0628\u0627\u0644\u0645\u0646\u062f\u0648\u0628\u064a\u0627\u062a \u0627\u0644\u062c\u0647\u0648\u064a\u0629 \u0644\u0644\u062a\u0646\u0645\u064a\u0629 \u0627\u0644\u0641\u0644\u0627\u062d\u064a\u0629 \u0623\u0648 \u0644\u062f\u0649 \u0627\u0644\u0625\u062f\u0627\u0631\u0629 \u0627\u0644\u0639\u0627\u0645\u0629 \u0644\u0644\u0641\u0644\u0627\u062d\u0629 \u0627\u0644\u0628\u064a\u0648\u0644\u0648\u062c\u064a\u0629 \u0627\u0644\u062a\u064a \u062a\u062a\u0648\u0644\u0649 \u062f\u0631\u0627\u0633\u062a\u0647 \u0641\u064a \u0623\u062c\u0644 \u0644\u0627 \u064a\u062a\u062c\u0627\u0648\u0632 \u0634\u0647\u0631\u064b\u0627 \u0648\u0627\u062d\u062f\u064b\u0627 \u0645\u0646 \u062a\u0627\u0631\u064a\u062e \u0625\u064a\u062f\u0627\u0639\u0647.\n\u0648\u064a\u064f\u0634\u0627\u0631 \u0625\u0644\u0649 \u0623\u0646 \u0645\u0642\u062f\u0645 \u0627\u0644\u0637\u0644\u0628 \u0645\u064f\u0644\u0632\u0645 \u0628\u0625\u062d\u0627\u0644\u0629 \u0627\u0644\u0645\u0644\u0635\u0642\u0627\u062a \u0627\u0644\u0645\u0633\u062a\u062e\u062f\u0645\u0629\u060c \u0648\u0643\u0630\u0644\u0643 \u0623\u064a \u0645\u0634\u0631\u0648\u0639 \u062a\u0639\u062f\u064a\u0644 \u064a\u064f\u0631\u0627\u062f \u0625\u062f\u062e\u0627\u0644\u0647 \u0639\u0644\u0649 \u0627\u0644\u0644\u0635\u064a\u0642\u0629\u060c \u0625\u0644\u0649 \u0627\u0644\u0625\u062f\u0627\u0631\u0629 \u0627\u0644\u0639\u0627\u0645\u0629 \u0644\u0644\u0641\u0644\u0627\u062d\u0629 \u0627\u0644\u0628\u064a\u0648\u0644\u0648\u062c\u064a\u0629.<\/p><p>\u0641\u064a \u062d\u0627\u0644\u0629 \u0627\u0644\u0645\u0648\u0627\u0641\u0642\u0629\u060c \u064a\u064f\u0645\u0646\u062d \u0627\u0644\u0634\u0639\u0627\u0631 \u0628\u0642\u0631\u0627\u0631 \u0645\u0646 \u0648\u0632\u064a\u0631 \u0627\u0644\u0641\u0644\u0627\u062d\u0629\u060c \u064a\u064f\u0631\u0641\u0642 \u0628\u0648\u062b\u064a\u0642\u0629 \u062a\u062d\u062f\u062f \u0645\u0643\u0627\u0646 \u0648\u0636\u0639 \u0627\u0644\u0634\u0639\u0627\u0631\u060c \u0648\u0623\u0628\u0639\u0627\u062f\u0647\u060c \u0648\u0623\u0644\u0648\u0627\u0646\u0647\u060c \u0648\u0634\u0643\u0644\u0647\u060c \u0648\u062c\u0645\u064a\u0639 \u0627\u0644\u0642\u0648\u0627\u0639\u062f \u0627\u0644\u062a\u064a \u064a\u062c\u0628 \u0627\u062d\u062a\u0631\u0627\u0645\u0647\u0627 \u0644\u0627\u0633\u062a\u062e\u062f\u0627\u0645\u0647 \u062d\u0633\u0628 \u0627\u0644\u0648\u0633\u0627\u0626\u0637 \u0627\u0644\u0645\u0639\u062a\u0645\u062f\u0629 \u0644\u0647\u0630\u0627 \u0627\u0644\u063a\u0631\u0636. \u0648\u0641\u064a \u062d\u0627\u0644\u0629 \u0627\u0644\u0631\u0641\u0636\u060c \u064a\u062c\u0628 \u0625\u0639\u0644\u0627\u0645 \u0627\u0644\u0645\u0639\u0646\u064a \u0628\u0627\u0644\u0623\u0645\u0631 \u0639\u0646 \u0637\u0631\u064a\u0642 \u062e\u0637\u0627\u0628 \u0635\u0631\u064a\u062d \u0645\u0648\u0635\u0649 \u0628\u0647.<\/p><p>\u062a\u0645 \u062a\u0633\u062c\u064a\u0644 \u0647\u0630\u0627 \u0627\u0644\u0634\u0639\u0627\u0631 \u0645\u0646 \u0642\u0628\u0644 \u0648\u0632\u0627\u0631\u0629 \u0627\u0644\u0641\u0644\u0627\u062d\u0629 \u0644\u062f\u0649 \u0627\u0644\u0645\u0639\u0647\u062f \u0627\u0644\u0648\u0637\u0646\u064a \u0644\u0644\u0645\u0648\u0627\u0635\u0641\u0627\u062a \u0648\u0627\u0644\u0645\u0644\u0643\u064a\u0629 \u0627\u0644\u0635\u0646\u0627\u0639\u064a\u0629.<\/p><\/div>\t\t\t\t\t\t\t\t<\/div>\n\t\t\t\t<\/div>\n\t\t\t\t\t<\/div>\n\t\t\t\t<\/div>\n\t\t<div class=\"elementor-element elementor-element-4c14804 e-flex e-con-boxed e-con e-parent\" data-id=\"4c14804\" data-element_type=\"container\" data-settings=\"{&quot;ekit_has_onepagescroll_dot&quot;:&quot;yes&quot;}\">\n\t\t\t\t\t<div class=\"e-con-inner\">\n\t\t\t\t<div class=\"elementor-element elementor-element-b578bf5 elementor-widget elementor-widget-icon-box\" data-id=\"b578bf5\" data-element_type=\"widget\" data-settings=\"{&quot;ekit_we_effect_on&quot;:&quot;none&quot;}\" data-widget_type=\"icon-box.default\">\n\t\t\t\t<div class=\"elementor-widget-container\">\n\t\t\t\t\t\t\t<div class=\"elementor-icon-box-wrapper\">\n\n\t\t\t\n\t\t\t\t\t\t<div class=\"elementor-icon-box-content\">\n\n\t\t\t\t\n\t\t\t\t\t\t\t\t\t<p class=\"elementor-icon-box-description\">\n\t\t\t\t\t\t<span style=\"color: #3F6731;font-weight: bold\"> \u0627\u0644\u0645\u0631\u0627\u062c\u0639 \u0627\u0644\u062a\u0634\u0631\u064a\u0639\u064a\u0629:\t\t\t\t\t<\/p>\n\t\t\t\t\n\t\t\t<\/div>\n\t\t\t\n\t\t<\/div>\n\t\t\t\t\t\t<\/div>\n\t\t\t\t<\/div>\n\t\t\t\t<div class=\"elementor-element elementor-element-4edae62 elementor-widget elementor-widget-icon-box\" data-id=\"4edae62\" data-element_type=\"widget\" data-settings=\"{&quot;ekit_we_effect_on&quot;:&quot;none&quot;}\" data-widget_type=\"icon-box.default\">\n\t\t\t\t<div class=\"elementor-widget-container\">\n\t\t\t\t\t\t\t<div class=\"elementor-icon-box-wrapper\">\n\n\t\t\t\n\t\t\t\t\t\t<div class=\"elementor-icon-box-content\">\n\n\t\t\t\t\n\t\t\t\t\t\t\t\t\t<p class=\"elementor-icon-box-description\">\n\t\t\t\t\t\t<a href=\"https:\/\/ctab.tn\/wp-content\/uploads\/2024\/07\/R_LAB1_fr.pdf\" target=\"_blank\" style=\"text-decoration: none;color: inherit\"><\/span>\n- \u0627\u0644\u0623\u0645\u0631 \u0639\u062f\u062f 2010-1547 \u0627\u0644\u0645\u0624\u0631\u062e \u0641\u064a 21 \u062c\u0648\u0627\u0646 2010\u060c \u0627\u0644\u0645\u062a\u0639\u0644\u0642 \u0628\u0625\u062d\u062f\u0627\u062b \u0634\u0639\u0627\u0631 \u0644\u0645\u0646\u062a\u062c\u0627\u062a \u0627\u0644\u0641\u0644\u0627\u062d\u0629 \u0627\u0644\u0639\u0636\u0648\u064a\u0629 \u0627\u0644\u062a\u0648\u0646\u0633\u064a\u0629 \u0648\u0627\u0644\u0645\u062d\u062f\u062f \u0644\u0634\u0631\u0648\u0637 \u0648\u0637\u0631\u0642 \u0645\u0646\u062d\u0647 \u0648\u0633\u062d\u0628\u0647. <span style=\"color: #3F6731;font-weight: bold\">(\u0627\u0644\u0631\u0627\u0626\u062f \u0627\u0644\u0631\u0633\u0645\u064a \u0644\u0644\u062c\u0645\u0647\u0648\u0631\u064a\u0629 \u0627\u0644\u062a\u0648\u0646\u0633\u064a\u0629 \u0639\u062f\u062f 51 - 25 \u062c\u0648\u0627\u0646 2010).\t\t\t\t\t<\/p>\n\t\t\t\t\n\t\t\t<\/a><\/div>\n\t\t\t\n\t\t<\/div>\n\t\t\t\t\t\t<\/div>\n\t\t\t\t<\/div>\n\t\t\t\t<div class=\"elementor-element elementor-element-613c350 elementor-widget elementor-widget-icon-box\" data-id=\"613c350\" data-element_type=\"widget\" data-settings=\"{&quot;ekit_we_effect_on&quot;:&quot;none&quot;}\" data-widget_type=\"icon-box.default\">\n\t\t\t\t<div class=\"elementor-widget-container\">\n\t\t\t\t\t\t\t<div class=\"elementor-icon-box-wrapper\">\n\n\t\t\t\n\t\t\t\t\t\t<div class=\"elementor-icon-box-content\">\n\n\t\t\t\t\n\t\t\t\t\t\t\t\t\t<p class=\"elementor-icon-box-description\">\n\t\t\t\t\t\t<a href=\"https:\/\/ctab.tn\/wp-content\/uploads\/2024\/07\/R_LAB2_fr.pdf\" target=\"_blank\" style=\"text-decoration: none;color: inherit\">\n- \u0642\u0631\u0627\u0631 \u0648\u0632\u064a\u0631 \u0627\u0644\u0641\u0644\u0627\u062d\u0629 \u0648\u0627\u0644\u0645\u0648\u0627\u0631\u062f \u0627\u0644\u0645\u0627\u0626\u064a\u0629 \u0648\u0627\u0644\u0635\u064a\u062f \u0627\u0644\u0645\u0624\u0631\u062e \u0641\u064a 23 \u0623\u0648\u062a 2010\u060c \u0627\u0644\u0645\u062a\u0645\u0645 \u0644\u0642\u0631\u0627\u0631 24 \u0623\u0643\u062a\u0648\u0628\u0631 2005 \u0627\u0644\u0645\u062a\u0639\u0644\u0642 \u0628\u0627\u0644\u0625\u062f\u0627\u0631\u0627\u062a \u0627\u0644\u062a\u064a \u062a\u0642\u062f\u0645\u0647\u0627 \u0645\u0635\u0627\u0644\u062d \u0648\u0632\u0627\u0631\u0629 \u0627\u0644\u0641\u0644\u0627\u062d\u0629 \u0648\u0627\u0644\u0645\u0648\u0627\u0631\u062f \u0627\u0644\u0645\u0627\u0626\u064a\u0629 \u0648\u0627\u0644\u0645\u0624\u0633\u0633\u0627\u062a \u0648\u0627\u0644\u0645\u0646\u0634\u0622\u062a \u0627\u0644\u0639\u0645\u0648\u0645\u064a\u0629 \u062a\u062d\u062a \u0627\u0644\u0648\u0635\u0627\u064a\u0629 \u0648\u0634\u0631\u0648\u0637 \u0645\u0646\u062d\u0647\u0627. <span style=\"color: #3F6731;font-weight: bold\">(\u0627\u0644\u0631\u0627\u0626\u062f \u0627\u0644\u0631\u0633\u0645\u064a \u0644\u0644\u062c\u0645\u0647\u0648\u0631\u064a\u0629 \u0627\u0644\u062a\u0648\u0646\u0633\u064a\u0629 \u0639\u062f\u062f 69 - 27 \u0623\u0648\u062a 2010)<\/span>.\t\t\t\t\t<\/p>\n\t\t\t\t\n\t\t\t<\/div>\n\t\t\t\n\t\t<\/div>\n\t\t\t\t\t\t<\/div>\n\t\t\t\t<\/div>\n\t\t\t\t<div class=\"elementor-element elementor-element-32c39c3 elementor-widget elementor-widget-icon-box\" data-id=\"32c39c3\" data-element_type=\"widget\" data-settings=\"{&quot;ekit_we_effect_on&quot;:&quot;none&quot;}\" data-widget_type=\"icon-box.default\">\n\t\t\t\t<div class=\"elementor-widget-container\">\n\t\t\t\t\t\t\t<div class=\"elementor-icon-box-wrapper\">\n\n\t\t\t\n\t\t\t\t\t\t<div class=\"elementor-icon-box-content\">\n\n\t\t\t\t\n\t\t\t\t\t\t\t\t\t<p class=\"elementor-icon-box-description\">\n\t\t\t\t\t\t<a href=\"https:\/\/ctab.tn\/wp-content\/uploads\/2024\/07\/R_LAB3_fr.pdf\" target=\"_blank\" style=\"text-decoration: none;color: inherit\">\n\u0627\u0644\u0623\u0645\u0631 \u0639\u062f\u062f 2011-4801 \u0627\u0644\u0645\u0624\u0631\u062e \u0641\u064a 10 \u062f\u064a\u0633\u0645\u0628\u0631 2011\u060c \u0627\u0644\u0645\u0639\u062f\u0644 \u0644\u0644\u0623\u0645\u0631 \u0639\u062f\u062f 2010-1547 \u0627\u0644\u0645\u0624\u0631\u062e \u0641\u064a 21 \u062c\u0648\u0627\u0646 2010\u060c \u0627\u0644\u0645\u062a\u0639\u0644\u0642 \u0628\u0625\u062d\u062f\u0627\u062b \u0634\u0639\u0627\u0631 \u0644\u0645\u0646\u062a\u062c\u0627\u062a \u0627\u0644\u0641\u0644\u0627\u062d\u0629 \u0627\u0644\u0628\u064a\u0648\u0644\u0648\u062c\u064a\u0629 \u0627\u0644\u062a\u0648\u0646\u0633\u064a\u0629 \u0648\u0627\u0644\u0645\u062d\u062f\u062f \u0644\u0634\u0631\u0648\u0637 \u0648\u0637\u0631\u0642 \u0645\u0646\u062d\u0647 \u0648\u0633\u062d\u0628\u0647.<span style=\"color: #3F6731;font-weight: bold\">(\u0627\u0644\u0631\u0627\u0626\u062f \u0627\u0644\u0631\u0633\u0645\u064a \u0644\u0644\u062c\u0645\u0647\u0648\u0631\u064a\u0629 \u0627\u0644\u062a\u0648\u0646\u0633\u064a\u0629 \u0639\u062f\u062f 99 - 30 \u062f\u064a\u0633\u0645\u0628\u0631 2011).<\/span>.\n\t\t\t\t\t<\/p>\n\t\t\t\t\n\t\t\t<\/div>\n\t\t\t\n\t\t<\/div>\n\t\t\t\t\t\t<\/div>\n\t\t\t\t<\/div>\n\t\t\t\t\t<\/div>\n\t\t\t\t<\/div>\n\t\t\t\t<\/div>","protected":false},"excerpt":{"rendered":"<p>Logo Biologique Afin de promouvoir les produits biologiques \u00e0 l\u2019\u00e9chelle nationale et internationale, il y a eu cr\u00e9ation d\u2019un logo tunisien facultatif et gratuit pour ces produits. Pour en b\u00e9n\u00e9ficier, le produit doit \u00eatre certifi\u00e9 par un organisme de contr\u00f4le et de certification conform\u00e9ment \u00e0 la r\u00e9glementation tunisienne en vigueur. Ce logo n\u2019est octroy\u00e9 que [&hellip;]<\/p>","protected":false},"author":31,"featured_media":0,"parent":0,"menu_order":0,"comment_status":"closed","ping_status":"open","template":"","meta":{"site-sidebar-layout":"no-sidebar","site-content-layout":"","ast-site-content-layout":"full-width-container","site-content-style":"default","site-sidebar-style":"default","ast-global-header-display":"","ast-banner-title-visibility":"","ast-main-header-display":"","ast-hfb-above-header-display":"","ast-hfb-below-header-display":"","ast-hfb-mobile-header-display":"","site-post-title":"disabled","ast-breadcrumbs-content":"","ast-featured-img":"disabled","footer-sml-layout":"","ast-disable-related-posts":"","theme-transparent-header-meta":"default","adv-header-id-meta":"","stick-header-meta":"default","header-above-stick-meta":"","header-main-stick-meta":"","header-below-stick-meta":"","astra-migrate-meta-layouts":"set","ast-page-background-enabled":"default","ast-page-background-meta":{"desktop":{"background-color":"var(--ast-global-color-4)","background-image":"","background-repeat":"repeat","background-position":"center center","background-size":"auto","background-attachment":"scroll","background-type":"","background-media":"","overlay-type":"","overlay-color":"","overlay-opacity":"","overlay-gradient":""},"tablet":{"background-color":"","background-image":"","background-repeat":"repeat","background-position":"center center","background-size":"auto","background-attachment":"scroll","background-type":"","background-media":"","overlay-type":"","overlay-color":"","overlay-opacity":"","overlay-gradient":""},"mobile":{"background-color":"","background-image":"","background-repeat":"repeat","background-position":"center center","background-size":"auto","background-attachment":"scroll","background-type":"","background-media":"","overlay-type":"","overlay-color":"","overlay-opacity":"","overlay-gradient":""}},"ast-content-background-meta":{"desktop":{"background-color":"var(--ast-global-color-5)","background-image":"","background-repeat":"repeat","background-position":"center center","background-size":"auto","background-attachment":"scroll","background-type":"","background-media":"","overlay-type":"","overlay-color":"","overlay-opacity":"","overlay-gradient":""},"tablet":{"background-color":"var(--ast-global-color-5)","background-image":"","background-repeat":"repeat","background-position":"center center","background-size":"auto","background-attachment":"scroll","background-type":"","background-media":"","overlay-type":"","overlay-color":"","overlay-opacity":"","overlay-gradient":""},"mobile":{"background-color":"var(--ast-global-color-5)","background-image":"","background-repeat":"repeat","background-position":"center center","background-size":"auto","background-attachment":"scroll","background-type":"","background-media":"","overlay-type":"","overlay-color":"","overlay-opacity":"","overlay-gradient":""}},"footnotes":""},"class_list":["post-2753","page","type-page","status-publish","hentry"],"_links":{"self":[{"href":"https:\/\/ctab.tn\/ar\/wp-json\/wp\/v2\/pages\/2753","targetHints":{"allow":["GET"]}}],"collection":[{"href":"https:\/\/ctab.tn\/ar\/wp-json\/wp\/v2\/pages"}],"about":[{"href":"https:\/\/ctab.tn\/ar\/wp-json\/wp\/v2\/types\/page"}],"author":[{"embeddable":true,"href":"https:\/\/ctab.tn\/ar\/wp-json\/wp\/v2\/users\/31"}],"replies":[{"embeddable":true,"href":"https:\/\/ctab.tn\/ar\/wp-json\/wp\/v2\/comments?post=2753"}],"version-history":[{"count":114,"href":"https:\/\/ctab.tn\/ar\/wp-json\/wp\/v2\/pages\/2753\/revisions"}],"predecessor-version":[{"id":10922,"href":"https:\/\/ctab.tn\/ar\/wp-json\/wp\/v2\/pages\/2753\/revisions\/10922"}],"wp:attachment":[{"href":"https:\/\/ctab.tn\/ar\/wp-json\/wp\/v2\/media?parent=2753"}],"curies":[{"name":"wp","href":"https:\/\/api.w.org\/{rel}","templated":true}]}}