{"id":2597,"date":"2024-07-04T00:22:55","date_gmt":"2024-07-04T00:22:55","guid":{"rendered":"https:\/\/www.ctab.tn\/?page_id=2597"},"modified":"2026-02-23T11:54:01","modified_gmt":"2026-02-23T10:54:01","slug":"adhesion-a-l-ifoam","status":"publish","type":"page","link":"https:\/\/ctab.tn\/ar\/adhesion-a-l-ifoam\/","title":{"rendered":"adhesion a l ifoam"},"content":{"rendered":"<div data-elementor-type=\"wp-page\" data-elementor-id=\"2597\" class=\"elementor elementor-2597\" data-elementor-post-type=\"page\">\n\t\t\t\t\t\t<section class=\"elementor-section elementor-top-section elementor-element elementor-element-1b22272 elementor-section-boxed elementor-section-height-default elementor-section-height-default\" data-id=\"1b22272\" data-element_type=\"section\" data-settings=\"{&quot;background_background&quot;:&quot;classic&quot;,&quot;ekit_has_onepagescroll_dot&quot;:&quot;yes&quot;}\">\n\t\t\t\t\t\t<div class=\"elementor-container elementor-column-gap-default\">\n\t\t\t\t\t<div class=\"elementor-column elementor-col-100 elementor-top-column elementor-element elementor-element-f0d7892\" data-id=\"f0d7892\" data-element_type=\"column\">\n\t\t\t<div class=\"elementor-widget-wrap elementor-element-populated\">\n\t\t\t\t\t\t<div class=\"elementor-element elementor-element-75bb43f elementor-widget elementor-widget-elementskit-heading\" data-id=\"75bb43f\" data-element_type=\"widget\" data-settings=\"{&quot;ekit_we_effect_on&quot;:&quot;none&quot;}\" data-widget_type=\"elementskit-heading.default\">\n\t\t\t\t<div class=\"elementor-widget-container\">\n\t\t\t\t\t<div class=\"ekit-wid-con\" ><div class=\"ekit-heading elementskit-section-title-wraper center   ekit_heading_tablet-   ekit_heading_mobile-\"><h2 class=\"ekit-heading--title elementskit-section-title\"><span><span>\u0627\u0646\u0636\u0645\u0627\u0645 \u0627\u0644\u0645\u0631\u0643\u0632 \u0627\u0644\u0641\u0646\u064a \u0644\u0644\u0632\u0631\u0627\u0639\u0629 \u0627\u0644\u0628\u064a\u0648\u0644\u0648\u062c\u064a\u0629 (CTAB) \u0625\u0644\u0649 \u0627\u0644\u0627\u062a\u062d\u0627\u062f \u0627\u0644\u062f\u0648\u0644\u064a \u0644\u062d\u0631\u0643\u0627\u062a \u0627\u0644\u0632\u0631\u0627\u0639\u0629 \u0627\u0644\u0639\u0636\u0648\u064a\u0629 (IFOAM)<\/span><\/span><\/h2><div class=\"ekit_heading_separetor_wraper ekit_heading_elementskit-border-divider elementskit-style-long\"><div class=\"elementskit-border-divider elementskit-style-long\"><\/div><\/div><\/div><\/div>\t\t\t\t<\/div>\n\t\t\t\t<\/div>\n\t\t\t\t\t<\/div>\n\t\t<\/div>\n\t\t\t\t\t<\/div>\n\t\t<\/section>\n\t\t<div class=\"elementor-element elementor-element-ed3c4a9 e-flex e-con-boxed e-con e-parent\" data-id=\"ed3c4a9\" data-element_type=\"container\" data-settings=\"{&quot;ekit_has_onepagescroll_dot&quot;:&quot;yes&quot;}\">\n\t\t\t\t\t<div class=\"e-con-inner\">\n\t\t\t\t<div class=\"elementor-element elementor-element-e171acd elementor-widget elementor-widget-text-editor\" data-id=\"e171acd\" data-element_type=\"widget\" data-settings=\"{&quot;ekit_we_effect_on&quot;:&quot;none&quot;}\" data-widget_type=\"text-editor.default\">\n\t\t\t\t<div class=\"elementor-widget-container\">\n\t\t\t\t\t\t\t\t\t<p><span style=\"font-size: 18px;\"><strong>\u00a0 \u00a0 \u00a0\u0627\u0644\u0645\u0631\u0643\u0632 \u0627\u0644\u0641\u0646\u064a \u0644\u0644\u0641\u0644\u0627\u062d\u0629 \u0627\u0644\u0628\u064a\u0648\u0644\u0648\u062c\u064a\u0629<\/strong> \u0647\u0648 \u0639\u0636\u0648 \u0645\u0646\u062a\u0645\u064a \u0644\u0644\u0627\u062a\u062d\u0627\u062f \u0627\u0644\u062f\u0648\u0644\u064a \u0644\u062d\u0631\u0643\u0627\u062a \u0627\u0644\u0632\u0631\u0627\u0639\u0629 \u0627\u0644\u0639\u0636\u0648\u064a\u0629 \"IFOAM\" \u0645\u0646\u0630 23 \u0639\u0627\u0645\u0627. \u0639\u0644\u0649 \u0627\u0644\u0635\u0639\u064a\u062f \u0627\u0644\u0639\u0627\u0644\u0645\u064a\u060c \u0647\u0646\u0627\u0643 833 \u0647\u064a\u0643\u0644\u064b\u0627 \u0623\u0639\u0636\u0627\u0621 \u0641\u064a IFOAM \u0641\u064a 127 \u062f\u0648\u0644\u0629. \u062a\u062a\u0645\u062b\u0644 \u0645\u0647\u0645\u0629 IFOAM \u0641\u064a \u062a\u0648\u062d\u064a\u062f \u0648\u0645\u0633\u0627\u0639\u062f\u0629 \u0627\u0644\u062d\u0631\u0643\u0629 \u0627\u0644\u0639\u0636\u0648\u064a\u0629 \u0628\u0643\u0644 \u062a\u0646\u0648\u0639\u0647\u0627. \u0647\u062f\u0641\u0647\u0627 \u0647\u0648 \u062a\u0628\u0646\u064a \u0623\u0646\u0638\u0645\u0629 \u0645\u062a\u0645\u0627\u0633\u0643\u0629 \u0628\u064a\u0626\u064a\u064b\u0627 \u0648\u0627\u062c\u062a\u0645\u0627\u0639\u064a\u064b\u0627 \u0648\u0627\u0642\u062a\u0635\u0627\u062f\u064a\u064b\u0627 \u0641\u064a \u0627\u0644\u0639\u0627\u0644\u0645. \u0645\u0646 \u062e\u0644\u0627\u0644 \u0645\u0648\u0642\u0639\u0647\u060c \u064a\u0633\u0627\u0647\u0645 <strong>\u0627\u0644\u0645\u0631\u0643\u0632 \u0627\u0644\u0641\u0646\u064a \u0644\u0644\u0641\u0644\u0627\u062d\u0629 \u0627\u0644\u0628\u064a\u0648\u0644\u0648\u062c\u064a\u0629<\/strong> \u0641\u064a \u062a\u0639\u0632\u064a\u0632 \u0627\u0644\u062d\u0631\u0643\u0629 \u0627\u0644\u0639\u0636\u0648\u064a\u0629 \u0639\u0644\u0649 \u0627\u0644\u0645\u0633\u062a\u0648\u064a\u0627\u062a \u0627\u0644\u0648\u0637\u0646\u064a\u0629 \u0648\u0627\u0644\u0625\u0642\u0644\u064a\u0645\u064a\u0629 \u0648\u0627\u0644\u0642\u0627\u0631\u064a\u0629 \u0648\u0627\u0644\u0639\u0627\u0644\u0645\u064a\u0629.<\/span><\/p>\t\t\t\t\t\t\t\t<\/div>\n\t\t\t\t<\/div>\n\t\t\t\t\t<\/div>\n\t\t\t\t<\/div>\n\t\t<div class=\"elementor-element elementor-element-66a958e e-con-full e-flex e-con e-child\" data-id=\"66a958e\" data-element_type=\"container\" data-settings=\"{&quot;ekit_has_onepagescroll_dot&quot;:&quot;yes&quot;}\">\n\t\t\t\t<div class=\"elementor-element elementor-element-cb1e679 elementor-align-center elementor-widget elementor-widget-button\" data-id=\"cb1e679\" data-element_type=\"widget\" data-settings=\"{&quot;ekit_we_effect_on&quot;:&quot;none&quot;}\" data-widget_type=\"button.default\">\n\t\t\t\t<div class=\"elementor-widget-container\">\n\t\t\t\t\t\t\t\t\t<div class=\"elementor-button-wrapper\">\n\t\t\t\t\t<a class=\"elementor-button elementor-button-link elementor-size-sm\" href=\"https:\/\/directory.ifoam.bio\/affiliates\/725-centre-technique-de-l-agriculture-biologique\" target=\"_blank\">\n\t\t\t\t\t\t<span class=\"elementor-button-content-wrapper\">\n\t\t\t\t\t\t<span class=\"elementor-button-icon\">\n\t\t\t\t<svg aria-hidden=\"true\" class=\"e-font-icon-svg e-fas-external-link-alt\" viewbox=\"0 0 512 512\" xmlns=\"http:\/\/www.w3.org\/2000\/svg\"><path d=\"M432,320H400a16,16,0,0,0-16,16V448H64V128H208a16,16,0,0,0,16-16V80a16,16,0,0,0-16-16H48A48,48,0,0,0,0,112V464a48,48,0,0,0,48,48H400a48,48,0,0,0,48-48V336A16,16,0,0,0,432,320ZM488,0h-128c-21.37,0-32.05,25.91-17,41l35.73,35.73L135,320.37a24,24,0,0,0,0,34L157.67,377a24,24,0,0,0,34,0L435.28,133.32,471,169c15,15,41,4.5,41-17V24A24,24,0,0,0,488,0Z\"><\/path><\/svg>\t\t\t<\/span>\n\t\t\t\t\t\t\t\t\t<span class=\"elementor-button-text\">\u062f\u0644\u064a\u0644 \u0627\u0644\u0645\u0646\u062e\u0631\u0637\u064a\u0646<\/span>\n\t\t\t\t\t<\/span>\n\t\t\t\t\t<\/a>\n\t\t\t\t<\/div>\n\t\t\t\t\t\t\t\t<\/div>\n\t\t\t\t<\/div>\n\t\t\t\t<\/div>\n\t\t<div class=\"elementor-element elementor-element-2583e79 e-flex e-con-boxed e-con e-parent\" data-id=\"2583e79\" data-element_type=\"container\" data-settings=\"{&quot;ekit_has_onepagescroll_dot&quot;:&quot;yes&quot;}\">\n\t\t\t\t\t<div class=\"e-con-inner\">\n\t\t\t\t<div class=\"elementor-element elementor-element-74f490d elementor-widget elementor-widget-image\" data-id=\"74f490d\" data-element_type=\"widget\" data-settings=\"{&quot;ekit_we_effect_on&quot;:&quot;none&quot;}\" data-widget_type=\"image.default\">\n\t\t\t\t<div class=\"elementor-widget-container\">\n\t\t\t\t\t\t\t\t\t\t\t\t\t\t\t<img fetchpriority=\"high\" decoding=\"async\" width=\"568\" height=\"799\" src=\"https:\/\/ctab.tn\/wp-content\/uploads\/2026\/02\/IFOAM-2026.png\" class=\"attachment-full size-full wp-image-10926\" alt=\"\" srcset=\"https:\/\/ctab.tn\/wp-content\/uploads\/2026\/02\/IFOAM-2026.png 568w, https:\/\/ctab.tn\/wp-content\/uploads\/2026\/02\/IFOAM-2026-213x300.png 213w, https:\/\/ctab.tn\/wp-content\/uploads\/2026\/02\/IFOAM-2026-9x12.png 9w\" sizes=\"(max-width: 568px) 100vw, 568px\" \/>\t\t\t\t\t\t\t\t\t\t\t\t\t\t\t<\/div>\n\t\t\t\t<\/div>\n\t\t\t\t\t<\/div>\n\t\t\t\t<\/div>\n\t\t<div class=\"elementor-element elementor-element-e1428b5 e-flex e-con-boxed e-con e-parent\" data-id=\"e1428b5\" data-element_type=\"container\" data-settings=\"{&quot;ekit_has_onepagescroll_dot&quot;:&quot;yes&quot;}\">\n\t\t\t\t\t<div class=\"e-con-inner\">\n\t\t\t\t<div class=\"elementor-element elementor-element-dcb8fc2 elementor-widget elementor-widget-spacer\" data-id=\"dcb8fc2\" data-element_type=\"widget\" data-settings=\"{&quot;ekit_we_effect_on&quot;:&quot;none&quot;}\" data-widget_type=\"spacer.default\">\n\t\t\t\t<div class=\"elementor-widget-container\">\n\t\t\t\t\t\t\t<div class=\"elementor-spacer\">\n\t\t\t<div class=\"elementor-spacer-inner\"><\/div>\n\t\t<\/div>\n\t\t\t\t\t\t<\/div>\n\t\t\t\t<\/div>\n\t\t\t\t\t<\/div>\n\t\t\t\t<\/div>\n\t\t\t\t<\/div>","protected":false},"excerpt":{"rendered":"<p>Adh\u00e9sion du Centre Technique de l\u2019Agriculture Biologique (CTAB) \u00e0 la F\u00e9d\u00e9ration Internationale des Mouvements de l&#8217;Agriculture Biologique (IFOAM) \u00a0 \u00a0 \u00a0Le CTAB est Membre affili\u00e9 \u00e0 l\u2019IFOAM depuis 23 ans. A l\u2019\u00e9chelle mondiale, 833 structures sont membres de l&#8217;IFOAM dans 127 pays. La mission d&#8217;IFOAM est de f\u00e9d\u00e9rer et d&#8217;assister le mouvement bio dans toute [&hellip;]<\/p>","protected":false},"author":31,"featured_media":0,"parent":0,"menu_order":0,"comment_status":"closed","ping_status":"open","template":"","meta":{"site-sidebar-layout":"no-sidebar","site-content-layout":"","ast-site-content-layout":"full-width-container","site-content-style":"default","site-sidebar-style":"default","ast-global-header-display":"","ast-banner-title-visibility":"","ast-main-header-display":"","ast-hfb-above-header-display":"","ast-hfb-below-header-display":"","ast-hfb-mobile-header-display":"","site-post-title":"disabled","ast-breadcrumbs-content":"","ast-featured-img":"disabled","footer-sml-layout":"","ast-disable-related-posts":"","theme-transparent-header-meta":"default","adv-header-id-meta":"","stick-header-meta":"default","header-above-stick-meta":"","header-main-stick-meta":"","header-below-stick-meta":"","astra-migrate-meta-layouts":"set","ast-page-background-enabled":"default","ast-page-background-meta":{"desktop":{"background-color":"var(--ast-global-color-4)","background-image":"","background-repeat":"repeat","background-position":"center center","background-size":"auto","background-attachment":"scroll","background-type":"","background-media":"","overlay-type":"","overlay-color":"","overlay-opacity":"","overlay-gradient":""},"tablet":{"background-color":"","background-image":"","background-repeat":"repeat","background-position":"center center","background-size":"auto","background-attachment":"scroll","background-type":"","background-media":"","overlay-type":"","overlay-color":"","overlay-opacity":"","overlay-gradient":""},"mobile":{"background-color":"","background-image":"","background-repeat":"repeat","background-position":"center center","background-size":"auto","background-attachment":"scroll","background-type":"","background-media":"","overlay-type":"","overlay-color":"","overlay-opacity":"","overlay-gradient":""}},"ast-content-background-meta":{"desktop":{"background-color":"var(--ast-global-color-5)","background-image":"","background-repeat":"repeat","background-position":"center center","background-size":"auto","background-attachment":"scroll","background-type":"","background-media":"","overlay-type":"","overlay-color":"","overlay-opacity":"","overlay-gradient":""},"tablet":{"background-color":"var(--ast-global-color-5)","background-image":"","background-repeat":"repeat","background-position":"center center","background-size":"auto","background-attachment":"scroll","background-type":"","background-media":"","overlay-type":"","overlay-color":"","overlay-opacity":"","overlay-gradient":""},"mobile":{"background-color":"var(--ast-global-color-5)","background-image":"","background-repeat":"repeat","background-position":"center center","background-size":"auto","background-attachment":"scroll","background-type":"","background-media":"","overlay-type":"","overlay-color":"","overlay-opacity":"","overlay-gradient":""}},"footnotes":""},"class_list":["post-2597","page","type-page","status-publish","hentry"],"_links":{"self":[{"href":"https:\/\/ctab.tn\/ar\/wp-json\/wp\/v2\/pages\/2597","targetHints":{"allow":["GET"]}}],"collection":[{"href":"https:\/\/ctab.tn\/ar\/wp-json\/wp\/v2\/pages"}],"about":[{"href":"https:\/\/ctab.tn\/ar\/wp-json\/wp\/v2\/types\/page"}],"author":[{"embeddable":true,"href":"https:\/\/ctab.tn\/ar\/wp-json\/wp\/v2\/users\/31"}],"replies":[{"embeddable":true,"href":"https:\/\/ctab.tn\/ar\/wp-json\/wp\/v2\/comments?post=2597"}],"version-history":[{"count":27,"href":"https:\/\/ctab.tn\/ar\/wp-json\/wp\/v2\/pages\/2597\/revisions"}],"predecessor-version":[{"id":10929,"href":"https:\/\/ctab.tn\/ar\/wp-json\/wp\/v2\/pages\/2597\/revisions\/10929"}],"wp:attachment":[{"href":"https:\/\/ctab.tn\/ar\/wp-json\/wp\/v2\/media?parent=2597"}],"curies":[{"name":"wp","href":"https:\/\/api.w.org\/{rel}","templated":true}]}}