{"id":2571,"date":"2024-07-03T23:51:00","date_gmt":"2024-07-03T23:51:00","guid":{"rendered":"https:\/\/www.ctab.tn\/?page_id=2571"},"modified":"2025-09-04T20:01:16","modified_gmt":"2025-09-04T19:01:16","slug":"label-marhba-3","status":"publish","type":"page","link":"https:\/\/ctab.tn\/ar\/label-marhba-3\/","title":{"rendered":"Label Marhba"},"content":{"rendered":"<div data-elementor-type=\"wp-page\" data-elementor-id=\"2571\" class=\"elementor elementor-2571\" data-elementor-post-type=\"page\">\n\t\t\t\t\t\t<section class=\"elementor-section elementor-top-section elementor-element elementor-element-1055516 elementor-section-boxed elementor-section-height-default elementor-section-height-default\" data-id=\"1055516\" data-element_type=\"section\" data-settings=\"{&quot;background_background&quot;:&quot;classic&quot;,&quot;ekit_has_onepagescroll_dot&quot;:&quot;yes&quot;}\">\n\t\t\t\t\t\t<div class=\"elementor-container elementor-column-gap-default\">\n\t\t\t\t\t<div class=\"elementor-column elementor-col-100 elementor-top-column elementor-element elementor-element-5616bd4\" data-id=\"5616bd4\" data-element_type=\"column\">\n\t\t\t<div class=\"elementor-widget-wrap elementor-element-populated\">\n\t\t\t\t\t\t<div class=\"elementor-element elementor-element-61a0eba elementor-widget elementor-widget-elementskit-heading\" data-id=\"61a0eba\" data-element_type=\"widget\" data-settings=\"{&quot;ekit_we_effect_on&quot;:&quot;none&quot;}\" data-widget_type=\"elementskit-heading.default\">\n\t\t\t\t<div class=\"elementor-widget-container\">\n\t\t\t\t\t<div class=\"ekit-wid-con\" ><div class=\"ekit-heading elementskit-section-title-wraper center   ekit_heading_tablet-   ekit_heading_mobile-\"><h2 class=\"ekit-heading--title elementskit-section-title\"><span><span>\u0625\u0633\u0646\u0627\u062f \u0639\u0644\u0627\u0645\u0629 \u00ab\u0645\u0631\u062d\u0628\u0627\u00bb \u0644\u0644\u0645\u0631\u0643\u0632 \u0627\u0644\u0641\u0646\u064a \u0644\u0644\u0641\u0644\u0627\u062d\u0629 \u0627\u0644\u0628\u064a\u0648\u0644\u0648\u062c\u064a\u0629 <\/span><\/span><\/h2><div class=\"ekit_heading_separetor_wraper ekit_heading_elementskit-border-divider elementskit-style-long\"><div class=\"elementskit-border-divider elementskit-style-long\"><\/div><\/div><\/div><\/div>\t\t\t\t<\/div>\n\t\t\t\t<\/div>\n\t\t\t\t\t<\/div>\n\t\t<\/div>\n\t\t\t\t\t<\/div>\n\t\t<\/section>\n\t\t\t\t<section class=\"elementor-section elementor-top-section elementor-element elementor-element-0db618b elementor-section-content-middle elementor-reverse-mobile elementor-section-boxed elementor-section-height-default elementor-section-height-default\" data-id=\"0db618b\" data-element_type=\"section\" data-settings=\"{&quot;background_background&quot;:&quot;classic&quot;,&quot;ekit_has_onepagescroll_dot&quot;:&quot;yes&quot;}\">\n\t\t\t\t\t\t<div class=\"elementor-container elementor-column-gap-default\">\n\t\t\t\t\t<div class=\"elementor-column elementor-col-50 elementor-top-column elementor-element elementor-element-85a2987\" data-id=\"85a2987\" data-element_type=\"column\">\n\t\t\t<div class=\"elementor-widget-wrap elementor-element-populated\">\n\t\t\t\t\t\t<div class=\"elementor-element elementor-element-802a6b7 elementor-widget__width-initial elementor-widget elementor-widget-image\" data-id=\"802a6b7\" data-element_type=\"widget\" data-settings=\"{&quot;ekit_we_effect_on&quot;:&quot;none&quot;}\" data-widget_type=\"image.default\">\n\t\t\t\t<div class=\"elementor-widget-container\">\n\t\t\t\t\t\t\t\t\t\t\t\t\t\t\t<img fetchpriority=\"high\" decoding=\"async\" width=\"739\" height=\"725\" src=\"https:\/\/ctab.tn\/wp-content\/uploads\/2024\/12\/Label-Marhba-CTAB.tn-La-certification-Marhaba-de-Centre-Technique-de-lAgriculture-Biologique.png\" class=\"attachment-full size-full wp-image-4682\" alt=\"\" srcset=\"https:\/\/ctab.tn\/wp-content\/uploads\/2024\/12\/Label-Marhba-CTAB.tn-La-certification-Marhaba-de-Centre-Technique-de-lAgriculture-Biologique.png 739w, https:\/\/ctab.tn\/wp-content\/uploads\/2024\/12\/Label-Marhba-CTAB.tn-La-certification-Marhaba-de-Centre-Technique-de-lAgriculture-Biologique-300x294.png 300w, https:\/\/ctab.tn\/wp-content\/uploads\/2024\/12\/Label-Marhba-CTAB.tn-La-certification-Marhaba-de-Centre-Technique-de-lAgriculture-Biologique-12x12.png 12w, https:\/\/ctab.tn\/wp-content\/uploads\/2024\/12\/Label-Marhba-CTAB.tn-La-certification-Marhaba-de-Centre-Technique-de-lAgriculture-Biologique-600x589.png 600w\" sizes=\"(max-width: 739px) 100vw, 739px\" \/>\t\t\t\t\t\t\t\t\t\t\t\t\t\t\t<\/div>\n\t\t\t\t<\/div>\n\t\t\t\t\t<\/div>\n\t\t<\/div>\n\t\t\t\t<div class=\"elementor-column elementor-col-50 elementor-top-column elementor-element elementor-element-1964f37\" data-id=\"1964f37\" data-element_type=\"column\">\n\t\t\t<div class=\"elementor-widget-wrap elementor-element-populated\">\n\t\t\t\t\t\t<div class=\"elementor-element elementor-element-0526651 elementor-widget elementor-widget-text-editor\" data-id=\"0526651\" data-element_type=\"widget\" data-settings=\"{&quot;ekit_we_effect_on&quot;:&quot;none&quot;}\" data-widget_type=\"text-editor.default\">\n\t\t\t\t<div class=\"elementor-widget-container\">\n\t\t\t\t\t\t\t\t\t<p><span style=\"font-size: 18px;\">\u00a0 \u00a0 \u00a0\u062a\u0645\u0643\u0651\u0646 \u0627\u0644\u0645\u0631\u0643\u0632 \u0627\u0644\u0641\u0646\u064a \u0644\u0644\u0641\u0644\u0627\u062d\u0629 \u0627\u0644\u0628\u064a\u0648\u0644\u0648\u062c\u064a\u0629 \u064a\u0648\u0645 15 \u0633\u0628\u062a\u0645\u0628\u0631 2023\u060c \u0645\u0646 \u062a\u062c\u062f\u064a\u062f <a href=\"https:\/\/ctab.tn\/wp-content\/uploads\/2024\/12\/Marhba-Ctab-2023.pdf\"><span style=\"text-decoration: underline; color: #008000;\"><strong>\u0634\u0647\u0627\u062f\u0629<\/strong><\/span><\/a>\u00a0\u062c\u0648\u062f\u0629 \u0627\u0644\u0627\u0633\u062a\u0642\u0628\u0627\u0644 \u0648\u0630\u0644\u0643 \u0628\u0639\u062f \u062a\u0644\u0628\u064a\u0629 \u0643\u0627\u0641\u0651\u0629 \u0627\u0644\u0634\u0631\u0648\u0637 \u0627\u0644\u0645\u062a\u0639\u0644\u0642\u0629 \u0628\u062d\u0633\u0646 \u0627\u0644\u0627\u0633\u062a\u0642\u0628\u0627\u0644. \u0639\u0644\u0645\u0627 \u0648\u0623\u0646\u0651 \u0647\u0630\u0647 \u0627\u0644\u0634\u0647\u0627\u062f\u0629 \u0635\u0627\u0644\u062d\u0629 \u0644\u0645\u062f\u0651\u0629 \u062b\u0644\u0627\u062b \u0633\u0646\u0648\u0627\u062a\u060c \u062a\u062a\u062e\u0644\u0644\u0647\u0627 \u0639\u0645\u0644\u064a\u0629 \u062a\u062f\u0642\u064a\u0642 \u0633\u0646\u0648\u064a\u0629 \u0644\u0644\u0645\u062a\u0627\u0628\u0639\u0629 \u0645\u0646 \u0642\u0628\u0644 \u0627\u0644\u0645\u0639\u0647\u062f \u0627\u0644\u0648\u0637\u0646\u064a \u0644\u0644\u0645\u0648\u0627\u0635\u0641\u0627\u062a \u0648\u0627\u0644\u0645\u0644\u0643\u064a\u0629 \u0627\u0644\u0635\u0646\u0627\u0639\u064a\u0629. \u0644\u064a\u0643\u0648\u0646 \u0628\u0630\u0644\u0643 \u0623\u0648\u0651\u0644 \u0645\u0624\u0633\u0633\u0629 \u0628\u0648\u0632\u0627\u0631\u0629 \u0627\u0644\u0641\u0644\u0627\u062d\u0629 \u0648\u0627\u0644\u0645\u0648\u0627\u0631\u062f \u0627\u0644\u0645\u0627\u0626\u064a\u0629 \u0648\u0627\u0644\u0635\u064a\u062f \u0627\u0644\u0628\u062d\u0631\u064a \u062a\u062a\u062d\u0635\u0644 \u0639\u0644\u0649 \u0639\u0644\u0627\u0645\u0629 \u062c\u0648\u062f\u0629 \u0627\u0644\u0627\u0633\u062a\u0642\u0628\u0627\u0644 \u00ab\u0645\u0631\u062d\u0628\u0627\u00bb\u0645\u0646\u0630 18 \u062c\u0648\u0627\u0646 2010.<\/span><\/p>\t\t\t\t\t\t\t\t<\/div>\n\t\t\t\t<\/div>\n\t\t\t\t<div class=\"elementor-element elementor-element-a122224 elementor-widget elementor-widget-text-editor\" data-id=\"a122224\" data-element_type=\"widget\" data-settings=\"{&quot;ekit_we_effect_on&quot;:&quot;none&quot;}\" data-widget_type=\"text-editor.default\">\n\t\t\t\t<div class=\"elementor-widget-container\">\n\t\t\t\t\t\t\t\t\t<p><span style=\"font-size: 18px;\">\u00a0 \u00a0 \u00a0\u0643\u0645\u0627 \u064a\u0630\u0643\u0631 \u0623\u0646\u0651 \u0627\u0644\u0645\u0639\u0647\u062f \u0627\u0644\u0648\u0637\u0646\u064a \u0644\u0644\u0645\u0648\u0627\u0635\u0641\u0627\u062a \u0648\u0627\u0644\u0645\u0644\u0643\u064a\u0629 \u0627\u0644\u0635\u0646\u0627\u0639\u064a\u0629 \u0623\u062d\u062f\u062b \u0628\u0627\u0644\u062a\u0639\u0627\u0648\u0646 \u0645\u0639 \u0648\u062d\u062f\u0629 \u062c\u0648\u062f\u0629 \u0627\u0644\u062e\u062f\u0645\u0627\u062a \u0627\u0644\u0625\u062f\u0627\u0631\u064a\u0629 \u0627\u0644\u062a\u0627\u0628\u0639\u0629 \u0644\u0631\u0626\u0627\u0633\u0629 \u0627\u0644\u062d\u0643\u0648\u0645\u0629\u060c \u0639\u0644\u0627\u0645\u0629 \u062c\u0648\u062f\u0629 \u0627\u0644\u0627\u0633\u062a\u0642\u0628\u0627\u0644 \u00ab\u0645\u0631\u062d\u0628\u0627\u00bb \u0627\u0644\u062a\u064a \u062a\u0633\u0646\u062f \u0644\u0645\u0633\u062a\u062d\u0642\u064a\u0647\u0627 \u0645\u0646 \u0627\u0644\u0625\u062f\u0627\u0631\u0627\u062a \u0627\u0644\u0639\u0645\u0648\u0645\u064a\u0629 \u0627\u0644\u0645\u062a\u0645\u064a\u0632\u0629 \u0628\u0627\u0644\u0627\u0633\u062a\u0642\u0628\u0627\u0644 \u0627\u0644\u062c\u064a\u062f \u0648\u0627\u0644\u0646\u0641\u0627\u0630 \u0627\u0644\u0646\u0627\u062c\u0639 \u0648\u0627\u0644\u0633\u0631\u064a\u0639 \u0644\u0644\u062e\u062f\u0645\u0629 \u0627\u0644\u0645\u0637\u0644\u0648\u0628\u0629.<\/span><\/p>\t\t\t\t\t\t\t\t<\/div>\n\t\t\t\t<\/div>\n\t\t\t\t<div class=\"elementor-element elementor-element-691f203 elementor-widget elementor-widget-text-editor\" data-id=\"691f203\" data-element_type=\"widget\" data-settings=\"{&quot;ekit_we_effect_on&quot;:&quot;none&quot;}\" data-widget_type=\"text-editor.default\">\n\t\t\t\t<div class=\"elementor-widget-container\">\n\t\t\t\t\t\t\t\t\t<p><span style=\"font-size: 18px;\">\u00a0 \u00a0 \u00a0\u062a\u0646\u0635\u0651 \u0627\u0644\u0644\u0627\u0626\u062d\u0629 \u0627\u0644\u0641\u0646\u064a\u0629 \u0644\u0639\u0644\u0627\u0645\u0629 \u00ab\u0645\u0631\u062d\u0628\u0627\u00bb \u0639\u0644\u0649 \u0623\u0646 \u064a\u0643\u0648\u0646 \u0627\u0644\u0631\u062f\u0651 \u0639\u0644\u0649 \u0627\u0644\u062e\u062f\u0645\u0629 \u0627\u0644\u0645\u0637\u0644\u0648\u0628\u0629 \u0639\u0646 \u0637\u0631\u064a\u0642 \u0627\u0644\u0645\u0631\u0627\u0633\u0644\u0627\u062a \u0641\u064a \u0623\u062c\u0644 \u0644\u0627 \u064a\u062a\u0639\u062f\u0651\u0649 21 \u064a\u0648\u0645\u0627 \u0648\u0639\u0646 \u0637\u0631\u064a\u0642 \u0627\u0644\u0628\u0631\u064a\u062f \u0627\u0644\u0625\u0644\u0643\u062a\u0631\u0648\u0646\u064a \u0641\u064a \u0638\u0631\u0641 \u0644\u0627 \u064a\u062a\u062c\u0627\u0648\u0632 48 \u0633\u0627\u0639\u0629 \u0641\u064a\u0645\u0627 \u064a\u0633\u062a\u0648\u062c\u0628 \u0627\u0646 \u064a\u0643\u0648\u0646 \u0627\u0644\u0631\u062f\u0651 \u0639\u0644\u0649 \u0627\u0644\u0637\u0644\u0628\u0627\u062a \u0627\u0644\u0645\u0642\u062a\u0631\u062d\u0629 \u0639\u0628\u0631 \u0627\u0644\u0647\u0627\u062a\u0641 \u062d\u064a\u0646\u064a\u0651\u0627 \u0623\u0648 \u0641\u064a \u0623\u062c\u0644 \u0644\u0627 \u064a\u062a\u0639\u062f\u0651\u0649 24 \u0633\u0627\u0639\u0629 \u0639\u0644\u0649 \u0623\u0642\u0635\u0649 \u062a\u0642\u062f\u064a\u0631.<\/span><\/p>\t\t\t\t\t\t\t\t<\/div>\n\t\t\t\t<\/div>\n\t\t\t\t\t<\/div>\n\t\t<\/div>\n\t\t\t\t\t<\/div>\n\t\t<\/section>\n\t\t<div class=\"elementor-element elementor-element-2059eaf e-con-full e-flex e-con e-child\" data-id=\"2059eaf\" data-element_type=\"container\" data-settings=\"{&quot;ekit_has_onepagescroll_dot&quot;:&quot;yes&quot;}\">\n\t\t\t\t<div class=\"elementor-element elementor-element-5d6129a elementor-align-center elementor-widget elementor-widget-button\" data-id=\"5d6129a\" data-element_type=\"widget\" data-settings=\"{&quot;ekit_we_effect_on&quot;:&quot;none&quot;}\" data-widget_type=\"button.default\">\n\t\t\t\t<div class=\"elementor-widget-container\">\n\t\t\t\t\t\t\t\t\t<div class=\"elementor-button-wrapper\">\n\t\t\t\t\t<a class=\"elementor-button elementor-button-link elementor-size-sm\" href=\"https:\/\/ctab.tn\/wp-content\/uploads\/2025\/09\/Engagement-Marhaba-AR-2025.pdf\" target=\"_blank\">\n\t\t\t\t\t\t<span class=\"elementor-button-content-wrapper\">\n\t\t\t\t\t\t<span class=\"elementor-button-icon\">\n\t\t\t\t<svg aria-hidden=\"true\" class=\"e-font-icon-svg e-far-arrow-alt-circle-down\" viewbox=\"0 0 512 512\" xmlns=\"http:\/\/www.w3.org\/2000\/svg\"><path d=\"M256 8C119 8 8 119 8 256s111 248 248 248 248-111 248-248S393 8 256 8zm0 448c-110.5 0-200-89.5-200-200S145.5 56 256 56s200 89.5 200 200-89.5 200-200 200zm-32-316v116h-67c-10.7 0-16 12.9-8.5 20.5l99 99c4.7 4.7 12.3 4.7 17 0l99-99c7.6-7.6 2.2-20.5-8.5-20.5h-67V140c0-6.6-5.4-12-12-12h-40c-6.6 0-12 5.4-12 12z\"><\/path><\/svg>\t\t\t<\/span>\n\t\t\t\t\t\t\t\t\t<span class=\"elementor-button-text\">\u0625\u0644\u062a\u0632\u0627\u0645\u0627\u062a \u0627\u0644\u0645\u0631\u0643\u0632 \u0627\u0644\u0641\u0646\u064a \u0644\u0644\u0641\u0644\u0627\u062d\u0629 \u0627\u0644\u0628\u064a\u0648\u0644\u0648\u062c\u064a\u0629 \u0639\u0644\u0649 \u0627\u062b\u0631 \u062a\u062d\u0635\u0644\u0647 \u0639\u0644\u0649 \u0634\u0647\u0627\u062f\u0629 \u0645\u0631\u062d\u0628\u0627<\/span>\n\t\t\t\t\t<\/span>\n\t\t\t\t\t<\/a>\n\t\t\t\t<\/div>\n\t\t\t\t\t\t\t\t<\/div>\n\t\t\t\t<\/div>\n\t\t\t\t<\/div>\n\t\t<div class=\"elementor-element elementor-element-305a084 e-flex e-con-boxed e-con e-parent\" data-id=\"305a084\" data-element_type=\"container\" data-settings=\"{&quot;ekit_has_onepagescroll_dot&quot;:&quot;yes&quot;}\">\n\t\t\t\t\t<div class=\"e-con-inner\">\n\t\t\t\t<div class=\"elementor-element elementor-element-7d18d52 elementor-widget elementor-widget-spacer\" data-id=\"7d18d52\" data-element_type=\"widget\" data-settings=\"{&quot;ekit_we_effect_on&quot;:&quot;none&quot;}\" data-widget_type=\"spacer.default\">\n\t\t\t\t<div class=\"elementor-widget-container\">\n\t\t\t\t\t\t\t<div class=\"elementor-spacer\">\n\t\t\t<div class=\"elementor-spacer-inner\"><\/div>\n\t\t<\/div>\n\t\t\t\t\t\t<\/div>\n\t\t\t\t<\/div>\n\t\t\t\t\t<\/div>\n\t\t\t\t<\/div>\n\t\t\t\t<\/div>","protected":false},"excerpt":{"rendered":"<p>La certification &#8220;Marhaba&#8221; de Centre Technique de l&#8217;Agriculture Biologique \u00a0 \u00a0 \u00a0Le Centre Technique de l&#8217;Agriculture Biologique (CTAB) a r\u00e9ussi \u00e0 renouveler le label national \u00ab Marhba \u00bb d&#8217;am\u00e9lioration de la qualit\u00e9 d&#8217;accueil apr\u00e8s avoir rempli toutes les conditions li\u00e9es au bon accueil et ce le 15 Septembre 2023. Ce certificat\u00a0est valable trois ans, avec [&hellip;]<\/p>","protected":false},"author":31,"featured_media":0,"parent":0,"menu_order":0,"comment_status":"closed","ping_status":"open","template":"","meta":{"site-sidebar-layout":"no-sidebar","site-content-layout":"","ast-site-content-layout":"full-width-container","site-content-style":"default","site-sidebar-style":"default","ast-global-header-display":"","ast-banner-title-visibility":"","ast-main-header-display":"","ast-hfb-above-header-display":"","ast-hfb-below-header-display":"","ast-hfb-mobile-header-display":"","site-post-title":"disabled","ast-breadcrumbs-content":"","ast-featured-img":"disabled","footer-sml-layout":"","ast-disable-related-posts":"","theme-transparent-header-meta":"default","adv-header-id-meta":"","stick-header-meta":"default","header-above-stick-meta":"","header-main-stick-meta":"","header-below-stick-meta":"","astra-migrate-meta-layouts":"set","ast-page-background-enabled":"default","ast-page-background-meta":{"desktop":{"background-color":"var(--ast-global-color-4)","background-image":"","background-repeat":"repeat","background-position":"center center","background-size":"auto","background-attachment":"scroll","background-type":"","background-media":"","overlay-type":"","overlay-color":"","overlay-opacity":"","overlay-gradient":""},"tablet":{"background-color":"","background-image":"","background-repeat":"repeat","background-position":"center center","background-size":"auto","background-attachment":"scroll","background-type":"","background-media":"","overlay-type":"","overlay-color":"","overlay-opacity":"","overlay-gradient":""},"mobile":{"background-color":"","background-image":"","background-repeat":"repeat","background-position":"center center","background-size":"auto","background-attachment":"scroll","background-type":"","background-media":"","overlay-type":"","overlay-color":"","overlay-opacity":"","overlay-gradient":""}},"ast-content-background-meta":{"desktop":{"background-color":"var(--ast-global-color-5)","background-image":"","background-repeat":"repeat","background-position":"center center","background-size":"auto","background-attachment":"scroll","background-type":"","background-media":"","overlay-type":"","overlay-color":"","overlay-opacity":"","overlay-gradient":""},"tablet":{"background-color":"var(--ast-global-color-5)","background-image":"","background-repeat":"repeat","background-position":"center center","background-size":"auto","background-attachment":"scroll","background-type":"","background-media":"","overlay-type":"","overlay-color":"","overlay-opacity":"","overlay-gradient":""},"mobile":{"background-color":"var(--ast-global-color-5)","background-image":"","background-repeat":"repeat","background-position":"center center","background-size":"auto","background-attachment":"scroll","background-type":"","background-media":"","overlay-type":"","overlay-color":"","overlay-opacity":"","overlay-gradient":""}},"footnotes":""},"class_list":["post-2571","page","type-page","status-publish","hentry"],"_links":{"self":[{"href":"https:\/\/ctab.tn\/ar\/wp-json\/wp\/v2\/pages\/2571","targetHints":{"allow":["GET"]}}],"collection":[{"href":"https:\/\/ctab.tn\/ar\/wp-json\/wp\/v2\/pages"}],"about":[{"href":"https:\/\/ctab.tn\/ar\/wp-json\/wp\/v2\/types\/page"}],"author":[{"embeddable":true,"href":"https:\/\/ctab.tn\/ar\/wp-json\/wp\/v2\/users\/31"}],"replies":[{"embeddable":true,"href":"https:\/\/ctab.tn\/ar\/wp-json\/wp\/v2\/comments?post=2571"}],"version-history":[{"count":30,"href":"https:\/\/ctab.tn\/ar\/wp-json\/wp\/v2\/pages\/2571\/revisions"}],"predecessor-version":[{"id":8933,"href":"https:\/\/ctab.tn\/ar\/wp-json\/wp\/v2\/pages\/2571\/revisions\/8933"}],"wp:attachment":[{"href":"https:\/\/ctab.tn\/ar\/wp-json\/wp\/v2\/media?parent=2571"}],"curies":[{"name":"wp","href":"https:\/\/api.w.org\/{rel}","templated":true}]}}