{"id":2497,"date":"2024-07-03T22:57:30","date_gmt":"2024-07-03T22:57:30","guid":{"rendered":"https:\/\/www.ctab.tn\/?page_id=2497"},"modified":"2025-05-28T17:24:05","modified_gmt":"2025-05-28T16:24:05","slug":"certificat-biologique","status":"publish","type":"page","link":"https:\/\/ctab.tn\/ar\/certificat-biologique\/","title":{"rendered":"certificat biologique"},"content":{"rendered":"<div data-elementor-type=\"wp-page\" data-elementor-id=\"2497\" class=\"elementor elementor-2497\" data-elementor-post-type=\"page\">\n\t\t\t\t<div class=\"elementor-element elementor-element-3a67dc2 e-flex e-con-boxed e-con e-parent\" data-id=\"3a67dc2\" data-element_type=\"container\" data-settings=\"{&quot;ekit_has_onepagescroll_dot&quot;:&quot;yes&quot;}\">\n\t\t\t\t\t<div class=\"e-con-inner\">\n\t\t<div class=\"elementor-element elementor-element-8bad509 e-con-full e-flex e-con e-child\" data-id=\"8bad509\" data-element_type=\"container\" data-settings=\"{&quot;ekit_has_onepagescroll_dot&quot;:&quot;yes&quot;}\">\n\t\t\t\t<div class=\"elementor-element elementor-element-2ef4d01 elementor-widget elementor-widget-elementskit-heading\" data-id=\"2ef4d01\" data-element_type=\"widget\" data-settings=\"{&quot;ekit_we_effect_on&quot;:&quot;none&quot;}\" data-widget_type=\"elementskit-heading.default\">\n\t\t\t\t<div class=\"elementor-widget-container\">\n\t\t\t\t\t<div class=\"ekit-wid-con\" ><div class=\"ekit-heading elementskit-section-title-wraper center   ekit_heading_tablet-   ekit_heading_mobile-\"><h2 class=\"ekit-heading--title elementskit-section-title\"><span><span>\u0627\u0633\u0646\u0627\u062f \u0627\u0644\u0634\u0651\u0647\u0627\u062f\u0629 \u0627\u0644\u0628\u064a\u0648\u0644\u0648\u062c\u064a\u0629 \u0644\u0636\u064a\u0639\u0629 \u062a\u062c\u0627\u0631\u0628 \u0627\u0644\u0645\u0631\u0643\u0632 \u0627\u0644\u0641\u0646\u064a \u0644\u0644\u0641\u0644\u0627\u062d\u0629 \u0627\u0644\u0628\u064a\u0648\u0644\u0648\u062c\u064a\u0629<\/span><\/span><\/h2><div class=\"ekit_heading_separetor_wraper ekit_heading_elementskit-border-divider elementskit-style-long\"><div class=\"elementskit-border-divider elementskit-style-long\"><\/div><\/div><\/div><\/div>\t\t\t\t<\/div>\n\t\t\t\t<\/div>\n\t\t\t\t<\/div>\n\t\t<div class=\"elementor-element elementor-element-9cb423a e-con-full e-flex e-con e-child\" data-id=\"9cb423a\" data-element_type=\"container\" data-settings=\"{&quot;ekit_has_onepagescroll_dot&quot;:&quot;yes&quot;}\">\n\t\t\t\t<div class=\"elementor-element elementor-element-d6433a9 elementor-widget elementor-widget-text-editor\" data-id=\"d6433a9\" data-element_type=\"widget\" data-settings=\"{&quot;ekit_we_effect_on&quot;:&quot;none&quot;}\" data-widget_type=\"text-editor.default\">\n\t\t\t\t<div class=\"elementor-widget-container\">\n\t\t\t\t\t\t\t\t\t<p style=\"font-weight: 400; text-align: justify;\"><br \/><span style=\"font-style: inherit; font-weight: inherit; font-size: 18px;\"><br \/>\u0645\u0646\u0630 \u0633\u0646\u0629 2002 \u0648\u0642\u0651\u0639 \u0627\u0644\u0645\u0631\u0643\u0632 \u0627\u0644\u0641\u0646\u064a \u0644\u0644\u0641\u0644\u0627\u062d\u0629 \u0627\u0644\u0628\u064a\u0648\u0644\u0648\u062c\u064a\u0629 \u0639\u0642\u062f\u0627 \u0645\u0639 \u0647\u064a\u0643\u0644 \u0645\u0631\u0627\u0642\u0628\u0629 \u0648\u062a\u0635\u062f\u064a\u0642 \u0627\u0644\u062a\u0632\u0645 \u0641\u064a\u0647 \u0628\u0627\u062d\u062a\u0631\u0627\u0645 \u0642\u0648\u0627\u0639\u062f \u0648 \u0623\u0633\u0627\u0644\u064a\u0628 \u0627\u0644\u0625\u0646\u062a\u0627\u062c \u0627\u0644\u0628\u064a\u0648\u0644\u0648\u062c\u064a \u0641\u064a \u0636\u064a\u0639\u0629 \u0627\u0644\u062a\u062c\u0627\u0631\u0628 \u0627\u0644\u062e\u0627\u0635\u0629 \u0628\u0627\u0644\u0645\u0631\u0643\u0632 \u0648\u0627\u0644\u0648\u0627\u0642\u0639\u0629 \u0628\u0634\u0637 \u0645\u0631\u064a\u0645.<br \/><\/span><\/p>\t\t\t\t\t\t\t\t<\/div>\n\t\t\t\t<\/div>\n\t\t\t\t<div class=\"elementor-element elementor-element-24d8002 elementor-widget elementor-widget-text-editor\" data-id=\"24d8002\" data-element_type=\"widget\" data-settings=\"{&quot;ekit_we_effect_on&quot;:&quot;none&quot;}\" data-widget_type=\"text-editor.default\">\n\t\t\t\t<div class=\"elementor-widget-container\">\n\t\t\t\t\t\t\t\t\t<p style=\"font-weight: 400; text-align: justify;\"><br \/><span style=\"font-style: inherit; font-weight: inherit; font-size: 18px;\"><br \/>\u0648\u0645\u0646\u0630 \u0630\u0644\u0643 \u0627\u0644\u062d\u064a\u0646 \u062a\u062e\u0636\u0639 \u0636\u064a\u0639\u0629 \u0627\u0644\u062a\u062c\u0627\u0631\u0628 \u0627\u0644\u0649 \u0639\u0645\u0644\u064a\u062a\u064a \u0645\u0631\u0627\u0642\u0628\u0629 \u0633\u0646\u0648\u064a\u0629 \u0645\u0639\u0644\u0646\u0629 \u0648\u0641\u062c\u0627\u0626\u064a\u0629 \u0645\u0646 \u0642\u0628\u0644 \u0647\u064a\u0643\u0644 \u0645\u0631\u0627\u0642\u0628\u0629 \u0648\u062a\u0635\u062f\u064a\u0642 \u0644\u0644\u062a\u062b\u0628\u062a \u0645\u0646 \u0639\u0645\u0644\u064a\u0627\u062a \u0627\u0644\u0627\u0646\u062a\u0627\u062c \u0648\u0627\u0644\u062a\u0635\u0646\u064a\u0639 \u0648\u0627\u0644\u062a\u062e\u0632\u064a\u0646 \u0648\u0645\u062f\u064a \u0645\u0637\u0627\u0628\u0642\u062a\u0647\u0627 \u0645\u0639 \u0643\u0631\u0651\u0627\u0633\u0627\u062a \u0634\u0631\u0648\u0637 \u0627\u0644\u0645\u0646\u0638\u0648\u0645\u0629 \u0627\u0644\u0628\u064a\u0648\u0644\u0648\u062c\u064a\u0629. \u0648\u0639\u0644\u0649 \u0627\u062b\u0631 \u0639\u0645\u0644\u064a\u0627\u062a \u0627\u0644\u0645\u0631\u0627\u0642\u0628\u0629 \u062a\u062d\u0635\u0644\u062a \u0636\u064a\u0639\u0629 \u0627\u0644\u062a\u062c\u0627\u0631\u0628 \u0627\u0644\u062e\u0627\u0635\u0629 \u0628\u0627\u0644\u0645\u0631\u0643\u0632 \u0648\u0627\u0644\u062a\u064a \u062a\u063a\u0637\u064a \u0645\u0633\u0627\u062d\u0629 5 \u0647\u0643\u062a\u0627\u0631\u0627\u062a \u0639\u0644\u0649 \u0634\u0647\u0627\u062f\u0629 \u0645\u0637\u0627\u0628\u0642\u0629 \u0628\u064a\u0648\u0644\u0648\u062c\u064a\u0629 \u0633\u0646\u0648\u064a\u0629 \u0648\u0641\u0642\u0627 \u0644\u0644\u0642\u0627\u0646\u0648\u0646 \u0639\u0640\u0640\u0640\u062f\u062f 30 \u0644\u0633\u0646\u0640\u0640\u0640\u0640\u0629 1999 \u0648\u0627\u0644\u0645\u0624\u0631\u062e \u0641\u064a 5 \u0623\u0641\u0631\u064a\u0644 1999 \u0648\u0627\u0644\u0645\u062a\u0639\u0644\u0642 \u0628\u0627\u0644\u0641\u0644\u0627\u062d\u0629 \u0627\u0644\u0628\u064a\u0648\u0644\u0648\u062c\u064a\u0629.<br \/><\/span><\/p>\t\t\t\t\t\t\t\t<\/div>\n\t\t\t\t<\/div>\n\t\t\t\t<\/div>\n\t\t<div class=\"elementor-element elementor-element-b9f6a7a e-con-full e-flex e-con e-child\" data-id=\"b9f6a7a\" data-element_type=\"container\" data-settings=\"{&quot;ekit_has_onepagescroll_dot&quot;:&quot;yes&quot;}\">\n\t\t\t\t<div class=\"elementor-element elementor-element-f5a56f2 elementor-invisible elementor-widget elementor-widget-image\" data-id=\"f5a56f2\" data-element_type=\"widget\" data-settings=\"{&quot;_animation&quot;:&quot;zoomIn&quot;,&quot;ekit_we_effect_on&quot;:&quot;none&quot;}\" data-widget_type=\"image.default\">\n\t\t\t\t<div class=\"elementor-widget-container\">\n\t\t\t\t\t\t\t\t\t\t\t\t\t\t\t<img fetchpriority=\"high\" decoding=\"async\" width=\"500\" height=\"274\" src=\"https:\/\/ctab.tn\/wp-content\/uploads\/2024\/07\/bg.jpg\" class=\"attachment-full size-full wp-image-2507\" alt=\"\" srcset=\"https:\/\/ctab.tn\/wp-content\/uploads\/2024\/07\/bg.jpg 500w, https:\/\/ctab.tn\/wp-content\/uploads\/2024\/07\/bg-300x164.jpg 300w, https:\/\/ctab.tn\/wp-content\/uploads\/2024\/07\/bg-18x10.jpg 18w\" sizes=\"(max-width: 500px) 100vw, 500px\" \/>\t\t\t\t\t\t\t\t\t\t\t\t\t\t\t<\/div>\n\t\t\t\t<\/div>\n\t\t\t\t<\/div>\n\t\t\t\t\t<\/div>\n\t\t\t\t<\/div>\n\t\t<div class=\"elementor-element elementor-element-d3096e4 e-flex e-con-boxed e-con e-parent\" data-id=\"d3096e4\" data-element_type=\"container\" data-settings=\"{&quot;ekit_has_onepagescroll_dot&quot;:&quot;yes&quot;}\">\n\t\t\t\t\t<div class=\"e-con-inner\">\n\t\t<div class=\"elementor-element elementor-element-2559fa2 e-con-full e-flex e-con e-child\" data-id=\"2559fa2\" data-element_type=\"container\" data-settings=\"{&quot;ekit_has_onepagescroll_dot&quot;:&quot;yes&quot;}\">\n\t\t\t\t<div class=\"elementor-element elementor-element-3b8d7d9 elementor-align-center elementor-widget elementor-widget-button\" data-id=\"3b8d7d9\" data-element_type=\"widget\" data-settings=\"{&quot;ekit_we_effect_on&quot;:&quot;none&quot;}\" data-widget_type=\"button.default\">\n\t\t\t\t<div class=\"elementor-widget-container\">\n\t\t\t\t\t\t\t\t\t<div class=\"elementor-button-wrapper\">\n\t\t\t\t\t<a class=\"elementor-button elementor-button-link elementor-size-sm\" href=\"https:\/\/ctab.tn\/wp-content\/uploads\/2025\/02\/TNCertificatCTAB-Last.pdf\" target=\"_blank\">\n\t\t\t\t\t\t<span class=\"elementor-button-content-wrapper\">\n\t\t\t\t\t\t<span class=\"elementor-button-icon\">\n\t\t\t\t<svg aria-hidden=\"true\" class=\"e-font-icon-svg e-far-arrow-alt-circle-down\" viewbox=\"0 0 512 512\" xmlns=\"http:\/\/www.w3.org\/2000\/svg\"><path d=\"M256 8C119 8 8 119 8 256s111 248 248 248 248-111 248-248S393 8 256 8zm0 448c-110.5 0-200-89.5-200-200S145.5 56 256 56s200 89.5 200 200-89.5 200-200 200zm-32-316v116h-67c-10.7 0-16 12.9-8.5 20.5l99 99c4.7 4.7 12.3 4.7 17 0l99-99c7.6-7.6 2.2-20.5-8.5-20.5h-67V140c0-6.6-5.4-12-12-12h-40c-6.6 0-12 5.4-12 12z\"><\/path><\/svg>\t\t\t<\/span>\n\t\t\t\t\t\t\t\t\t<span class=\"elementor-button-text\">\u0627\u0644\u0634\u0651\u0647\u0627\u062f\u0629 \u0627\u0644\u0628\u064a\u0648\u0644\u0648\u062c\u064a\u0629 \u0644\u0636\u064a\u0639\u0629 \u062a\u062c\u0627\u0631\u0628 \u0627\u0644\u0645\u0631\u0643\u0632 \u0627\u0644\u0641\u0646\u064a \u0644\u0644\u0641\u0644\u0627\u062d\u0629 \u0627\u0644\u0628\u064a\u0648\u0644\u0648\u062c\u064a\u0629<\/span>\n\t\t\t\t\t<\/span>\n\t\t\t\t\t<\/a>\n\t\t\t\t<\/div>\n\t\t\t\t\t\t\t\t<\/div>\n\t\t\t\t<\/div>\n\t\t\t\t<\/div>\n\t\t\t\t\t<\/div>\n\t\t\t\t<\/div>\n\t\t<div class=\"elementor-element elementor-element-e794582 e-flex e-con-boxed e-con e-parent\" data-id=\"e794582\" data-element_type=\"container\" data-settings=\"{&quot;ekit_has_onepagescroll_dot&quot;:&quot;yes&quot;}\">\n\t\t\t\t\t<div class=\"e-con-inner\">\n\t\t\t\t<div class=\"elementor-element elementor-element-a18eab9 elementor-widget elementor-widget-spacer\" data-id=\"a18eab9\" data-element_type=\"widget\" data-settings=\"{&quot;ekit_we_effect_on&quot;:&quot;none&quot;}\" data-widget_type=\"spacer.default\">\n\t\t\t\t<div class=\"elementor-widget-container\">\n\t\t\t\t\t\t\t<div class=\"elementor-spacer\">\n\t\t\t<div class=\"elementor-spacer-inner\"><\/div>\n\t\t<\/div>\n\t\t\t\t\t\t<\/div>\n\t\t\t\t<\/div>\n\t\t\t\t\t<\/div>\n\t\t\t\t<\/div>\n\t\t\t\t<\/div>","protected":false},"excerpt":{"rendered":"<p>Certification Biologique de la parcelle exp\u00e9rimentale du CTAB En 2002, le Centre Technique d\u2019Agriculture Biologique a sign\u00e9 un contrat, avec un organisme de contr\u00f4le et de certification, relatif au respect des r\u00e8gles de production selon le mode biologique et ce pour la parcelle d\u2019exp\u00e9rimentation du CTAB sise \u00e0 Chott Mariem. Depuis cette date, la dite [&hellip;]<\/p>","protected":false},"author":31,"featured_media":0,"parent":0,"menu_order":0,"comment_status":"closed","ping_status":"open","template":"","meta":{"site-sidebar-layout":"no-sidebar","site-content-layout":"","ast-site-content-layout":"full-width-container","site-content-style":"default","site-sidebar-style":"default","ast-global-header-display":"","ast-banner-title-visibility":"","ast-main-header-display":"","ast-hfb-above-header-display":"","ast-hfb-below-header-display":"","ast-hfb-mobile-header-display":"","site-post-title":"disabled","ast-breadcrumbs-content":"","ast-featured-img":"disabled","footer-sml-layout":"","ast-disable-related-posts":"","theme-transparent-header-meta":"default","adv-header-id-meta":"","stick-header-meta":"default","header-above-stick-meta":"","header-main-stick-meta":"","header-below-stick-meta":"","astra-migrate-meta-layouts":"set","ast-page-background-enabled":"default","ast-page-background-meta":{"desktop":{"background-color":"var(--ast-global-color-4)","background-image":"","background-repeat":"repeat","background-position":"center center","background-size":"auto","background-attachment":"scroll","background-type":"","background-media":"","overlay-type":"","overlay-color":"","overlay-opacity":"","overlay-gradient":""},"tablet":{"background-color":"","background-image":"","background-repeat":"repeat","background-position":"center center","background-size":"auto","background-attachment":"scroll","background-type":"","background-media":"","overlay-type":"","overlay-color":"","overlay-opacity":"","overlay-gradient":""},"mobile":{"background-color":"","background-image":"","background-repeat":"repeat","background-position":"center center","background-size":"auto","background-attachment":"scroll","background-type":"","background-media":"","overlay-type":"","overlay-color":"","overlay-opacity":"","overlay-gradient":""}},"ast-content-background-meta":{"desktop":{"background-color":"var(--ast-global-color-5)","background-image":"","background-repeat":"repeat","background-position":"center center","background-size":"auto","background-attachment":"scroll","background-type":"","background-media":"","overlay-type":"","overlay-color":"","overlay-opacity":"","overlay-gradient":""},"tablet":{"background-color":"var(--ast-global-color-5)","background-image":"","background-repeat":"repeat","background-position":"center center","background-size":"auto","background-attachment":"scroll","background-type":"","background-media":"","overlay-type":"","overlay-color":"","overlay-opacity":"","overlay-gradient":""},"mobile":{"background-color":"var(--ast-global-color-5)","background-image":"","background-repeat":"repeat","background-position":"center center","background-size":"auto","background-attachment":"scroll","background-type":"","background-media":"","overlay-type":"","overlay-color":"","overlay-opacity":"","overlay-gradient":""}},"footnotes":""},"class_list":["post-2497","page","type-page","status-publish","hentry"],"_links":{"self":[{"href":"https:\/\/ctab.tn\/ar\/wp-json\/wp\/v2\/pages\/2497","targetHints":{"allow":["GET"]}}],"collection":[{"href":"https:\/\/ctab.tn\/ar\/wp-json\/wp\/v2\/pages"}],"about":[{"href":"https:\/\/ctab.tn\/ar\/wp-json\/wp\/v2\/types\/page"}],"author":[{"embeddable":true,"href":"https:\/\/ctab.tn\/ar\/wp-json\/wp\/v2\/users\/31"}],"replies":[{"embeddable":true,"href":"https:\/\/ctab.tn\/ar\/wp-json\/wp\/v2\/comments?post=2497"}],"version-history":[{"count":39,"href":"https:\/\/ctab.tn\/ar\/wp-json\/wp\/v2\/pages\/2497\/revisions"}],"predecessor-version":[{"id":8124,"href":"https:\/\/ctab.tn\/ar\/wp-json\/wp\/v2\/pages\/2497\/revisions\/8124"}],"wp:attachment":[{"href":"https:\/\/ctab.tn\/ar\/wp-json\/wp\/v2\/media?parent=2497"}],"curies":[{"name":"wp","href":"https:\/\/api.w.org\/{rel}","templated":true}]}}