{"id":2229,"date":"2024-01-18T15:05:15","date_gmt":"2024-01-18T15:05:15","guid":{"rendered":"https:\/\/www.ctab.tn\/?page_id=2229"},"modified":"2025-06-20T08:29:17","modified_gmt":"2025-06-20T07:29:17","slug":"formation","status":"publish","type":"page","link":"https:\/\/ctab.tn\/ar\/formation\/","title":{"rendered":"\u0627\u0644\u062a\u0643\u0648\u064a\u0646"},"content":{"rendered":"<div data-elementor-type=\"wp-page\" data-elementor-id=\"2229\" class=\"elementor elementor-2229\" data-elementor-post-type=\"page\">\n\t\t\t\t<div class=\"elementor-element elementor-element-c3b4f8f e-flex e-con-boxed e-con e-parent\" data-id=\"c3b4f8f\" data-element_type=\"container\" data-settings=\"{&quot;background_background&quot;:&quot;classic&quot;,&quot;ekit_has_onepagescroll_dot&quot;:&quot;yes&quot;}\">\n\t\t\t\t\t<div class=\"e-con-inner\">\n\t\t<div class=\"elementor-element elementor-element-bb5e64b e-con-full e-flex e-con e-child\" data-id=\"bb5e64b\" data-element_type=\"container\" data-settings=\"{&quot;ekit_has_onepagescroll_dot&quot;:&quot;yes&quot;}\">\n\t\t\t\t<div class=\"elementor-element elementor-element-5a4294c elementor-widget elementor-widget-elementskit-heading\" data-id=\"5a4294c\" data-element_type=\"widget\" data-settings=\"{&quot;ekit_we_effect_on&quot;:&quot;none&quot;}\" data-widget_type=\"elementskit-heading.default\">\n\t\t\t\t<div class=\"elementor-widget-container\">\n\t\t\t\t\t<div class=\"ekit-wid-con\" ><div class=\"ekit-heading elementskit-section-title-wraper center   ekit_heading_tablet-   ekit_heading_mobile-\"><h2 class=\"ekit-heading--title elementskit-section-title\"> <span><span>\u0627\u0644\u062a\u0643\u0648\u064a\u0646<\/span><\/span><\/h2><div class=\"ekit_heading_separetor_wraper ekit_heading_elementskit-border-divider elementskit-style-long\"><div class=\"elementskit-border-divider elementskit-style-long\"><\/div><\/div><\/div><\/div>\t\t\t\t<\/div>\n\t\t\t\t<\/div>\n\t\t\t\t<\/div>\n\t\t<div class=\"elementor-element elementor-element-1567e26 e-con-full e-flex e-con e-child\" data-id=\"1567e26\" data-element_type=\"container\" data-settings=\"{&quot;ekit_has_onepagescroll_dot&quot;:&quot;yes&quot;}\">\n\t\t\t\t<div class=\"elementor-element elementor-element-5f05b06 elementor-widget elementor-widget-text-editor\" data-id=\"5f05b06\" data-element_type=\"widget\" data-settings=\"{&quot;ekit_we_effect_on&quot;:&quot;none&quot;}\" data-widget_type=\"text-editor.default\">\n\t\t\t\t<div class=\"elementor-widget-container\">\n\t\t\t\t\t\t\t\t\t<p><span style=\"color: #000000;\">Le CTAB\u00a0organise en collaboration avec des organismes nationaux et internationaux, des sessions de formation sur les diff\u00e9rentes techniques de l\u2019agriculture biologique aux profits des techniciens et ing\u00e9nieurs appartenant aux diff\u00e9rents \u00e9tablissements et organismes agricoles.<\/span><\/p>\t\t\t\t\t\t\t\t<\/div>\n\t\t\t\t<\/div>\n\t\t\t\t<div class=\"elementor-element elementor-element-b5c1822 elementor-widget elementor-widget-text-editor\" data-id=\"b5c1822\" data-element_type=\"widget\" data-settings=\"{&quot;ekit_we_effect_on&quot;:&quot;none&quot;}\" data-widget_type=\"text-editor.default\">\n\t\t\t\t<div class=\"elementor-widget-container\">\n\t\t\t\t\t\t\t\t\t<p><span style=\"color: #000000;\">Le CTAB\u00a0participe aussi \u00e0 la formation des jeunes promoteurs dans le secteur de l\u2019agriculture biologique et l\u2019encadrement des \u00e9tudiants appartenant aux diff\u00e9rentes institutions de l\u2019enseignement sup\u00e9rieur agricole et des \u00e9tablissements universitaires.<\/span><\/p>\t\t\t\t\t\t\t\t<\/div>\n\t\t\t\t<\/div>\n\t\t\t\t<\/div>\n\t\t<div class=\"elementor-element elementor-element-ccfcf5f e-con-full e-flex e-con e-child\" data-id=\"ccfcf5f\" data-element_type=\"container\" data-settings=\"{&quot;ekit_has_onepagescroll_dot&quot;:&quot;yes&quot;}\">\n\t\t\t\t<div class=\"elementor-element elementor-element-eb7a701 elementor-widget elementor-widget-image\" data-id=\"eb7a701\" data-element_type=\"widget\" data-settings=\"{&quot;ekit_we_effect_on&quot;:&quot;none&quot;}\" data-widget_type=\"image.default\">\n\t\t\t\t<div class=\"elementor-widget-container\">\n\t\t\t\t\t\t\t\t\t\t\t\t\t\t\t<img fetchpriority=\"high\" decoding=\"async\" width=\"2560\" height=\"1911\" src=\"https:\/\/ctab.tn\/wp-content\/uploads\/2024\/01\/Formation1-scaled.jpg\" class=\"attachment-full size-full wp-image-2238\" alt=\"\" srcset=\"https:\/\/ctab.tn\/wp-content\/uploads\/2024\/01\/Formation1-scaled.jpg 2560w, https:\/\/ctab.tn\/wp-content\/uploads\/2024\/01\/Formation1-300x224.jpg 300w, https:\/\/ctab.tn\/wp-content\/uploads\/2024\/01\/Formation1-1024x764.jpg 1024w, https:\/\/ctab.tn\/wp-content\/uploads\/2024\/01\/Formation1-768x573.jpg 768w, https:\/\/ctab.tn\/wp-content\/uploads\/2024\/01\/Formation1-1536x1147.jpg 1536w, https:\/\/ctab.tn\/wp-content\/uploads\/2024\/01\/Formation1-2048x1529.jpg 2048w, https:\/\/ctab.tn\/wp-content\/uploads\/2024\/01\/Formation1-600x448.jpg 600w\" sizes=\"(max-width: 2560px) 100vw, 2560px\" \/>\t\t\t\t\t\t\t\t\t\t\t\t\t\t\t<\/div>\n\t\t\t\t<\/div>\n\t\t\t\t<\/div>\n\t\t<div class=\"elementor-element elementor-element-9c9d17e e-con-full e-flex e-con e-child\" data-id=\"9c9d17e\" data-element_type=\"container\" data-settings=\"{&quot;ekit_has_onepagescroll_dot&quot;:&quot;yes&quot;}\">\n\t\t\t\t<\/div>\n\t\t<div class=\"elementor-element elementor-element-8a0ffcd e-con-full e-flex e-con e-child\" data-id=\"8a0ffcd\" data-element_type=\"container\" data-settings=\"{&quot;ekit_has_onepagescroll_dot&quot;:&quot;yes&quot;}\">\n\t\t\t\t<div class=\"elementor-element elementor-element-7c97e38 elementor-align-center elementor-widget elementor-widget-button\" data-id=\"7c97e38\" data-element_type=\"widget\" data-settings=\"{&quot;ekit_we_effect_on&quot;:&quot;none&quot;}\" data-widget_type=\"button.default\">\n\t\t\t\t<div class=\"elementor-widget-container\">\n\t\t\t\t\t\t\t\t\t<div class=\"elementor-button-wrapper\">\n\t\t\t\t\t<a class=\"elementor-button elementor-button-link elementor-size-sm\" href=\"https:\/\/ctab.tn\/wp-content\/uploads\/2025\/05\/FR-FOR-01-Planning-des-sessions-de-formations-fr2025.pdf\" target=\"_blank\">\n\t\t\t\t\t\t<span class=\"elementor-button-content-wrapper\">\n\t\t\t\t\t\t<span class=\"elementor-button-icon\">\n\t\t\t\t<svg aria-hidden=\"true\" class=\"e-font-icon-svg e-far-arrow-alt-circle-down\" viewbox=\"0 0 512 512\" xmlns=\"http:\/\/www.w3.org\/2000\/svg\"><path d=\"M256 8C119 8 8 119 8 256s111 248 248 248 248-111 248-248S393 8 256 8zm0 448c-110.5 0-200-89.5-200-200S145.5 56 256 56s200 89.5 200 200-89.5 200-200 200zm-32-316v116h-67c-10.7 0-16 12.9-8.5 20.5l99 99c4.7 4.7 12.3 4.7 17 0l99-99c7.6-7.6 2.2-20.5-8.5-20.5h-67V140c0-6.6-5.4-12-12-12h-40c-6.6 0-12 5.4-12 12z\"><\/path><\/svg>\t\t\t<\/span>\n\t\t\t\t\t\t\t\t\t<span class=\"elementor-button-text\">\u0628\u0631\u0646\u0627\u0645\u062c \u0627\u0644\u062a\u0643\u0648\u064a\u0646 \u0644\u0633\u0646\u0629 2025<\/span>\n\t\t\t\t\t<\/span>\n\t\t\t\t\t<\/a>\n\t\t\t\t<\/div>\n\t\t\t\t\t\t\t\t<\/div>\n\t\t\t\t<\/div>\n\t\t<div class=\"elementor-element elementor-element-90f6209 e-con-full e-flex e-con e-child\" data-id=\"90f6209\" data-element_type=\"container\" data-settings=\"{&quot;ekit_has_onepagescroll_dot&quot;:&quot;yes&quot;}\">\n\t\t\t\t<div class=\"elementor-element elementor-element-9ed846f elementor-widget elementor-widget-spacer\" data-id=\"9ed846f\" data-element_type=\"widget\" data-settings=\"{&quot;ekit_we_effect_on&quot;:&quot;none&quot;}\" data-widget_type=\"spacer.default\">\n\t\t\t\t<div class=\"elementor-widget-container\">\n\t\t\t\t\t\t\t<div class=\"elementor-spacer\">\n\t\t\t<div class=\"elementor-spacer-inner\"><\/div>\n\t\t<\/div>\n\t\t\t\t\t\t<\/div>\n\t\t\t\t<\/div>\n\t\t\t\t<\/div>\n\t\t\t\t<\/div>\n\t\t\t\t\t<\/div>\n\t\t\t\t<\/div>\n\t\t\t\t<\/div>","protected":false},"excerpt":{"rendered":"<p>Formation Le CTAB\u00a0organise en collaboration avec des organismes nationaux et internationaux, des sessions de formation sur les diff\u00e9rentes techniques de l\u2019agriculture biologique aux profits des techniciens et ing\u00e9nieurs appartenant aux diff\u00e9rents \u00e9tablissements et organismes agricoles. Le CTAB\u00a0participe aussi \u00e0 la formation des jeunes promoteurs dans le secteur de l\u2019agriculture biologique et l\u2019encadrement des \u00e9tudiants appartenant [&hellip;]<\/p>","protected":false},"author":31,"featured_media":0,"parent":0,"menu_order":0,"comment_status":"closed","ping_status":"open","template":"","meta":{"site-sidebar-layout":"no-sidebar","site-content-layout":"","ast-site-content-layout":"full-width-container","site-content-style":"default","site-sidebar-style":"default","ast-global-header-display":"","ast-banner-title-visibility":"","ast-main-header-display":"","ast-hfb-above-header-display":"","ast-hfb-below-header-display":"","ast-hfb-mobile-header-display":"","site-post-title":"disabled","ast-breadcrumbs-content":"","ast-featured-img":"disabled","footer-sml-layout":"","ast-disable-related-posts":"","theme-transparent-header-meta":"default","adv-header-id-meta":"","stick-header-meta":"default","header-above-stick-meta":"","header-main-stick-meta":"","header-below-stick-meta":"","astra-migrate-meta-layouts":"set","ast-page-background-enabled":"default","ast-page-background-meta":{"desktop":{"background-color":"var(--ast-global-color-4)","background-image":"","background-repeat":"repeat","background-position":"center center","background-size":"auto","background-attachment":"scroll","background-type":"","background-media":"","overlay-type":"","overlay-color":"","overlay-opacity":"","overlay-gradient":""},"tablet":{"background-color":"","background-image":"","background-repeat":"repeat","background-position":"center center","background-size":"auto","background-attachment":"scroll","background-type":"","background-media":"","overlay-type":"","overlay-color":"","overlay-opacity":"","overlay-gradient":""},"mobile":{"background-color":"","background-image":"","background-repeat":"repeat","background-position":"center center","background-size":"auto","background-attachment":"scroll","background-type":"","background-media":"","overlay-type":"","overlay-color":"","overlay-opacity":"","overlay-gradient":""}},"ast-content-background-meta":{"desktop":{"background-color":"var(--ast-global-color-5)","background-image":"","background-repeat":"repeat","background-position":"center center","background-size":"auto","background-attachment":"scroll","background-type":"","background-media":"","overlay-type":"","overlay-color":"","overlay-opacity":"","overlay-gradient":""},"tablet":{"background-color":"var(--ast-global-color-5)","background-image":"","background-repeat":"repeat","background-position":"center center","background-size":"auto","background-attachment":"scroll","background-type":"","background-media":"","overlay-type":"","overlay-color":"","overlay-opacity":"","overlay-gradient":""},"mobile":{"background-color":"var(--ast-global-color-5)","background-image":"","background-repeat":"repeat","background-position":"center center","background-size":"auto","background-attachment":"scroll","background-type":"","background-media":"","overlay-type":"","overlay-color":"","overlay-opacity":"","overlay-gradient":""}},"footnotes":""},"class_list":["post-2229","page","type-page","status-publish","hentry"],"_links":{"self":[{"href":"https:\/\/ctab.tn\/ar\/wp-json\/wp\/v2\/pages\/2229","targetHints":{"allow":["GET"]}}],"collection":[{"href":"https:\/\/ctab.tn\/ar\/wp-json\/wp\/v2\/pages"}],"about":[{"href":"https:\/\/ctab.tn\/ar\/wp-json\/wp\/v2\/types\/page"}],"author":[{"embeddable":true,"href":"https:\/\/ctab.tn\/ar\/wp-json\/wp\/v2\/users\/31"}],"replies":[{"embeddable":true,"href":"https:\/\/ctab.tn\/ar\/wp-json\/wp\/v2\/comments?post=2229"}],"version-history":[{"count":57,"href":"https:\/\/ctab.tn\/ar\/wp-json\/wp\/v2\/pages\/2229\/revisions"}],"predecessor-version":[{"id":8248,"href":"https:\/\/ctab.tn\/ar\/wp-json\/wp\/v2\/pages\/2229\/revisions\/8248"}],"wp:attachment":[{"href":"https:\/\/ctab.tn\/ar\/wp-json\/wp\/v2\/media?parent=2229"}],"curies":[{"name":"wp","href":"https:\/\/api.w.org\/{rel}","templated":true}]}}