{"id":1972,"date":"2024-01-14T15:12:41","date_gmt":"2024-01-14T15:12:41","guid":{"rendered":"https:\/\/www.ctab.tn\/?page_id=1972"},"modified":"2026-01-02T12:25:15","modified_gmt":"2026-01-02T11:25:15","slug":"evenement","status":"publish","type":"page","link":"https:\/\/ctab.tn\/ar\/evenement\/","title":{"rendered":"\u0627\u0644\u062a\u0638\u0627\u0647\u0631\u0627\u062a"},"content":{"rendered":"<div data-elementor-type=\"wp-page\" data-elementor-id=\"1972\" class=\"elementor elementor-1972\" data-elementor-post-type=\"page\">\n\t\t\t\t<div class=\"elementor-element elementor-element-c6a9235 e-flex e-con-boxed e-con e-parent\" data-id=\"c6a9235\" data-element_type=\"container\" data-settings=\"{&quot;ekit_has_onepagescroll_dot&quot;:&quot;yes&quot;}\">\n\t\t\t\t\t<div class=\"e-con-inner\">\n\t\t\t\t<div class=\"elementor-element elementor-element-b09b3f4 elementor-widget elementor-widget-spacer\" data-id=\"b09b3f4\" data-element_type=\"widget\" data-settings=\"{&quot;ekit_we_effect_on&quot;:&quot;none&quot;}\" data-widget_type=\"spacer.default\">\n\t\t\t\t<div class=\"elementor-widget-container\">\n\t\t\t\t\t\t\t<div class=\"elementor-spacer\">\n\t\t\t<div class=\"elementor-spacer-inner\"><\/div>\n\t\t<\/div>\n\t\t\t\t\t\t<\/div>\n\t\t\t\t<\/div>\n\t\t\t\t\t<\/div>\n\t\t\t\t<\/div>\n\t\t<div class=\"elementor-element elementor-element-fe11fab e-flex e-con-boxed e-con e-parent\" data-id=\"fe11fab\" data-element_type=\"container\" data-settings=\"{&quot;ekit_has_onepagescroll_dot&quot;:&quot;yes&quot;}\">\n\t\t\t\t\t<div class=\"e-con-inner\">\n\t\t\t\t<div class=\"elementor-element elementor-element-167a886 elementor-widget elementor-widget-elementskit-heading\" data-id=\"167a886\" data-element_type=\"widget\" data-settings=\"{&quot;ekit_we_effect_on&quot;:&quot;none&quot;}\" data-widget_type=\"elementskit-heading.default\">\n\t\t\t\t<div class=\"elementor-widget-container\">\n\t\t\t\t\t<div class=\"ekit-wid-con\" ><div class=\"ekit-heading elementskit-section-title-wraper center   ekit_heading_tablet-   ekit_heading_mobile-\"><h2 class=\"ekit-heading--title elementskit-section-title\"><span><span>\u0627\u0644\u062a\u0638\u0627\u0647\u0631\u0627\u062a<\/span><\/span><\/h2><div class=\"ekit_heading_separetor_wraper ekit_heading_elementskit-border-divider elementskit-style-long\"><div class=\"elementskit-border-divider elementskit-style-long\"><\/div><\/div><\/div><\/div>\t\t\t\t<\/div>\n\t\t\t\t<\/div>\n\t\t\t\t<div class=\"elementor-element elementor-element-00d0a01 elementor-widget elementor-widget-image\" data-id=\"00d0a01\" data-element_type=\"widget\" data-settings=\"{&quot;ekit_we_effect_on&quot;:&quot;none&quot;}\" data-widget_type=\"image.default\">\n\t\t\t\t<div class=\"elementor-widget-container\">\n\t\t\t\t\t\t\t\t\t\t\t\t\t\t\t<img fetchpriority=\"high\" decoding=\"async\" width=\"300\" height=\"199\" src=\"https:\/\/ctab.tn\/wp-content\/uploads\/2025\/05\/evennements-ctab-300x199.png\" class=\"attachment-medium size-medium wp-image-7415\" alt=\"\" srcset=\"https:\/\/ctab.tn\/wp-content\/uploads\/2025\/05\/evennements-ctab-300x199.png 300w, https:\/\/ctab.tn\/wp-content\/uploads\/2025\/05\/evennements-ctab-1024x680.png 1024w, https:\/\/ctab.tn\/wp-content\/uploads\/2025\/05\/evennements-ctab-768x510.png 768w, https:\/\/ctab.tn\/wp-content\/uploads\/2025\/05\/evennements-ctab-1536x1020.png 1536w, https:\/\/ctab.tn\/wp-content\/uploads\/2025\/05\/evennements-ctab-18x12.png 18w, https:\/\/ctab.tn\/wp-content\/uploads\/2025\/05\/evennements-ctab.png 1765w\" sizes=\"(max-width: 300px) 100vw, 300px\" \/>\t\t\t\t\t\t\t\t\t\t\t\t\t\t\t<\/div>\n\t\t\t\t<\/div>\n\t\t\t\t\t<\/div>\n\t\t\t\t<\/div>\n\t\t<div class=\"elementor-element elementor-element-7e61afb e-flex e-con-boxed e-con e-parent\" data-id=\"7e61afb\" data-element_type=\"container\" data-settings=\"{&quot;ekit_has_onepagescroll_dot&quot;:&quot;yes&quot;}\">\n\t\t\t\t\t<div class=\"e-con-inner\">\n\t\t\t\t<div class=\"elementor-element elementor-element-0ebb449 elementor-widget elementor-widget-ucaddon_uc_icon_accordion\" data-id=\"0ebb449\" data-element_type=\"widget\" data-settings=\"{&quot;ekit_we_effect_on&quot;:&quot;none&quot;}\" data-widget_type=\"ucaddon_uc_icon_accordion.default\">\n\t\t\t\t<div class=\"elementor-widget-container\">\n\t\t\t\t\t\n<!-- start Icon Accordion -->\n\t\t<link id='font-awesome-css' href='https:\/\/ctab.tn\/wp-content\/plugins\/unlimited-elements-for-elementor-premium\/assets_libraries\/font-awesome6\/fontawesome-all.min.css' type='text\/css' rel='stylesheet' >\n\t\t<link id='font-awesome-4-shim-css' href='https:\/\/ctab.tn\/wp-content\/plugins\/unlimited-elements-for-elementor-premium\/assets_libraries\/font-awesome6\/fontawesome-v4-shims.min.css' type='text\/css' rel='stylesheet' >\n\n<style>\/* widget: Icon Accordion *\/\n\n#uc_uc_icon_accordion_elementor_0ebb449 *{\n\tbox-sizing: border-box;\n}\n#uc_uc_icon_accordion_elementor_0ebb449 .uc_container .uc-heading\n{\n\tcursor:pointer;\n    display:flex;\n    align-items:center;\n    transition:0.3s;\n}\n#uc_uc_icon_accordion_elementor_0ebb449 .uc_container .uc-heading span.bbb\n{\n\tdisplay:block;\n\t\n}\n#uc_uc_icon_accordion_elementor_0ebb449 .uc_ac_box.uc-item-active span.uc_dactive\n{\n\tdisplay:none;\n}\n#uc_uc_icon_accordion_elementor_0ebb449 .uc_ac_box:not(.uc-item-active) span.uc_active\n{\n\tdisplay:none;\n}\n\n#uc_uc_icon_accordion_elementor_0ebb449 .ue_icon_holder,\n#uc_uc_icon_accordion_elementor_0ebb449 .ue_icon_spacing\n{\n  flex-grow:0;\n  flex-shrink:0; \n}\n#uc_uc_icon_accordion_elementor_0ebb449 .uc_content{\n\tdisplay: none;\n}\n#uc_uc_icon_accordion_elementor_0ebb449 .ue_icon\n{\n  display:flex;\n  justify-content:center;\n  align-items:center;\n  line-height:1em;\n  transition:0.3s;\n}\n\n#uc_uc_icon_accordion_elementor_0ebb449 .ue_icon svg\n{\n  height:1em;\n  width:1em;\n}\n\n#uc_uc_icon_accordion_elementor_0ebb449 .ue_expand_inside\n{\n  display:flex;\n  justify-content:center;\n  align-items:center;\n  line-height:1em;\n}\n\n#uc_uc_icon_accordion_elementor_0ebb449 .ue_expand_inside svg\n{\n  height:1em;\n  width:1em;\n}\n\n#uc_uc_icon_accordion_elementor_0ebb449 .ue_expand,\n#uc_uc_icon_accordion_elementor_0ebb449 .ue_expand_spacing\n{\n  flex-grow:0;\n  flex-shrink:0;\n}\n\n#uc_uc_icon_accordion_elementor_0ebb449 .ue_title\n{\n  flex-grow:1;\n}\n\n#uc_uc_icon_accordion_elementor_0ebb449 .uc_ac_box:last-child\n{\n  margin-bottom:0px;\n}\n\n#uc_uc_icon_accordion_elementor_0ebb449 .uc_ac_box\n{\n  overflow:hidden;\n}\n#uc_uc_icon_accordion_elementor_0ebb449_item1 .ue_icon\n{\n  background-color:;\n}\n\n#uc_uc_icon_accordion_elementor_0ebb449_item1 .uc-heading\n{\n  background-color:;\n}\n#uc_uc_icon_accordion_elementor_0ebb449_item2 .ue_icon\n{\n  background-color:;\n}\n\n#uc_uc_icon_accordion_elementor_0ebb449_item2 .uc-heading\n{\n  background-color:;\n}\n#uc_uc_icon_accordion_elementor_0ebb449_item3 .ue_icon\n{\n  background-color:;\n}\n\n#uc_uc_icon_accordion_elementor_0ebb449_item3 .uc-heading\n{\n  background-color:;\n}\n#uc_uc_icon_accordion_elementor_0ebb449_item4 .ue_icon\n{\n  background-color:;\n}\n\n#uc_uc_icon_accordion_elementor_0ebb449_item4 .uc-heading\n{\n  background-color:;\n}\n#uc_uc_icon_accordion_elementor_0ebb449_item5 .ue_icon\n{\n  background-color:;\n}\n\n#uc_uc_icon_accordion_elementor_0ebb449_item5 .uc-heading\n{\n  background-color:;\n}\n\n\n<\/style>\n\n<div class=\"uc_material_accordion\" id=\"uc_uc_icon_accordion_elementor_0ebb449\" data-name=\"\" data-closeothers=\"true\" >\n    \t<div class=\"uc_container\">\n            \n\n<div id=\"uc_uc_icon_accordion_elementor_0ebb449_item1\" class=\"uc_ac_box  elementor-repeater-item-6160c56\">\n  <div class=\"uc-heading uc_trigger\">\n    \n        <div class=\"ue_icon_holder\">\n      <div class=\"ue_icon\"><i class='fas fa-leaf'><\/i><\/div>\n    <\/div>\n    <div class=\"ue_icon_spacing\"><\/div>\n        \n    <div class=\"ue_title\">\u0645\u0639\u0631\u0636 \u0628\u064a\u0648\u0641\u0627\u062e \u0623\u0644\u0645\u0627\u0646\u064a\u0627<\/div>\n    \n    \n        <div class=\"ue_expand_spacing\"><\/div>\n    <div class=\"ue_expand\">\n      <div class=\"ue_expand_inside\">\n      <span class=\"uc_dactive bbb ue_accordion_icon\" ><i class='fas fa-plus'><\/i><\/span>\n      <span class=\"uc_active bbb ue_accordion_icon\"><i class='fas fa-minus'><\/i><\/span>\n      <\/div>\n    <\/div>\n        \n  <\/div>\n  <!-- end of heading -->\n  \n  \n  <div class=\"uc_content\" >\n          <p><strong>\u0627\u0644\u062a\u0627\u0631\u064a\u062e :<\/strong> \u0645\u0646 10 \u0625\u0644\u0649 13 \u0641\u064a\u0641\u0631\u064a 2026<\/p><p><strong>\u0627\u0644\u0645\u0643\u0627\u0646 :<\/strong> \u0646\u0648\u0631\u0645\u0628\u0631\u063a\u060c \u0623\u0644\u0645\u0627\u0646\u064a\u0627<\/p><p><strong>\u0645\u0648\u0642\u0639 \u0627\u0644\u0648\u0627\u0628 :<\/strong> <a class=\"qwen-markdown-link\" href=\"http:\/\/www.biofach.de\/\" target=\"_blank\" rel=\"noopener noreferrer\"><span class=\"qwen-markdown-text\">www.biofach.de<\/span><\/a><\/p>\n     \n    \n     \n    \n  <\/div>\n<\/div>\n\n\n<div id=\"uc_uc_icon_accordion_elementor_0ebb449_item2\" class=\"uc_ac_box  elementor-repeater-item-fe96c10\">\n  <div class=\"uc-heading uc_trigger\">\n    \n        <div class=\"ue_icon_holder\">\n      <div class=\"ue_icon\"><i class='fas fa-leaf'><\/i><\/div>\n    <\/div>\n    <div class=\"ue_icon_spacing\"><\/div>\n        \n    <div class=\"ue_title\">\u0645\u0639\u0631\u0636 \u0628\u064a\u0648\u0641\u0627\u062e \u0623\u0645\u0631\u064a\u0643\u0627 \u0627\u0644\u0644\u0627\u062a\u064a\u0646\u064a\u0629<\/div>\n    \n    \n        <div class=\"ue_expand_spacing\"><\/div>\n    <div class=\"ue_expand\">\n      <div class=\"ue_expand_inside\">\n      <span class=\"uc_dactive bbb ue_accordion_icon\" ><i class='fas fa-plus'><\/i><\/span>\n      <span class=\"uc_active bbb ue_accordion_icon\"><i class='fas fa-minus'><\/i><\/span>\n      <\/div>\n    <\/div>\n        \n  <\/div>\n  <!-- end of heading -->\n  \n  \n  <div class=\"uc_content\" >\n          <p><strong>\u0627\u0644\u062a\u0627\u0631\u064a\u062e :<\/strong> \u0645\u0646 10 \u0625\u0644\u0649 13 \u062c\u0648\u0627\u0646 2026<\/p><p><strong>\u0627\u0644\u0645\u0643\u0627\u0646 :<\/strong> \u0633\u0627\u0648 \u0628\u0627\u0648\u0644\u0648\u060c \u0627\u0644\u0628\u0631\u0627\u0632\u064a\u0644<\/p><p><strong>\u0645\u0648\u0642\u0639 \u0627\u0644\u0648\u0627\u0628 :<\/strong> <a class=\"qwen-markdown-link\" href=\"http:\/\/www.biobrazilsfair.com.br\/\" target=\"_blank\" rel=\"noopener noreferrer\"><span class=\"qwen-markdown-text\">www.biobrazilsfair.com.br<\/span><\/a><\/p>\n     \n    \n     \n    \n  <\/div>\n<\/div>\n\n\n<div id=\"uc_uc_icon_accordion_elementor_0ebb449_item3\" class=\"uc_ac_box  elementor-repeater-item-56273e1\">\n  <div class=\"uc-heading uc_trigger\">\n    \n        <div class=\"ue_icon_holder\">\n      <div class=\"ue_icon\"><i class='fas fa-leaf'><\/i><\/div>\n    <\/div>\n    <div class=\"ue_icon_spacing\"><\/div>\n        \n    <div class=\"ue_title\">\u0645\u0639\u0631\u0636 \u0628\u064a\u0648\u0641\u0627\u062e \u0627\u0644\u0647\u0646\u062f<\/div>\n    \n    \n        <div class=\"ue_expand_spacing\"><\/div>\n    <div class=\"ue_expand\">\n      <div class=\"ue_expand_inside\">\n      <span class=\"uc_dactive bbb ue_accordion_icon\" ><i class='fas fa-plus'><\/i><\/span>\n      <span class=\"uc_active bbb ue_accordion_icon\"><i class='fas fa-minus'><\/i><\/span>\n      <\/div>\n    <\/div>\n        \n  <\/div>\n  <!-- end of heading -->\n  \n  \n  <div class=\"uc_content\" >\n          <p><strong>\u0627\u0644\u062a\u0627\u0631\u064a\u062e :<\/strong> \u0645\u0646 06 \u0625\u0644\u0649 08 \u0623\u0648\u062a 2026<\/p><p><strong>\u0627\u0644\u0645\u0643\u0627\u0646 :<\/strong> \u0646\u064a\u0648\u062f\u0644\u0647\u064a\u060c \u0627\u0644\u0647\u0646\u062f<\/p><p><strong>\u0645\u0648\u0642\u0639 \u0627\u0644\u0648\u0627\u0628 :<\/strong> <a class=\"qwen-markdown-link\" href=\"http:\/\/www.biofach-india.com\/\" target=\"_blank\" rel=\"noopener noreferrer\"><span class=\"qwen-markdown-text\">www.biofach-india.com<\/span><\/a><\/p>\n     \n    \n     \n    \n  <\/div>\n<\/div>\n\n\n<div id=\"uc_uc_icon_accordion_elementor_0ebb449_item4\" class=\"uc_ac_box  elementor-repeater-item-f6272fb\">\n  <div class=\"uc-heading uc_trigger\">\n    \n        <div class=\"ue_icon_holder\">\n      <div class=\"ue_icon\"><i class='fas fa-leaf'><\/i><\/div>\n    <\/div>\n    <div class=\"ue_icon_spacing\"><\/div>\n        \n    <div class=\"ue_title\">\u0645\u0639\u0631\u0636 \u0627\u0644\u0645\u0646\u062a\u062c\u0627\u062a \u0627\u0644\u0637\u0628\u064a\u0639\u064a\u0629 \u0648\u0627\u0644\u0628\u064a\u0648\u0644\u0648\u062c\u064a\u0629 \u00abNATURAL &amp; ORGANIC FOOD SHOW\u00bb<\/div>\n    \n    \n        <div class=\"ue_expand_spacing\"><\/div>\n    <div class=\"ue_expand\">\n      <div class=\"ue_expand_inside\">\n      <span class=\"uc_dactive bbb ue_accordion_icon\" ><i class='fas fa-plus'><\/i><\/span>\n      <span class=\"uc_active bbb ue_accordion_icon\"><i class='fas fa-minus'><\/i><\/span>\n      <\/div>\n    <\/div>\n        \n  <\/div>\n  <!-- end of heading -->\n  \n  \n  <div class=\"uc_content\" >\n          <p><strong>\u0627\u0644\u062a\u0627\u0631\u064a\u062e :<\/strong> \u0645\u0646 16 \u0625\u0644\u0649 17 \u0633\u0628\u062a\u0645\u0628\u0631 2026<\/p><p><strong>\u0627\u0644\u0645\u0643\u0627\u0646 :<\/strong> \u0644\u0646\u062f\u0646\u060c \u0627\u0644\u0645\u0645\u0644\u0643\u0629 \u0627\u0644\u0645\u062a\u062d\u062f\u0629<\/p><p><strong>\u0645\u0648\u0642\u0639 \u0627\u0644\u0648\u0627\u0628 :<\/strong> <a class=\"qwen-markdown-link\" href=\"http:\/\/www.naturalandorganicfoodshow.co.uk\/?spm=a2ty_o01.29997173.0.0.11f451719xLjnz\" target=\"_blank\" rel=\"noopener noreferrer\" data-spm-anchor-id=\"a2ty_o01.29997173.0.0\"><span class=\"qwen-markdown-text\" data-spm-anchor-id=\"a2ty_o01.29997173.0.i24.11f451719xLjnz\">www.naturalandorganicfoodshow.co.uk<\/span><\/a><\/p>\n     \n    \n     \n    \n  <\/div>\n<\/div>\n\n\n<div id=\"uc_uc_icon_accordion_elementor_0ebb449_item5\" class=\"uc_ac_box  elementor-repeater-item-04daf94\">\n  <div class=\"uc-heading uc_trigger\">\n    \n        <div class=\"ue_icon_holder\">\n      <div class=\"ue_icon\"><i class='fas fa-leaf'><\/i><\/div>\n    <\/div>\n    <div class=\"ue_icon_spacing\"><\/div>\n        \n    <div class=\"ue_title\">\u0627\u0644\u0645\u0639\u0631\u0636 \u0627\u0644\u062f\u0648\u0644\u064a \u0644\u0644\u0623\u063a\u0630\u064a\u0629 \u0627\u0644\u0628\u064a\u0648\u0644\u0648\u062c\u064a\u0629 \u00abSIAL\u00bb<\/div>\n    \n    \n        <div class=\"ue_expand_spacing\"><\/div>\n    <div class=\"ue_expand\">\n      <div class=\"ue_expand_inside\">\n      <span class=\"uc_dactive bbb ue_accordion_icon\" ><i class='fas fa-plus'><\/i><\/span>\n      <span class=\"uc_active bbb ue_accordion_icon\"><i class='fas fa-minus'><\/i><\/span>\n      <\/div>\n    <\/div>\n        \n  <\/div>\n  <!-- end of heading -->\n  \n  \n  <div class=\"uc_content\" >\n          <p><strong>\u0627\u0644\u062a\u0627\u0631\u064a\u062e :<\/strong> \u0645\u0646 17 \u0625\u0644\u0649 21 \u0623\u0643\u062a\u0648\u0628\u0631 2026<\/p><p><strong>\u0627\u0644\u0645\u0643\u0627\u0646 :<\/strong> \u0628\u0627\u0631\u064a\u0633\u060c \u0641\u0631\u0646\u0633\u0627<\/p><p><strong>\u0645\u0648\u0642\u0639 \u0627\u0644\u0648\u0627\u0628 :<\/strong> <a class=\"qwen-markdown-link\" href=\"http:\/\/www.sialparis.fr\/\" target=\"_blank\" rel=\"noopener noreferrer\"><span class=\"qwen-markdown-text\">www.sialparis.fr<\/span><\/a><\/p>\n     \n    \n     \n    \n  <\/div>\n<\/div>\n\n        <\/div>\n<\/div>\n<!-- end Icon Accordion -->\t\t\t\t<\/div>\n\t\t\t\t<\/div>\n\t\t\t\t\t<\/div>\n\t\t\t\t<\/div>\n\t\t<div class=\"elementor-element elementor-element-aa9ed54 e-flex e-con-boxed e-con e-parent\" data-id=\"aa9ed54\" data-element_type=\"container\" data-settings=\"{&quot;ekit_has_onepagescroll_dot&quot;:&quot;yes&quot;}\">\n\t\t\t\t\t<div class=\"e-con-inner\">\n\t\t\t\t<div class=\"elementor-element elementor-element-5e67699 elementor-widget elementor-widget-spacer\" data-id=\"5e67699\" data-element_type=\"widget\" data-settings=\"{&quot;ekit_we_effect_on&quot;:&quot;none&quot;}\" data-widget_type=\"spacer.default\">\n\t\t\t\t<div class=\"elementor-widget-container\">\n\t\t\t\t\t\t\t<div class=\"elementor-spacer\">\n\t\t\t<div class=\"elementor-spacer-inner\"><\/div>\n\t\t<\/div>\n\t\t\t\t\t\t<\/div>\n\t\t\t\t<\/div>\n\t\t\t\t\t<\/div>\n\t\t\t\t<\/div>\n\t\t\t\t<\/div>","protected":false},"excerpt":{"rendered":"<p>\u00c9v\u00e9nements Salon Biofach Allemagne Dates : 10 au 13 f\u00e9vrier 2026 Lieu : Nuremberg, Allemagne Site web : www.biofach.de Salon Biofach Am\u00e9rique latine Dates : 10 au 13 juin 2026 Lieu : S\u00e3o Paulo, Br\u00e9sil Site web : www.biobrazilsfair.com.br Salon Biofach Inde Dates : 06 au 08 ao\u00fbt 2026 Lieu : New Delhi, Inde Site [&hellip;]<\/p>","protected":false},"author":31,"featured_media":0,"parent":0,"menu_order":0,"comment_status":"closed","ping_status":"open","template":"","meta":{"site-sidebar-layout":"no-sidebar","site-content-layout":"","ast-site-content-layout":"full-width-container","site-content-style":"default","site-sidebar-style":"default","ast-global-header-display":"","ast-banner-title-visibility":"","ast-main-header-display":"","ast-hfb-above-header-display":"","ast-hfb-below-header-display":"","ast-hfb-mobile-header-display":"","site-post-title":"disabled","ast-breadcrumbs-content":"","ast-featured-img":"disabled","footer-sml-layout":"","ast-disable-related-posts":"","theme-transparent-header-meta":"default","adv-header-id-meta":"","stick-header-meta":"default","header-above-stick-meta":"","header-main-stick-meta":"","header-below-stick-meta":"","astra-migrate-meta-layouts":"set","ast-page-background-enabled":"default","ast-page-background-meta":{"desktop":{"background-color":"var(--ast-global-color-4)","background-image":"","background-repeat":"repeat","background-position":"center center","background-size":"auto","background-attachment":"scroll","background-type":"","background-media":"","overlay-type":"","overlay-color":"","overlay-opacity":"","overlay-gradient":""},"tablet":{"background-color":"","background-image":"","background-repeat":"repeat","background-position":"center center","background-size":"auto","background-attachment":"scroll","background-type":"","background-media":"","overlay-type":"","overlay-color":"","overlay-opacity":"","overlay-gradient":""},"mobile":{"background-color":"","background-image":"","background-repeat":"repeat","background-position":"center center","background-size":"auto","background-attachment":"scroll","background-type":"","background-media":"","overlay-type":"","overlay-color":"","overlay-opacity":"","overlay-gradient":""}},"ast-content-background-meta":{"desktop":{"background-color":"var(--ast-global-color-5)","background-image":"","background-repeat":"repeat","background-position":"center center","background-size":"auto","background-attachment":"scroll","background-type":"","background-media":"","overlay-type":"","overlay-color":"","overlay-opacity":"","overlay-gradient":""},"tablet":{"background-color":"var(--ast-global-color-5)","background-image":"","background-repeat":"repeat","background-position":"center center","background-size":"auto","background-attachment":"scroll","background-type":"","background-media":"","overlay-type":"","overlay-color":"","overlay-opacity":"","overlay-gradient":""},"mobile":{"background-color":"var(--ast-global-color-5)","background-image":"","background-repeat":"repeat","background-position":"center center","background-size":"auto","background-attachment":"scroll","background-type":"","background-media":"","overlay-type":"","overlay-color":"","overlay-opacity":"","overlay-gradient":""}},"footnotes":""},"class_list":["post-1972","page","type-page","status-publish","hentry"],"_links":{"self":[{"href":"https:\/\/ctab.tn\/ar\/wp-json\/wp\/v2\/pages\/1972","targetHints":{"allow":["GET"]}}],"collection":[{"href":"https:\/\/ctab.tn\/ar\/wp-json\/wp\/v2\/pages"}],"about":[{"href":"https:\/\/ctab.tn\/ar\/wp-json\/wp\/v2\/types\/page"}],"author":[{"embeddable":true,"href":"https:\/\/ctab.tn\/ar\/wp-json\/wp\/v2\/users\/31"}],"replies":[{"embeddable":true,"href":"https:\/\/ctab.tn\/ar\/wp-json\/wp\/v2\/comments?post=1972"}],"version-history":[{"count":129,"href":"https:\/\/ctab.tn\/ar\/wp-json\/wp\/v2\/pages\/1972\/revisions"}],"predecessor-version":[{"id":10413,"href":"https:\/\/ctab.tn\/ar\/wp-json\/wp\/v2\/pages\/1972\/revisions\/10413"}],"wp:attachment":[{"href":"https:\/\/ctab.tn\/ar\/wp-json\/wp\/v2\/media?parent=1972"}],"curies":[{"name":"wp","href":"https:\/\/api.w.org\/{rel}","templated":true}]}}